{"id":9371,"date":"2025-07-31T05:44:17","date_gmt":"2025-07-31T05:44:17","guid":{"rendered":"https:\/\/sachkhaitam.store\/?post_type=product&#038;p=9371"},"modified":"2025-07-31T05:44:17","modified_gmt":"2025-07-31T05:44:17","slug":"phu-nu-khi-chat-se-tu-co-hao-quang-sach-khai-tam","status":"publish","type":"product","link":"https:\/\/sachkhaitam.store\/index.php\/product\/phu-nu-khi-chat-se-tu-co-hao-quang-sach-khai-tam\/","title":{"rendered":"PH\u1ee4 N\u1eee KH\u00cd CH\u1ea4T S\u1ebc T\u1ef0 C\u00d3 H\u00c0O QUANG"},"content":{"rendered":"<table width=\"231\">\n<tbody>\n<tr>\n<td width=\"231\">Ph\u1ee5 n\u1eef hi\u1ec7n \u0111\u1ea1i c\u00f3 ng\u1ed3i im ch\u1edd t\u00ecnh y\u00eau?<\/p>\n<p>Ph\u1ee5 n\u1eef hi\u1ec7n \u0111\u1ea1i c\u00f3 c\u1ea7n m\u1ed9t ch\u1ed7 d\u1ef1a d\u1eabm?<\/p>\n<p>Ph\u1ee5 n\u1eef hi\u1ec7n \u0111\u1ea1i c\u00f3 \u0111\u1eb7t h\u1ea1nh ph\u00fac c\u1ee7a m\u00ecnh l\u00ean tay ng\u01b0\u1eddi kh\u00e1c?<\/p>\n<p>Kh\u00f4ng, d\u0129 nhi\u00ean l\u00e0 kh\u00f4ng!<\/p>\n<p>Ph\u1ee5 n\u1eef hi\u1ec7n \u0111\u1ea1i kh\u00f4ng ng\u1ea1i th\u1ec3 hi\u1ec7n s\u1ef1 quy\u1ebfn r\u0169 c\u1ee7a m\u00ecnh trong t\u00ednh c\u00e1ch, s\u1ef1 thanh l\u1ecbch, s\u1ef1 \u0111\u1ed9c l\u1eadp v\u00e0 hi\u1ec3u bi\u1ebft s\u00e2u s\u1eafc.<\/p>\n<p>Ph\u1ee5 n\u1eef kh\u00ed ch\u1ea5t s\u1ebd t\u1ef1 c\u00f3 h\u00e0o quang. M\u1ecdi th\u1ee9 s\u1ebd \u0111\u1ebfn khi h\u1ecd mu\u1ed1n, b\u1edfi v\u00ec h\u1ea1nh ph\u00fac \u0111\u1ec1u n\u1eb1m trong tay h\u1ecd.<\/p>\n<p>&#8220;\u0110\u1ec3 t\u00ecm th\u1ea5y ch\u00ednh m\u00ecnh tr\u01b0\u1edbc ti\u00ean h\u00e3y t\u00ecm hi\u1ec3u v\u1ec1 ch\u00ednh m\u00ecnh.&#8221; Ng\u01b0\u1eddi b\u1ea1n th\u1ef1c s\u1ef1 t\u00ecm th\u1ea5y l\u00e0 m\u1ed9t tr\u1ea3i nghi\u1ec7m khai s\u00e1ng. B\u1ea1n tr\u1edf n\u00ean t\u1ef1 l\u1eadp v\u00e0 l\u00e0m m\u1ecdi vi\u1ec7c v\u00ec ch\u00ednh b\u1ea3n th\u00e2n m\u00ecnh. \u0110\u00f3 l\u00e0 m\u1ed9t c\u1ea3m gi\u00e1c kh\u00f3 di\u1ec5n t\u1ea3 b\u1eb1ng l\u1eddi nh\u01b0ng khi b\u1ea1n ch\u01b0a bi\u1ebft m\u00ecnh l\u00e0 ai th\u00ec th\u1eadt kh\u00f3 \u0111\u1ec3 b\u1ecf qua. T\u00ecm l\u1ea1i ch\u00ednh m\u00ecnh kh\u00f4ng ph\u1ea3i l\u00e0 \u0111i\u1ec1u d\u1ec5 d\u00e0ng, nh\u01b0ng n\u00f3 \u0111\u00e1ng gi\u00e1.<\/p>\n<p>C\u00f2n n\u1ebfu b\u1ea1n ch\u01b0a bi\u1ebft v\u1ebb \u0111\u1eb9p c\u1ee7a ch\u00ednh m\u00ecnh, h\u00e3y \u0111\u1ecdc cu\u1ed1n s\u00e1ch n\u00e0y.<\/p>\n<p>V\u1edbi nh\u1eefng b\u00e0i vi\u1ebft \u0111\u01b0\u1ee3c ch\u1eaft l\u1ecdc t\u1eeb kinh nghi\u1ec7m c\u00e1 nh\u00e2n, v\u00e0 tham kh\u1ea3o nhi\u1ec1u t\u00e0i li\u1ec7u h\u1eefu \u00edch, t\u00e1c gi\u1ea3 \u0111\u00e3 \u0111\u01b0a ra c\u00e1c lu\u1eadn \u0111i\u1ec3m gi\u00fap cho c\u00e1c b\u1ea1n n\u1eef d\u1ec5 d\u00e0ng h\u01a1n tr\u00ean h\u00e0nh tr\u00ecnh t\u1ecfa s\u00e1ng, t\u1ef1 n\u1eafm l\u1ea5y kh\u00ed ch\u1ea5t c\u1ee7a b\u1ea3n th\u00e2n, v\u00e0 \u0111\u1ea1t \u0111\u01b0\u1ee3c h\u00e0o quang \u0111\u1eddi m\u00ecnh.<\/p>\n<p>Ph\u1ee5 n\u1eef b\u1ea1n s\u1eb5n s\u00e0ng ch\u01b0a?<\/p>\n<p><img fetchpriority=\"high\" decoding=\"async\" class=\" wp-image-9375 aligncenter\" src=\"https:\/\/sachkhaitam.store\/wp-content\/uploads\/2025\/07\/04-300x300.jpg\" alt=\"\" width=\"538\" height=\"538\" srcset=\"https:\/\/sachkhaitam.store\/wp-content\/uploads\/2025\/07\/04-300x300.jpg 300w, https:\/\/sachkhaitam.store\/wp-content\/uploads\/2025\/07\/04-1024x1024.jpg 1024w, https:\/\/sachkhaitam.store\/wp-content\/uploads\/2025\/07\/04-150x150.jpg 150w, https:\/\/sachkhaitam.store\/wp-content\/uploads\/2025\/07\/04-768x768.jpg 768w, https:\/\/sachkhaitam.store\/wp-content\/uploads\/2025\/07\/04-1536x1536.jpg 1536w, https:\/\/sachkhaitam.store\/wp-content\/uploads\/2025\/07\/04-1320x1320.jpg 1320w, https:\/\/sachkhaitam.store\/wp-content\/uploads\/2025\/07\/04-450x450.jpg 450w, https:\/\/sachkhaitam.store\/wp-content\/uploads\/2025\/07\/04-800x800.jpg 800w, https:\/\/sachkhaitam.store\/wp-content\/uploads\/2025\/07\/04-100x100.jpg 100w, https:\/\/sachkhaitam.store\/wp-content\/uploads\/2025\/07\/04-50x50.jpg 50w, https:\/\/sachkhaitam.store\/wp-content\/uploads\/2025\/07\/04-460x460.jpg 460w, https:\/\/sachkhaitam.store\/wp-content\/uploads\/2025\/07\/04.jpg 1800w\" sizes=\"(max-width: 538px) 100vw, 538px\" \/><\/td>\n<\/tr>\n<\/tbody>\n<\/table>\n","protected":false},"excerpt":{"rendered":"<ul>\n<li>T\u00ean t\u00e1c ph\u1ea9m : Ph\u1ee5 N\u1eef Kh\u00ed Ch\u1ea5t T\u1ef1 S\u1ebd C\u00f3 H\u00e0o Quang<\/li>\n<li>T\u00e1c gi\u1ea3 : Nh\u1eadt H\u1ea1<\/li>\n<li>Nh\u00e0 xu\u1ea5t b\u1ea3n: NXB V\u0103n H\u1ecdc<\/li>\n<li>N\u0103m xu\u1ea5t b\u1ea3n: 2023<\/li>\n<li>Lo\u1ea1i b\u00eca: B\u00eca m\u1ec1m<\/li>\n<li>Kh\u1ed5: 13&#215;20 (cm)<\/li>\n<li>S\u1ed1 trang: 240<\/li>\n<\/ul>\n","protected":false},"featured_media":9372,"comment_status":"open","ping_status":"closed","template":"","meta":[],"product_cat":[79,78],"product_tag":[146,147],"class_list":{"0":"post-9371","1":"product","2":"type-product","3":"status-publish","4":"has-post-thumbnail","6":"product_cat-phat-trien-tam-thuc-van-hoc-nghe-thuat","7":"product_cat-van-hoc-nghe-thuat","8":"product_tag-phu-nu-khi-chat-se-tu-co-hao-quang","9":"product_tag-sach-phu-nu-khi-chat-se-tu-co-hao-quang","11":"first","12":"instock","13":"shipping-taxable","14":"purchasable","15":"product-type-simple"},"yoast_head":"<!-- This site is optimized with the Yoast SEO plugin v25.3 - https:\/\/yoast.com\/wordpress\/plugins\/seo\/ -->\n<title>PH\u1ee4 N\u1eee KH\u00cd CH\u1ea4T S\u1ebc T\u1ef0 C\u00d3 H\u00c0O QUANG - sachkhaitam.store<\/title>\n<meta name=\"robots\" content=\"index, follow, max-snippet:-1, max-image-preview:large, max-video-preview:-1\" \/>\n<link rel=\"canonical\" href=\"https:\/\/sachkhaitam.store\/index.php\/product\/phu-nu-khi-chat-se-tu-co-hao-quang-sach-khai-tam\/\" \/>\n<meta property=\"og:locale\" content=\"vi_VN\" \/>\n<meta property=\"og:type\" content=\"article\" \/>\n<meta property=\"og:title\" content=\"PH\u1ee4 N\u1eee KH\u00cd CH\u1ea4T S\u1ebc T\u1ef0 C\u00d3 H\u00c0O QUANG - sachkhaitam.store\" \/>\n<meta property=\"og:description\" content=\"T\u00ean t\u00e1c ph\u1ea9m : Ph\u1ee5 N\u1eef Kh\u00ed Ch\u1ea5t T\u1ef1 S\u1ebd C\u00f3 H\u00e0o Quang  T\u00e1c gi\u1ea3 : Nh\u1eadt H\u1ea1  Nh\u00e0 xu\u1ea5t b\u1ea3n: NXB V\u0103n H\u1ecdc  N\u0103m xu\u1ea5t b\u1ea3n: 2023  Lo\u1ea1i b\u00eca: B\u00eca m\u1ec1m  Kh\u1ed5: 13x20 (cm)  S\u1ed1 trang: 240\" \/>\n<meta property=\"og:url\" content=\"https:\/\/sachkhaitam.store\/index.php\/product\/phu-nu-khi-chat-se-tu-co-hao-quang-sach-khai-tam\/\" \/>\n<meta property=\"og:site_name\" content=\"sachkhaitam.store\" \/>\n<meta property=\"og:image\" content=\"https:\/\/sachkhaitam.store\/wp-content\/uploads\/2025\/07\/01.jpg\" \/>\n\t<meta property=\"og:image:width\" content=\"1800\" \/>\n\t<meta property=\"og:image:height\" content=\"1800\" \/>\n\t<meta property=\"og:image:type\" content=\"image\/jpeg\" \/>\n<meta name=\"twitter:card\" content=\"summary_large_image\" \/>\n<meta name=\"twitter:label1\" content=\"\u01af\u1edbc t\u00ednh th\u1eddi gian \u0111\u1ecdc\" \/>\n\t<meta name=\"twitter:data1\" content=\"2 ph\u00fat\" \/>\n<script type=\"application\/ld+json\" class=\"yoast-schema-graph\">{\"@context\":\"https:\/\/schema.org\",\"@graph\":[{\"@type\":\"WebPage\",\"@id\":\"https:\/\/sachkhaitam.store\/index.php\/product\/phu-nu-khi-chat-se-tu-co-hao-quang-sach-khai-tam\/\",\"url\":\"https:\/\/sachkhaitam.store\/index.php\/product\/phu-nu-khi-chat-se-tu-co-hao-quang-sach-khai-tam\/\",\"name\":\"PH\u1ee4 N\u1eee KH\u00cd CH\u1ea4T S\u1ebc T\u1ef0 C\u00d3 H\u00c0O QUANG - sachkhaitam.store\",\"isPartOf\":{\"@id\":\"https:\/\/sachkhaitam.store\/#website\"},\"primaryImageOfPage\":{\"@id\":\"https:\/\/sachkhaitam.store\/index.php\/product\/phu-nu-khi-chat-se-tu-co-hao-quang-sach-khai-tam\/#primaryimage\"},\"image\":{\"@id\":\"https:\/\/sachkhaitam.store\/index.php\/product\/phu-nu-khi-chat-se-tu-co-hao-quang-sach-khai-tam\/#primaryimage\"},\"thumbnailUrl\":\"https:\/\/sachkhaitam.store\/wp-content\/uploads\/2025\/07\/01.jpg\",\"datePublished\":\"2025-07-31T05:44:17+00:00\",\"breadcrumb\":{\"@id\":\"https:\/\/sachkhaitam.store\/index.php\/product\/phu-nu-khi-chat-se-tu-co-hao-quang-sach-khai-tam\/#breadcrumb\"},\"inLanguage\":\"vi\",\"potentialAction\":[{\"@type\":\"ReadAction\",\"target\":[\"https:\/\/sachkhaitam.store\/index.php\/product\/phu-nu-khi-chat-se-tu-co-hao-quang-sach-khai-tam\/\"]}]},{\"@type\":\"ImageObject\",\"inLanguage\":\"vi\",\"@id\":\"https:\/\/sachkhaitam.store\/index.php\/product\/phu-nu-khi-chat-se-tu-co-hao-quang-sach-khai-tam\/#primaryimage\",\"url\":\"https:\/\/sachkhaitam.store\/wp-content\/uploads\/2025\/07\/01.jpg\",\"contentUrl\":\"https:\/\/sachkhaitam.store\/wp-content\/uploads\/2025\/07\/01.jpg\",\"width\":1800,\"height\":1800},{\"@type\":\"BreadcrumbList\",\"@id\":\"https:\/\/sachkhaitam.store\/index.php\/product\/phu-nu-khi-chat-se-tu-co-hao-quang-sach-khai-tam\/#breadcrumb\",\"itemListElement\":[{\"@type\":\"ListItem\",\"position\":1,\"name\":\"Trang ch\u1ee7\",\"item\":\"https:\/\/sachkhaitam.store\/\"},{\"@type\":\"ListItem\",\"position\":2,\"name\":\"Shop\",\"item\":\"https:\/\/sachkhaitam.store\/index.php\/shop\/\"},{\"@type\":\"ListItem\",\"position\":3,\"name\":\"PH\u1ee4 N\u1eee KH\u00cd CH\u1ea4T S\u1ebc T\u1ef0 C\u00d3 H\u00c0O QUANG\"}]},{\"@type\":\"WebSite\",\"@id\":\"https:\/\/sachkhaitam.store\/#website\",\"url\":\"https:\/\/sachkhaitam.store\/\",\"name\":\"sachkhaitam.store\",\"description\":\"sachkhaitam\",\"publisher\":{\"@id\":\"https:\/\/sachkhaitam.store\/#organization\"},\"potentialAction\":[{\"@type\":\"SearchAction\",\"target\":{\"@type\":\"EntryPoint\",\"urlTemplate\":\"https:\/\/sachkhaitam.store\/?s={search_term_string}\"},\"query-input\":{\"@type\":\"PropertyValueSpecification\",\"valueRequired\":true,\"valueName\":\"search_term_string\"}}],\"inLanguage\":\"vi\"},{\"@type\":\"Organization\",\"@id\":\"https:\/\/sachkhaitam.store\/#organization\",\"name\":\"sachkhaitam.store\",\"url\":\"https:\/\/sachkhaitam.store\/\",\"logo\":{\"@type\":\"ImageObject\",\"inLanguage\":\"vi\",\"@id\":\"https:\/\/sachkhaitam.store\/#\/schema\/logo\/image\/\",\"url\":\"https:\/\/sachkhaitam.store\/wp-content\/uploads\/2025\/07\/SACH-KHAI-TAM-01-1.svg\",\"contentUrl\":\"https:\/\/sachkhaitam.store\/wp-content\/uploads\/2025\/07\/SACH-KHAI-TAM-01-1.svg\",\"width\":900,\"height\":900,\"caption\":\"sachkhaitam.store\"},\"image\":{\"@id\":\"https:\/\/sachkhaitam.store\/#\/schema\/logo\/image\/\"}}]}<\/script>\n<!-- \/ Yoast SEO plugin. -->","yoast_head_json":{"title":"PH\u1ee4 N\u1eee KH\u00cd CH\u1ea4T S\u1ebc T\u1ef0 C\u00d3 H\u00c0O QUANG - sachkhaitam.store","robots":{"index":"index","follow":"follow","max-snippet":"max-snippet:-1","max-image-preview":"max-image-preview:large","max-video-preview":"max-video-preview:-1"},"canonical":"https:\/\/sachkhaitam.store\/index.php\/product\/phu-nu-khi-chat-se-tu-co-hao-quang-sach-khai-tam\/","og_locale":"vi_VN","og_type":"article","og_title":"PH\u1ee4 N\u1eee KH\u00cd CH\u1ea4T S\u1ebc T\u1ef0 C\u00d3 H\u00c0O QUANG - sachkhaitam.store","og_description":"T\u00ean t\u00e1c ph\u1ea9m : Ph\u1ee5 N\u1eef Kh\u00ed Ch\u1ea5t T\u1ef1 S\u1ebd C\u00f3 H\u00e0o Quang  T\u00e1c gi\u1ea3 : Nh\u1eadt H\u1ea1  Nh\u00e0 xu\u1ea5t b\u1ea3n: NXB V\u0103n H\u1ecdc  N\u0103m xu\u1ea5t b\u1ea3n: 2023  Lo\u1ea1i b\u00eca: B\u00eca m\u1ec1m  Kh\u1ed5: 13x20 (cm)  S\u1ed1 trang: 240","og_url":"https:\/\/sachkhaitam.store\/index.php\/product\/phu-nu-khi-chat-se-tu-co-hao-quang-sach-khai-tam\/","og_site_name":"sachkhaitam.store","og_image":[{"width":1800,"height":1800,"url":"https:\/\/sachkhaitam.store\/wp-content\/uploads\/2025\/07\/01.jpg","type":"image\/jpeg"}],"twitter_card":"summary_large_image","twitter_misc":{"\u01af\u1edbc t\u00ednh th\u1eddi gian \u0111\u1ecdc":"2 ph\u00fat"},"schema":{"@context":"https:\/\/schema.org","@graph":[{"@type":"WebPage","@id":"https:\/\/sachkhaitam.store\/index.php\/product\/phu-nu-khi-chat-se-tu-co-hao-quang-sach-khai-tam\/","url":"https:\/\/sachkhaitam.store\/index.php\/product\/phu-nu-khi-chat-se-tu-co-hao-quang-sach-khai-tam\/","name":"PH\u1ee4 N\u1eee KH\u00cd CH\u1ea4T S\u1ebc T\u1ef0 C\u00d3 H\u00c0O QUANG - sachkhaitam.store","isPartOf":{"@id":"https:\/\/sachkhaitam.store\/#website"},"primaryImageOfPage":{"@id":"https:\/\/sachkhaitam.store\/index.php\/product\/phu-nu-khi-chat-se-tu-co-hao-quang-sach-khai-tam\/#primaryimage"},"image":{"@id":"https:\/\/sachkhaitam.store\/index.php\/product\/phu-nu-khi-chat-se-tu-co-hao-quang-sach-khai-tam\/#primaryimage"},"thumbnailUrl":"https:\/\/sachkhaitam.store\/wp-content\/uploads\/2025\/07\/01.jpg","datePublished":"2025-07-31T05:44:17+00:00","breadcrumb":{"@id":"https:\/\/sachkhaitam.store\/index.php\/product\/phu-nu-khi-chat-se-tu-co-hao-quang-sach-khai-tam\/#breadcrumb"},"inLanguage":"vi","potentialAction":[{"@type":"ReadAction","target":["https:\/\/sachkhaitam.store\/index.php\/product\/phu-nu-khi-chat-se-tu-co-hao-quang-sach-khai-tam\/"]}]},{"@type":"ImageObject","inLanguage":"vi","@id":"https:\/\/sachkhaitam.store\/index.php\/product\/phu-nu-khi-chat-se-tu-co-hao-quang-sach-khai-tam\/#primaryimage","url":"https:\/\/sachkhaitam.store\/wp-content\/uploads\/2025\/07\/01.jpg","contentUrl":"https:\/\/sachkhaitam.store\/wp-content\/uploads\/2025\/07\/01.jpg","width":1800,"height":1800},{"@type":"BreadcrumbList","@id":"https:\/\/sachkhaitam.store\/index.php\/product\/phu-nu-khi-chat-se-tu-co-hao-quang-sach-khai-tam\/#breadcrumb","itemListElement":[{"@type":"ListItem","position":1,"name":"Trang ch\u1ee7","item":"https:\/\/sachkhaitam.store\/"},{"@type":"ListItem","position":2,"name":"Shop","item":"https:\/\/sachkhaitam.store\/index.php\/shop\/"},{"@type":"ListItem","position":3,"name":"PH\u1ee4 N\u1eee KH\u00cd CH\u1ea4T S\u1ebc T\u1ef0 C\u00d3 H\u00c0O QUANG"}]},{"@type":"WebSite","@id":"https:\/\/sachkhaitam.store\/#website","url":"https:\/\/sachkhaitam.store\/","name":"sachkhaitam.store","description":"sachkhaitam","publisher":{"@id":"https:\/\/sachkhaitam.store\/#organization"},"potentialAction":[{"@type":"SearchAction","target":{"@type":"EntryPoint","urlTemplate":"https:\/\/sachkhaitam.store\/?s={search_term_string}"},"query-input":{"@type":"PropertyValueSpecification","valueRequired":true,"valueName":"search_term_string"}}],"inLanguage":"vi"},{"@type":"Organization","@id":"https:\/\/sachkhaitam.store\/#organization","name":"sachkhaitam.store","url":"https:\/\/sachkhaitam.store\/","logo":{"@type":"ImageObject","inLanguage":"vi","@id":"https:\/\/sachkhaitam.store\/#\/schema\/logo\/image\/","url":"https:\/\/sachkhaitam.store\/wp-content\/uploads\/2025\/07\/SACH-KHAI-TAM-01-1.svg","contentUrl":"https:\/\/sachkhaitam.store\/wp-content\/uploads\/2025\/07\/SACH-KHAI-TAM-01-1.svg","width":900,"height":900,"caption":"sachkhaitam.store"},"image":{"@id":"https:\/\/sachkhaitam.store\/#\/schema\/logo\/image\/"}}]}},"jetpack_sharing_enabled":true,"_links":{"self":[{"href":"https:\/\/sachkhaitam.store\/index.php\/wp-json\/wp\/v2\/product\/9371","targetHints":{"allow":["GET"]}}],"collection":[{"href":"https:\/\/sachkhaitam.store\/index.php\/wp-json\/wp\/v2\/product"}],"about":[{"href":"https:\/\/sachkhaitam.store\/index.php\/wp-json\/wp\/v2\/types\/product"}],"replies":[{"embeddable":true,"href":"https:\/\/sachkhaitam.store\/index.php\/wp-json\/wp\/v2\/comments?post=9371"}],"wp:featuredmedia":[{"embeddable":true,"href":"https:\/\/sachkhaitam.store\/index.php\/wp-json\/wp\/v2\/media\/9372"}],"wp:attachment":[{"href":"https:\/\/sachkhaitam.store\/index.php\/wp-json\/wp\/v2\/media?parent=9371"}],"wp:term":[{"taxonomy":"product_cat","embeddable":true,"href":"https:\/\/sachkhaitam.store\/index.php\/wp-json\/wp\/v2\/product_cat?post=9371"},{"taxonomy":"product_tag","embeddable":true,"href":"https:\/\/sachkhaitam.store\/index.php\/wp-json\/wp\/v2\/product_tag?post=9371"}],"curies":[{"name":"wp","href":"https:\/\/api.w.org\/{rel}","templated":true}]}}