{"id":9359,"date":"2025-07-31T05:04:56","date_gmt":"2025-07-31T05:04:56","guid":{"rendered":"https:\/\/sachkhaitam.store\/?post_type=product&#038;p=9359"},"modified":"2025-07-31T05:04:56","modified_gmt":"2025-07-31T05:04:56","slug":"suc-manh-cua-su-ky-luat-sach-khai-tam","status":"publish","type":"product","link":"https:\/\/sachkhaitam.store\/index.php\/product\/suc-manh-cua-su-ky-luat-sach-khai-tam\/","title":{"rendered":"S\u1ee8C M\u1ea0NH C\u1ee6A S\u1ef0 K\u1ef6 LU\u1eacT"},"content":{"rendered":"<table width=\"231\">\n<tbody>\n<tr>\n<td width=\"231\">\n<table width=\"231\">\n<tbody>\n<tr>\n<td width=\"231\">K\u1ef6 LU\u1eacT HAY L\u00c0 C.H.\u1ebe.T? &#8211; TH\u00c0NH C\u00d4NG KH\u00d4NG \u0110\u1ebeN NH\u1edc S\u1ef0 MAY M\u1eaeN, T\u1ef0 DO H\u1ea0NH PH\u00daC KH\u00d4NG \u0110\u1ebeN NH\u1edc S\u1ef0 \u0110\u1ee2I CH\u1edc L\u01af\u1edcI BI\u1ebeNG.<\/p>\n<p>TR\u1ede TH\u00c0NH CH\u00daA T\u1ec2 HAY CON M\u1ed2I \u0110\u1ec0U PH\u1ee4 THU\u1ed8C V\u00c0O C\u00c1CH B\u1ea0N QUY\u1ebeT \u0110\u1ecaNH CU\u1ed8C S\u1ed0NG C\u1ee6A M\u00ccNH.<\/p>\n<p>Tr\u00ed th\u00f4ng minh b\u1ea9m sinh gi\u1ed1ng nh\u01b0 nh\u1eefng c\u00e1i vu\u1ed1t s\u1eafc \u0111\u01b0\u1ee3c ban t\u1eb7ng cho nh\u1eefng con h\u1ed5 nh\u01b0ng n\u1ebfu nh\u1eefng con h\u1ed5 kh\u00f4ng r\u00e8n luy\u1ec7n, kh\u00f4ng n\u1ed7 l\u1ef1c th\u00ec ch\u00fang c\u0169ng c\u00f3 th\u1ec3 b\u1ecb ch\u1ebft \u0111\u00f3i v\u00ec kh\u00f4ng s\u0103n \u0111\u01b0\u1ee3c m\u1ed3i. \u0110\u1ec3 c\u00f3 \u0111\u01b0\u1ee3c phong th\u00e1i ung dung c\u1ee7a ch\u00faa t\u1ec3 r\u1eebng xanh nh\u1eefng con h\u1ed5 c\u0169ng ph\u1ea3i t\u1eadp luy\u1ec7n kh\u00f4ng ng\u1eebng, m\u1ed7i ng\u00e0y \u0111\u1ec1u ph\u1ea3i ch\u1ea1y nhanh v\u00e0 nhanh h\u01a1n n\u1eefa so v\u1edbi ng\u00e0y h\u00f4m tr\u01b0\u1edbc \u0111\u1ec3 c\u00f3 th\u1ec3 \u0111u\u1ed5i k\u1ecbp nh\u1eefng con m\u1ed3i. N\u1ebfu bu\u00f4ng th\u1ea3 b\u1ea3n th\u00e2n trong s\u1ef1 tho\u1ea3i m\u00e1i th\u00ec nh\u1eefng con h\u1ed5 s\u1edbm mu\u1ed9n g\u00ec c\u0169ng s\u1ebd b\u1ecb nh\u1eefng con v\u1eadt kh\u00e1c \u0103n th\u1ecbt v\u00e0 nh\u1eefng c\u00e1i vu\u1ed1t s\u1eafc kia s\u1ebd ch\u1ec9 c\u00f2n \u0111\u01a1n thu\u1ea7n gi\u1ed1ng nh\u01b0 v\u1eadt trang tr\u00ed kh\u00f4ng c\u00f3 t\u00e1c d\u1ee5ng.<\/p>\n<p>Nh\u1eefng con chim c\u00f3 th\u1ec3 bay ng\u00e0n d\u1eb7m, li\u1ec7ng c\u00e1nh tr\u00ean b\u1ea7u tr\u1eddi cao \u0111\u1ec1u \u0111\u00e3 t\u1eebng ph\u1ea3i tr\u1ea3i qua r\u1ea5t nhi\u1ec1u l\u1ea7n r\u01a1i xu\u1ed1ng \u0111\u1ea5t trong nh\u1eefng l\u1ea7n t\u1eadp bay. Nh\u1eefng v\u1eadn \u0111\u1ed9ng vi\u00ean c\u00f3 huy ch\u01b0\u01a1ng v\u00e0ng \u0111\u1ec1u ph\u1ea3i tr\u1ea3i qua nh\u1eefng n\u0103m th\u00e1ng luy\u1ec7n t\u1eadp gian kh\u1ed5 \u0111\u1ec3 \u0111\u1ed5i l\u1ea5y m\u1ed9t ph\u00fat huy ho\u00e0ng \u0111\u01b0\u1ee3c x\u01b0\u1edbng t\u00ean tr\u00ean b\u1ee5c vinh quang.<\/p>\n<p>C\u00e1c s\u0129 t\u1eed n\u00f3i r\u1eb1ng: \u201cTh\u00e0 \u0111\u1ec3 gi\u1ecdt m\u1ed3 h\u00f4i r\u01a1i tr\u00ean trang s\u00e1ch, c\u00f2n h\u01a1n l\u00e0 \u0111\u1ec3 n\u01b0\u1edbc m\u1eaft r\u01a1i tr\u00ean \u0111\u1ec1 thi\u201d, th\u00ec nh\u1eefng chi\u1ebfn binh trong qu\u00e2n \u0111\u1ed9i c\u0169ng c\u00f3 m\u1ed9t c\u00e2u n\u00f3i r\u1eb1ng: \u201cTh\u00e0 \u0111\u1ec3 m\u1ed3 h\u00f4i r\u01a1i tr\u00ean thao tr\u01b0\u1eddng c\u00f2n h\u01a1n \u0111\u1ec3 n\u01b0\u1edbc m\u1eaft r\u01a1i tr\u00ean chi\u1ebfn tr\u01b0\u1eddng.\u201d<\/p>\n<p><img fetchpriority=\"high\" decoding=\"async\" class=\" wp-image-9362 aligncenter\" src=\"https:\/\/sachkhaitam.store\/wp-content\/uploads\/2025\/07\/3-6-300x300.png\" alt=\"\" width=\"584\" height=\"584\" srcset=\"https:\/\/sachkhaitam.store\/wp-content\/uploads\/2025\/07\/3-6-300x300.png 300w, https:\/\/sachkhaitam.store\/wp-content\/uploads\/2025\/07\/3-6-1024x1024.png 1024w, https:\/\/sachkhaitam.store\/wp-content\/uploads\/2025\/07\/3-6-150x150.png 150w, https:\/\/sachkhaitam.store\/wp-content\/uploads\/2025\/07\/3-6-768x768.png 768w, https:\/\/sachkhaitam.store\/wp-content\/uploads\/2025\/07\/3-6-450x450.png 450w, https:\/\/sachkhaitam.store\/wp-content\/uploads\/2025\/07\/3-6-800x800.png 800w, https:\/\/sachkhaitam.store\/wp-content\/uploads\/2025\/07\/3-6-100x100.png 100w, https:\/\/sachkhaitam.store\/wp-content\/uploads\/2025\/07\/3-6-50x50.png 50w, https:\/\/sachkhaitam.store\/wp-content\/uploads\/2025\/07\/3-6-460x460.png 460w, https:\/\/sachkhaitam.store\/wp-content\/uploads\/2025\/07\/3-6.png 1280w\" sizes=\"(max-width: 584px) 100vw, 584px\" \/><\/td>\n<\/tr>\n<\/tbody>\n<\/table>\n<\/td>\n<\/tr>\n<\/tbody>\n<\/table>\n","protected":false},"excerpt":{"rendered":"<ul>\n<li>T\u00ean s\u1ea3n ph\u1ea9m: S\u00e1ch &#8211; S\u1ee9c M\u1ea1nh C\u1ee7a S\u1ef1 K\u1ef7 Lu\u1eadt<\/li>\n<li>T\u00e1c gi\u1ea3\/ d\u1ecbch gi\u1ea3 : Nguy\u1ec5n Anh D\u0169ng<\/li>\n<li>Nh\u00e0 xu\u1ea5t b\u1ea3n: Nh\u00e0 Xu\u1ea5t B\u1ea3n V\u0103n H\u1ecdc<\/li>\n<li>N\u0103m xu\u1ea5t b\u1ea3n: 2024<\/li>\n<li>K\u00edch th\u01b0\u1edbc s\u1ea3n ph\u1ea9m: 13x 20(cm)<\/li>\n<li>S\u1ed1 trang: 230<\/li>\n<li>H\u00ecnh th\u1ee9c b\u00eca: B\u00eca m\u1ec1m<\/li>\n<\/ul>\n","protected":false},"featured_media":9360,"comment_status":"open","ping_status":"closed","template":"","meta":[],"product_cat":[143,101],"product_tag":[142,141],"class_list":{"0":"post-9359","1":"product","2":"type-product","3":"status-publish","4":"has-post-thumbnail","6":"product_cat-huong-nghiep-phat-trien-nan-than","7":"product_cat-kien-thuc-tong-hop","8":"product_tag-sach-sua-manh-cua-su-ky-luat","9":"product_tag-suc-manh-cua-su-ky-luat","11":"first","12":"instock","13":"shipping-taxable","14":"purchasable","15":"product-type-simple"},"yoast_head":"<!-- This site is optimized with the Yoast SEO plugin v25.3 - https:\/\/yoast.com\/wordpress\/plugins\/seo\/ -->\n<title>S\u1ee8C M\u1ea0NH C\u1ee6A S\u1ef0 K\u1ef6 LU\u1eacT - sachkhaitam.store<\/title>\n<meta name=\"robots\" content=\"index, follow, max-snippet:-1, max-image-preview:large, max-video-preview:-1\" \/>\n<link rel=\"canonical\" href=\"https:\/\/sachkhaitam.store\/index.php\/product\/suc-manh-cua-su-ky-luat-sach-khai-tam\/\" \/>\n<meta property=\"og:locale\" content=\"vi_VN\" \/>\n<meta property=\"og:type\" content=\"article\" \/>\n<meta property=\"og:title\" content=\"S\u1ee8C M\u1ea0NH C\u1ee6A S\u1ef0 K\u1ef6 LU\u1eacT - sachkhaitam.store\" \/>\n<meta property=\"og:description\" content=\"T\u00ean s\u1ea3n ph\u1ea9m: S\u00e1ch - S\u1ee9c M\u1ea1nh C\u1ee7a S\u1ef1 K\u1ef7 Lu\u1eadt  T\u00e1c gi\u1ea3\/ d\u1ecbch gi\u1ea3 : Nguy\u1ec5n Anh D\u0169ng  Nh\u00e0 xu\u1ea5t b\u1ea3n: Nh\u00e0 Xu\u1ea5t B\u1ea3n V\u0103n H\u1ecdc  N\u0103m xu\u1ea5t b\u1ea3n: 2024  K\u00edch th\u01b0\u1edbc s\u1ea3n ph\u1ea9m: 13x 20(cm)  S\u1ed1 trang: 230  H\u00ecnh th\u1ee9c b\u00eca: B\u00eca m\u1ec1m\" \/>\n<meta property=\"og:url\" content=\"https:\/\/sachkhaitam.store\/index.php\/product\/suc-manh-cua-su-ky-luat-sach-khai-tam\/\" \/>\n<meta property=\"og:site_name\" content=\"sachkhaitam.store\" \/>\n<meta property=\"og:image\" content=\"https:\/\/sachkhaitam.store\/wp-content\/uploads\/2025\/07\/1-5.png\" \/>\n\t<meta property=\"og:image:width\" content=\"1280\" \/>\n\t<meta property=\"og:image:height\" content=\"1280\" \/>\n\t<meta property=\"og:image:type\" content=\"image\/png\" \/>\n<meta name=\"twitter:card\" content=\"summary_large_image\" \/>\n<meta name=\"twitter:label1\" content=\"\u01af\u1edbc t\u00ednh th\u1eddi gian \u0111\u1ecdc\" \/>\n\t<meta name=\"twitter:data1\" content=\"2 ph\u00fat\" \/>\n<script type=\"application\/ld+json\" class=\"yoast-schema-graph\">{\"@context\":\"https:\/\/schema.org\",\"@graph\":[{\"@type\":\"WebPage\",\"@id\":\"https:\/\/sachkhaitam.store\/index.php\/product\/suc-manh-cua-su-ky-luat-sach-khai-tam\/\",\"url\":\"https:\/\/sachkhaitam.store\/index.php\/product\/suc-manh-cua-su-ky-luat-sach-khai-tam\/\",\"name\":\"S\u1ee8C M\u1ea0NH C\u1ee6A S\u1ef0 K\u1ef6 LU\u1eacT - sachkhaitam.store\",\"isPartOf\":{\"@id\":\"https:\/\/sachkhaitam.store\/#website\"},\"primaryImageOfPage\":{\"@id\":\"https:\/\/sachkhaitam.store\/index.php\/product\/suc-manh-cua-su-ky-luat-sach-khai-tam\/#primaryimage\"},\"image\":{\"@id\":\"https:\/\/sachkhaitam.store\/index.php\/product\/suc-manh-cua-su-ky-luat-sach-khai-tam\/#primaryimage\"},\"thumbnailUrl\":\"https:\/\/sachkhaitam.store\/wp-content\/uploads\/2025\/07\/1-5.png\",\"datePublished\":\"2025-07-31T05:04:56+00:00\",\"breadcrumb\":{\"@id\":\"https:\/\/sachkhaitam.store\/index.php\/product\/suc-manh-cua-su-ky-luat-sach-khai-tam\/#breadcrumb\"},\"inLanguage\":\"vi\",\"potentialAction\":[{\"@type\":\"ReadAction\",\"target\":[\"https:\/\/sachkhaitam.store\/index.php\/product\/suc-manh-cua-su-ky-luat-sach-khai-tam\/\"]}]},{\"@type\":\"ImageObject\",\"inLanguage\":\"vi\",\"@id\":\"https:\/\/sachkhaitam.store\/index.php\/product\/suc-manh-cua-su-ky-luat-sach-khai-tam\/#primaryimage\",\"url\":\"https:\/\/sachkhaitam.store\/wp-content\/uploads\/2025\/07\/1-5.png\",\"contentUrl\":\"https:\/\/sachkhaitam.store\/wp-content\/uploads\/2025\/07\/1-5.png\",\"width\":1280,\"height\":1280},{\"@type\":\"BreadcrumbList\",\"@id\":\"https:\/\/sachkhaitam.store\/index.php\/product\/suc-manh-cua-su-ky-luat-sach-khai-tam\/#breadcrumb\",\"itemListElement\":[{\"@type\":\"ListItem\",\"position\":1,\"name\":\"Trang ch\u1ee7\",\"item\":\"https:\/\/sachkhaitam.store\/\"},{\"@type\":\"ListItem\",\"position\":2,\"name\":\"Shop\",\"item\":\"https:\/\/sachkhaitam.store\/index.php\/shop\/\"},{\"@type\":\"ListItem\",\"position\":3,\"name\":\"S\u1ee8C M\u1ea0NH C\u1ee6A S\u1ef0 K\u1ef6 LU\u1eacT\"}]},{\"@type\":\"WebSite\",\"@id\":\"https:\/\/sachkhaitam.store\/#website\",\"url\":\"https:\/\/sachkhaitam.store\/\",\"name\":\"sachkhaitam.store\",\"description\":\"sachkhaitam\",\"publisher\":{\"@id\":\"https:\/\/sachkhaitam.store\/#organization\"},\"potentialAction\":[{\"@type\":\"SearchAction\",\"target\":{\"@type\":\"EntryPoint\",\"urlTemplate\":\"https:\/\/sachkhaitam.store\/?s={search_term_string}\"},\"query-input\":{\"@type\":\"PropertyValueSpecification\",\"valueRequired\":true,\"valueName\":\"search_term_string\"}}],\"inLanguage\":\"vi\"},{\"@type\":\"Organization\",\"@id\":\"https:\/\/sachkhaitam.store\/#organization\",\"name\":\"sachkhaitam.store\",\"url\":\"https:\/\/sachkhaitam.store\/\",\"logo\":{\"@type\":\"ImageObject\",\"inLanguage\":\"vi\",\"@id\":\"https:\/\/sachkhaitam.store\/#\/schema\/logo\/image\/\",\"url\":\"https:\/\/sachkhaitam.store\/wp-content\/uploads\/2025\/07\/SACH-KHAI-TAM-01-1.svg\",\"contentUrl\":\"https:\/\/sachkhaitam.store\/wp-content\/uploads\/2025\/07\/SACH-KHAI-TAM-01-1.svg\",\"width\":900,\"height\":900,\"caption\":\"sachkhaitam.store\"},\"image\":{\"@id\":\"https:\/\/sachkhaitam.store\/#\/schema\/logo\/image\/\"}}]}<\/script>\n<!-- \/ Yoast SEO plugin. -->","yoast_head_json":{"title":"S\u1ee8C M\u1ea0NH C\u1ee6A S\u1ef0 K\u1ef6 LU\u1eacT - sachkhaitam.store","robots":{"index":"index","follow":"follow","max-snippet":"max-snippet:-1","max-image-preview":"max-image-preview:large","max-video-preview":"max-video-preview:-1"},"canonical":"https:\/\/sachkhaitam.store\/index.php\/product\/suc-manh-cua-su-ky-luat-sach-khai-tam\/","og_locale":"vi_VN","og_type":"article","og_title":"S\u1ee8C M\u1ea0NH C\u1ee6A S\u1ef0 K\u1ef6 LU\u1eacT - sachkhaitam.store","og_description":"T\u00ean s\u1ea3n ph\u1ea9m: S\u00e1ch - S\u1ee9c M\u1ea1nh C\u1ee7a S\u1ef1 K\u1ef7 Lu\u1eadt  T\u00e1c gi\u1ea3\/ d\u1ecbch gi\u1ea3 : Nguy\u1ec5n Anh D\u0169ng  Nh\u00e0 xu\u1ea5t b\u1ea3n: Nh\u00e0 Xu\u1ea5t B\u1ea3n V\u0103n H\u1ecdc  N\u0103m xu\u1ea5t b\u1ea3n: 2024  K\u00edch th\u01b0\u1edbc s\u1ea3n ph\u1ea9m: 13x 20(cm)  S\u1ed1 trang: 230  H\u00ecnh th\u1ee9c b\u00eca: B\u00eca m\u1ec1m","og_url":"https:\/\/sachkhaitam.store\/index.php\/product\/suc-manh-cua-su-ky-luat-sach-khai-tam\/","og_site_name":"sachkhaitam.store","og_image":[{"width":1280,"height":1280,"url":"https:\/\/sachkhaitam.store\/wp-content\/uploads\/2025\/07\/1-5.png","type":"image\/png"}],"twitter_card":"summary_large_image","twitter_misc":{"\u01af\u1edbc t\u00ednh th\u1eddi gian \u0111\u1ecdc":"2 ph\u00fat"},"schema":{"@context":"https:\/\/schema.org","@graph":[{"@type":"WebPage","@id":"https:\/\/sachkhaitam.store\/index.php\/product\/suc-manh-cua-su-ky-luat-sach-khai-tam\/","url":"https:\/\/sachkhaitam.store\/index.php\/product\/suc-manh-cua-su-ky-luat-sach-khai-tam\/","name":"S\u1ee8C M\u1ea0NH C\u1ee6A S\u1ef0 K\u1ef6 LU\u1eacT - sachkhaitam.store","isPartOf":{"@id":"https:\/\/sachkhaitam.store\/#website"},"primaryImageOfPage":{"@id":"https:\/\/sachkhaitam.store\/index.php\/product\/suc-manh-cua-su-ky-luat-sach-khai-tam\/#primaryimage"},"image":{"@id":"https:\/\/sachkhaitam.store\/index.php\/product\/suc-manh-cua-su-ky-luat-sach-khai-tam\/#primaryimage"},"thumbnailUrl":"https:\/\/sachkhaitam.store\/wp-content\/uploads\/2025\/07\/1-5.png","datePublished":"2025-07-31T05:04:56+00:00","breadcrumb":{"@id":"https:\/\/sachkhaitam.store\/index.php\/product\/suc-manh-cua-su-ky-luat-sach-khai-tam\/#breadcrumb"},"inLanguage":"vi","potentialAction":[{"@type":"ReadAction","target":["https:\/\/sachkhaitam.store\/index.php\/product\/suc-manh-cua-su-ky-luat-sach-khai-tam\/"]}]},{"@type":"ImageObject","inLanguage":"vi","@id":"https:\/\/sachkhaitam.store\/index.php\/product\/suc-manh-cua-su-ky-luat-sach-khai-tam\/#primaryimage","url":"https:\/\/sachkhaitam.store\/wp-content\/uploads\/2025\/07\/1-5.png","contentUrl":"https:\/\/sachkhaitam.store\/wp-content\/uploads\/2025\/07\/1-5.png","width":1280,"height":1280},{"@type":"BreadcrumbList","@id":"https:\/\/sachkhaitam.store\/index.php\/product\/suc-manh-cua-su-ky-luat-sach-khai-tam\/#breadcrumb","itemListElement":[{"@type":"ListItem","position":1,"name":"Trang ch\u1ee7","item":"https:\/\/sachkhaitam.store\/"},{"@type":"ListItem","position":2,"name":"Shop","item":"https:\/\/sachkhaitam.store\/index.php\/shop\/"},{"@type":"ListItem","position":3,"name":"S\u1ee8C M\u1ea0NH C\u1ee6A S\u1ef0 K\u1ef6 LU\u1eacT"}]},{"@type":"WebSite","@id":"https:\/\/sachkhaitam.store\/#website","url":"https:\/\/sachkhaitam.store\/","name":"sachkhaitam.store","description":"sachkhaitam","publisher":{"@id":"https:\/\/sachkhaitam.store\/#organization"},"potentialAction":[{"@type":"SearchAction","target":{"@type":"EntryPoint","urlTemplate":"https:\/\/sachkhaitam.store\/?s={search_term_string}"},"query-input":{"@type":"PropertyValueSpecification","valueRequired":true,"valueName":"search_term_string"}}],"inLanguage":"vi"},{"@type":"Organization","@id":"https:\/\/sachkhaitam.store\/#organization","name":"sachkhaitam.store","url":"https:\/\/sachkhaitam.store\/","logo":{"@type":"ImageObject","inLanguage":"vi","@id":"https:\/\/sachkhaitam.store\/#\/schema\/logo\/image\/","url":"https:\/\/sachkhaitam.store\/wp-content\/uploads\/2025\/07\/SACH-KHAI-TAM-01-1.svg","contentUrl":"https:\/\/sachkhaitam.store\/wp-content\/uploads\/2025\/07\/SACH-KHAI-TAM-01-1.svg","width":900,"height":900,"caption":"sachkhaitam.store"},"image":{"@id":"https:\/\/sachkhaitam.store\/#\/schema\/logo\/image\/"}}]}},"jetpack_sharing_enabled":true,"_links":{"self":[{"href":"https:\/\/sachkhaitam.store\/index.php\/wp-json\/wp\/v2\/product\/9359","targetHints":{"allow":["GET"]}}],"collection":[{"href":"https:\/\/sachkhaitam.store\/index.php\/wp-json\/wp\/v2\/product"}],"about":[{"href":"https:\/\/sachkhaitam.store\/index.php\/wp-json\/wp\/v2\/types\/product"}],"replies":[{"embeddable":true,"href":"https:\/\/sachkhaitam.store\/index.php\/wp-json\/wp\/v2\/comments?post=9359"}],"wp:featuredmedia":[{"embeddable":true,"href":"https:\/\/sachkhaitam.store\/index.php\/wp-json\/wp\/v2\/media\/9360"}],"wp:attachment":[{"href":"https:\/\/sachkhaitam.store\/index.php\/wp-json\/wp\/v2\/media?parent=9359"}],"wp:term":[{"taxonomy":"product_cat","embeddable":true,"href":"https:\/\/sachkhaitam.store\/index.php\/wp-json\/wp\/v2\/product_cat?post=9359"},{"taxonomy":"product_tag","embeddable":true,"href":"https:\/\/sachkhaitam.store\/index.php\/wp-json\/wp\/v2\/product_tag?post=9359"}],"curies":[{"name":"wp","href":"https:\/\/api.w.org\/{rel}","templated":true}]}}