{"id":9355,"date":"2025-07-31T04:24:07","date_gmt":"2025-07-31T04:24:07","guid":{"rendered":"https:\/\/sachkhaitam.store\/?post_type=product&#038;p=9355"},"modified":"2025-07-31T04:24:07","modified_gmt":"2025-07-31T04:24:07","slug":"duong-tam-giau-co-duong-than-ngheo-kho-sach-khai-tam","status":"publish","type":"product","link":"https:\/\/sachkhaitam.store\/index.php\/product\/duong-tam-giau-co-duong-than-ngheo-kho-sach-khai-tam\/","title":{"rendered":"DU\u031bO\u031b\u0303NG TA\u0302M GIA\u0300U CO\u0301 DU\u031bO\u031b\u0303NG THA\u0302N NGHE\u0300O KHO\u0301"},"content":{"rendered":"<table width=\"231\">\n<tbody>\n<tr>\n<td width=\"231\">\u201cD\u01b0\u1ee1ng T\u00e2m Gi\u00e0u C\u00f3 D\u01b0\u1ee1ng Th\u00e2n Ngh\u00e8o Kh\u00f3\u201d l\u00e0 cu\u1ed1n s\u00e1ch mang l\u1ea1i \u0111\u1ecbnh ngh\u0129a ho\u00e0n h\u1ea3o v\u1ec1 \u201cs\u1ef1 gi\u00e0u c\u00f3\u201d. S\u1ef1 gi\u00e0u c\u00f3 l\u00e0 m\u1ed9t \u0111\u00e1p \u00e1n khi\u1ebfn t\u00f4i m\u1ea5t nhi\u1ec1u n\u0103m \u0111\u1ec3 nh\u1eadn th\u1ee9c n\u00ean, c\u0169ng ch\u00ednh l\u00e0 tri\u1ebft l\u00fd xuy\u00ean su\u1ed1t gi\u00fap t\u00f4i s\u1ed1ng t\u1ed1t h\u01a1n m\u1ed7i ng\u00e0y. T\u00f4i \u0111\u00e3 th\u1ef1c s\u1ef1 tin r\u1eb1ng, gi\u00e0u c\u00f3 kh\u00f4ng ch\u1ec9 l\u00e0 khi t\u00edch c\u00f3p th\u1eadt nhi\u1ec1u m\u00e0 n\u00f3 c\u00f2n t\u1ed3n t\u1ea1i khi t\u00f4i \u0111em cho \u0111i. Ch\u00ednh v\u00ec suy ngh\u0129 t\u00edch c\u1ef1c n\u00e0y, \u0111\u00e3 \u0111em t\u00f4i \u0111\u1ebfn b\u00ean nh\u1eefng c\u00e2u chuy\u1ec7n kh\u00f3 kh\u0103n c\u1ee7a m\u1ed7i ng\u01b0\u1eddi, chia s\u1ebb v\u00e0 h\u1ea1nh ph\u00fac b\u00ean ni\u1ec1m vui c\u1ee7a h\u1ecd. \u201cD\u01b0\u1ee1ng t\u00e2m gi\u00e0u c\u00f3 D\u01b0\u1ee1ng Th\u00e2n Ngh\u00e8o Kh\u00f3\u201d \u0111\u00e3 \u0111\u01b0a t\u00f4i \u0111\u1ebfn Th\u1ebf Gi\u1edbi c\u1ee7a an y\u00ean, t\u1eeb bi, \u0111\u1ea1o h\u1ea1nh m\u00e0 bao ng\u01b0\u1eddi m\u01a1 \u01b0\u1edbc. \u0110\u1eebng v\u1ed9i \u0111em nh\u1eefng kh\u00f3 kh\u0103n b\u1ea1n \u0111ang g\u1eb7p ph\u1ea3i so b\u00ec v\u1edbi h\u1ea1nh ph\u00fac ng\u01b0\u1eddi kh\u00e1c. Ng\u01b0\u1eddi ta sinh c\u00f9ng gi\u1edd c\u00f2n c\u00f3 s\u1ed1 m\u1ec7nh kh\u00e1c nhau m\u00e0. Ch\u1ec9 c\u1ea7n b\u1ea1n c\u1ea3m th\u1ea5y v\u1eeba \u0111\u1ee7 th\u00ec \u0111\u00f3 \u0111\u00e3 l\u00e0 m\u1ed9t s\u1ef1 sung t\u00fac bao ng\u01b0\u1eddi mong \u01b0\u1edbc r\u1ed3i. T\u00f4i tin ch\u1eafc r\u1eb1ng cu\u1ed1n s\u00e1ch nh\u1ecf n\u00e0y s\u1ebd gi\u00fap b\u1ea1n t\u1ef1 tin s\u1ed1ng cu\u1ed9c \u0111\u1eddi c\u1ee7a m\u00ecnh, d\u0169ng c\u1ea3m \u0111\u1ed1i m\u1eb7t v\u1edbi kh\u00f3 kh\u0103n, v\u00e0 r\u1ed9ng l\u01b0\u1ee3ng chia s\u1ebb c\u00f9ng m\u1ecdi ng\u01b0\u1eddi. Mong r\u1eb1ng tr\u00e1i tim b\u1ea1n s\u1ebd s\u1edbm gi\u00e0u c\u00f3.<\/p>\n<p>&#8211; T\u00e1c gi\u1ea3: Nguy\u1ec5n Anh D\u0169ng, S\u00e1ng L\u1eadp Sbooks<\/p>\n<p>B\u1eb1ng nh\u1eefng c\u00e2u chuy\u1ec7n k\u1ec3 v\u1edbi gi\u1ecdng v\u0103n nh\u1eb9 nh\u00e0ng, d\u1ec5 th\u01b0\u01a1ng, nh\u1eefng tri\u1ebft l\u00fd nh\u00e2n sinh g\u1ea7n g\u0169i v\u1edbi cu\u1ed9c s\u1ed1ng \u0111\u1eddi th\u01b0\u1eddng, cu\u1ed1n s\u00e1ch s\u1ebd mang l\u1ea1i cho b\u1ea1n nh\u1eefng tr\u1ea3i nghi\u1ec7m qu\u00ed gi\u00e1 \u0111\u1ec3 x\u00e2y d\u1ef1ng cho m\u00ecnh m\u1ed9t cu\u1ed9c s\u1ed1ng th\u1eadt b\u00ecnh y\u00ean v\u00e0 h\u1ea1nh ph\u00fac. Kh\u00f4ng ph\u1ea3i ai c\u0169ng c\u00f3 th\u1ec3 h\u00e0i l\u00f2ng v\u1edbi nh\u1eefng g\u00ec m\u00ecnh \u0111ang s\u1edf h\u1eefu, b\u1edfi h\u1ecd cho r\u1eb1ng gi\u00e0u c\u00f3 ch\u00ednh l\u00e0 s\u1ef1 sung t\u00fac v\u1ec1 v\u1eadt ch\u1ea5t v\u00e0 ti\u1ec1n b\u1ea1c. V\u00ec v\u1eady m\u00e0 su\u1ed1t cu\u1ed9c \u0111\u1eddi, h\u1ecd c\u1ee9 m\u1ea3i mi\u1ebft ch\u1ea1y theo nh\u1eefng gi\u00e1 tr\u1ecb v\u1eadt ch\u1ea5t b\u00ecnh th\u01b0\u1eddng m\u00e0 qu\u00ean \u0111i c\u00f2n v\u00f4 s\u1ed1 nh\u1eefng gi\u00e1 tr\u1ecb kh\u00e1c n\u1eefa song h\u00e0nh b\u00ean h\u1ecd. M\u1ed9t khi con ng\u01b0\u1eddi ta bi\u1ebft \u0111\u1ee7 th\u00ec m\u1ecdi thi\u1ebfu th\u1ed1n v\u1ec1 v\u1eadt ch\u1ea5t c\u0169ng ch\u00ednh l\u00e0 m\u1ed9t s\u1ef1 sung t\u00fac trong t\u00e2m th\u1ee9c c\u1ee7a m\u00ecnh. M\u1ed9t khi t\u00e2m con ng\u01b0\u1eddi ta kh\u00f4ng c\u00f2n s\u00e2n si th\u00ec \u0111\u00f3 ch\u00ednh l\u00e0 l\u00fac tr\u00e1i tim m\u00ecnh lu\u00f4n gi\u00e0u c\u00f3 t\u00ecnh th\u01b0\u01a1ng y\u00eau v\u00f4 b\u1edd b\u1ebfn. \u201cD\u01b0\u1ee1ng t\u00e2m gi\u00e0u c\u00f3 &#8211; D\u01b0\u1ee1ng th\u00e2n ngh\u00e8o kh\u00f3\u201d l\u00e0 cu\u1ed1n s\u00e1ch gi\u00e1 tr\u1ecb cho m\u1ecdi \u0111\u1ed9 tu\u1ed5i \u0111\u1ec3 l\u00e0m cho cu\u1ed9c s\u1ed1ng tr\u1edf n\u00ean nh\u1eb9 nh\u00e0ng v\u00e0 h\u1ea1nh ph\u00fac h\u01a1n. Trong th\u1ef1c t\u1ebf, hi\u1ebfm c\u00f3 ai c\u1ea3m th\u1ea5y h\u1ea1nh ph\u00fac khi b\u1ea3n th\u00e2n s\u1ed1ng trong c\u1ea3nh ngh\u00e8o t\u00fang nh\u01b0ng c\u0169ng \u00edt ng\u01b0\u1eddi vui v\u1ebb khi gi\u00e0u c\u00f3. Kh\u00e1i ni\u1ec7m h\u1ea1nh ph\u00fac c\u1ea7n \u0111\u01b0\u1ee3c c\u1eaft ngh\u0129a v\u00e0 l\u00e0m r\u00f5 s\u00e2u h\u01a1n n\u1eefa so v\u1edbi nh\u1eefng \u0111i\u1ec1u ng\u01b0\u1eddi ta g\u00e1n gh\u00e9p cho n\u00f3 hi\u1ec7n nay. H\u00e3y \u0111\u1ecdc nh\u1eefng cu\u1ed1n s\u00e1ch gi\u00e1 tr\u1ecb nh\u01b0 \u201cD\u01b0\u1ee1ng t\u00e2m gi\u00e0u c\u00f3 &#8211; D\u01b0\u1ee1ng th\u00e2n ngh\u00e8o kh\u00f3\u201d \u0111\u1ec3 x\u00e2y d\u1ef1ng l\u1ed1i s\u1ed1ng y\u00eau th\u01b0\u01a1ng l\u00e0nh m\u1ea1nh, \u0111\u1ec3 b\u1ed3i d\u01b0\u1ee1ng th\u00e2n t\u00e2m m\u00ecnh d\u00f9 ngh\u00e8o kh\u00f3 v\u1eabn lu\u00f4n l\u1ea1c quan v\u00e0 gi\u00e0u n\u0103ng l\u01b0\u1ee3ng t\u00edch c\u1ef1c. Cu\u1ed1n s\u00e1ch c\u0169ng s\u1ebd gi\u00fap cho ch\u00fang ta t\u1ef1 x\u00e2y d\u1ef1ng cho m\u00ecnh m\u1ed9t cu\u1ed9c s\u1ed1ng th\u1eadt h\u1ea1nh ph\u00fac theo \u0111\u00fang ngh\u0129a m\u00e0 m\u00ecnh lu\u00f4n mong mu\u1ed1n.<\/p>\n<p>&#8211; Ths. Th\u00e1i Thu Ho\u00e0i, Ph\u00f3 tr\u01b0\u1edfng khoa Xu\u1ea5t b\u1ea3n, Ph\u00e1t h\u00e0nh. Tr\u01b0\u1eddng \u0110\u1ea1i h\u1ecdc V\u0103n h\u00f3a Tp.HCM<\/p>\n<p>\u201cD\u01b0\u1ee1ng t\u00e2m gi\u00e0u c\u00f3 &#8211; D\u01b0\u1ee1ng th\u00e2n ngh\u00e8o kh\u00f3\u201d l\u00e0 c\u1ea9m nang v\u00e0ng cho ch\u1eb7ng \u0111\u1eddi m\u1ed7i ng\u01b0\u1eddi tr\u1ebb kh\u00f4ng b\u1ecb b\u1ea5p b\u00eanh, l\u1ea1c h\u01b0\u1edbng b\u1edfi nh\u1eefng c\u00e1m d\u1ed7. Ch\u1ec9 khi b\u1ea1n \u0111\u1eb7t t\u1ea5t c\u1ea3 ni\u1ec1m tin c\u1ee7a m\u00ecnh, r\u1eb1ng b\u1ea1n x\u1ee9ng \u0111\u00e1ng \u0111\u01b0\u1ee3c h\u1ea1nh ph\u00fac th\u00ec m\u1ecdi chuy\u1ec7n s\u1ebd t\u1ed1t \u0111\u1eb9p h\u01a1n. Ai trong ch\u00fang ta c\u0169ng \u0111\u1ec1u ph\u1ea3i tr\u1ea3i qua nh\u1eefng th\u1eddi kh\u1eafc gian nan, g\u1ea7n nh\u01b0 m\u1ea5t ph\u01b0\u01a1ng h\u01b0\u1edbng; nh\u01b0ng ch\u1ec9 c\u1ea7n ti\u1ebft ch\u1ebf tham s\u00e2n si c\u1ee7a b\u1ea3n th\u00e2n, tr\u1edf l\u1ea1i v\u1edbi b\u1ea3n ng\u00e3 v\u00e0 l\u1ea5y l\u1ea1i t\u00e2m th\u1ebf, th\u00ec c\u00f3 th\u1ec3 t\u00ecm th\u1ea5y h\u1ea1nh ph\u00fac trong ph\u00fat ch\u1ed1c. Tri\u1ebft l\u00fd xuy\u00ean su\u1ed1t c\u1ee7a cu\u1ed1n s\u00e1ch s\u1ebd \u0111\u01b0a b\u1ea1n v\u01b0\u1ee3t qua nh\u1eefng ng\u00e0y th\u00e1ng kh\u00f3 kh\u0103n nh\u1ea5t v\u1edbi t\u00e2m th\u1ebf an y\u00ean. \u201cD\u01b0\u1ee1ng t\u00e2m gi\u00e0u c\u00f3 &#8211; D\u01b0\u1ee1ng th\u00e2n ngh\u00e8o kh\u00f3\u201d l\u00e0 m\u1ed9t cu\u1ed1n s\u00e1ch c\u00f3 th\u1ec3 \u201cg\u1ed1i \u0111\u1ea7u gi\u01b0\u1eddng\u201d cho nh\u1eefng ng\u01b0\u1eddi tr\u1ebb tu\u1ed5i nhi\u1ec1u \u01b0\u1edbc v\u1ecdng nh\u01b0ng d\u1ec5 th\u1ea5t v\u1ecdng. H\u00e3y ch\u1ecdn con \u0111\u01b0\u1eddng \u0111\u01b0a b\u1ea1n \u0111\u1ebfn h\u1ea1nh ph\u00fac. V\u00e0 n\u1ebfu b\u1ea1n \u0111\u00e3 th\u00e0nh c\u00f4ng th\u00ec b\u1ea1n v\u1eabn n\u00ean c\u00f3 cu\u1ed1n s\u00e1ch n\u00e0y \u0111\u1ec3 nh\u1eafc nh\u1edf m\u00ecnh h\u00e0ng ng\u00e0y.<\/p>\n<p>&#8211; Nh\u00e0 v\u0103n V\u00f5 Th\u1ecb Xu\u00e2n H\u00e0, Nguy\u00ean Tr\u01b0\u1edfng Ban Nh\u00e0 v\u0103n Tr\u1ebb to\u00e0n qu\u1ed1c, Nguy\u00ean T\u1ed5ng bi\u00ean t\u1eadp T\u1ea1p ch\u00ed Nh\u00e0 v\u0103n Ph\u00f3 ban Th\u01b0\u1eddng tr\u1ef1c Ban S\u00e1ng t\u00e1c H\u1ed9i Nh\u00e0 v\u0103n Vi\u1ec7t Nam<\/p>\n<p><img fetchpriority=\"high\" decoding=\"async\" class=\" wp-image-9358 aligncenter\" src=\"https:\/\/sachkhaitam.store\/wp-content\/uploads\/2025\/07\/duong_tam_giau_co_duong_than_ngheo_kho_Nguyen_Anh_Dung_Sbooks4-300x200.jpg\" alt=\"\" width=\"551\" height=\"367\" srcset=\"https:\/\/sachkhaitam.store\/wp-content\/uploads\/2025\/07\/duong_tam_giau_co_duong_than_ngheo_kho_Nguyen_Anh_Dung_Sbooks4-300x200.jpg 300w, https:\/\/sachkhaitam.store\/wp-content\/uploads\/2025\/07\/duong_tam_giau_co_duong_than_ngheo_kho_Nguyen_Anh_Dung_Sbooks4-1024x681.jpg 1024w, https:\/\/sachkhaitam.store\/wp-content\/uploads\/2025\/07\/duong_tam_giau_co_duong_than_ngheo_kho_Nguyen_Anh_Dung_Sbooks4-768x511.jpg 768w, https:\/\/sachkhaitam.store\/wp-content\/uploads\/2025\/07\/duong_tam_giau_co_duong_than_ngheo_kho_Nguyen_Anh_Dung_Sbooks4-1536x1021.jpg 1536w, https:\/\/sachkhaitam.store\/wp-content\/uploads\/2025\/07\/duong_tam_giau_co_duong_than_ngheo_kho_Nguyen_Anh_Dung_Sbooks4-750x500.jpg 750w, https:\/\/sachkhaitam.store\/wp-content\/uploads\/2025\/07\/duong_tam_giau_co_duong_than_ngheo_kho_Nguyen_Anh_Dung_Sbooks4-1320x878.jpg 1320w, https:\/\/sachkhaitam.store\/wp-content\/uploads\/2025\/07\/duong_tam_giau_co_duong_than_ngheo_kho_Nguyen_Anh_Dung_Sbooks4-450x299.jpg 450w, https:\/\/sachkhaitam.store\/wp-content\/uploads\/2025\/07\/duong_tam_giau_co_duong_than_ngheo_kho_Nguyen_Anh_Dung_Sbooks4-800x532.jpg 800w, https:\/\/sachkhaitam.store\/wp-content\/uploads\/2025\/07\/duong_tam_giau_co_duong_than_ngheo_kho_Nguyen_Anh_Dung_Sbooks4.jpg 2000w\" sizes=\"(max-width: 551px) 100vw, 551px\" \/><\/td>\n<\/tr>\n<\/tbody>\n<\/table>\n","protected":false},"excerpt":{"rendered":"<ul>\n<li>T\u00e1c ph\u1ea9m: D\u01b0\u1ee1ng T\u00e2m Gi\u00e0u C\u00f3 \u2013 D\u01b0\u1ee1ng Th\u00e2n Ngh\u00e8o Kh\u00f3<\/li>\n<li>T\u00e1c gi\u1ea3: Nguy\u1ec5n Anh D\u0169ng<\/li>\n<li>Th\u01b0\u01a1ng hi\u1ec7u: SBOOKS<\/li>\n<li>Nh\u00e0 xu\u1ea5t b\u1ea3n: NXB Th\u1ebf Gi\u1edbi<\/li>\n<li>N\u0103m xu\u1ea5t b\u1ea3n: 2020<\/li>\n<li>Lo\u1ea1i b\u00eca: B\u00eca m\u1ec1m<\/li>\n<li>K\u00edch th\u01b0\u1edbc: 13 x 20 x 0.72 cm<\/li>\n<li>S\u1ed1 trang: 144 trang<\/li>\n<li>Tr\u1ecdng l\u01b0\u1ee3ng: 72g<\/li>\n<\/ul>\n","protected":false},"featured_media":9356,"comment_status":"open","ping_status":"closed","template":"","meta":[],"product_cat":[75,67],"product_tag":[139,140],"class_list":{"0":"post-9355","1":"product","2":"type-product","3":"status-publish","4":"has-post-thumbnail","6":"product_cat-phat-trien-tam-thuc-sach-danh-cho-gioi-tre","7":"product_cat-sach-danh-cho-gioi-tre","8":"product_tag-duong-tam-giau-co-duong-than-ngheo-co","9":"product_tag-sach-duong-tam-giau-co-duong-than-ngheo-kho","11":"first","12":"instock","13":"shipping-taxable","14":"purchasable","15":"product-type-simple"},"yoast_head":"<!-- This site is optimized with the Yoast SEO plugin v25.3 - https:\/\/yoast.com\/wordpress\/plugins\/seo\/ -->\n<title>DU\u031bO\u031b\u0303NG TA\u0302M GIA\u0300U CO\u0301 DU\u031bO\u031b\u0303NG THA\u0302N NGHE\u0300O KHO\u0301 - sachkhaitam.store<\/title>\n<meta name=\"robots\" content=\"index, follow, max-snippet:-1, max-image-preview:large, max-video-preview:-1\" \/>\n<link rel=\"canonical\" href=\"https:\/\/sachkhaitam.store\/index.php\/product\/duong-tam-giau-co-duong-than-ngheo-kho-sach-khai-tam\/\" \/>\n<meta property=\"og:locale\" content=\"vi_VN\" \/>\n<meta property=\"og:type\" content=\"article\" \/>\n<meta property=\"og:title\" content=\"DU\u031bO\u031b\u0303NG TA\u0302M GIA\u0300U CO\u0301 DU\u031bO\u031b\u0303NG THA\u0302N NGHE\u0300O KHO\u0301 - sachkhaitam.store\" \/>\n<meta property=\"og:description\" content=\"T\u00e1c ph\u1ea9m: D\u01b0\u1ee1ng T\u00e2m Gi\u00e0u C\u00f3 \u2013 D\u01b0\u1ee1ng Th\u00e2n Ngh\u00e8o Kh\u00f3  T\u00e1c gi\u1ea3: Nguy\u1ec5n Anh D\u0169ng  Th\u01b0\u01a1ng hi\u1ec7u: SBOOKS  Nh\u00e0 xu\u1ea5t b\u1ea3n: NXB Th\u1ebf Gi\u1edbi  N\u0103m xu\u1ea5t b\u1ea3n: 2020  Lo\u1ea1i b\u00eca: B\u00eca m\u1ec1m  K\u00edch th\u01b0\u1edbc: 13 x 20 x 0.72 cm  S\u1ed1 trang: 144 trang  Tr\u1ecdng l\u01b0\u1ee3ng: 72g\" \/>\n<meta property=\"og:url\" content=\"https:\/\/sachkhaitam.store\/index.php\/product\/duong-tam-giau-co-duong-than-ngheo-kho-sach-khai-tam\/\" \/>\n<meta property=\"og:site_name\" content=\"sachkhaitam.store\" \/>\n<meta property=\"og:image\" content=\"https:\/\/sachkhaitam.store\/wp-content\/uploads\/2025\/07\/duong_tam_giau_co_duong_than_ngheo_kho_Nguyen_Anh_Dung_Sbooks1.jpg\" \/>\n\t<meta property=\"og:image:width\" content=\"280\" \/>\n\t<meta property=\"og:image:height\" content=\"280\" \/>\n\t<meta property=\"og:image:type\" content=\"image\/jpeg\" \/>\n<meta name=\"twitter:card\" content=\"summary_large_image\" \/>\n<meta name=\"twitter:label1\" content=\"\u01af\u1edbc t\u00ednh th\u1eddi gian \u0111\u1ecdc\" \/>\n\t<meta name=\"twitter:data1\" content=\"5 ph\u00fat\" \/>\n<script type=\"application\/ld+json\" class=\"yoast-schema-graph\">{\"@context\":\"https:\/\/schema.org\",\"@graph\":[{\"@type\":\"WebPage\",\"@id\":\"https:\/\/sachkhaitam.store\/index.php\/product\/duong-tam-giau-co-duong-than-ngheo-kho-sach-khai-tam\/\",\"url\":\"https:\/\/sachkhaitam.store\/index.php\/product\/duong-tam-giau-co-duong-than-ngheo-kho-sach-khai-tam\/\",\"name\":\"DU\u031bO\u031b\u0303NG TA\u0302M GIA\u0300U CO\u0301 DU\u031bO\u031b\u0303NG THA\u0302N NGHE\u0300O KHO\u0301 - sachkhaitam.store\",\"isPartOf\":{\"@id\":\"https:\/\/sachkhaitam.store\/#website\"},\"primaryImageOfPage\":{\"@id\":\"https:\/\/sachkhaitam.store\/index.php\/product\/duong-tam-giau-co-duong-than-ngheo-kho-sach-khai-tam\/#primaryimage\"},\"image\":{\"@id\":\"https:\/\/sachkhaitam.store\/index.php\/product\/duong-tam-giau-co-duong-than-ngheo-kho-sach-khai-tam\/#primaryimage\"},\"thumbnailUrl\":\"https:\/\/sachkhaitam.store\/wp-content\/uploads\/2025\/07\/duong_tam_giau_co_duong_than_ngheo_kho_Nguyen_Anh_Dung_Sbooks1.jpg\",\"datePublished\":\"2025-07-31T04:24:07+00:00\",\"breadcrumb\":{\"@id\":\"https:\/\/sachkhaitam.store\/index.php\/product\/duong-tam-giau-co-duong-than-ngheo-kho-sach-khai-tam\/#breadcrumb\"},\"inLanguage\":\"vi\",\"potentialAction\":[{\"@type\":\"ReadAction\",\"target\":[\"https:\/\/sachkhaitam.store\/index.php\/product\/duong-tam-giau-co-duong-than-ngheo-kho-sach-khai-tam\/\"]}]},{\"@type\":\"ImageObject\",\"inLanguage\":\"vi\",\"@id\":\"https:\/\/sachkhaitam.store\/index.php\/product\/duong-tam-giau-co-duong-than-ngheo-kho-sach-khai-tam\/#primaryimage\",\"url\":\"https:\/\/sachkhaitam.store\/wp-content\/uploads\/2025\/07\/duong_tam_giau_co_duong_than_ngheo_kho_Nguyen_Anh_Dung_Sbooks1.jpg\",\"contentUrl\":\"https:\/\/sachkhaitam.store\/wp-content\/uploads\/2025\/07\/duong_tam_giau_co_duong_than_ngheo_kho_Nguyen_Anh_Dung_Sbooks1.jpg\",\"width\":280,\"height\":280},{\"@type\":\"BreadcrumbList\",\"@id\":\"https:\/\/sachkhaitam.store\/index.php\/product\/duong-tam-giau-co-duong-than-ngheo-kho-sach-khai-tam\/#breadcrumb\",\"itemListElement\":[{\"@type\":\"ListItem\",\"position\":1,\"name\":\"Trang ch\u1ee7\",\"item\":\"https:\/\/sachkhaitam.store\/\"},{\"@type\":\"ListItem\",\"position\":2,\"name\":\"Shop\",\"item\":\"https:\/\/sachkhaitam.store\/index.php\/shop\/\"},{\"@type\":\"ListItem\",\"position\":3,\"name\":\"DU\u031bO\u031b\u0303NG TA\u0302M GIA\u0300U CO\u0301 DU\u031bO\u031b\u0303NG THA\u0302N NGHE\u0300O KHO\u0301\"}]},{\"@type\":\"WebSite\",\"@id\":\"https:\/\/sachkhaitam.store\/#website\",\"url\":\"https:\/\/sachkhaitam.store\/\",\"name\":\"sachkhaitam.store\",\"description\":\"sachkhaitam\",\"publisher\":{\"@id\":\"https:\/\/sachkhaitam.store\/#organization\"},\"potentialAction\":[{\"@type\":\"SearchAction\",\"target\":{\"@type\":\"EntryPoint\",\"urlTemplate\":\"https:\/\/sachkhaitam.store\/?s={search_term_string}\"},\"query-input\":{\"@type\":\"PropertyValueSpecification\",\"valueRequired\":true,\"valueName\":\"search_term_string\"}}],\"inLanguage\":\"vi\"},{\"@type\":\"Organization\",\"@id\":\"https:\/\/sachkhaitam.store\/#organization\",\"name\":\"sachkhaitam.store\",\"url\":\"https:\/\/sachkhaitam.store\/\",\"logo\":{\"@type\":\"ImageObject\",\"inLanguage\":\"vi\",\"@id\":\"https:\/\/sachkhaitam.store\/#\/schema\/logo\/image\/\",\"url\":\"https:\/\/sachkhaitam.store\/wp-content\/uploads\/2025\/07\/SACH-KHAI-TAM-01-1.svg\",\"contentUrl\":\"https:\/\/sachkhaitam.store\/wp-content\/uploads\/2025\/07\/SACH-KHAI-TAM-01-1.svg\",\"width\":900,\"height\":900,\"caption\":\"sachkhaitam.store\"},\"image\":{\"@id\":\"https:\/\/sachkhaitam.store\/#\/schema\/logo\/image\/\"}}]}<\/script>\n<!-- \/ Yoast SEO plugin. -->","yoast_head_json":{"title":"DU\u031bO\u031b\u0303NG TA\u0302M GIA\u0300U CO\u0301 DU\u031bO\u031b\u0303NG THA\u0302N NGHE\u0300O KHO\u0301 - sachkhaitam.store","robots":{"index":"index","follow":"follow","max-snippet":"max-snippet:-1","max-image-preview":"max-image-preview:large","max-video-preview":"max-video-preview:-1"},"canonical":"https:\/\/sachkhaitam.store\/index.php\/product\/duong-tam-giau-co-duong-than-ngheo-kho-sach-khai-tam\/","og_locale":"vi_VN","og_type":"article","og_title":"DU\u031bO\u031b\u0303NG TA\u0302M GIA\u0300U CO\u0301 DU\u031bO\u031b\u0303NG THA\u0302N NGHE\u0300O KHO\u0301 - sachkhaitam.store","og_description":"T\u00e1c ph\u1ea9m: D\u01b0\u1ee1ng T\u00e2m Gi\u00e0u C\u00f3 \u2013 D\u01b0\u1ee1ng Th\u00e2n Ngh\u00e8o Kh\u00f3  T\u00e1c gi\u1ea3: Nguy\u1ec5n Anh D\u0169ng  Th\u01b0\u01a1ng hi\u1ec7u: SBOOKS  Nh\u00e0 xu\u1ea5t b\u1ea3n: NXB Th\u1ebf Gi\u1edbi  N\u0103m xu\u1ea5t b\u1ea3n: 2020  Lo\u1ea1i b\u00eca: B\u00eca m\u1ec1m  K\u00edch th\u01b0\u1edbc: 13 x 20 x 0.72 cm  S\u1ed1 trang: 144 trang  Tr\u1ecdng l\u01b0\u1ee3ng: 72g","og_url":"https:\/\/sachkhaitam.store\/index.php\/product\/duong-tam-giau-co-duong-than-ngheo-kho-sach-khai-tam\/","og_site_name":"sachkhaitam.store","og_image":[{"width":280,"height":280,"url":"https:\/\/sachkhaitam.store\/wp-content\/uploads\/2025\/07\/duong_tam_giau_co_duong_than_ngheo_kho_Nguyen_Anh_Dung_Sbooks1.jpg","type":"image\/jpeg"}],"twitter_card":"summary_large_image","twitter_misc":{"\u01af\u1edbc t\u00ednh th\u1eddi gian \u0111\u1ecdc":"5 ph\u00fat"},"schema":{"@context":"https:\/\/schema.org","@graph":[{"@type":"WebPage","@id":"https:\/\/sachkhaitam.store\/index.php\/product\/duong-tam-giau-co-duong-than-ngheo-kho-sach-khai-tam\/","url":"https:\/\/sachkhaitam.store\/index.php\/product\/duong-tam-giau-co-duong-than-ngheo-kho-sach-khai-tam\/","name":"DU\u031bO\u031b\u0303NG TA\u0302M GIA\u0300U CO\u0301 DU\u031bO\u031b\u0303NG THA\u0302N NGHE\u0300O KHO\u0301 - sachkhaitam.store","isPartOf":{"@id":"https:\/\/sachkhaitam.store\/#website"},"primaryImageOfPage":{"@id":"https:\/\/sachkhaitam.store\/index.php\/product\/duong-tam-giau-co-duong-than-ngheo-kho-sach-khai-tam\/#primaryimage"},"image":{"@id":"https:\/\/sachkhaitam.store\/index.php\/product\/duong-tam-giau-co-duong-than-ngheo-kho-sach-khai-tam\/#primaryimage"},"thumbnailUrl":"https:\/\/sachkhaitam.store\/wp-content\/uploads\/2025\/07\/duong_tam_giau_co_duong_than_ngheo_kho_Nguyen_Anh_Dung_Sbooks1.jpg","datePublished":"2025-07-31T04:24:07+00:00","breadcrumb":{"@id":"https:\/\/sachkhaitam.store\/index.php\/product\/duong-tam-giau-co-duong-than-ngheo-kho-sach-khai-tam\/#breadcrumb"},"inLanguage":"vi","potentialAction":[{"@type":"ReadAction","target":["https:\/\/sachkhaitam.store\/index.php\/product\/duong-tam-giau-co-duong-than-ngheo-kho-sach-khai-tam\/"]}]},{"@type":"ImageObject","inLanguage":"vi","@id":"https:\/\/sachkhaitam.store\/index.php\/product\/duong-tam-giau-co-duong-than-ngheo-kho-sach-khai-tam\/#primaryimage","url":"https:\/\/sachkhaitam.store\/wp-content\/uploads\/2025\/07\/duong_tam_giau_co_duong_than_ngheo_kho_Nguyen_Anh_Dung_Sbooks1.jpg","contentUrl":"https:\/\/sachkhaitam.store\/wp-content\/uploads\/2025\/07\/duong_tam_giau_co_duong_than_ngheo_kho_Nguyen_Anh_Dung_Sbooks1.jpg","width":280,"height":280},{"@type":"BreadcrumbList","@id":"https:\/\/sachkhaitam.store\/index.php\/product\/duong-tam-giau-co-duong-than-ngheo-kho-sach-khai-tam\/#breadcrumb","itemListElement":[{"@type":"ListItem","position":1,"name":"Trang ch\u1ee7","item":"https:\/\/sachkhaitam.store\/"},{"@type":"ListItem","position":2,"name":"Shop","item":"https:\/\/sachkhaitam.store\/index.php\/shop\/"},{"@type":"ListItem","position":3,"name":"DU\u031bO\u031b\u0303NG TA\u0302M GIA\u0300U CO\u0301 DU\u031bO\u031b\u0303NG THA\u0302N NGHE\u0300O KHO\u0301"}]},{"@type":"WebSite","@id":"https:\/\/sachkhaitam.store\/#website","url":"https:\/\/sachkhaitam.store\/","name":"sachkhaitam.store","description":"sachkhaitam","publisher":{"@id":"https:\/\/sachkhaitam.store\/#organization"},"potentialAction":[{"@type":"SearchAction","target":{"@type":"EntryPoint","urlTemplate":"https:\/\/sachkhaitam.store\/?s={search_term_string}"},"query-input":{"@type":"PropertyValueSpecification","valueRequired":true,"valueName":"search_term_string"}}],"inLanguage":"vi"},{"@type":"Organization","@id":"https:\/\/sachkhaitam.store\/#organization","name":"sachkhaitam.store","url":"https:\/\/sachkhaitam.store\/","logo":{"@type":"ImageObject","inLanguage":"vi","@id":"https:\/\/sachkhaitam.store\/#\/schema\/logo\/image\/","url":"https:\/\/sachkhaitam.store\/wp-content\/uploads\/2025\/07\/SACH-KHAI-TAM-01-1.svg","contentUrl":"https:\/\/sachkhaitam.store\/wp-content\/uploads\/2025\/07\/SACH-KHAI-TAM-01-1.svg","width":900,"height":900,"caption":"sachkhaitam.store"},"image":{"@id":"https:\/\/sachkhaitam.store\/#\/schema\/logo\/image\/"}}]}},"jetpack_sharing_enabled":true,"_links":{"self":[{"href":"https:\/\/sachkhaitam.store\/index.php\/wp-json\/wp\/v2\/product\/9355","targetHints":{"allow":["GET"]}}],"collection":[{"href":"https:\/\/sachkhaitam.store\/index.php\/wp-json\/wp\/v2\/product"}],"about":[{"href":"https:\/\/sachkhaitam.store\/index.php\/wp-json\/wp\/v2\/types\/product"}],"replies":[{"embeddable":true,"href":"https:\/\/sachkhaitam.store\/index.php\/wp-json\/wp\/v2\/comments?post=9355"}],"wp:featuredmedia":[{"embeddable":true,"href":"https:\/\/sachkhaitam.store\/index.php\/wp-json\/wp\/v2\/media\/9356"}],"wp:attachment":[{"href":"https:\/\/sachkhaitam.store\/index.php\/wp-json\/wp\/v2\/media?parent=9355"}],"wp:term":[{"taxonomy":"product_cat","embeddable":true,"href":"https:\/\/sachkhaitam.store\/index.php\/wp-json\/wp\/v2\/product_cat?post=9355"},{"taxonomy":"product_tag","embeddable":true,"href":"https:\/\/sachkhaitam.store\/index.php\/wp-json\/wp\/v2\/product_tag?post=9355"}],"curies":[{"name":"wp","href":"https:\/\/api.w.org\/{rel}","templated":true}]}}