{"id":9351,"date":"2025-07-31T01:47:59","date_gmt":"2025-07-31T01:47:59","guid":{"rendered":"https:\/\/sachkhaitam.store\/?post_type=product&#038;p=9351"},"modified":"2025-07-31T01:47:59","modified_gmt":"2025-07-31T01:47:59","slug":"ngam-sach-khai-tam","status":"publish","type":"product","link":"https:\/\/sachkhaitam.store\/index.php\/product\/ngam-sach-khai-tam\/","title":{"rendered":"NG\u1eaaM"},"content":{"rendered":"<table width=\"231\">\n<tbody>\n<tr>\n<td width=\"231\">Ng\u1eabm, ch\u1ee9a \u0111\u1ef1ng nhi\u1ec1u \u0111i\u1ec1u, t\u1eeb c\u00e1c c\u00e2u chuy\u1ec7n mang t\u00ednh hi\u1ebfu k\u00ec \u0111\u1ebfn nh\u1eefng con ng\u01b0\u1eddi th\u1eadt trong \u0111\u1eddi s\u1ed1ng h\u1eb1ng ng\u00e0y. C\u00f3 l\u00fac tr\u1ef1c gi\u00e1c m\u00e1ch b\u1ea3o cho t\u00f4i bi\u1ebft, \u0111\u00f4i khi t\u00f4i ph\u1ea3i suy ngh\u0129 r\u1ea5t nhi\u1ec1u th\u00ec m\u1edbi th\u00f4ng su\u1ed1t, th\u1ea5u hi\u1ec3u. M\u1ed7i b\u00e0i \u0111\u01b0\u1ee3c ghi ch\u00e9p \u1edf nh\u1eefng th\u1eddi \u0111i\u1ec3m kh\u00e1c nhau, nh\u01b0ng ch\u00fang \u0111\u01b0\u1ee3c t\u00f4i di\u1ec5n l\u1ea1i, ng\u1eabm l\u1ea1i trong m\u1ed9t th\u1eddi gian g\u1ea7n nh\u1ea5t. D\u1ef1a v\u00e0o s\u1ef1 hi\u1ec3u bi\u1ebft, tr\u00ean c\u00e1i n\u1ec1n \u1ea3nh c\u0169, t\u00f4i \u0111\u00e3 t\u00e1i hi\u1ec7n n\u1ed9i dung, \u00fd ngh\u0129a c\u1ee7a m\u1ed7i chuy\u1ec7n theo c\u00e1i nh\u00ecn ph\u1ed5 c\u1eadp, mang t\u00ednh th\u1eddi \u0111\u1ea1i. Ng\u1eabm l\u00e0 m\u1ed9t b\u1ee9c tranh t\u1ed5ng th\u1ec3 v\u1ec1 t\u00e2m l\u00fd con ng\u01b0\u1eddi v\u00e0 b\u1ea3n ch\u1ea5t cu\u1ed9c s\u1ed1ng.<br \/>\nNg\u1eabm th\u00ec s\u1ebd th\u1ea5y, ng\u1eabm th\u00ec s\u1ebd ra, ng\u1eabm th\u00ec s\u1ebd r\u00f5. Hi v\u1ecdng, \u0111\u1ebfn v\u1edbi b\u1ea1n, Ng\u1eabm s\u1ebd t\u1ea1o ra nhi\u1ec1u \u0111i\u1ec1u m\u1edbi m\u1ebb, b\u1edfi trong \u0111\u00f3 ch\u1ee9a \u0111\u1ef1ng nh\u1eefng \u1ea9n s\u1ed1 m\u00e0 b\u1ea1n ph\u1ea3i t\u1ef1 m\u00ecnh t\u00ecm ra.<br \/>\n&#8211; T\u00e1c gi\u1ea3 Vi\u1ec7t An Kh\u01b0\u01a1ng<\/p>\n<p><img fetchpriority=\"high\" decoding=\"async\" class=\" wp-image-9352 aligncenter\" src=\"https:\/\/sachkhaitam.store\/wp-content\/uploads\/2025\/07\/ngam_Viet_An_Khuong_Sbooks1-300x200.jpg\" alt=\"\" width=\"560\" height=\"373\" srcset=\"https:\/\/sachkhaitam.store\/wp-content\/uploads\/2025\/07\/ngam_Viet_An_Khuong_Sbooks1-300x200.jpg 300w, https:\/\/sachkhaitam.store\/wp-content\/uploads\/2025\/07\/ngam_Viet_An_Khuong_Sbooks1-1024x682.jpg 1024w, https:\/\/sachkhaitam.store\/wp-content\/uploads\/2025\/07\/ngam_Viet_An_Khuong_Sbooks1-768x512.jpg 768w, https:\/\/sachkhaitam.store\/wp-content\/uploads\/2025\/07\/ngam_Viet_An_Khuong_Sbooks1-1536x1024.jpg 1536w, https:\/\/sachkhaitam.store\/wp-content\/uploads\/2025\/07\/ngam_Viet_An_Khuong_Sbooks1-2048x1365.jpg 2048w, https:\/\/sachkhaitam.store\/wp-content\/uploads\/2025\/07\/ngam_Viet_An_Khuong_Sbooks1-750x500.jpg 750w, https:\/\/sachkhaitam.store\/wp-content\/uploads\/2025\/07\/ngam_Viet_An_Khuong_Sbooks1-1320x880.jpg 1320w, https:\/\/sachkhaitam.store\/wp-content\/uploads\/2025\/07\/ngam_Viet_An_Khuong_Sbooks1-450x300.jpg 450w, https:\/\/sachkhaitam.store\/wp-content\/uploads\/2025\/07\/ngam_Viet_An_Khuong_Sbooks1-800x533.jpg 800w\" sizes=\"(max-width: 560px) 100vw, 560px\" \/><\/td>\n<\/tr>\n<\/tbody>\n<\/table>\n","protected":false},"excerpt":{"rendered":"<ul>\n<li>T\u00e1c ph\u1ea9m: Ng\u1eabm<\/li>\n<li>T\u00e1c gi\u1ea3: Vi\u1ec7t An Kh\u01b0\u01a1ng<\/li>\n<li>Nh\u00e0 xu\u1ea5t b\u1ea3n: NXB V\u0103n H\u1ecdc<\/li>\n<li>N\u0103m xu\u1ea5t b\u1ea3n: 2021<\/li>\n<li>Lo\u1ea1i b\u00eca: B\u00eca m\u1ec1m<\/li>\n<li>K\u00edch th\u01b0\u1edbc: 13 x 20.5 x 0.73 cm<\/li>\n<li>S\u1ed1 trang: 146 trang<\/li>\n<li>Tr\u1ecdng l\u01b0\u1ee3ng: 73g<\/li>\n<\/ul>\n","protected":false},"featured_media":9354,"comment_status":"open","ping_status":"closed","template":"","meta":[],"product_cat":[138,78],"product_tag":[136,137],"class_list":{"0":"post-9351","1":"product","2":"type-product","3":"status-publish","4":"has-post-thumbnail","6":"product_cat-tan-van","7":"product_cat-van-hoc-nghe-thuat","8":"product_tag-ngam","9":"product_tag-sach-ngam","11":"first","12":"instock","13":"shipping-taxable","14":"purchasable","15":"product-type-simple"},"yoast_head":"<!-- This site is optimized with the Yoast SEO plugin v25.3 - https:\/\/yoast.com\/wordpress\/plugins\/seo\/ -->\n<title>NG\u1eaaM - sachkhaitam.store<\/title>\n<meta name=\"robots\" content=\"index, follow, max-snippet:-1, max-image-preview:large, max-video-preview:-1\" \/>\n<link rel=\"canonical\" href=\"https:\/\/sachkhaitam.store\/index.php\/product\/ngam-sach-khai-tam\/\" \/>\n<meta property=\"og:locale\" content=\"vi_VN\" \/>\n<meta property=\"og:type\" content=\"article\" \/>\n<meta property=\"og:title\" content=\"NG\u1eaaM - sachkhaitam.store\" \/>\n<meta property=\"og:description\" content=\"T\u00e1c ph\u1ea9m: Ng\u1eabm  T\u00e1c gi\u1ea3: Vi\u1ec7t An Kh\u01b0\u01a1ng  Nh\u00e0 xu\u1ea5t b\u1ea3n: NXB V\u0103n H\u1ecdc  N\u0103m xu\u1ea5t b\u1ea3n: 2021  Lo\u1ea1i b\u00eca: B\u00eca m\u1ec1m  K\u00edch th\u01b0\u1edbc: 13 x 20.5 x 0.73 cm  S\u1ed1 trang: 146 trang  Tr\u1ecdng l\u01b0\u1ee3ng: 73g\" \/>\n<meta property=\"og:url\" content=\"https:\/\/sachkhaitam.store\/index.php\/product\/ngam-sach-khai-tam\/\" \/>\n<meta property=\"og:site_name\" content=\"sachkhaitam.store\" \/>\n<meta property=\"og:image\" content=\"https:\/\/sachkhaitam.store\/wp-content\/uploads\/2025\/07\/ngam_Viet_An_Khuong_Sbooks6-scaled.jpg\" \/>\n\t<meta property=\"og:image:width\" content=\"2560\" \/>\n\t<meta property=\"og:image:height\" content=\"2560\" \/>\n\t<meta property=\"og:image:type\" content=\"image\/jpeg\" \/>\n<meta name=\"twitter:card\" content=\"summary_large_image\" \/>\n<meta name=\"twitter:label1\" content=\"\u01af\u1edbc t\u00ednh th\u1eddi gian \u0111\u1ecdc\" \/>\n\t<meta name=\"twitter:data1\" content=\"2 ph\u00fat\" \/>\n<script type=\"application\/ld+json\" class=\"yoast-schema-graph\">{\"@context\":\"https:\/\/schema.org\",\"@graph\":[{\"@type\":\"WebPage\",\"@id\":\"https:\/\/sachkhaitam.store\/index.php\/product\/ngam-sach-khai-tam\/\",\"url\":\"https:\/\/sachkhaitam.store\/index.php\/product\/ngam-sach-khai-tam\/\",\"name\":\"NG\u1eaaM - sachkhaitam.store\",\"isPartOf\":{\"@id\":\"https:\/\/sachkhaitam.store\/#website\"},\"primaryImageOfPage\":{\"@id\":\"https:\/\/sachkhaitam.store\/index.php\/product\/ngam-sach-khai-tam\/#primaryimage\"},\"image\":{\"@id\":\"https:\/\/sachkhaitam.store\/index.php\/product\/ngam-sach-khai-tam\/#primaryimage\"},\"thumbnailUrl\":\"https:\/\/sachkhaitam.store\/wp-content\/uploads\/2025\/07\/ngam_Viet_An_Khuong_Sbooks6-scaled.jpg\",\"datePublished\":\"2025-07-31T01:47:59+00:00\",\"breadcrumb\":{\"@id\":\"https:\/\/sachkhaitam.store\/index.php\/product\/ngam-sach-khai-tam\/#breadcrumb\"},\"inLanguage\":\"vi\",\"potentialAction\":[{\"@type\":\"ReadAction\",\"target\":[\"https:\/\/sachkhaitam.store\/index.php\/product\/ngam-sach-khai-tam\/\"]}]},{\"@type\":\"ImageObject\",\"inLanguage\":\"vi\",\"@id\":\"https:\/\/sachkhaitam.store\/index.php\/product\/ngam-sach-khai-tam\/#primaryimage\",\"url\":\"https:\/\/sachkhaitam.store\/wp-content\/uploads\/2025\/07\/ngam_Viet_An_Khuong_Sbooks6-scaled.jpg\",\"contentUrl\":\"https:\/\/sachkhaitam.store\/wp-content\/uploads\/2025\/07\/ngam_Viet_An_Khuong_Sbooks6-scaled.jpg\",\"width\":2560,\"height\":2560},{\"@type\":\"BreadcrumbList\",\"@id\":\"https:\/\/sachkhaitam.store\/index.php\/product\/ngam-sach-khai-tam\/#breadcrumb\",\"itemListElement\":[{\"@type\":\"ListItem\",\"position\":1,\"name\":\"Trang ch\u1ee7\",\"item\":\"https:\/\/sachkhaitam.store\/\"},{\"@type\":\"ListItem\",\"position\":2,\"name\":\"Shop\",\"item\":\"https:\/\/sachkhaitam.store\/index.php\/shop\/\"},{\"@type\":\"ListItem\",\"position\":3,\"name\":\"NG\u1eaaM\"}]},{\"@type\":\"WebSite\",\"@id\":\"https:\/\/sachkhaitam.store\/#website\",\"url\":\"https:\/\/sachkhaitam.store\/\",\"name\":\"sachkhaitam.store\",\"description\":\"sachkhaitam\",\"publisher\":{\"@id\":\"https:\/\/sachkhaitam.store\/#organization\"},\"potentialAction\":[{\"@type\":\"SearchAction\",\"target\":{\"@type\":\"EntryPoint\",\"urlTemplate\":\"https:\/\/sachkhaitam.store\/?s={search_term_string}\"},\"query-input\":{\"@type\":\"PropertyValueSpecification\",\"valueRequired\":true,\"valueName\":\"search_term_string\"}}],\"inLanguage\":\"vi\"},{\"@type\":\"Organization\",\"@id\":\"https:\/\/sachkhaitam.store\/#organization\",\"name\":\"sachkhaitam.store\",\"url\":\"https:\/\/sachkhaitam.store\/\",\"logo\":{\"@type\":\"ImageObject\",\"inLanguage\":\"vi\",\"@id\":\"https:\/\/sachkhaitam.store\/#\/schema\/logo\/image\/\",\"url\":\"https:\/\/sachkhaitam.store\/wp-content\/uploads\/2025\/07\/SACH-KHAI-TAM-01-1.svg\",\"contentUrl\":\"https:\/\/sachkhaitam.store\/wp-content\/uploads\/2025\/07\/SACH-KHAI-TAM-01-1.svg\",\"width\":900,\"height\":900,\"caption\":\"sachkhaitam.store\"},\"image\":{\"@id\":\"https:\/\/sachkhaitam.store\/#\/schema\/logo\/image\/\"}}]}<\/script>\n<!-- \/ Yoast SEO plugin. -->","yoast_head_json":{"title":"NG\u1eaaM - sachkhaitam.store","robots":{"index":"index","follow":"follow","max-snippet":"max-snippet:-1","max-image-preview":"max-image-preview:large","max-video-preview":"max-video-preview:-1"},"canonical":"https:\/\/sachkhaitam.store\/index.php\/product\/ngam-sach-khai-tam\/","og_locale":"vi_VN","og_type":"article","og_title":"NG\u1eaaM - sachkhaitam.store","og_description":"T\u00e1c ph\u1ea9m: Ng\u1eabm  T\u00e1c gi\u1ea3: Vi\u1ec7t An Kh\u01b0\u01a1ng  Nh\u00e0 xu\u1ea5t b\u1ea3n: NXB V\u0103n H\u1ecdc  N\u0103m xu\u1ea5t b\u1ea3n: 2021  Lo\u1ea1i b\u00eca: B\u00eca m\u1ec1m  K\u00edch th\u01b0\u1edbc: 13 x 20.5 x 0.73 cm  S\u1ed1 trang: 146 trang  Tr\u1ecdng l\u01b0\u1ee3ng: 73g","og_url":"https:\/\/sachkhaitam.store\/index.php\/product\/ngam-sach-khai-tam\/","og_site_name":"sachkhaitam.store","og_image":[{"width":2560,"height":2560,"url":"https:\/\/sachkhaitam.store\/wp-content\/uploads\/2025\/07\/ngam_Viet_An_Khuong_Sbooks6-scaled.jpg","type":"image\/jpeg"}],"twitter_card":"summary_large_image","twitter_misc":{"\u01af\u1edbc t\u00ednh th\u1eddi gian \u0111\u1ecdc":"2 ph\u00fat"},"schema":{"@context":"https:\/\/schema.org","@graph":[{"@type":"WebPage","@id":"https:\/\/sachkhaitam.store\/index.php\/product\/ngam-sach-khai-tam\/","url":"https:\/\/sachkhaitam.store\/index.php\/product\/ngam-sach-khai-tam\/","name":"NG\u1eaaM - sachkhaitam.store","isPartOf":{"@id":"https:\/\/sachkhaitam.store\/#website"},"primaryImageOfPage":{"@id":"https:\/\/sachkhaitam.store\/index.php\/product\/ngam-sach-khai-tam\/#primaryimage"},"image":{"@id":"https:\/\/sachkhaitam.store\/index.php\/product\/ngam-sach-khai-tam\/#primaryimage"},"thumbnailUrl":"https:\/\/sachkhaitam.store\/wp-content\/uploads\/2025\/07\/ngam_Viet_An_Khuong_Sbooks6-scaled.jpg","datePublished":"2025-07-31T01:47:59+00:00","breadcrumb":{"@id":"https:\/\/sachkhaitam.store\/index.php\/product\/ngam-sach-khai-tam\/#breadcrumb"},"inLanguage":"vi","potentialAction":[{"@type":"ReadAction","target":["https:\/\/sachkhaitam.store\/index.php\/product\/ngam-sach-khai-tam\/"]}]},{"@type":"ImageObject","inLanguage":"vi","@id":"https:\/\/sachkhaitam.store\/index.php\/product\/ngam-sach-khai-tam\/#primaryimage","url":"https:\/\/sachkhaitam.store\/wp-content\/uploads\/2025\/07\/ngam_Viet_An_Khuong_Sbooks6-scaled.jpg","contentUrl":"https:\/\/sachkhaitam.store\/wp-content\/uploads\/2025\/07\/ngam_Viet_An_Khuong_Sbooks6-scaled.jpg","width":2560,"height":2560},{"@type":"BreadcrumbList","@id":"https:\/\/sachkhaitam.store\/index.php\/product\/ngam-sach-khai-tam\/#breadcrumb","itemListElement":[{"@type":"ListItem","position":1,"name":"Trang ch\u1ee7","item":"https:\/\/sachkhaitam.store\/"},{"@type":"ListItem","position":2,"name":"Shop","item":"https:\/\/sachkhaitam.store\/index.php\/shop\/"},{"@type":"ListItem","position":3,"name":"NG\u1eaaM"}]},{"@type":"WebSite","@id":"https:\/\/sachkhaitam.store\/#website","url":"https:\/\/sachkhaitam.store\/","name":"sachkhaitam.store","description":"sachkhaitam","publisher":{"@id":"https:\/\/sachkhaitam.store\/#organization"},"potentialAction":[{"@type":"SearchAction","target":{"@type":"EntryPoint","urlTemplate":"https:\/\/sachkhaitam.store\/?s={search_term_string}"},"query-input":{"@type":"PropertyValueSpecification","valueRequired":true,"valueName":"search_term_string"}}],"inLanguage":"vi"},{"@type":"Organization","@id":"https:\/\/sachkhaitam.store\/#organization","name":"sachkhaitam.store","url":"https:\/\/sachkhaitam.store\/","logo":{"@type":"ImageObject","inLanguage":"vi","@id":"https:\/\/sachkhaitam.store\/#\/schema\/logo\/image\/","url":"https:\/\/sachkhaitam.store\/wp-content\/uploads\/2025\/07\/SACH-KHAI-TAM-01-1.svg","contentUrl":"https:\/\/sachkhaitam.store\/wp-content\/uploads\/2025\/07\/SACH-KHAI-TAM-01-1.svg","width":900,"height":900,"caption":"sachkhaitam.store"},"image":{"@id":"https:\/\/sachkhaitam.store\/#\/schema\/logo\/image\/"}}]}},"jetpack_sharing_enabled":true,"_links":{"self":[{"href":"https:\/\/sachkhaitam.store\/index.php\/wp-json\/wp\/v2\/product\/9351","targetHints":{"allow":["GET"]}}],"collection":[{"href":"https:\/\/sachkhaitam.store\/index.php\/wp-json\/wp\/v2\/product"}],"about":[{"href":"https:\/\/sachkhaitam.store\/index.php\/wp-json\/wp\/v2\/types\/product"}],"replies":[{"embeddable":true,"href":"https:\/\/sachkhaitam.store\/index.php\/wp-json\/wp\/v2\/comments?post=9351"}],"wp:featuredmedia":[{"embeddable":true,"href":"https:\/\/sachkhaitam.store\/index.php\/wp-json\/wp\/v2\/media\/9354"}],"wp:attachment":[{"href":"https:\/\/sachkhaitam.store\/index.php\/wp-json\/wp\/v2\/media?parent=9351"}],"wp:term":[{"taxonomy":"product_cat","embeddable":true,"href":"https:\/\/sachkhaitam.store\/index.php\/wp-json\/wp\/v2\/product_cat?post=9351"},{"taxonomy":"product_tag","embeddable":true,"href":"https:\/\/sachkhaitam.store\/index.php\/wp-json\/wp\/v2\/product_tag?post=9351"}],"curies":[{"name":"wp","href":"https:\/\/api.w.org\/{rel}","templated":true}]}}