{"id":9335,"date":"2025-07-29T04:03:46","date_gmt":"2025-07-29T04:03:46","guid":{"rendered":"https:\/\/sachkhaitam.store\/?post_type=product&#038;p=9335"},"modified":"2025-07-31T19:30:07","modified_gmt":"2025-07-31T19:30:07","slug":"gian-nan-dung-voi-nan-sach-khai-tam","status":"publish","type":"product","link":"https:\/\/sachkhaitam.store\/index.php\/product\/gian-nan-dung-voi-nan-sach-khai-tam\/","title":{"rendered":"GIAN NAN \u0110\u1eeaNG V\u1ed8I N\u1ea2N"},"content":{"rendered":"<table>\n<tbody>\n<tr>\n<td>B\u1ea1n th\u00e2n m\u1ebfn,B\u1ea1n th\u1eed t\u01b0\u1edfng t\u01b0\u1ee3ng m\u00e0 xem n\u1ebfu m\u1ed9t ng\u00e0y b\u1ea1n m\u1ea5t \u0111i t\u1ea5t c\u1ea3, xe c\u1ed9, c\u00f4ng vi\u1ec7c, ti\u1ec1n b\u1ea1c, ng\u01b0\u1eddi y\u00eau th\u01b0\u01a1ng\u2026. Th\u00ec b\u1ea1n s\u1ebd c\u1ea3m th\u1ea5y th\u1ebf n\u00e0o?<br \/>\nCh\u1eafc l\u00e0 \u0111i\u1ec1u \u0111\u00f3 qu\u00e1 kinh kh\u1ee7ng v\u00e0 b\u1ea1n kh\u00f3 \u0111\u1ec3 ngh\u0129 \u0111\u1ebfn \u0111\u00fang kh\u00f4ng? Nh\u01b0ng cu\u1ed9c s\u1ed1ng l\u00e0 cu\u1ed9c s\u1ed1ng, n\u00ean m\u1ecdi th\u1ee9 \u0111\u1ec1u c\u00f3 th\u1ec3 x\u1ea3y ra.<br \/>\nB\u1ea1n c\u0169ng n\u00ean nh\u1edb r\u1eb1ng, kh\u00f4ng g\u00ec l\u00e0 kh\u00f4ng th\u1ec3, n\u00ean v\u1eabn c\u00f3 nhi\u1ec1u c\u00e1ch \u0111\u1ec3 gi\u1ea3i quy\u1ebft, \u0111i\u1ec1u quan tr\u1ecdng l\u00e0 b\u1ea1n \u0111\u1eebng n\u1ea3n l\u00f2ng.<br \/>\nV\u00ec b\u1ea1n ch\u1ec9 c\u1ea7n n\u1ea3n l\u00f2ng b\u1ea1n \u0111\u00e3 th\u1ea5t b\u1ea1i th\u1ef1c s\u1ef1 r\u1ed3i.<br \/>\nCh\u00fang t\u00f4i bi\u00ean so\u1ea1n cu\u1ed1n s\u00e1ch n\u00e0y \u201cGian nan \u0110\u1eebng v\u1ed9i n\u1ea3n\u201d \u0111\u1ec3 nh\u1eafn nh\u1ee7 v\u1edbi c\u00e1c b\u1ea1n r\u1eb1ng: \u201cN\u01a1i n\u00e0o c\u00f3 \u00fd ch\u00ed, n\u01a1i \u0111\u00f3 c\u00f3 con \u0111\u01b0\u1eddng\u201d.<br \/>\nH\u00e3y ng\u1ea9ng cao \u0111\u1ea7u, v\u00e0 s\u1ed1ng cu\u1ed9c \u0111\u1eddi m\u00e0 m\u00ecnh mu\u1ed1n.<br \/>\n\u0110\u1eebng \u0111\u1ee3i ng\u00e0y mai b\u01b0\u1edbc \u0111i t\u1edbi ch\u00fang ta m\u00e0 h\u00e3y b\u01b0\u1edbc t\u1edbi ng\u00e0y mai! Kh\u00f4ng ch\u1edd \u0111\u1ee3i m\u00e0 l\u00e0 x\u00e2y \u0111\u1eafp, ch\u00fang ta m\u1edbi c\u00f3 th\u1ec3 c\u00f3 \u0111\u01b0\u1ee3c m\u1ed9t ng\u00e0y mai th\u1ef1c s\u1ef1 t\u01b0\u01a1i \u0111\u1eb9p c\u1ee7a ch\u00ednh m\u00ecnh.<br \/>\n\u0110am m\u00ea kh\u00f4ng b\u00e1n \u0111\u01b0\u1ee3c. C\u0169ng ch\u1eb3ng n\u00ean \u0111\u1ee3i ai mua. Nh\u01b0ng x\u1ee9ng \u0111\u00e1ng d\u00e0nh c\u00f4ng s\u1ee9c ch\u0103m s\u00f3c v\u00e0 y\u00eau th\u01b0\u01a1ng n\u00f3.<img fetchpriority=\"high\" decoding=\"async\" class=\" wp-image-9338 aligncenter\" src=\"https:\/\/sachkhaitam.store\/wp-content\/uploads\/2025\/07\/z5917629101617_293985a304a919e5bf4d2398deb566dd-300x300.jpg\" alt=\"\" width=\"398\" height=\"398\" srcset=\"https:\/\/sachkhaitam.store\/wp-content\/uploads\/2025\/07\/z5917629101617_293985a304a919e5bf4d2398deb566dd-300x300.jpg 300w, https:\/\/sachkhaitam.store\/wp-content\/uploads\/2025\/07\/z5917629101617_293985a304a919e5bf4d2398deb566dd-1024x1024.jpg 1024w, https:\/\/sachkhaitam.store\/wp-content\/uploads\/2025\/07\/z5917629101617_293985a304a919e5bf4d2398deb566dd-150x150.jpg 150w, https:\/\/sachkhaitam.store\/wp-content\/uploads\/2025\/07\/z5917629101617_293985a304a919e5bf4d2398deb566dd-768x769.jpg 768w, https:\/\/sachkhaitam.store\/wp-content\/uploads\/2025\/07\/z5917629101617_293985a304a919e5bf4d2398deb566dd-1536x1536.jpg 1536w, https:\/\/sachkhaitam.store\/wp-content\/uploads\/2025\/07\/z5917629101617_293985a304a919e5bf4d2398deb566dd-2046x2048.jpg 2046w, https:\/\/sachkhaitam.store\/wp-content\/uploads\/2025\/07\/z5917629101617_293985a304a919e5bf4d2398deb566dd-1320x1321.jpg 1320w, https:\/\/sachkhaitam.store\/wp-content\/uploads\/2025\/07\/z5917629101617_293985a304a919e5bf4d2398deb566dd-450x450.jpg 450w, https:\/\/sachkhaitam.store\/wp-content\/uploads\/2025\/07\/z5917629101617_293985a304a919e5bf4d2398deb566dd-800x801.jpg 800w, https:\/\/sachkhaitam.store\/wp-content\/uploads\/2025\/07\/z5917629101617_293985a304a919e5bf4d2398deb566dd-100x100.jpg 100w, https:\/\/sachkhaitam.store\/wp-content\/uploads\/2025\/07\/z5917629101617_293985a304a919e5bf4d2398deb566dd-50x50.jpg 50w, https:\/\/sachkhaitam.store\/wp-content\/uploads\/2025\/07\/z5917629101617_293985a304a919e5bf4d2398deb566dd-460x460.jpg 460w\" sizes=\"(max-width: 398px) 100vw, 398px\" \/><\/td>\n<\/tr>\n<\/tbody>\n<\/table>\n","protected":false},"excerpt":{"rendered":"<ul>\n<li>T\u00ean t\u00e1c ph\u1ea9m: Gian Nan \u0110\u1eebng V\u1ed9i N\u1ea3n<\/li>\n<li>T\u00e1c gi\u00e3 : tu\u1ec7 t\u00e2m<\/li>\n<li>Th\u1ec3 lo\u1ea1i: S\u1ef1 Nghi\u1ec7p &amp; T\u1ef1 L\u1ef1c<\/li>\n<li>Th\u01b0\u01a1ng Hi\u1ec7u: Sbooks<\/li>\n<li>Nh\u00e0 Ph\u00e1t H\u00e0nh: CTY CP SBOOKS<\/li>\n<li>Nh\u00e0 xu\u1ea5t b\u1ea3n: NXB V\u0103n tr\u00ed<\/li>\n<li>N\u0103m xu\u1ea5t b\u1ea3n: 2021<\/li>\n<li>Lo\u1ea1i b\u00eca: B\u00eca m\u1ec1m<\/li>\n<li>Kh\u1ed5: 12&#215;19 cm<\/li>\n<li>S\u1ed1 trang: 152<\/li>\n<\/ul>\n","protected":false},"featured_media":9336,"comment_status":"open","ping_status":"closed","template":"","meta":[],"product_cat":[75,67],"product_tag":[129,130],"class_list":{"0":"post-9335","1":"product","2":"type-product","3":"status-publish","4":"has-post-thumbnail","6":"product_cat-phat-trien-tam-thuc-sach-danh-cho-gioi-tre","7":"product_cat-sach-danh-cho-gioi-tre","8":"product_tag-gian-nan-dung-voi-nan","9":"product_tag-sach-gian-nan-dung-voi-nan","11":"first","12":"instock","13":"shipping-taxable","14":"purchasable","15":"product-type-simple"},"yoast_head":"<!-- This site is optimized with the Yoast SEO plugin v25.3 - https:\/\/yoast.com\/wordpress\/plugins\/seo\/ -->\n<title>GIAN NAN \u0110\u1eeaNG V\u1ed8I N\u1ea2N - sachkhaitam.store<\/title>\n<meta name=\"robots\" content=\"index, follow, max-snippet:-1, max-image-preview:large, max-video-preview:-1\" \/>\n<link rel=\"canonical\" href=\"https:\/\/sachkhaitam.store\/index.php\/product\/gian-nan-dung-voi-nan-sach-khai-tam\/\" \/>\n<meta property=\"og:locale\" content=\"vi_VN\" \/>\n<meta property=\"og:type\" content=\"article\" \/>\n<meta property=\"og:title\" content=\"GIAN NAN \u0110\u1eeaNG V\u1ed8I N\u1ea2N - sachkhaitam.store\" \/>\n<meta property=\"og:description\" content=\"T\u00ean t\u00e1c ph\u1ea9m: Gian Nan \u0110\u1eebng V\u1ed9i N\u1ea3n  T\u00e1c gi\u00e3 : tu\u1ec7 t\u00e2m  Th\u1ec3 lo\u1ea1i: S\u1ef1 Nghi\u1ec7p &amp; T\u1ef1 L\u1ef1c  Th\u01b0\u01a1ng Hi\u1ec7u: Sbooks  Nh\u00e0 Ph\u00e1t H\u00e0nh: CTY CP SBOOKS  Nh\u00e0 xu\u1ea5t b\u1ea3n: NXB V\u0103n tr\u00ed  N\u0103m xu\u1ea5t b\u1ea3n: 2021  Lo\u1ea1i b\u00eca: B\u00eca m\u1ec1m  Kh\u1ed5: 12x19 cm  S\u1ed1 trang: 152\" \/>\n<meta property=\"og:url\" content=\"https:\/\/sachkhaitam.store\/index.php\/product\/gian-nan-dung-voi-nan-sach-khai-tam\/\" \/>\n<meta property=\"og:site_name\" content=\"sachkhaitam.store\" \/>\n<meta property=\"article:modified_time\" content=\"2025-07-31T19:30:07+00:00\" \/>\n<meta property=\"og:image\" content=\"https:\/\/sachkhaitam.store\/wp-content\/uploads\/2025\/07\/z5917629068141_ce268903d191b63244344731b092c39a.jpg\" \/>\n\t<meta property=\"og:image:width\" content=\"2558\" \/>\n\t<meta property=\"og:image:height\" content=\"2560\" \/>\n\t<meta property=\"og:image:type\" content=\"image\/jpeg\" \/>\n<meta name=\"twitter:card\" content=\"summary_large_image\" \/>\n<meta name=\"twitter:label1\" content=\"\u01af\u1edbc t\u00ednh th\u1eddi gian \u0111\u1ecdc\" \/>\n\t<meta name=\"twitter:data1\" content=\"2 ph\u00fat\" \/>\n<script type=\"application\/ld+json\" class=\"yoast-schema-graph\">{\"@context\":\"https:\/\/schema.org\",\"@graph\":[{\"@type\":\"WebPage\",\"@id\":\"https:\/\/sachkhaitam.store\/index.php\/product\/gian-nan-dung-voi-nan-sach-khai-tam\/\",\"url\":\"https:\/\/sachkhaitam.store\/index.php\/product\/gian-nan-dung-voi-nan-sach-khai-tam\/\",\"name\":\"GIAN NAN \u0110\u1eeaNG V\u1ed8I N\u1ea2N - sachkhaitam.store\",\"isPartOf\":{\"@id\":\"https:\/\/sachkhaitam.store\/#website\"},\"primaryImageOfPage\":{\"@id\":\"https:\/\/sachkhaitam.store\/index.php\/product\/gian-nan-dung-voi-nan-sach-khai-tam\/#primaryimage\"},\"image\":{\"@id\":\"https:\/\/sachkhaitam.store\/index.php\/product\/gian-nan-dung-voi-nan-sach-khai-tam\/#primaryimage\"},\"thumbnailUrl\":\"https:\/\/sachkhaitam.store\/wp-content\/uploads\/2025\/07\/z5917629068141_ce268903d191b63244344731b092c39a.jpg\",\"datePublished\":\"2025-07-29T04:03:46+00:00\",\"dateModified\":\"2025-07-31T19:30:07+00:00\",\"breadcrumb\":{\"@id\":\"https:\/\/sachkhaitam.store\/index.php\/product\/gian-nan-dung-voi-nan-sach-khai-tam\/#breadcrumb\"},\"inLanguage\":\"vi\",\"potentialAction\":[{\"@type\":\"ReadAction\",\"target\":[\"https:\/\/sachkhaitam.store\/index.php\/product\/gian-nan-dung-voi-nan-sach-khai-tam\/\"]}]},{\"@type\":\"ImageObject\",\"inLanguage\":\"vi\",\"@id\":\"https:\/\/sachkhaitam.store\/index.php\/product\/gian-nan-dung-voi-nan-sach-khai-tam\/#primaryimage\",\"url\":\"https:\/\/sachkhaitam.store\/wp-content\/uploads\/2025\/07\/z5917629068141_ce268903d191b63244344731b092c39a.jpg\",\"contentUrl\":\"https:\/\/sachkhaitam.store\/wp-content\/uploads\/2025\/07\/z5917629068141_ce268903d191b63244344731b092c39a.jpg\",\"width\":2558,\"height\":2560},{\"@type\":\"BreadcrumbList\",\"@id\":\"https:\/\/sachkhaitam.store\/index.php\/product\/gian-nan-dung-voi-nan-sach-khai-tam\/#breadcrumb\",\"itemListElement\":[{\"@type\":\"ListItem\",\"position\":1,\"name\":\"Trang ch\u1ee7\",\"item\":\"https:\/\/sachkhaitam.store\/\"},{\"@type\":\"ListItem\",\"position\":2,\"name\":\"Shop\",\"item\":\"https:\/\/sachkhaitam.store\/index.php\/shop\/\"},{\"@type\":\"ListItem\",\"position\":3,\"name\":\"GIAN NAN \u0110\u1eeaNG V\u1ed8I N\u1ea2N\"}]},{\"@type\":\"WebSite\",\"@id\":\"https:\/\/sachkhaitam.store\/#website\",\"url\":\"https:\/\/sachkhaitam.store\/\",\"name\":\"sachkhaitam.store\",\"description\":\"sachkhaitam\",\"publisher\":{\"@id\":\"https:\/\/sachkhaitam.store\/#organization\"},\"potentialAction\":[{\"@type\":\"SearchAction\",\"target\":{\"@type\":\"EntryPoint\",\"urlTemplate\":\"https:\/\/sachkhaitam.store\/?s={search_term_string}\"},\"query-input\":{\"@type\":\"PropertyValueSpecification\",\"valueRequired\":true,\"valueName\":\"search_term_string\"}}],\"inLanguage\":\"vi\"},{\"@type\":\"Organization\",\"@id\":\"https:\/\/sachkhaitam.store\/#organization\",\"name\":\"sachkhaitam.store\",\"url\":\"https:\/\/sachkhaitam.store\/\",\"logo\":{\"@type\":\"ImageObject\",\"inLanguage\":\"vi\",\"@id\":\"https:\/\/sachkhaitam.store\/#\/schema\/logo\/image\/\",\"url\":\"https:\/\/sachkhaitam.store\/wp-content\/uploads\/2025\/07\/SACH-KHAI-TAM-01-1.svg\",\"contentUrl\":\"https:\/\/sachkhaitam.store\/wp-content\/uploads\/2025\/07\/SACH-KHAI-TAM-01-1.svg\",\"width\":900,\"height\":900,\"caption\":\"sachkhaitam.store\"},\"image\":{\"@id\":\"https:\/\/sachkhaitam.store\/#\/schema\/logo\/image\/\"}}]}<\/script>\n<!-- \/ Yoast SEO plugin. -->","yoast_head_json":{"title":"GIAN NAN \u0110\u1eeaNG V\u1ed8I N\u1ea2N - sachkhaitam.store","robots":{"index":"index","follow":"follow","max-snippet":"max-snippet:-1","max-image-preview":"max-image-preview:large","max-video-preview":"max-video-preview:-1"},"canonical":"https:\/\/sachkhaitam.store\/index.php\/product\/gian-nan-dung-voi-nan-sach-khai-tam\/","og_locale":"vi_VN","og_type":"article","og_title":"GIAN NAN \u0110\u1eeaNG V\u1ed8I N\u1ea2N - sachkhaitam.store","og_description":"T\u00ean t\u00e1c ph\u1ea9m: Gian Nan \u0110\u1eebng V\u1ed9i N\u1ea3n  T\u00e1c gi\u00e3 : tu\u1ec7 t\u00e2m  Th\u1ec3 lo\u1ea1i: S\u1ef1 Nghi\u1ec7p &amp; T\u1ef1 L\u1ef1c  Th\u01b0\u01a1ng Hi\u1ec7u: Sbooks  Nh\u00e0 Ph\u00e1t H\u00e0nh: CTY CP SBOOKS  Nh\u00e0 xu\u1ea5t b\u1ea3n: NXB V\u0103n tr\u00ed  N\u0103m xu\u1ea5t b\u1ea3n: 2021  Lo\u1ea1i b\u00eca: B\u00eca m\u1ec1m  Kh\u1ed5: 12x19 cm  S\u1ed1 trang: 152","og_url":"https:\/\/sachkhaitam.store\/index.php\/product\/gian-nan-dung-voi-nan-sach-khai-tam\/","og_site_name":"sachkhaitam.store","article_modified_time":"2025-07-31T19:30:07+00:00","og_image":[{"width":2558,"height":2560,"url":"https:\/\/sachkhaitam.store\/wp-content\/uploads\/2025\/07\/z5917629068141_ce268903d191b63244344731b092c39a.jpg","type":"image\/jpeg"}],"twitter_card":"summary_large_image","twitter_misc":{"\u01af\u1edbc t\u00ednh th\u1eddi gian \u0111\u1ecdc":"2 ph\u00fat"},"schema":{"@context":"https:\/\/schema.org","@graph":[{"@type":"WebPage","@id":"https:\/\/sachkhaitam.store\/index.php\/product\/gian-nan-dung-voi-nan-sach-khai-tam\/","url":"https:\/\/sachkhaitam.store\/index.php\/product\/gian-nan-dung-voi-nan-sach-khai-tam\/","name":"GIAN NAN \u0110\u1eeaNG V\u1ed8I N\u1ea2N - sachkhaitam.store","isPartOf":{"@id":"https:\/\/sachkhaitam.store\/#website"},"primaryImageOfPage":{"@id":"https:\/\/sachkhaitam.store\/index.php\/product\/gian-nan-dung-voi-nan-sach-khai-tam\/#primaryimage"},"image":{"@id":"https:\/\/sachkhaitam.store\/index.php\/product\/gian-nan-dung-voi-nan-sach-khai-tam\/#primaryimage"},"thumbnailUrl":"https:\/\/sachkhaitam.store\/wp-content\/uploads\/2025\/07\/z5917629068141_ce268903d191b63244344731b092c39a.jpg","datePublished":"2025-07-29T04:03:46+00:00","dateModified":"2025-07-31T19:30:07+00:00","breadcrumb":{"@id":"https:\/\/sachkhaitam.store\/index.php\/product\/gian-nan-dung-voi-nan-sach-khai-tam\/#breadcrumb"},"inLanguage":"vi","potentialAction":[{"@type":"ReadAction","target":["https:\/\/sachkhaitam.store\/index.php\/product\/gian-nan-dung-voi-nan-sach-khai-tam\/"]}]},{"@type":"ImageObject","inLanguage":"vi","@id":"https:\/\/sachkhaitam.store\/index.php\/product\/gian-nan-dung-voi-nan-sach-khai-tam\/#primaryimage","url":"https:\/\/sachkhaitam.store\/wp-content\/uploads\/2025\/07\/z5917629068141_ce268903d191b63244344731b092c39a.jpg","contentUrl":"https:\/\/sachkhaitam.store\/wp-content\/uploads\/2025\/07\/z5917629068141_ce268903d191b63244344731b092c39a.jpg","width":2558,"height":2560},{"@type":"BreadcrumbList","@id":"https:\/\/sachkhaitam.store\/index.php\/product\/gian-nan-dung-voi-nan-sach-khai-tam\/#breadcrumb","itemListElement":[{"@type":"ListItem","position":1,"name":"Trang ch\u1ee7","item":"https:\/\/sachkhaitam.store\/"},{"@type":"ListItem","position":2,"name":"Shop","item":"https:\/\/sachkhaitam.store\/index.php\/shop\/"},{"@type":"ListItem","position":3,"name":"GIAN NAN \u0110\u1eeaNG V\u1ed8I N\u1ea2N"}]},{"@type":"WebSite","@id":"https:\/\/sachkhaitam.store\/#website","url":"https:\/\/sachkhaitam.store\/","name":"sachkhaitam.store","description":"sachkhaitam","publisher":{"@id":"https:\/\/sachkhaitam.store\/#organization"},"potentialAction":[{"@type":"SearchAction","target":{"@type":"EntryPoint","urlTemplate":"https:\/\/sachkhaitam.store\/?s={search_term_string}"},"query-input":{"@type":"PropertyValueSpecification","valueRequired":true,"valueName":"search_term_string"}}],"inLanguage":"vi"},{"@type":"Organization","@id":"https:\/\/sachkhaitam.store\/#organization","name":"sachkhaitam.store","url":"https:\/\/sachkhaitam.store\/","logo":{"@type":"ImageObject","inLanguage":"vi","@id":"https:\/\/sachkhaitam.store\/#\/schema\/logo\/image\/","url":"https:\/\/sachkhaitam.store\/wp-content\/uploads\/2025\/07\/SACH-KHAI-TAM-01-1.svg","contentUrl":"https:\/\/sachkhaitam.store\/wp-content\/uploads\/2025\/07\/SACH-KHAI-TAM-01-1.svg","width":900,"height":900,"caption":"sachkhaitam.store"},"image":{"@id":"https:\/\/sachkhaitam.store\/#\/schema\/logo\/image\/"}}]}},"jetpack_sharing_enabled":true,"_links":{"self":[{"href":"https:\/\/sachkhaitam.store\/index.php\/wp-json\/wp\/v2\/product\/9335","targetHints":{"allow":["GET"]}}],"collection":[{"href":"https:\/\/sachkhaitam.store\/index.php\/wp-json\/wp\/v2\/product"}],"about":[{"href":"https:\/\/sachkhaitam.store\/index.php\/wp-json\/wp\/v2\/types\/product"}],"replies":[{"embeddable":true,"href":"https:\/\/sachkhaitam.store\/index.php\/wp-json\/wp\/v2\/comments?post=9335"}],"wp:featuredmedia":[{"embeddable":true,"href":"https:\/\/sachkhaitam.store\/index.php\/wp-json\/wp\/v2\/media\/9336"}],"wp:attachment":[{"href":"https:\/\/sachkhaitam.store\/index.php\/wp-json\/wp\/v2\/media?parent=9335"}],"wp:term":[{"taxonomy":"product_cat","embeddable":true,"href":"https:\/\/sachkhaitam.store\/index.php\/wp-json\/wp\/v2\/product_cat?post=9335"},{"taxonomy":"product_tag","embeddable":true,"href":"https:\/\/sachkhaitam.store\/index.php\/wp-json\/wp\/v2\/product_tag?post=9335"}],"curies":[{"name":"wp","href":"https:\/\/api.w.org\/{rel}","templated":true}]}}