{"id":9320,"date":"2025-07-29T03:27:55","date_gmt":"2025-07-29T03:27:55","guid":{"rendered":"https:\/\/sachkhaitam.store\/?post_type=product&#038;p=9320"},"modified":"2025-07-29T03:27:55","modified_gmt":"2025-07-29T03:27:55","slug":"lieu-pham-tu-huan-sach-khai-tam","status":"publish","type":"product","link":"https:\/\/sachkhaitam.store\/index.php\/product\/lieu-pham-tu-huan-sach-khai-tam\/","title":{"rendered":"LI\u1ec4U PH\u00c0M T\u1ee8 HU\u1ea4N"},"content":{"rendered":"<table>\n<tbody>\n<tr>\n<td>LI\u1ec4U PH\u00c0M T\u1ee8 HU\u1ea4N &#8211; B\u1ed0N \u0110I\u1ec0U R\u0102N C\u1ee6A LI\u1ec4U PH\u00c0M TI\u00caN SINH GI\u00daP M\u1ed6I CON NG\u01af\u1edcI L\u00c0M CH\u1ee6 V\u1eacN M\u1ec6NH, KH\u1edeI XOAY CON T\u1ea0O \u0110\u1ec2 T\u00cdCH PH\u00daC \u0110\u1ee8C CHO CU\u1ed8C \u0110\u1edcI HI\u1ec6N T\u1ea0I V\u00c0 CON CH\u00c1U SAU N\u00c0Y.<\/p>\n<p>Ti\u00ean sinh Li\u1ec5u Ph\u00e0m l\u00e0 m\u1ed9t trong nh\u1eefng nh\u00e2n v\u1eadt quan tr\u1ecdng trong h\u1ec7 th\u1ed1ng gi\u00e1o d\u1ee5c b\u1ea3n th\u1ee9c con ng\u01b0\u1eddi. V\u1ecb ti\u00ean sinh n\u00e0y kh\u00f4ng n\u00f3i nh\u1eefng tri\u1ebft l\u00fd nh\u01b0 c\u1ee7a L\u00e3o Kh\u1ed5ng, L\u00e3o M\u1eb7c,&#8230; nh\u01b0ng c\u00e2u t\u1eeb c\u1ee7a \u00f4ng v\u00f4 c\u00f9ng s\u00e2u s\u1eafc, t\u1eadp trung v\u00e0o th\u00e1i \u0111\u1ed9, h\u00e0nh vi x\u1eed th\u1ebf c\u1ee7a con ng\u01b0\u1eddi trong th\u1ebf \u0111\u1ea1o. T\u00f3m l\u1ea1i th\u00e0nh 4 \u0111i\u1ec1u:<\/p>\n<p>1. H\u1ecdc thuy\u1ebft t\u1ef1 l\u1eadp s\u1ed1 m\u1ec7nh<\/p>\n<p>2. Ph\u01b0\u01a1ng ph\u00e1p s\u1eeda \u0111\u1ed5i l\u1ed7i l\u1ea7m<\/p>\n<p>3. Ph\u01b0\u01a1ng ph\u00e1p t\u00edch thi\u1ec7n<\/p>\n<p>4. C\u00f4ng hi\u1ec7u c\u1ee7a \u0111\u1ee9c khi\u00eam<\/p>\n<p>&#8211; &#8211; &#8211; &#8211; &#8211; &#8211; &#8211; &#8211; &#8211; &#8211; &#8211; &#8211;<\/p>\n<p>NG\u01af\u1edcI S\u1ed0NG TR\u00caN \u0110\u1edcI, NH\u01af TH\u1ebe N\u00c0O L\u00c0 THI\u1ec6N, L\u1ea0I NH\u01af TH\u1ebe N\u00c0O L\u00c0 \u00c1C? TH\u1ebe N\u00c0O L\u00c0 S\u1ef0 THI\u00caN L\u1ec6CH, M\u00c0 TH\u1ebe N\u00c0O M\u1edaI L\u00c0 CH\u00cdNH \u0110\u00cdNH?<\/p>\n<p>C\u00f3 ng\u01b0\u1eddi kh\u1edfi t\u00e2m \u00e1c m\u00e0 th\u1ef1c ra l\u1ea1i l\u00e0 l\u00e0m vi\u1ec7c thi\u1ec7n. Nh\u01b0n nh\u00e0 kia gi\u00e0u c\u00f3 l\u1eafm, g\u1eb7p n\u0103m m\u1ea5t m\u00f9a, d\u00e2n c\u00f9ng c\u1ef1c ph\u1ea3i c\u01b0\u1edbp th\u00f3c l\u00faa \u1edf ch\u1ee3 ngay gi\u1eefa ban ng\u00e0y. Ng\u01b0\u1eddi kia b\u00e1o v\u1edbi tri huy\u1ec7n, nh\u01b0ng tri huy\u1ec7n kh\u00f4ng x\u1eed l\u00fd vi\u1ec7c \u1ea5y.<\/p>\n<p>Nh\u1eefng ng\u01b0\u1eddi d\u00e2n ngh\u00e8o th\u1ea5y th\u1ebf c\u00e0ng ph\u00f3ng t\u00fang b\u1eeba b\u00e3i, n\u00ean nh\u00e0 \u1ea5y t\u1ef1 \u00fd b\u1eaft giam nh\u1eefng ng\u01b0\u1eddi c\u01b0\u1edbp b\u00f3c, l\u00e0m cho ch\u00fang ph\u1ea3i h\u1ed5 th\u1eb9n, d\u00e2n ch\u00fang v\u00ec th\u1ebf m\u1edbi \u0111\u01b0\u1ee3c y\u00ean \u1ed5n. N\u1ebfu nh\u00e0 kia kh\u00f4ng l\u00e0m nh\u01b0 v\u1eady th\u00ec \u1eaft n\u01a1i \u1ea5y s\u1ebd lo\u1ea1n c\u1ea3.<\/p>\n<p>Ng\u01b0\u1eddi l\u00e0m vi\u1ec7c thi\u1ec7n l\u00e0 ch\u00ednh \u0111\u00ednh, ng\u01b0\u1eddi l\u00e0m vi\u1ec7c \u00e1c th\u00ec l\u00e0 thi\u00ean l\u1ec7ch, \u0111i\u1ec1u \u1ea5y ng\u01b0\u1eddi ta \u0111\u1ec1u bi\u1ebft. Nh\u01b0ng kh\u1edfi ph\u00e1t t\u00e2m l\u00e0m vi\u1ec7c thi\u1ec7n m\u00e0 l\u00e0m vi\u1ec7c \u00e1c, \u1ea5y l\u00e0 trong ch\u00ednh \u0111\u00ednh l\u1ea1i c\u00f3 thi\u00ean l\u1ec7ch v\u1eady. Kh\u1edfi t\u00e2m l\u00e0m vi\u1ec7c \u00e1c m\u00e0 l\u1ea1i th\u00e0nh ra l\u00e0m vi\u1ec7c thi\u1ec7n, \u1ea5y l\u00e0 trong thi\u00ean l\u1ec7ch c\u00f3 ch\u00ednh \u0111\u00ednh. \u0110i\u1ec1u \u1ea5y ta ch\u1eb3ng th\u1ec3 kh\u00f4ng bi\u1ebft v\u1eady.<\/p>\n<p><img fetchpriority=\"high\" decoding=\"async\" class=\" wp-image-9323 aligncenter\" src=\"https:\/\/sachkhaitam.store\/wp-content\/uploads\/2025\/07\/22-300x300.jpeg\" alt=\"\" width=\"365\" height=\"365\" srcset=\"https:\/\/sachkhaitam.store\/wp-content\/uploads\/2025\/07\/22-300x300.jpeg 300w, https:\/\/sachkhaitam.store\/wp-content\/uploads\/2025\/07\/22-1024x1024.jpeg 1024w, https:\/\/sachkhaitam.store\/wp-content\/uploads\/2025\/07\/22-150x150.jpeg 150w, https:\/\/sachkhaitam.store\/wp-content\/uploads\/2025\/07\/22-768x768.jpeg 768w, https:\/\/sachkhaitam.store\/wp-content\/uploads\/2025\/07\/22-450x450.jpeg 450w, https:\/\/sachkhaitam.store\/wp-content\/uploads\/2025\/07\/22-800x800.jpeg 800w, https:\/\/sachkhaitam.store\/wp-content\/uploads\/2025\/07\/22-100x100.jpeg 100w, https:\/\/sachkhaitam.store\/wp-content\/uploads\/2025\/07\/22-50x50.jpeg 50w, https:\/\/sachkhaitam.store\/wp-content\/uploads\/2025\/07\/22-460x460.jpeg 460w, https:\/\/sachkhaitam.store\/wp-content\/uploads\/2025\/07\/22.jpeg 1280w\" sizes=\"(max-width: 365px) 100vw, 365px\" \/><\/td>\n<\/tr>\n<\/tbody>\n<\/table>\n","protected":false},"excerpt":{"rendered":"<ul>\n<li>T\u00ean t\u00e1c ph\u1ea9m: Li\u1ec5u Ph\u00e0m T\u1eed Hu\u1ea5n<\/li>\n<li>T\u00e1c gi\u1ea3: Vi\u00ean Li\u1ec5u Ph\u00e0m<\/li>\n<li>Nh\u00e0 xu\u1ea5t b\u1ea3n: NXB V\u0103n H\u1ecdc<\/li>\n<li>N\u0103m xu\u1ea5t b\u1ea3n: 2023<\/li>\n<li>Lo\u1ea1i b\u00eca: B\u00eca m\u1ec1m<\/li>\n<li>Kh\u1ed5: 13&#215;20,5(cm)<\/li>\n<li>S\u1ed1 trang: 176<\/li>\n<li>ISBN: 9786044773919<\/li>\n<\/ul>\n","protected":false},"featured_media":9321,"comment_status":"open","ping_status":"closed","template":"","meta":[],"product_cat":[124,123],"product_tag":[125,126],"class_list":{"0":"post-9320","1":"product","2":"type-product","3":"status-publish","4":"has-post-thumbnail","6":"product_cat-minh-triet-phuong-dong-triet-hoc","7":"product_cat-triet-hoc","8":"product_tag-lieu-pham-tu-huan","9":"product_tag-sach-lieu-pham-tu-huan","11":"first","12":"instock","13":"shipping-taxable","14":"purchasable","15":"product-type-simple"},"yoast_head":"<!-- This site is optimized with the Yoast SEO plugin v25.3 - https:\/\/yoast.com\/wordpress\/plugins\/seo\/ -->\n<title>LI\u1ec4U PH\u00c0M T\u1ee8 HU\u1ea4N - sachkhaitam.store<\/title>\n<meta name=\"robots\" content=\"index, follow, max-snippet:-1, max-image-preview:large, max-video-preview:-1\" \/>\n<link rel=\"canonical\" href=\"https:\/\/sachkhaitam.store\/index.php\/product\/lieu-pham-tu-huan-sach-khai-tam\/\" \/>\n<meta property=\"og:locale\" content=\"vi_VN\" \/>\n<meta property=\"og:type\" content=\"article\" \/>\n<meta property=\"og:title\" content=\"LI\u1ec4U PH\u00c0M T\u1ee8 HU\u1ea4N - sachkhaitam.store\" \/>\n<meta property=\"og:description\" content=\"T\u00ean t\u00e1c ph\u1ea9m: Li\u1ec5u Ph\u00e0m T\u1eed Hu\u1ea5n  T\u00e1c gi\u1ea3: Vi\u00ean Li\u1ec5u Ph\u00e0m  Nh\u00e0 xu\u1ea5t b\u1ea3n: NXB V\u0103n H\u1ecdc  N\u0103m xu\u1ea5t b\u1ea3n: 2023  Lo\u1ea1i b\u00eca: B\u00eca m\u1ec1m  Kh\u1ed5: 13x20,5(cm)  S\u1ed1 trang: 176  ISBN: 9786044773919\" \/>\n<meta property=\"og:url\" content=\"https:\/\/sachkhaitam.store\/index.php\/product\/lieu-pham-tu-huan-sach-khai-tam\/\" \/>\n<meta property=\"og:site_name\" content=\"sachkhaitam.store\" \/>\n<meta property=\"og:image\" content=\"https:\/\/sachkhaitam.store\/wp-content\/uploads\/2025\/07\/20.jpeg\" \/>\n\t<meta property=\"og:image:width\" content=\"1280\" \/>\n\t<meta property=\"og:image:height\" content=\"1280\" \/>\n\t<meta property=\"og:image:type\" content=\"image\/jpeg\" \/>\n<meta name=\"twitter:card\" content=\"summary_large_image\" \/>\n<meta name=\"twitter:label1\" content=\"\u01af\u1edbc t\u00ednh th\u1eddi gian \u0111\u1ecdc\" \/>\n\t<meta name=\"twitter:data1\" content=\"3 ph\u00fat\" \/>\n<script type=\"application\/ld+json\" class=\"yoast-schema-graph\">{\"@context\":\"https:\/\/schema.org\",\"@graph\":[{\"@type\":\"WebPage\",\"@id\":\"https:\/\/sachkhaitam.store\/index.php\/product\/lieu-pham-tu-huan-sach-khai-tam\/\",\"url\":\"https:\/\/sachkhaitam.store\/index.php\/product\/lieu-pham-tu-huan-sach-khai-tam\/\",\"name\":\"LI\u1ec4U PH\u00c0M T\u1ee8 HU\u1ea4N - sachkhaitam.store\",\"isPartOf\":{\"@id\":\"https:\/\/sachkhaitam.store\/#website\"},\"primaryImageOfPage\":{\"@id\":\"https:\/\/sachkhaitam.store\/index.php\/product\/lieu-pham-tu-huan-sach-khai-tam\/#primaryimage\"},\"image\":{\"@id\":\"https:\/\/sachkhaitam.store\/index.php\/product\/lieu-pham-tu-huan-sach-khai-tam\/#primaryimage\"},\"thumbnailUrl\":\"https:\/\/sachkhaitam.store\/wp-content\/uploads\/2025\/07\/20.jpeg\",\"datePublished\":\"2025-07-29T03:27:55+00:00\",\"breadcrumb\":{\"@id\":\"https:\/\/sachkhaitam.store\/index.php\/product\/lieu-pham-tu-huan-sach-khai-tam\/#breadcrumb\"},\"inLanguage\":\"vi\",\"potentialAction\":[{\"@type\":\"ReadAction\",\"target\":[\"https:\/\/sachkhaitam.store\/index.php\/product\/lieu-pham-tu-huan-sach-khai-tam\/\"]}]},{\"@type\":\"ImageObject\",\"inLanguage\":\"vi\",\"@id\":\"https:\/\/sachkhaitam.store\/index.php\/product\/lieu-pham-tu-huan-sach-khai-tam\/#primaryimage\",\"url\":\"https:\/\/sachkhaitam.store\/wp-content\/uploads\/2025\/07\/20.jpeg\",\"contentUrl\":\"https:\/\/sachkhaitam.store\/wp-content\/uploads\/2025\/07\/20.jpeg\",\"width\":1280,\"height\":1280},{\"@type\":\"BreadcrumbList\",\"@id\":\"https:\/\/sachkhaitam.store\/index.php\/product\/lieu-pham-tu-huan-sach-khai-tam\/#breadcrumb\",\"itemListElement\":[{\"@type\":\"ListItem\",\"position\":1,\"name\":\"Trang ch\u1ee7\",\"item\":\"https:\/\/sachkhaitam.store\/\"},{\"@type\":\"ListItem\",\"position\":2,\"name\":\"Shop\",\"item\":\"https:\/\/sachkhaitam.store\/index.php\/shop\/\"},{\"@type\":\"ListItem\",\"position\":3,\"name\":\"LI\u1ec4U PH\u00c0M T\u1ee8 HU\u1ea4N\"}]},{\"@type\":\"WebSite\",\"@id\":\"https:\/\/sachkhaitam.store\/#website\",\"url\":\"https:\/\/sachkhaitam.store\/\",\"name\":\"sachkhaitam.store\",\"description\":\"sachkhaitam\",\"publisher\":{\"@id\":\"https:\/\/sachkhaitam.store\/#organization\"},\"potentialAction\":[{\"@type\":\"SearchAction\",\"target\":{\"@type\":\"EntryPoint\",\"urlTemplate\":\"https:\/\/sachkhaitam.store\/?s={search_term_string}\"},\"query-input\":{\"@type\":\"PropertyValueSpecification\",\"valueRequired\":true,\"valueName\":\"search_term_string\"}}],\"inLanguage\":\"vi\"},{\"@type\":\"Organization\",\"@id\":\"https:\/\/sachkhaitam.store\/#organization\",\"name\":\"sachkhaitam.store\",\"url\":\"https:\/\/sachkhaitam.store\/\",\"logo\":{\"@type\":\"ImageObject\",\"inLanguage\":\"vi\",\"@id\":\"https:\/\/sachkhaitam.store\/#\/schema\/logo\/image\/\",\"url\":\"https:\/\/sachkhaitam.store\/wp-content\/uploads\/2025\/07\/SACH-KHAI-TAM-01-1.svg\",\"contentUrl\":\"https:\/\/sachkhaitam.store\/wp-content\/uploads\/2025\/07\/SACH-KHAI-TAM-01-1.svg\",\"width\":900,\"height\":900,\"caption\":\"sachkhaitam.store\"},\"image\":{\"@id\":\"https:\/\/sachkhaitam.store\/#\/schema\/logo\/image\/\"}}]}<\/script>\n<!-- \/ Yoast SEO plugin. -->","yoast_head_json":{"title":"LI\u1ec4U PH\u00c0M T\u1ee8 HU\u1ea4N - sachkhaitam.store","robots":{"index":"index","follow":"follow","max-snippet":"max-snippet:-1","max-image-preview":"max-image-preview:large","max-video-preview":"max-video-preview:-1"},"canonical":"https:\/\/sachkhaitam.store\/index.php\/product\/lieu-pham-tu-huan-sach-khai-tam\/","og_locale":"vi_VN","og_type":"article","og_title":"LI\u1ec4U PH\u00c0M T\u1ee8 HU\u1ea4N - sachkhaitam.store","og_description":"T\u00ean t\u00e1c ph\u1ea9m: Li\u1ec5u Ph\u00e0m T\u1eed Hu\u1ea5n  T\u00e1c gi\u1ea3: Vi\u00ean Li\u1ec5u Ph\u00e0m  Nh\u00e0 xu\u1ea5t b\u1ea3n: NXB V\u0103n H\u1ecdc  N\u0103m xu\u1ea5t b\u1ea3n: 2023  Lo\u1ea1i b\u00eca: B\u00eca m\u1ec1m  Kh\u1ed5: 13x20,5(cm)  S\u1ed1 trang: 176  ISBN: 9786044773919","og_url":"https:\/\/sachkhaitam.store\/index.php\/product\/lieu-pham-tu-huan-sach-khai-tam\/","og_site_name":"sachkhaitam.store","og_image":[{"width":1280,"height":1280,"url":"https:\/\/sachkhaitam.store\/wp-content\/uploads\/2025\/07\/20.jpeg","type":"image\/jpeg"}],"twitter_card":"summary_large_image","twitter_misc":{"\u01af\u1edbc t\u00ednh th\u1eddi gian \u0111\u1ecdc":"3 ph\u00fat"},"schema":{"@context":"https:\/\/schema.org","@graph":[{"@type":"WebPage","@id":"https:\/\/sachkhaitam.store\/index.php\/product\/lieu-pham-tu-huan-sach-khai-tam\/","url":"https:\/\/sachkhaitam.store\/index.php\/product\/lieu-pham-tu-huan-sach-khai-tam\/","name":"LI\u1ec4U PH\u00c0M T\u1ee8 HU\u1ea4N - sachkhaitam.store","isPartOf":{"@id":"https:\/\/sachkhaitam.store\/#website"},"primaryImageOfPage":{"@id":"https:\/\/sachkhaitam.store\/index.php\/product\/lieu-pham-tu-huan-sach-khai-tam\/#primaryimage"},"image":{"@id":"https:\/\/sachkhaitam.store\/index.php\/product\/lieu-pham-tu-huan-sach-khai-tam\/#primaryimage"},"thumbnailUrl":"https:\/\/sachkhaitam.store\/wp-content\/uploads\/2025\/07\/20.jpeg","datePublished":"2025-07-29T03:27:55+00:00","breadcrumb":{"@id":"https:\/\/sachkhaitam.store\/index.php\/product\/lieu-pham-tu-huan-sach-khai-tam\/#breadcrumb"},"inLanguage":"vi","potentialAction":[{"@type":"ReadAction","target":["https:\/\/sachkhaitam.store\/index.php\/product\/lieu-pham-tu-huan-sach-khai-tam\/"]}]},{"@type":"ImageObject","inLanguage":"vi","@id":"https:\/\/sachkhaitam.store\/index.php\/product\/lieu-pham-tu-huan-sach-khai-tam\/#primaryimage","url":"https:\/\/sachkhaitam.store\/wp-content\/uploads\/2025\/07\/20.jpeg","contentUrl":"https:\/\/sachkhaitam.store\/wp-content\/uploads\/2025\/07\/20.jpeg","width":1280,"height":1280},{"@type":"BreadcrumbList","@id":"https:\/\/sachkhaitam.store\/index.php\/product\/lieu-pham-tu-huan-sach-khai-tam\/#breadcrumb","itemListElement":[{"@type":"ListItem","position":1,"name":"Trang ch\u1ee7","item":"https:\/\/sachkhaitam.store\/"},{"@type":"ListItem","position":2,"name":"Shop","item":"https:\/\/sachkhaitam.store\/index.php\/shop\/"},{"@type":"ListItem","position":3,"name":"LI\u1ec4U PH\u00c0M T\u1ee8 HU\u1ea4N"}]},{"@type":"WebSite","@id":"https:\/\/sachkhaitam.store\/#website","url":"https:\/\/sachkhaitam.store\/","name":"sachkhaitam.store","description":"sachkhaitam","publisher":{"@id":"https:\/\/sachkhaitam.store\/#organization"},"potentialAction":[{"@type":"SearchAction","target":{"@type":"EntryPoint","urlTemplate":"https:\/\/sachkhaitam.store\/?s={search_term_string}"},"query-input":{"@type":"PropertyValueSpecification","valueRequired":true,"valueName":"search_term_string"}}],"inLanguage":"vi"},{"@type":"Organization","@id":"https:\/\/sachkhaitam.store\/#organization","name":"sachkhaitam.store","url":"https:\/\/sachkhaitam.store\/","logo":{"@type":"ImageObject","inLanguage":"vi","@id":"https:\/\/sachkhaitam.store\/#\/schema\/logo\/image\/","url":"https:\/\/sachkhaitam.store\/wp-content\/uploads\/2025\/07\/SACH-KHAI-TAM-01-1.svg","contentUrl":"https:\/\/sachkhaitam.store\/wp-content\/uploads\/2025\/07\/SACH-KHAI-TAM-01-1.svg","width":900,"height":900,"caption":"sachkhaitam.store"},"image":{"@id":"https:\/\/sachkhaitam.store\/#\/schema\/logo\/image\/"}}]}},"jetpack_sharing_enabled":true,"_links":{"self":[{"href":"https:\/\/sachkhaitam.store\/index.php\/wp-json\/wp\/v2\/product\/9320","targetHints":{"allow":["GET"]}}],"collection":[{"href":"https:\/\/sachkhaitam.store\/index.php\/wp-json\/wp\/v2\/product"}],"about":[{"href":"https:\/\/sachkhaitam.store\/index.php\/wp-json\/wp\/v2\/types\/product"}],"replies":[{"embeddable":true,"href":"https:\/\/sachkhaitam.store\/index.php\/wp-json\/wp\/v2\/comments?post=9320"}],"wp:featuredmedia":[{"embeddable":true,"href":"https:\/\/sachkhaitam.store\/index.php\/wp-json\/wp\/v2\/media\/9321"}],"wp:attachment":[{"href":"https:\/\/sachkhaitam.store\/index.php\/wp-json\/wp\/v2\/media?parent=9320"}],"wp:term":[{"taxonomy":"product_cat","embeddable":true,"href":"https:\/\/sachkhaitam.store\/index.php\/wp-json\/wp\/v2\/product_cat?post=9320"},{"taxonomy":"product_tag","embeddable":true,"href":"https:\/\/sachkhaitam.store\/index.php\/wp-json\/wp\/v2\/product_tag?post=9320"}],"curies":[{"name":"wp","href":"https:\/\/api.w.org\/{rel}","templated":true}]}}