{"id":9312,"date":"2025-07-29T03:03:04","date_gmt":"2025-07-29T03:03:04","guid":{"rendered":"https:\/\/sachkhaitam.store\/?post_type=product&#038;p=9312"},"modified":"2025-07-29T03:03:04","modified_gmt":"2025-07-29T03:03:04","slug":"mat-day-tam-den-sach-khai-tam","status":"publish","type":"product","link":"https:\/\/sachkhaitam.store\/index.php\/product\/mat-day-tam-den-sach-khai-tam\/","title":{"rendered":"M\u1eb6T D\u00c0Y T\u00c2M \u0110EN"},"content":{"rendered":"<table>\n<tbody>\n<tr>\n<td>\u201cM\u1eb6T D\u00c0Y\u201d TR\u01af\u1edaC \u0110\u1ecaNH KI\u1ebeN, \u201cT\u00c2M \u0110EN\u201d TRONG TH\u1ebe GI\u1edaI B\u1eaaY.<\/p>\n<p>C\u00f3 ng\u01b0\u1eddi th\u01b0\u1eddng cho r\u1eb1ng nh\u00e2n duy\u00ean tr\u00ean \u0111\u1eddi n\u00e0y \u0111\u1ec1u l\u00e0 do ng\u1eabu nhi\u00ean m\u00e0 c\u00f3 \u0111\u01b0\u1ee3c. Th\u1ebf nh\u01b0ng nh\u00e2n duy\u00ean l\u00e0 th\u1ee9 c\u00f3 th\u1ec3 b\u1ed3i d\u01b0\u1ee1ng \u0111\u01b0\u1ee3c nh\u1edd n\u1eafm v\u1eefng \u0111\u01b0\u1ee3c H\u1eadu H\u1eafc. Ch\u1ec9 m\u1ed9t ng\u01b0\u1eddi c\u00f3 nhi\u1ec1u nh\u00e2n duy\u00ean t\u1ed1t th\u00ec m\u1edbi c\u00f3 \u0111\u01b0\u1ee3c nhi\u1ec1u c\u01a1 h\u1ed9i trong \u0111\u1eddi.<\/p>\n<p>\u0110\u1ec3 c\u00f3 \u0111\u01b0\u1ee3c nh\u00e2n duy\u00ean t\u1ed1t, c\u1ea7n ph\u1ea3i bi\u1ebft khoan dung, \u0111\u1ed9 l\u01b0\u1ee3ng. Cho d\u00f9 g\u1eb7p chuy\u1ec7n kh\u00f4ng v\u1eeba l\u00f2ng, b\u1ef1c t\u1ee9c, kh\u00f3 ch\u1ecbu th\u00ec c\u0169ng n\u00ean khoan dung b\u1ecf qua. C\u1ea7n ph\u1ea3i luy\u1ec7n \u0111\u01b0\u1ee3c ph\u1ea7n H\u1eadu (m\u1eb7t d\u00e0y) v\u00e0 H\u1eafc (t\u00e2m \u0111en), m\u1ed9t khi H\u1eadu H\u1eafc c\u1ee7a b\u1ea1n \u0111\u1ee7 th\u00e2m s\u00e2u th\u00ec b\u1ea1n s\u1ebd kh\u00f4ng c\u00f2n c\u1ea3m th\u1ea5y qu\u00e1 kh\u00f3 ch\u1ecbu v\u1edbi nh\u1eefng chuy\u1ec7n kh\u00f4ng v\u1eeba \u00fd g\u1eb7p ph\u1ea3i m\u1ed7i ng\u00e0y n\u1eefa.<\/p>\n<p>T\u1eeb nh\u1ecf \u0111\u1ebfn l\u1edbn, ch\u00fang ta lu\u00f4n \u0111\u01b0\u1ee3c h\u1ecdc b\u00e0i h\u1ecdc \u0111\u1ea1o \u0111\u1ee9c l\u00e0 ph\u1ea3i th\u00e0nh th\u1eadt trong m\u1ecdi t\u00ecnh hu\u1ed1ng, nh\u01b0ng trong th\u1ef1c t\u1ebf, s\u1ef1 linh ho\u1ea1t trong \u1ee9ng x\u1eed v\u1edbi thi\u1ec7n \u00fd c\u00f2n t\u1ed1t \u0111\u1eb9p h\u01a1n s\u1ef1 th\u00e0nh th\u1eadt. T\u1eeb nh\u1eefng m\u1ee5c \u0111\u00edch v\u0129 \u0111\u1ea1i nh\u01b0 nh\u1eefng b\u00e1c s\u0129 v\u00e0 ng\u01b0\u1eddi nh\u00e0 gi\u1ea5u b\u1ec7nh nh\u00e2n t\u00ecnh tr\u1ea1ng b\u1ec7nh \u0111\u1ec3 tr\u00e1nh b\u1ec7nh nh\u00e2n suy s\u1ee5p tinh th\u1ea7n, cho \u0111\u1ebfn nh\u1eefng t\u00ecnh hu\u1ed1ng c\u1ea7n nh\u1eefng l\u1eddi n\u00f3i d\u1ed1i \u0111\u1ec3 c\u1ee9u nguy cho ng\u01b0\u1eddi kh\u00e1c, \u0111\u00f4i khi ch\u00fang ta c\u0169ng c\u1ea7n n\u00f3i d\u1ed1i v\u00ec th\u1ec3 di\u1ec7n c\u1ee7a ng\u01b0\u1eddi kh\u00e1c.<\/p>\n<p>Ng\u00f4n ng\u1eef nh\u01b0 m\u1ed9t c\u00e2y g\u1eady, d\u00f9ng v\u00e0o vi\u1ec7c thi\u1ec7n th\u00ec ch\u1ed1ng l\u00ean \u0111\u01b0\u1ee3c \u0111\u1ec9nh n\u00fai, d\u00f9ng v\u00e0o vi\u1ec7c \u00e1c th\u00ec s\u1ebd c\u00f3 ng\u01b0\u1eddi b\u1ecb \u0111\u00f2n \u0111au. N\u00f3 l\u00e0 ph\u01b0\u01a1ng ti\u1ec7n c\u1ee7a t\u01b0 duy, mu\u1ed1n n\u00f3i ra nh\u1eefng l\u1eddi d\u1ec5 nghe khi\u1ebfn ng\u01b0\u1eddi kh\u00e1c h\u00e0i l\u00f2ng th\u00ec t\u00e2m ph\u1ea3i thi\u1ec7n v\u00e0 ch\u00e2n th\u00e0nh. T\u00f4n T\u1eed n\u00f3i: \u201cT\u1eb7ng ng\u01b0\u1eddi l\u1eddi n\u00f3i, qu\u00fd nh\u01b0 ch\u00e2u b\u00e1u, h\u1ea1i ng\u01b0\u1eddi b\u1eb1ng l\u1eddi, h\u01a1n c\u1ea3 ki\u1ebfm gi\u00e1o\u201d. Mi\u1ec7ng ng\u01b0\u1eddi l\u1ee3i h\u1ea1i t\u1ef1a nh\u01b0 \u0111ao ki\u1ebfm s\u1eafc b\u00e9n. D\u00f9ng n\u00f3 v\u1eeba c\u00f3 th\u1ec3 tu h\u00e0nh l\u1ea1i v\u1eeba c\u00f3 th\u1ec3 t\u00edch \u0111\u1ee9c. L\u1eddi n\u00f3i ra l\u00e0 kh\u1ea9u ph\u00fac hay kh\u1ea9u nghi\u1ec7p c\u0169ng t\u1eeb trong t\u00e2m m\u00e0 ra.<\/p>\n<p><img fetchpriority=\"high\" decoding=\"async\" class=\" wp-image-9317 aligncenter\" src=\"https:\/\/sachkhaitam.store\/wp-content\/uploads\/2025\/07\/Ban-sao-cua-mat-day-tam-den-mck2-300x225.png\" alt=\"\" width=\"412\" height=\"309\" srcset=\"https:\/\/sachkhaitam.store\/wp-content\/uploads\/2025\/07\/Ban-sao-cua-mat-day-tam-den-mck2-300x225.png 300w, https:\/\/sachkhaitam.store\/wp-content\/uploads\/2025\/07\/Ban-sao-cua-mat-day-tam-den-mck2-1024x768.png 1024w, https:\/\/sachkhaitam.store\/wp-content\/uploads\/2025\/07\/Ban-sao-cua-mat-day-tam-den-mck2-768x576.png 768w, https:\/\/sachkhaitam.store\/wp-content\/uploads\/2025\/07\/Ban-sao-cua-mat-day-tam-den-mck2-1536x1152.png 1536w, https:\/\/sachkhaitam.store\/wp-content\/uploads\/2025\/07\/Ban-sao-cua-mat-day-tam-den-mck2-2048x1536.png 2048w, https:\/\/sachkhaitam.store\/wp-content\/uploads\/2025\/07\/Ban-sao-cua-mat-day-tam-den-mck2-1320x990.png 1320w, https:\/\/sachkhaitam.store\/wp-content\/uploads\/2025\/07\/Ban-sao-cua-mat-day-tam-den-mck2-450x338.png 450w, https:\/\/sachkhaitam.store\/wp-content\/uploads\/2025\/07\/Ban-sao-cua-mat-day-tam-den-mck2-800x600.png 800w\" sizes=\"(max-width: 412px) 100vw, 412px\" \/><\/td>\n<\/tr>\n<\/tbody>\n<\/table>\n","protected":false},"excerpt":{"rendered":"<ul>\n<li>T\u00ean t\u00e1c ph\u1ea9m: M\u1eb7t D\u00e0y T\u00e2m \u0110en &#8211; SBOOKS<\/li>\n<li>T\u00e1c gi\u1ea3: H\u00e0n B\u0103ng V\u0169<\/li>\n<li>Th\u1ec3 lo\u1ea1i: T\u00e2m L\u00fd H\u1ecdc &amp; M\u1ed1i Quan H\u1ec7<\/li>\n<li>Nh\u00e0 xu\u1ea5t b\u1ea3n: NXB V\u0103n H\u1ecdc<\/li>\n<li>N\u0103m xu\u1ea5t b\u1ea3n: 2023<\/li>\n<li>Lo\u1ea1i b\u00eca: B\u00eca m\u1ec1m<\/li>\n<li>Kh\u1ed5: 13&#215;20 (cm)<\/li>\n<li>S\u1ed1 trang: 200<\/li>\n<\/ul>\n","protected":false},"featured_media":9319,"comment_status":"open","ping_status":"closed","template":"","meta":[],"product_cat":[75,67],"product_tag":[121,122],"class_list":{"0":"post-9312","1":"product","2":"type-product","3":"status-publish","4":"has-post-thumbnail","6":"product_cat-phat-trien-tam-thuc-sach-danh-cho-gioi-tre","7":"product_cat-sach-danh-cho-gioi-tre","8":"product_tag-mat-day-tam-den","9":"product_tag-sach-mat-day-tam-den","11":"first","12":"instock","13":"shipping-taxable","14":"purchasable","15":"product-type-simple"},"yoast_head":"<!-- This site is optimized with the Yoast SEO plugin v25.3 - https:\/\/yoast.com\/wordpress\/plugins\/seo\/ -->\n<title>M\u1eb6T D\u00c0Y T\u00c2M \u0110EN - sachkhaitam.store<\/title>\n<meta name=\"robots\" content=\"index, follow, max-snippet:-1, max-image-preview:large, max-video-preview:-1\" \/>\n<link rel=\"canonical\" href=\"https:\/\/sachkhaitam.store\/index.php\/product\/mat-day-tam-den-sach-khai-tam\/\" \/>\n<meta property=\"og:locale\" content=\"vi_VN\" \/>\n<meta property=\"og:type\" content=\"article\" \/>\n<meta property=\"og:title\" content=\"M\u1eb6T D\u00c0Y T\u00c2M \u0110EN - sachkhaitam.store\" \/>\n<meta property=\"og:description\" content=\"T\u00ean t\u00e1c ph\u1ea9m: M\u1eb7t D\u00e0y T\u00e2m \u0110en - SBOOKS  T\u00e1c gi\u1ea3: H\u00e0n B\u0103ng V\u0169  Th\u1ec3 lo\u1ea1i: T\u00e2m L\u00fd H\u1ecdc &amp; M\u1ed1i Quan H\u1ec7  Nh\u00e0 xu\u1ea5t b\u1ea3n: NXB V\u0103n H\u1ecdc  N\u0103m xu\u1ea5t b\u1ea3n: 2023  Lo\u1ea1i b\u00eca: B\u00eca m\u1ec1m  Kh\u1ed5: 13x20 (cm)  S\u1ed1 trang: 200\" \/>\n<meta property=\"og:url\" content=\"https:\/\/sachkhaitam.store\/index.php\/product\/mat-day-tam-den-sach-khai-tam\/\" \/>\n<meta property=\"og:site_name\" content=\"sachkhaitam.store\" \/>\n<meta property=\"og:image\" content=\"https:\/\/sachkhaitam.store\/wp-content\/uploads\/2025\/07\/Ban-sao-cua-mat-day-tam-den-mck6.png\" \/>\n\t<meta property=\"og:image:width\" content=\"1200\" \/>\n\t<meta property=\"og:image:height\" content=\"1200\" \/>\n\t<meta property=\"og:image:type\" content=\"image\/png\" \/>\n<meta name=\"twitter:card\" content=\"summary_large_image\" \/>\n<meta name=\"twitter:label1\" content=\"\u01af\u1edbc t\u00ednh th\u1eddi gian \u0111\u1ecdc\" \/>\n\t<meta name=\"twitter:data1\" content=\"3 ph\u00fat\" \/>\n<script type=\"application\/ld+json\" class=\"yoast-schema-graph\">{\"@context\":\"https:\/\/schema.org\",\"@graph\":[{\"@type\":\"WebPage\",\"@id\":\"https:\/\/sachkhaitam.store\/index.php\/product\/mat-day-tam-den-sach-khai-tam\/\",\"url\":\"https:\/\/sachkhaitam.store\/index.php\/product\/mat-day-tam-den-sach-khai-tam\/\",\"name\":\"M\u1eb6T D\u00c0Y T\u00c2M \u0110EN - sachkhaitam.store\",\"isPartOf\":{\"@id\":\"https:\/\/sachkhaitam.store\/#website\"},\"primaryImageOfPage\":{\"@id\":\"https:\/\/sachkhaitam.store\/index.php\/product\/mat-day-tam-den-sach-khai-tam\/#primaryimage\"},\"image\":{\"@id\":\"https:\/\/sachkhaitam.store\/index.php\/product\/mat-day-tam-den-sach-khai-tam\/#primaryimage\"},\"thumbnailUrl\":\"https:\/\/sachkhaitam.store\/wp-content\/uploads\/2025\/07\/Ban-sao-cua-mat-day-tam-den-mck6.png\",\"datePublished\":\"2025-07-29T03:03:04+00:00\",\"breadcrumb\":{\"@id\":\"https:\/\/sachkhaitam.store\/index.php\/product\/mat-day-tam-den-sach-khai-tam\/#breadcrumb\"},\"inLanguage\":\"vi\",\"potentialAction\":[{\"@type\":\"ReadAction\",\"target\":[\"https:\/\/sachkhaitam.store\/index.php\/product\/mat-day-tam-den-sach-khai-tam\/\"]}]},{\"@type\":\"ImageObject\",\"inLanguage\":\"vi\",\"@id\":\"https:\/\/sachkhaitam.store\/index.php\/product\/mat-day-tam-den-sach-khai-tam\/#primaryimage\",\"url\":\"https:\/\/sachkhaitam.store\/wp-content\/uploads\/2025\/07\/Ban-sao-cua-mat-day-tam-den-mck6.png\",\"contentUrl\":\"https:\/\/sachkhaitam.store\/wp-content\/uploads\/2025\/07\/Ban-sao-cua-mat-day-tam-den-mck6.png\",\"width\":1200,\"height\":1200},{\"@type\":\"BreadcrumbList\",\"@id\":\"https:\/\/sachkhaitam.store\/index.php\/product\/mat-day-tam-den-sach-khai-tam\/#breadcrumb\",\"itemListElement\":[{\"@type\":\"ListItem\",\"position\":1,\"name\":\"Trang ch\u1ee7\",\"item\":\"https:\/\/sachkhaitam.store\/\"},{\"@type\":\"ListItem\",\"position\":2,\"name\":\"Shop\",\"item\":\"https:\/\/sachkhaitam.store\/index.php\/shop\/\"},{\"@type\":\"ListItem\",\"position\":3,\"name\":\"M\u1eb6T D\u00c0Y T\u00c2M \u0110EN\"}]},{\"@type\":\"WebSite\",\"@id\":\"https:\/\/sachkhaitam.store\/#website\",\"url\":\"https:\/\/sachkhaitam.store\/\",\"name\":\"sachkhaitam.store\",\"description\":\"sachkhaitam\",\"publisher\":{\"@id\":\"https:\/\/sachkhaitam.store\/#organization\"},\"potentialAction\":[{\"@type\":\"SearchAction\",\"target\":{\"@type\":\"EntryPoint\",\"urlTemplate\":\"https:\/\/sachkhaitam.store\/?s={search_term_string}\"},\"query-input\":{\"@type\":\"PropertyValueSpecification\",\"valueRequired\":true,\"valueName\":\"search_term_string\"}}],\"inLanguage\":\"vi\"},{\"@type\":\"Organization\",\"@id\":\"https:\/\/sachkhaitam.store\/#organization\",\"name\":\"sachkhaitam.store\",\"url\":\"https:\/\/sachkhaitam.store\/\",\"logo\":{\"@type\":\"ImageObject\",\"inLanguage\":\"vi\",\"@id\":\"https:\/\/sachkhaitam.store\/#\/schema\/logo\/image\/\",\"url\":\"https:\/\/sachkhaitam.store\/wp-content\/uploads\/2025\/07\/SACH-KHAI-TAM-01-1.svg\",\"contentUrl\":\"https:\/\/sachkhaitam.store\/wp-content\/uploads\/2025\/07\/SACH-KHAI-TAM-01-1.svg\",\"width\":900,\"height\":900,\"caption\":\"sachkhaitam.store\"},\"image\":{\"@id\":\"https:\/\/sachkhaitam.store\/#\/schema\/logo\/image\/\"}}]}<\/script>\n<!-- \/ Yoast SEO plugin. -->","yoast_head_json":{"title":"M\u1eb6T D\u00c0Y T\u00c2M \u0110EN - sachkhaitam.store","robots":{"index":"index","follow":"follow","max-snippet":"max-snippet:-1","max-image-preview":"max-image-preview:large","max-video-preview":"max-video-preview:-1"},"canonical":"https:\/\/sachkhaitam.store\/index.php\/product\/mat-day-tam-den-sach-khai-tam\/","og_locale":"vi_VN","og_type":"article","og_title":"M\u1eb6T D\u00c0Y T\u00c2M \u0110EN - sachkhaitam.store","og_description":"T\u00ean t\u00e1c ph\u1ea9m: M\u1eb7t D\u00e0y T\u00e2m \u0110en - SBOOKS  T\u00e1c gi\u1ea3: H\u00e0n B\u0103ng V\u0169  Th\u1ec3 lo\u1ea1i: T\u00e2m L\u00fd H\u1ecdc &amp; M\u1ed1i Quan H\u1ec7  Nh\u00e0 xu\u1ea5t b\u1ea3n: NXB V\u0103n H\u1ecdc  N\u0103m xu\u1ea5t b\u1ea3n: 2023  Lo\u1ea1i b\u00eca: B\u00eca m\u1ec1m  Kh\u1ed5: 13x20 (cm)  S\u1ed1 trang: 200","og_url":"https:\/\/sachkhaitam.store\/index.php\/product\/mat-day-tam-den-sach-khai-tam\/","og_site_name":"sachkhaitam.store","og_image":[{"width":1200,"height":1200,"url":"https:\/\/sachkhaitam.store\/wp-content\/uploads\/2025\/07\/Ban-sao-cua-mat-day-tam-den-mck6.png","type":"image\/png"}],"twitter_card":"summary_large_image","twitter_misc":{"\u01af\u1edbc t\u00ednh th\u1eddi gian \u0111\u1ecdc":"3 ph\u00fat"},"schema":{"@context":"https:\/\/schema.org","@graph":[{"@type":"WebPage","@id":"https:\/\/sachkhaitam.store\/index.php\/product\/mat-day-tam-den-sach-khai-tam\/","url":"https:\/\/sachkhaitam.store\/index.php\/product\/mat-day-tam-den-sach-khai-tam\/","name":"M\u1eb6T D\u00c0Y T\u00c2M \u0110EN - sachkhaitam.store","isPartOf":{"@id":"https:\/\/sachkhaitam.store\/#website"},"primaryImageOfPage":{"@id":"https:\/\/sachkhaitam.store\/index.php\/product\/mat-day-tam-den-sach-khai-tam\/#primaryimage"},"image":{"@id":"https:\/\/sachkhaitam.store\/index.php\/product\/mat-day-tam-den-sach-khai-tam\/#primaryimage"},"thumbnailUrl":"https:\/\/sachkhaitam.store\/wp-content\/uploads\/2025\/07\/Ban-sao-cua-mat-day-tam-den-mck6.png","datePublished":"2025-07-29T03:03:04+00:00","breadcrumb":{"@id":"https:\/\/sachkhaitam.store\/index.php\/product\/mat-day-tam-den-sach-khai-tam\/#breadcrumb"},"inLanguage":"vi","potentialAction":[{"@type":"ReadAction","target":["https:\/\/sachkhaitam.store\/index.php\/product\/mat-day-tam-den-sach-khai-tam\/"]}]},{"@type":"ImageObject","inLanguage":"vi","@id":"https:\/\/sachkhaitam.store\/index.php\/product\/mat-day-tam-den-sach-khai-tam\/#primaryimage","url":"https:\/\/sachkhaitam.store\/wp-content\/uploads\/2025\/07\/Ban-sao-cua-mat-day-tam-den-mck6.png","contentUrl":"https:\/\/sachkhaitam.store\/wp-content\/uploads\/2025\/07\/Ban-sao-cua-mat-day-tam-den-mck6.png","width":1200,"height":1200},{"@type":"BreadcrumbList","@id":"https:\/\/sachkhaitam.store\/index.php\/product\/mat-day-tam-den-sach-khai-tam\/#breadcrumb","itemListElement":[{"@type":"ListItem","position":1,"name":"Trang ch\u1ee7","item":"https:\/\/sachkhaitam.store\/"},{"@type":"ListItem","position":2,"name":"Shop","item":"https:\/\/sachkhaitam.store\/index.php\/shop\/"},{"@type":"ListItem","position":3,"name":"M\u1eb6T D\u00c0Y T\u00c2M \u0110EN"}]},{"@type":"WebSite","@id":"https:\/\/sachkhaitam.store\/#website","url":"https:\/\/sachkhaitam.store\/","name":"sachkhaitam.store","description":"sachkhaitam","publisher":{"@id":"https:\/\/sachkhaitam.store\/#organization"},"potentialAction":[{"@type":"SearchAction","target":{"@type":"EntryPoint","urlTemplate":"https:\/\/sachkhaitam.store\/?s={search_term_string}"},"query-input":{"@type":"PropertyValueSpecification","valueRequired":true,"valueName":"search_term_string"}}],"inLanguage":"vi"},{"@type":"Organization","@id":"https:\/\/sachkhaitam.store\/#organization","name":"sachkhaitam.store","url":"https:\/\/sachkhaitam.store\/","logo":{"@type":"ImageObject","inLanguage":"vi","@id":"https:\/\/sachkhaitam.store\/#\/schema\/logo\/image\/","url":"https:\/\/sachkhaitam.store\/wp-content\/uploads\/2025\/07\/SACH-KHAI-TAM-01-1.svg","contentUrl":"https:\/\/sachkhaitam.store\/wp-content\/uploads\/2025\/07\/SACH-KHAI-TAM-01-1.svg","width":900,"height":900,"caption":"sachkhaitam.store"},"image":{"@id":"https:\/\/sachkhaitam.store\/#\/schema\/logo\/image\/"}}]}},"jetpack_sharing_enabled":true,"_links":{"self":[{"href":"https:\/\/sachkhaitam.store\/index.php\/wp-json\/wp\/v2\/product\/9312","targetHints":{"allow":["GET"]}}],"collection":[{"href":"https:\/\/sachkhaitam.store\/index.php\/wp-json\/wp\/v2\/product"}],"about":[{"href":"https:\/\/sachkhaitam.store\/index.php\/wp-json\/wp\/v2\/types\/product"}],"replies":[{"embeddable":true,"href":"https:\/\/sachkhaitam.store\/index.php\/wp-json\/wp\/v2\/comments?post=9312"}],"wp:featuredmedia":[{"embeddable":true,"href":"https:\/\/sachkhaitam.store\/index.php\/wp-json\/wp\/v2\/media\/9319"}],"wp:attachment":[{"href":"https:\/\/sachkhaitam.store\/index.php\/wp-json\/wp\/v2\/media?parent=9312"}],"wp:term":[{"taxonomy":"product_cat","embeddable":true,"href":"https:\/\/sachkhaitam.store\/index.php\/wp-json\/wp\/v2\/product_cat?post=9312"},{"taxonomy":"product_tag","embeddable":true,"href":"https:\/\/sachkhaitam.store\/index.php\/wp-json\/wp\/v2\/product_tag?post=9312"}],"curies":[{"name":"wp","href":"https:\/\/api.w.org\/{rel}","templated":true}]}}