{"id":9307,"date":"2025-07-29T02:47:40","date_gmt":"2025-07-29T02:47:40","guid":{"rendered":"https:\/\/sachkhaitam.store\/?post_type=product&#038;p=9307"},"modified":"2025-07-31T19:27:30","modified_gmt":"2025-07-31T19:27:30","slug":"bien-moi-thu-thanh-tien-quyen-2-sach-khai-tam","status":"publish","type":"product","link":"https:\/\/sachkhaitam.store\/index.php\/product\/bien-moi-thu-thanh-tien-quyen-2-sach-khai-tam\/","title":{"rendered":"BI\u1ebeN M\u1eccI TH\u1ee8 TH\u00c0NH TI\u1ec0N (QUY\u1ec2N 2)"},"content":{"rendered":"<table>\n<tbody>\n<tr>\n<td>Cu\u1ed1n s\u00e1ch BI\u1ebeN M\u1eccI TH\u1ee8 TH\u00c0NH TI\u1ec0N &#8211; QUY\u1ec2N 2 &#8211; \u1ee8ng d\u1ee5ng t\u01b0 duy T\u1ea1o ra Ti\u1ec1n gi\u00fap b\u1ea1n Th\u00e0nh C\u00f4ng Gi\u00e0u C\u00f3 v\u00e0 H\u1ea1nh Ph\u00fac th\u1ef1c s\u1ef1 l\u00e0 m\u1ed9t trong nh\u1eefng cu\u1ed1n s\u00e1ch thu\u1ed9c b\u1ed9 BI\u1ebeN M\u1eccI TH\u1ee8 TH\u00c0NH TI\u1ec0N c\u1ee7a t\u00e1c gi\u1ea3 Nguy\u1ec5n Anh D\u0169ng &#8211; Nh\u00e0 s\u00e1ng l\u1eadp Sbooks. Trong cu\u1ed1n s\u00e1ch n\u00e0y ch\u1ee9a \u0111\u1ef1ng s\u1ef1 s\u00e2u s\u1eafc nh\u01b0ng c\u0169ng r\u1ea5t m\u1edbi m\u1ebb v\u00e0 l\u00f4i cu\u1ed1n b\u1edfi n\u00f3 \u0111\u01b0\u1ee3c t\u1ea1o n\u00ean b\u1edfi h\u1ec7 th\u1ed1ng gi\u00e1 tr\u1ecb t\u01b0 duy \u0111\u1ed9c \u0111\u00e1o v\u00e0 kh\u00e1c bi\u1ec7t. Cu\u1ed1n s\u00e1ch kh\u00f4ng \u0111\u01a1n thu\u1ea7n l\u00e0 m\u1ed9t cu\u1ed1n s\u00e1ch ch\u1ec9 c\u00e1ch ki\u1ebfm ti\u1ec1n, m\u00e0 c\u00f2n l\u00e0 m\u1ed9t cu\u1ed1n c\u1ea9m nang v\u1ec1 t\u01b0 duy, chi\u1ebfn l\u01b0\u1ee3c mang t\u1ea7m v\u0129 m\u00f4, c\u00f3 th\u1ec3 \u1ee9ng d\u1ee5ng trong h\u00e0ng ch\u1ee5c th\u1eadm ch\u00ed h\u00e0ng tr\u0103m n\u0103m trong m\u1ecdi l\u0129nh v\u1ef1c c\u1ee7a cu\u1ed9c s\u1ed1ng. B\u1edfi \u0111\u00f3 l\u00e0 vi\u1ec7c \u1ee9ng d\u1ee5ng c\u00e1c quy lu\u1eadt t\u1ef1 nhi\u00ean, x\u00e3 h\u1ed9i g\u1eafn li\u1ec1n v\u1edbi tinh th\u1ea7n tr\u00e1ch nhi\u1ec7m v\u00e0 l\u00f2ng tr\u1eafc \u1ea9n nh\u1eb1m \u0111\u01b0a x\u00e3 h\u1ed9i ph\u00e1t tri\u1ec3n theo quy lu\u1eadt chung. Cu\u1ed1n s\u00e1ch d\u00e0nh cho b\u1ea5t c\u1ee9 ai, \u1edf b\u1ea5t c\u1ee9 \u0111\u00e2u, l\u00e0m b\u1ea5t c\u1ee9 l\u0129nh v\u1ef1c g\u00ec, quy m\u00f4 l\u1edbn hay nh\u1ecf \u0111\u1ec1u c\u00f3 th\u1ec3 d\u1ec5 d\u00e0ng \u00e1p d\u1ee5ng v\u00e0 t\u1ea1o ra kh\u00f4ng ch\u1ec9 ti\u1ec1n m\u00e0 c\u00f2n l\u00e0 th\u00e0nh c\u00f4ng, h\u1ea1nh ph\u00fac, v\u00e0 nh\u1eefng \u0111\u00f3ng g\u00f3p, tr\u1ea3 \u01a1n cho x\u00e3 h\u1ed9i, c\u1ed9ng \u0111\u1ed3ng. H\u00e3y s\u1edf h\u1eefu cu\u1ed1n s\u00e1ch n\u00e0y c\u00e0ng s\u1edbm c\u00e0ng t\u1ed1t b\u1edfi n\u00f3 ch\u1eafc ch\u1eafn s\u1ebd mang l\u1ea1i cho b\u1ea1n gi\u00e1 tr\u1ecb g\u1ea5p nhi\u1ec1u l\u1ea7n ngay khi b\u1ea1n l\u1eadt m\u1edf nh\u1eefng trang \u0111\u1ea7u ti\u00ean!<\/p>\n<p><img fetchpriority=\"high\" decoding=\"async\" class=\" wp-image-9311 aligncenter\" src=\"https:\/\/sachkhaitam.store\/wp-content\/uploads\/2025\/07\/4-5-300x300.png\" alt=\"\" width=\"381\" height=\"381\" srcset=\"https:\/\/sachkhaitam.store\/wp-content\/uploads\/2025\/07\/4-5-300x300.png 300w, https:\/\/sachkhaitam.store\/wp-content\/uploads\/2025\/07\/4-5-1024x1024.png 1024w, https:\/\/sachkhaitam.store\/wp-content\/uploads\/2025\/07\/4-5-150x150.png 150w, https:\/\/sachkhaitam.store\/wp-content\/uploads\/2025\/07\/4-5-768x768.png 768w, https:\/\/sachkhaitam.store\/wp-content\/uploads\/2025\/07\/4-5-450x450.png 450w, https:\/\/sachkhaitam.store\/wp-content\/uploads\/2025\/07\/4-5-800x800.png 800w, https:\/\/sachkhaitam.store\/wp-content\/uploads\/2025\/07\/4-5-100x100.png 100w, https:\/\/sachkhaitam.store\/wp-content\/uploads\/2025\/07\/4-5-50x50.png 50w, https:\/\/sachkhaitam.store\/wp-content\/uploads\/2025\/07\/4-5-460x460.png 460w, https:\/\/sachkhaitam.store\/wp-content\/uploads\/2025\/07\/4-5.png 1200w\" sizes=\"(max-width: 381px) 100vw, 381px\" \/><\/td>\n<\/tr>\n<\/tbody>\n<\/table>\n","protected":false},"excerpt":{"rendered":"<ul>\n<li>T\u00ean t\u00e1c ph\u1ea9m: Bi\u1ebfn M\u1ecdi Th\u1ee9 Th\u00e0nh Ti\u1ec1n ( Quy\u1ec3n 2 )<\/li>\n<li>T\u00e1c gi\u1ea3: Nguy\u1ec5n Anh D\u0169ng<\/li>\n<li>Th\u01b0\u01a1ng Hi\u1ec7u: Sbooks<\/li>\n<li>Nh\u00e0 xu\u1ea5t b\u1ea3n: NXB Th\u1ebf Gi\u1edbi<\/li>\n<li>N\u0103m xu\u1ea5t b\u1ea3n: 2023<\/li>\n<li>Lo\u1ea1i b\u00eca: B\u00eca m\u1ec1m<\/li>\n<li>Kh\u1ed5: 13&#215;20 cm<\/li>\n<li>S\u1ed1 trang: 260<\/li>\n<\/ul>\n","protected":false},"featured_media":9308,"comment_status":"open","ping_status":"closed","template":"","meta":[],"product_cat":[69,67],"product_tag":[119,120],"class_list":{"0":"post-9307","1":"product","2":"type-product","3":"status-publish","4":"has-post-thumbnail","6":"product_cat-huong-nghiep-phat-trien-ban-than","7":"product_cat-sach-danh-cho-gioi-tre","8":"product_tag-bien-moi-thu-thanh-tien-quyen-2","9":"product_tag-sach-bien-moi-thu-thanh-tien-quyen-2","11":"first","12":"instock","13":"shipping-taxable","14":"purchasable","15":"product-type-simple"},"yoast_head":"<!-- This site is optimized with the Yoast SEO plugin v25.3 - https:\/\/yoast.com\/wordpress\/plugins\/seo\/ -->\n<title>BI\u1ebeN M\u1eccI TH\u1ee8 TH\u00c0NH TI\u1ec0N (QUY\u1ec2N 2) - sachkhaitam.store<\/title>\n<meta name=\"robots\" content=\"index, follow, max-snippet:-1, max-image-preview:large, max-video-preview:-1\" \/>\n<link rel=\"canonical\" href=\"https:\/\/sachkhaitam.store\/index.php\/product\/bien-moi-thu-thanh-tien-quyen-2-sach-khai-tam\/\" \/>\n<meta property=\"og:locale\" content=\"vi_VN\" \/>\n<meta property=\"og:type\" content=\"article\" \/>\n<meta property=\"og:title\" content=\"BI\u1ebeN M\u1eccI TH\u1ee8 TH\u00c0NH TI\u1ec0N (QUY\u1ec2N 2) - sachkhaitam.store\" \/>\n<meta property=\"og:description\" content=\"T\u00ean t\u00e1c ph\u1ea9m: Bi\u1ebfn M\u1ecdi Th\u1ee9 Th\u00e0nh Ti\u1ec1n ( Quy\u1ec3n 2 )  T\u00e1c gi\u1ea3: Nguy\u1ec5n Anh D\u0169ng  Th\u01b0\u01a1ng Hi\u1ec7u: Sbooks  Nh\u00e0 xu\u1ea5t b\u1ea3n: NXB Th\u1ebf Gi\u1edbi  N\u0103m xu\u1ea5t b\u1ea3n: 2023  Lo\u1ea1i b\u00eca: B\u00eca m\u1ec1m  Kh\u1ed5: 13x20 cm  S\u1ed1 trang: 260\" \/>\n<meta property=\"og:url\" content=\"https:\/\/sachkhaitam.store\/index.php\/product\/bien-moi-thu-thanh-tien-quyen-2-sach-khai-tam\/\" \/>\n<meta property=\"og:site_name\" content=\"sachkhaitam.store\" \/>\n<meta property=\"article:modified_time\" content=\"2025-07-31T19:27:30+00:00\" \/>\n<meta property=\"og:image\" content=\"https:\/\/sachkhaitam.store\/wp-content\/uploads\/2025\/07\/1-4.png\" \/>\n\t<meta property=\"og:image:width\" content=\"1200\" \/>\n\t<meta property=\"og:image:height\" content=\"1200\" \/>\n\t<meta property=\"og:image:type\" content=\"image\/png\" \/>\n<meta name=\"twitter:card\" content=\"summary_large_image\" \/>\n<meta name=\"twitter:label1\" content=\"\u01af\u1edbc t\u00ednh th\u1eddi gian \u0111\u1ecdc\" \/>\n\t<meta name=\"twitter:data1\" content=\"2 ph\u00fat\" \/>\n<script type=\"application\/ld+json\" class=\"yoast-schema-graph\">{\"@context\":\"https:\/\/schema.org\",\"@graph\":[{\"@type\":\"WebPage\",\"@id\":\"https:\/\/sachkhaitam.store\/index.php\/product\/bien-moi-thu-thanh-tien-quyen-2-sach-khai-tam\/\",\"url\":\"https:\/\/sachkhaitam.store\/index.php\/product\/bien-moi-thu-thanh-tien-quyen-2-sach-khai-tam\/\",\"name\":\"BI\u1ebeN M\u1eccI TH\u1ee8 TH\u00c0NH TI\u1ec0N (QUY\u1ec2N 2) - sachkhaitam.store\",\"isPartOf\":{\"@id\":\"https:\/\/sachkhaitam.store\/#website\"},\"primaryImageOfPage\":{\"@id\":\"https:\/\/sachkhaitam.store\/index.php\/product\/bien-moi-thu-thanh-tien-quyen-2-sach-khai-tam\/#primaryimage\"},\"image\":{\"@id\":\"https:\/\/sachkhaitam.store\/index.php\/product\/bien-moi-thu-thanh-tien-quyen-2-sach-khai-tam\/#primaryimage\"},\"thumbnailUrl\":\"https:\/\/sachkhaitam.store\/wp-content\/uploads\/2025\/07\/1-4.png\",\"datePublished\":\"2025-07-29T02:47:40+00:00\",\"dateModified\":\"2025-07-31T19:27:30+00:00\",\"breadcrumb\":{\"@id\":\"https:\/\/sachkhaitam.store\/index.php\/product\/bien-moi-thu-thanh-tien-quyen-2-sach-khai-tam\/#breadcrumb\"},\"inLanguage\":\"vi\",\"potentialAction\":[{\"@type\":\"ReadAction\",\"target\":[\"https:\/\/sachkhaitam.store\/index.php\/product\/bien-moi-thu-thanh-tien-quyen-2-sach-khai-tam\/\"]}]},{\"@type\":\"ImageObject\",\"inLanguage\":\"vi\",\"@id\":\"https:\/\/sachkhaitam.store\/index.php\/product\/bien-moi-thu-thanh-tien-quyen-2-sach-khai-tam\/#primaryimage\",\"url\":\"https:\/\/sachkhaitam.store\/wp-content\/uploads\/2025\/07\/1-4.png\",\"contentUrl\":\"https:\/\/sachkhaitam.store\/wp-content\/uploads\/2025\/07\/1-4.png\",\"width\":1200,\"height\":1200},{\"@type\":\"BreadcrumbList\",\"@id\":\"https:\/\/sachkhaitam.store\/index.php\/product\/bien-moi-thu-thanh-tien-quyen-2-sach-khai-tam\/#breadcrumb\",\"itemListElement\":[{\"@type\":\"ListItem\",\"position\":1,\"name\":\"Trang ch\u1ee7\",\"item\":\"https:\/\/sachkhaitam.store\/\"},{\"@type\":\"ListItem\",\"position\":2,\"name\":\"Shop\",\"item\":\"https:\/\/sachkhaitam.store\/index.php\/shop\/\"},{\"@type\":\"ListItem\",\"position\":3,\"name\":\"BI\u1ebeN M\u1eccI TH\u1ee8 TH\u00c0NH TI\u1ec0N (QUY\u1ec2N 2)\"}]},{\"@type\":\"WebSite\",\"@id\":\"https:\/\/sachkhaitam.store\/#website\",\"url\":\"https:\/\/sachkhaitam.store\/\",\"name\":\"sachkhaitam.store\",\"description\":\"sachkhaitam\",\"publisher\":{\"@id\":\"https:\/\/sachkhaitam.store\/#organization\"},\"potentialAction\":[{\"@type\":\"SearchAction\",\"target\":{\"@type\":\"EntryPoint\",\"urlTemplate\":\"https:\/\/sachkhaitam.store\/?s={search_term_string}\"},\"query-input\":{\"@type\":\"PropertyValueSpecification\",\"valueRequired\":true,\"valueName\":\"search_term_string\"}}],\"inLanguage\":\"vi\"},{\"@type\":\"Organization\",\"@id\":\"https:\/\/sachkhaitam.store\/#organization\",\"name\":\"sachkhaitam.store\",\"url\":\"https:\/\/sachkhaitam.store\/\",\"logo\":{\"@type\":\"ImageObject\",\"inLanguage\":\"vi\",\"@id\":\"https:\/\/sachkhaitam.store\/#\/schema\/logo\/image\/\",\"url\":\"https:\/\/sachkhaitam.store\/wp-content\/uploads\/2025\/07\/SACH-KHAI-TAM-01-1.svg\",\"contentUrl\":\"https:\/\/sachkhaitam.store\/wp-content\/uploads\/2025\/07\/SACH-KHAI-TAM-01-1.svg\",\"width\":900,\"height\":900,\"caption\":\"sachkhaitam.store\"},\"image\":{\"@id\":\"https:\/\/sachkhaitam.store\/#\/schema\/logo\/image\/\"}}]}<\/script>\n<!-- \/ Yoast SEO plugin. -->","yoast_head_json":{"title":"BI\u1ebeN M\u1eccI TH\u1ee8 TH\u00c0NH TI\u1ec0N (QUY\u1ec2N 2) - sachkhaitam.store","robots":{"index":"index","follow":"follow","max-snippet":"max-snippet:-1","max-image-preview":"max-image-preview:large","max-video-preview":"max-video-preview:-1"},"canonical":"https:\/\/sachkhaitam.store\/index.php\/product\/bien-moi-thu-thanh-tien-quyen-2-sach-khai-tam\/","og_locale":"vi_VN","og_type":"article","og_title":"BI\u1ebeN M\u1eccI TH\u1ee8 TH\u00c0NH TI\u1ec0N (QUY\u1ec2N 2) - sachkhaitam.store","og_description":"T\u00ean t\u00e1c ph\u1ea9m: Bi\u1ebfn M\u1ecdi Th\u1ee9 Th\u00e0nh Ti\u1ec1n ( Quy\u1ec3n 2 )  T\u00e1c gi\u1ea3: Nguy\u1ec5n Anh D\u0169ng  Th\u01b0\u01a1ng Hi\u1ec7u: Sbooks  Nh\u00e0 xu\u1ea5t b\u1ea3n: NXB Th\u1ebf Gi\u1edbi  N\u0103m xu\u1ea5t b\u1ea3n: 2023  Lo\u1ea1i b\u00eca: B\u00eca m\u1ec1m  Kh\u1ed5: 13x20 cm  S\u1ed1 trang: 260","og_url":"https:\/\/sachkhaitam.store\/index.php\/product\/bien-moi-thu-thanh-tien-quyen-2-sach-khai-tam\/","og_site_name":"sachkhaitam.store","article_modified_time":"2025-07-31T19:27:30+00:00","og_image":[{"width":1200,"height":1200,"url":"https:\/\/sachkhaitam.store\/wp-content\/uploads\/2025\/07\/1-4.png","type":"image\/png"}],"twitter_card":"summary_large_image","twitter_misc":{"\u01af\u1edbc t\u00ednh th\u1eddi gian \u0111\u1ecdc":"2 ph\u00fat"},"schema":{"@context":"https:\/\/schema.org","@graph":[{"@type":"WebPage","@id":"https:\/\/sachkhaitam.store\/index.php\/product\/bien-moi-thu-thanh-tien-quyen-2-sach-khai-tam\/","url":"https:\/\/sachkhaitam.store\/index.php\/product\/bien-moi-thu-thanh-tien-quyen-2-sach-khai-tam\/","name":"BI\u1ebeN M\u1eccI TH\u1ee8 TH\u00c0NH TI\u1ec0N (QUY\u1ec2N 2) - sachkhaitam.store","isPartOf":{"@id":"https:\/\/sachkhaitam.store\/#website"},"primaryImageOfPage":{"@id":"https:\/\/sachkhaitam.store\/index.php\/product\/bien-moi-thu-thanh-tien-quyen-2-sach-khai-tam\/#primaryimage"},"image":{"@id":"https:\/\/sachkhaitam.store\/index.php\/product\/bien-moi-thu-thanh-tien-quyen-2-sach-khai-tam\/#primaryimage"},"thumbnailUrl":"https:\/\/sachkhaitam.store\/wp-content\/uploads\/2025\/07\/1-4.png","datePublished":"2025-07-29T02:47:40+00:00","dateModified":"2025-07-31T19:27:30+00:00","breadcrumb":{"@id":"https:\/\/sachkhaitam.store\/index.php\/product\/bien-moi-thu-thanh-tien-quyen-2-sach-khai-tam\/#breadcrumb"},"inLanguage":"vi","potentialAction":[{"@type":"ReadAction","target":["https:\/\/sachkhaitam.store\/index.php\/product\/bien-moi-thu-thanh-tien-quyen-2-sach-khai-tam\/"]}]},{"@type":"ImageObject","inLanguage":"vi","@id":"https:\/\/sachkhaitam.store\/index.php\/product\/bien-moi-thu-thanh-tien-quyen-2-sach-khai-tam\/#primaryimage","url":"https:\/\/sachkhaitam.store\/wp-content\/uploads\/2025\/07\/1-4.png","contentUrl":"https:\/\/sachkhaitam.store\/wp-content\/uploads\/2025\/07\/1-4.png","width":1200,"height":1200},{"@type":"BreadcrumbList","@id":"https:\/\/sachkhaitam.store\/index.php\/product\/bien-moi-thu-thanh-tien-quyen-2-sach-khai-tam\/#breadcrumb","itemListElement":[{"@type":"ListItem","position":1,"name":"Trang ch\u1ee7","item":"https:\/\/sachkhaitam.store\/"},{"@type":"ListItem","position":2,"name":"Shop","item":"https:\/\/sachkhaitam.store\/index.php\/shop\/"},{"@type":"ListItem","position":3,"name":"BI\u1ebeN M\u1eccI TH\u1ee8 TH\u00c0NH TI\u1ec0N (QUY\u1ec2N 2)"}]},{"@type":"WebSite","@id":"https:\/\/sachkhaitam.store\/#website","url":"https:\/\/sachkhaitam.store\/","name":"sachkhaitam.store","description":"sachkhaitam","publisher":{"@id":"https:\/\/sachkhaitam.store\/#organization"},"potentialAction":[{"@type":"SearchAction","target":{"@type":"EntryPoint","urlTemplate":"https:\/\/sachkhaitam.store\/?s={search_term_string}"},"query-input":{"@type":"PropertyValueSpecification","valueRequired":true,"valueName":"search_term_string"}}],"inLanguage":"vi"},{"@type":"Organization","@id":"https:\/\/sachkhaitam.store\/#organization","name":"sachkhaitam.store","url":"https:\/\/sachkhaitam.store\/","logo":{"@type":"ImageObject","inLanguage":"vi","@id":"https:\/\/sachkhaitam.store\/#\/schema\/logo\/image\/","url":"https:\/\/sachkhaitam.store\/wp-content\/uploads\/2025\/07\/SACH-KHAI-TAM-01-1.svg","contentUrl":"https:\/\/sachkhaitam.store\/wp-content\/uploads\/2025\/07\/SACH-KHAI-TAM-01-1.svg","width":900,"height":900,"caption":"sachkhaitam.store"},"image":{"@id":"https:\/\/sachkhaitam.store\/#\/schema\/logo\/image\/"}}]}},"jetpack_sharing_enabled":true,"_links":{"self":[{"href":"https:\/\/sachkhaitam.store\/index.php\/wp-json\/wp\/v2\/product\/9307","targetHints":{"allow":["GET"]}}],"collection":[{"href":"https:\/\/sachkhaitam.store\/index.php\/wp-json\/wp\/v2\/product"}],"about":[{"href":"https:\/\/sachkhaitam.store\/index.php\/wp-json\/wp\/v2\/types\/product"}],"replies":[{"embeddable":true,"href":"https:\/\/sachkhaitam.store\/index.php\/wp-json\/wp\/v2\/comments?post=9307"}],"wp:featuredmedia":[{"embeddable":true,"href":"https:\/\/sachkhaitam.store\/index.php\/wp-json\/wp\/v2\/media\/9308"}],"wp:attachment":[{"href":"https:\/\/sachkhaitam.store\/index.php\/wp-json\/wp\/v2\/media?parent=9307"}],"wp:term":[{"taxonomy":"product_cat","embeddable":true,"href":"https:\/\/sachkhaitam.store\/index.php\/wp-json\/wp\/v2\/product_cat?post=9307"},{"taxonomy":"product_tag","embeddable":true,"href":"https:\/\/sachkhaitam.store\/index.php\/wp-json\/wp\/v2\/product_tag?post=9307"}],"curies":[{"name":"wp","href":"https:\/\/api.w.org\/{rel}","templated":true}]}}