{"id":9279,"date":"2025-07-28T10:22:13","date_gmt":"2025-07-28T10:22:13","guid":{"rendered":"https:\/\/sachkhaitam.store\/?post_type=product&#038;p=9279"},"modified":"2025-07-28T10:22:13","modified_gmt":"2025-07-28T10:22:13","slug":"dung-phi-hoai-tuoi-tre-sach-khai-tam","status":"publish","type":"product","link":"https:\/\/sachkhaitam.store\/index.php\/product\/dung-phi-hoai-tuoi-tre-sach-khai-tam\/","title":{"rendered":"\u0110U\u031b\u0300NG PHI\u0301 HOA\u0300I TUO\u0302\u0309I TRE\u0309"},"content":{"rendered":"<table width=\"231\">\n<tbody>\n<tr>\n<td width=\"231\">S\u1ee9c Kho\u1ebb v\u00e0 Th\u1eddi gian kh\u00f4ng qu\u00fd nh\u01b0 v\u00e0ng, m\u00e0 s\u1ee9c kho\u1ebb v\u00e0 th\u1eddi gian qu\u00fd h\u01a1n c\u1ea3 v\u00e0ng, qu\u00fd b\u00e1u \u0111\u1ebfn \u0111\u1ed9 m\u00e0 kh\u00f4ng g\u00ec c\u00f3 th\u1ec3 so s\u00e1nh \u0111\u01b0\u1ee3c.&#8221;<\/p>\n<p>Nguy\u1ec5n Anh D\u0169ng<\/p>\n<p>S\u00e1ng L\u1eadp Sbooks<\/p>\n<p>-\u00d4ng B\u1ea7u S\u00e1ch-<\/p>\n<p>\u0110u\u031b\u0300ng phi\u0301 hoa\u0300i tuo\u0302\u0309i tre\u0309. Mo\u031b\u0301i mu\u0300a xua\u0302n cho\u031b\u0301p ma\u0306\u0301t mo\u0323\u0302t ca\u0301i \u0111a\u0303 sang \u0111o\u0302ng, tuo\u0302\u0309i tre\u0309 cu\u0303ng va\u0323\u0302y, cho\u031b\u0301p ma\u0306\u0301t mo\u0323\u0302t ca\u0301i \u0111a\u0303 \u0111i \u0111e\u0302\u0301n tuo\u0302\u0309i gia\u0300. Cho ne\u0302n chu\u0301ng ta pha\u0309i so\u0302\u0301ng la\u0300m sao cho tha\u0323\u0302t su\u031b\u0323 hu\u031b\u0303u i\u0301ch, khi co\u0300n to\u0302\u0300n ta\u0323i co\u0301 the\u0302\u0309 ngu\u031bo\u031b\u0300i kha\u0301c se\u0303 kho\u0302ng bie\u0302\u0301t ba\u0323n la\u0300 ai nhu\u031bng khi che\u0302\u0301t \u0111i ha\u0303y \u0111e\u0302\u0309 mo\u0323i ngu\u031bo\u031b\u0300i bie\u0302\u0301t \u0111e\u0302\u0301n ba\u0323n, \u0111e\u0302\u0309 nha\u0323\u0302n tha\u0302\u0301y ra\u0306\u0300ng su\u031b\u0323 to\u0302\u0300n ta\u0323i cu\u0309a ba\u0323n tre\u0302n co\u0303i \u0111o\u031b\u0300i na\u0300y kho\u0302ng c\u00f2n la\u0300 vo\u0302 i\u0301ch.<\/p>\n<p>Cuo\u0302\u0301n sa\u0301ch na\u0300y co\u0301 the\u0302\u0309 giu\u0301p ba\u0323n ca\u0302n ba\u0306\u0300ng cuo\u0323\u0302c so\u0302\u0301ng cu\u0309a tuo\u0302\u0309i tre\u0309 giu\u031b\u0303a nhu\u031b\u0303ng kha\u0301t vo\u0323ng cu\u0309a u\u031bo\u031b\u0301c mo\u031b va\u0300 ca\u0309m xu\u0301c cu\u0309a ta\u0302m ho\u0302\u0300n, gia\u0301 tri\u0323 \u0111i\u0301ch thu\u031b\u0323c cu\u0309a cuo\u0323\u0302c so\u0302\u0301ng tuo\u0302\u0309i tre\u0309.<\/p>\n<p><img fetchpriority=\"high\" decoding=\"async\" class=\" wp-image-9281 aligncenter\" src=\"https:\/\/sachkhaitam.store\/wp-content\/uploads\/2025\/07\/DUNG-PHI-HOAI-TUOI-TRE-Nguyen-Anh-Dung-Sbooks3.jpg\" alt=\"\" width=\"462\" height=\"430\" \/><\/td>\n<\/tr>\n<\/tbody>\n<\/table>\n","protected":false},"excerpt":{"rendered":"<ul>\n<li>T\u00ean t\u00e1c ph\u1ea9m: \u0110\u1eebng Ph\u00ed Ho\u00e0i Tu\u1ed5i Tr\u1ebb<\/li>\n<li>T\u00e1c gi\u1ea3: Nguy\u1ec5n Anh D\u0169ng<\/li>\n<li>Th\u01b0\u01a1ng Hi\u1ec7u: SBOOKS<\/li>\n<li>Nh\u00e0 xu\u1ea5t b\u1ea3n: NXB Th\u1ebf Gi\u1edbi<\/li>\n<li>N\u0103m xu\u1ea5t b\u1ea3n: 2020<\/li>\n<li>Lo\u1ea1i b\u00eca: B\u00eca m\u1ec1m<\/li>\n<li>Kh\u1ed5: 13&#215;20 cm<\/li>\n<li>S\u1ed1 trang: 164<\/li>\n<li>ISBN: 9786047778126<\/li>\n<\/ul>\n","protected":false},"featured_media":9280,"comment_status":"open","ping_status":"closed","template":"","meta":[],"product_cat":[75,67],"product_tag":[111,112],"class_list":{"0":"post-9279","1":"product","2":"type-product","3":"status-publish","4":"has-post-thumbnail","6":"product_cat-phat-trien-tam-thuc-sach-danh-cho-gioi-tre","7":"product_cat-sach-danh-cho-gioi-tre","8":"product_tag-dung-phi-hoai-tuoi-tre","9":"product_tag-sach-dung-phi-hoai-tuoi-tre","11":"first","12":"instock","13":"shipping-taxable","14":"purchasable","15":"product-type-simple"},"yoast_head":"<!-- This site is optimized with the Yoast SEO plugin v25.3 - https:\/\/yoast.com\/wordpress\/plugins\/seo\/ -->\n<title>\u0110U\u031b\u0300NG PHI\u0301 HOA\u0300I TUO\u0302\u0309I TRE\u0309 - sachkhaitam.store<\/title>\n<meta name=\"robots\" content=\"index, follow, max-snippet:-1, max-image-preview:large, max-video-preview:-1\" \/>\n<link rel=\"canonical\" href=\"https:\/\/sachkhaitam.store\/index.php\/product\/dung-phi-hoai-tuoi-tre-sach-khai-tam\/\" \/>\n<meta property=\"og:locale\" content=\"vi_VN\" \/>\n<meta property=\"og:type\" content=\"article\" \/>\n<meta property=\"og:title\" content=\"\u0110U\u031b\u0300NG PHI\u0301 HOA\u0300I TUO\u0302\u0309I TRE\u0309 - sachkhaitam.store\" \/>\n<meta property=\"og:description\" content=\"T\u00ean t\u00e1c ph\u1ea9m: \u0110\u1eebng Ph\u00ed Ho\u00e0i Tu\u1ed5i Tr\u1ebb  T\u00e1c gi\u1ea3: Nguy\u1ec5n Anh D\u0169ng  Th\u01b0\u01a1ng Hi\u1ec7u: SBOOKS  Nh\u00e0 xu\u1ea5t b\u1ea3n: NXB Th\u1ebf Gi\u1edbi  N\u0103m xu\u1ea5t b\u1ea3n: 2020  Lo\u1ea1i b\u00eca: B\u00eca m\u1ec1m  Kh\u1ed5: 13x20 cm  S\u1ed1 trang: 164  ISBN: 9786047778126\" \/>\n<meta property=\"og:url\" content=\"https:\/\/sachkhaitam.store\/index.php\/product\/dung-phi-hoai-tuoi-tre-sach-khai-tam\/\" \/>\n<meta property=\"og:site_name\" content=\"sachkhaitam.store\" \/>\n<meta property=\"og:image\" content=\"https:\/\/sachkhaitam.store\/wp-content\/uploads\/2025\/07\/DUNG-PHI-HOAI-TUOI-TRE-Nguyen-Anh-Dung-Sbooks1.jpg\" \/>\n\t<meta property=\"og:image:width\" content=\"225\" \/>\n\t<meta property=\"og:image:height\" content=\"225\" \/>\n\t<meta property=\"og:image:type\" content=\"image\/jpeg\" \/>\n<meta name=\"twitter:card\" content=\"summary_large_image\" \/>\n<meta name=\"twitter:label1\" content=\"\u01af\u1edbc t\u00ednh th\u1eddi gian \u0111\u1ecdc\" \/>\n\t<meta name=\"twitter:data1\" content=\"2 ph\u00fat\" \/>\n<script type=\"application\/ld+json\" class=\"yoast-schema-graph\">{\"@context\":\"https:\/\/schema.org\",\"@graph\":[{\"@type\":\"WebPage\",\"@id\":\"https:\/\/sachkhaitam.store\/index.php\/product\/dung-phi-hoai-tuoi-tre-sach-khai-tam\/\",\"url\":\"https:\/\/sachkhaitam.store\/index.php\/product\/dung-phi-hoai-tuoi-tre-sach-khai-tam\/\",\"name\":\"\u0110U\u031b\u0300NG PHI\u0301 HOA\u0300I TUO\u0302\u0309I TRE\u0309 - sachkhaitam.store\",\"isPartOf\":{\"@id\":\"https:\/\/sachkhaitam.store\/#website\"},\"primaryImageOfPage\":{\"@id\":\"https:\/\/sachkhaitam.store\/index.php\/product\/dung-phi-hoai-tuoi-tre-sach-khai-tam\/#primaryimage\"},\"image\":{\"@id\":\"https:\/\/sachkhaitam.store\/index.php\/product\/dung-phi-hoai-tuoi-tre-sach-khai-tam\/#primaryimage\"},\"thumbnailUrl\":\"https:\/\/sachkhaitam.store\/wp-content\/uploads\/2025\/07\/DUNG-PHI-HOAI-TUOI-TRE-Nguyen-Anh-Dung-Sbooks1.jpg\",\"datePublished\":\"2025-07-28T10:22:13+00:00\",\"breadcrumb\":{\"@id\":\"https:\/\/sachkhaitam.store\/index.php\/product\/dung-phi-hoai-tuoi-tre-sach-khai-tam\/#breadcrumb\"},\"inLanguage\":\"vi\",\"potentialAction\":[{\"@type\":\"ReadAction\",\"target\":[\"https:\/\/sachkhaitam.store\/index.php\/product\/dung-phi-hoai-tuoi-tre-sach-khai-tam\/\"]}]},{\"@type\":\"ImageObject\",\"inLanguage\":\"vi\",\"@id\":\"https:\/\/sachkhaitam.store\/index.php\/product\/dung-phi-hoai-tuoi-tre-sach-khai-tam\/#primaryimage\",\"url\":\"https:\/\/sachkhaitam.store\/wp-content\/uploads\/2025\/07\/DUNG-PHI-HOAI-TUOI-TRE-Nguyen-Anh-Dung-Sbooks1.jpg\",\"contentUrl\":\"https:\/\/sachkhaitam.store\/wp-content\/uploads\/2025\/07\/DUNG-PHI-HOAI-TUOI-TRE-Nguyen-Anh-Dung-Sbooks1.jpg\",\"width\":225,\"height\":225},{\"@type\":\"BreadcrumbList\",\"@id\":\"https:\/\/sachkhaitam.store\/index.php\/product\/dung-phi-hoai-tuoi-tre-sach-khai-tam\/#breadcrumb\",\"itemListElement\":[{\"@type\":\"ListItem\",\"position\":1,\"name\":\"Trang ch\u1ee7\",\"item\":\"https:\/\/sachkhaitam.store\/\"},{\"@type\":\"ListItem\",\"position\":2,\"name\":\"Shop\",\"item\":\"https:\/\/sachkhaitam.store\/index.php\/shop\/\"},{\"@type\":\"ListItem\",\"position\":3,\"name\":\"\u0110U\u031b\u0300NG PHI\u0301 HOA\u0300I TUO\u0302\u0309I TRE\u0309\"}]},{\"@type\":\"WebSite\",\"@id\":\"https:\/\/sachkhaitam.store\/#website\",\"url\":\"https:\/\/sachkhaitam.store\/\",\"name\":\"sachkhaitam.store\",\"description\":\"sachkhaitam\",\"publisher\":{\"@id\":\"https:\/\/sachkhaitam.store\/#organization\"},\"potentialAction\":[{\"@type\":\"SearchAction\",\"target\":{\"@type\":\"EntryPoint\",\"urlTemplate\":\"https:\/\/sachkhaitam.store\/?s={search_term_string}\"},\"query-input\":{\"@type\":\"PropertyValueSpecification\",\"valueRequired\":true,\"valueName\":\"search_term_string\"}}],\"inLanguage\":\"vi\"},{\"@type\":\"Organization\",\"@id\":\"https:\/\/sachkhaitam.store\/#organization\",\"name\":\"sachkhaitam.store\",\"url\":\"https:\/\/sachkhaitam.store\/\",\"logo\":{\"@type\":\"ImageObject\",\"inLanguage\":\"vi\",\"@id\":\"https:\/\/sachkhaitam.store\/#\/schema\/logo\/image\/\",\"url\":\"https:\/\/sachkhaitam.store\/wp-content\/uploads\/2025\/07\/SACH-KHAI-TAM-01-1.svg\",\"contentUrl\":\"https:\/\/sachkhaitam.store\/wp-content\/uploads\/2025\/07\/SACH-KHAI-TAM-01-1.svg\",\"width\":900,\"height\":900,\"caption\":\"sachkhaitam.store\"},\"image\":{\"@id\":\"https:\/\/sachkhaitam.store\/#\/schema\/logo\/image\/\"}}]}<\/script>\n<!-- \/ Yoast SEO plugin. -->","yoast_head_json":{"title":"\u0110U\u031b\u0300NG PHI\u0301 HOA\u0300I TUO\u0302\u0309I TRE\u0309 - sachkhaitam.store","robots":{"index":"index","follow":"follow","max-snippet":"max-snippet:-1","max-image-preview":"max-image-preview:large","max-video-preview":"max-video-preview:-1"},"canonical":"https:\/\/sachkhaitam.store\/index.php\/product\/dung-phi-hoai-tuoi-tre-sach-khai-tam\/","og_locale":"vi_VN","og_type":"article","og_title":"\u0110U\u031b\u0300NG PHI\u0301 HOA\u0300I TUO\u0302\u0309I TRE\u0309 - sachkhaitam.store","og_description":"T\u00ean t\u00e1c ph\u1ea9m: \u0110\u1eebng Ph\u00ed Ho\u00e0i Tu\u1ed5i Tr\u1ebb  T\u00e1c gi\u1ea3: Nguy\u1ec5n Anh D\u0169ng  Th\u01b0\u01a1ng Hi\u1ec7u: SBOOKS  Nh\u00e0 xu\u1ea5t b\u1ea3n: NXB Th\u1ebf Gi\u1edbi  N\u0103m xu\u1ea5t b\u1ea3n: 2020  Lo\u1ea1i b\u00eca: B\u00eca m\u1ec1m  Kh\u1ed5: 13x20 cm  S\u1ed1 trang: 164  ISBN: 9786047778126","og_url":"https:\/\/sachkhaitam.store\/index.php\/product\/dung-phi-hoai-tuoi-tre-sach-khai-tam\/","og_site_name":"sachkhaitam.store","og_image":[{"width":225,"height":225,"url":"https:\/\/sachkhaitam.store\/wp-content\/uploads\/2025\/07\/DUNG-PHI-HOAI-TUOI-TRE-Nguyen-Anh-Dung-Sbooks1.jpg","type":"image\/jpeg"}],"twitter_card":"summary_large_image","twitter_misc":{"\u01af\u1edbc t\u00ednh th\u1eddi gian \u0111\u1ecdc":"2 ph\u00fat"},"schema":{"@context":"https:\/\/schema.org","@graph":[{"@type":"WebPage","@id":"https:\/\/sachkhaitam.store\/index.php\/product\/dung-phi-hoai-tuoi-tre-sach-khai-tam\/","url":"https:\/\/sachkhaitam.store\/index.php\/product\/dung-phi-hoai-tuoi-tre-sach-khai-tam\/","name":"\u0110U\u031b\u0300NG PHI\u0301 HOA\u0300I TUO\u0302\u0309I TRE\u0309 - sachkhaitam.store","isPartOf":{"@id":"https:\/\/sachkhaitam.store\/#website"},"primaryImageOfPage":{"@id":"https:\/\/sachkhaitam.store\/index.php\/product\/dung-phi-hoai-tuoi-tre-sach-khai-tam\/#primaryimage"},"image":{"@id":"https:\/\/sachkhaitam.store\/index.php\/product\/dung-phi-hoai-tuoi-tre-sach-khai-tam\/#primaryimage"},"thumbnailUrl":"https:\/\/sachkhaitam.store\/wp-content\/uploads\/2025\/07\/DUNG-PHI-HOAI-TUOI-TRE-Nguyen-Anh-Dung-Sbooks1.jpg","datePublished":"2025-07-28T10:22:13+00:00","breadcrumb":{"@id":"https:\/\/sachkhaitam.store\/index.php\/product\/dung-phi-hoai-tuoi-tre-sach-khai-tam\/#breadcrumb"},"inLanguage":"vi","potentialAction":[{"@type":"ReadAction","target":["https:\/\/sachkhaitam.store\/index.php\/product\/dung-phi-hoai-tuoi-tre-sach-khai-tam\/"]}]},{"@type":"ImageObject","inLanguage":"vi","@id":"https:\/\/sachkhaitam.store\/index.php\/product\/dung-phi-hoai-tuoi-tre-sach-khai-tam\/#primaryimage","url":"https:\/\/sachkhaitam.store\/wp-content\/uploads\/2025\/07\/DUNG-PHI-HOAI-TUOI-TRE-Nguyen-Anh-Dung-Sbooks1.jpg","contentUrl":"https:\/\/sachkhaitam.store\/wp-content\/uploads\/2025\/07\/DUNG-PHI-HOAI-TUOI-TRE-Nguyen-Anh-Dung-Sbooks1.jpg","width":225,"height":225},{"@type":"BreadcrumbList","@id":"https:\/\/sachkhaitam.store\/index.php\/product\/dung-phi-hoai-tuoi-tre-sach-khai-tam\/#breadcrumb","itemListElement":[{"@type":"ListItem","position":1,"name":"Trang ch\u1ee7","item":"https:\/\/sachkhaitam.store\/"},{"@type":"ListItem","position":2,"name":"Shop","item":"https:\/\/sachkhaitam.store\/index.php\/shop\/"},{"@type":"ListItem","position":3,"name":"\u0110U\u031b\u0300NG PHI\u0301 HOA\u0300I TUO\u0302\u0309I TRE\u0309"}]},{"@type":"WebSite","@id":"https:\/\/sachkhaitam.store\/#website","url":"https:\/\/sachkhaitam.store\/","name":"sachkhaitam.store","description":"sachkhaitam","publisher":{"@id":"https:\/\/sachkhaitam.store\/#organization"},"potentialAction":[{"@type":"SearchAction","target":{"@type":"EntryPoint","urlTemplate":"https:\/\/sachkhaitam.store\/?s={search_term_string}"},"query-input":{"@type":"PropertyValueSpecification","valueRequired":true,"valueName":"search_term_string"}}],"inLanguage":"vi"},{"@type":"Organization","@id":"https:\/\/sachkhaitam.store\/#organization","name":"sachkhaitam.store","url":"https:\/\/sachkhaitam.store\/","logo":{"@type":"ImageObject","inLanguage":"vi","@id":"https:\/\/sachkhaitam.store\/#\/schema\/logo\/image\/","url":"https:\/\/sachkhaitam.store\/wp-content\/uploads\/2025\/07\/SACH-KHAI-TAM-01-1.svg","contentUrl":"https:\/\/sachkhaitam.store\/wp-content\/uploads\/2025\/07\/SACH-KHAI-TAM-01-1.svg","width":900,"height":900,"caption":"sachkhaitam.store"},"image":{"@id":"https:\/\/sachkhaitam.store\/#\/schema\/logo\/image\/"}}]}},"jetpack_sharing_enabled":true,"_links":{"self":[{"href":"https:\/\/sachkhaitam.store\/index.php\/wp-json\/wp\/v2\/product\/9279","targetHints":{"allow":["GET"]}}],"collection":[{"href":"https:\/\/sachkhaitam.store\/index.php\/wp-json\/wp\/v2\/product"}],"about":[{"href":"https:\/\/sachkhaitam.store\/index.php\/wp-json\/wp\/v2\/types\/product"}],"replies":[{"embeddable":true,"href":"https:\/\/sachkhaitam.store\/index.php\/wp-json\/wp\/v2\/comments?post=9279"}],"wp:featuredmedia":[{"embeddable":true,"href":"https:\/\/sachkhaitam.store\/index.php\/wp-json\/wp\/v2\/media\/9280"}],"wp:attachment":[{"href":"https:\/\/sachkhaitam.store\/index.php\/wp-json\/wp\/v2\/media?parent=9279"}],"wp:term":[{"taxonomy":"product_cat","embeddable":true,"href":"https:\/\/sachkhaitam.store\/index.php\/wp-json\/wp\/v2\/product_cat?post=9279"},{"taxonomy":"product_tag","embeddable":true,"href":"https:\/\/sachkhaitam.store\/index.php\/wp-json\/wp\/v2\/product_tag?post=9279"}],"curies":[{"name":"wp","href":"https:\/\/api.w.org\/{rel}","templated":true}]}}