{"id":9222,"date":"2025-07-24T08:45:46","date_gmt":"2025-07-24T08:45:46","guid":{"rendered":"https:\/\/sachkhaitam.store\/?post_type=product&#038;p=9222"},"modified":"2025-07-24T08:47:23","modified_gmt":"2025-07-24T08:47:23","slug":"chien-thang-con-quy-trong-ban-sach-khai-tam","status":"publish","type":"product","link":"https:\/\/sachkhaitam.store\/index.php\/product\/chien-thang-con-quy-trong-ban-sach-khai-tam\/","title":{"rendered":"CHI\u1ebeN TH\u1eaeNG CON QU\u1ef6 TRONG B\u1ea0N"},"content":{"rendered":"<p><img fetchpriority=\"high\" decoding=\"async\" class=\"size-medium wp-image-9225 aligncenter\" src=\"https:\/\/sachkhaitam.store\/wp-content\/uploads\/2025\/07\/5-2-300x300.png\" alt=\"\" width=\"300\" height=\"300\" srcset=\"https:\/\/sachkhaitam.store\/wp-content\/uploads\/2025\/07\/5-2-300x300.png 300w, https:\/\/sachkhaitam.store\/wp-content\/uploads\/2025\/07\/5-2-1024x1024.png 1024w, https:\/\/sachkhaitam.store\/wp-content\/uploads\/2025\/07\/5-2-150x150.png 150w, https:\/\/sachkhaitam.store\/wp-content\/uploads\/2025\/07\/5-2-768x768.png 768w, https:\/\/sachkhaitam.store\/wp-content\/uploads\/2025\/07\/5-2-450x450.png 450w, https:\/\/sachkhaitam.store\/wp-content\/uploads\/2025\/07\/5-2-800x800.png 800w, https:\/\/sachkhaitam.store\/wp-content\/uploads\/2025\/07\/5-2-100x100.png 100w, https:\/\/sachkhaitam.store\/wp-content\/uploads\/2025\/07\/5-2-50x50.png 50w, https:\/\/sachkhaitam.store\/wp-content\/uploads\/2025\/07\/5-2-460x460.png 460w, https:\/\/sachkhaitam.store\/wp-content\/uploads\/2025\/07\/5-2.png 1080w\" sizes=\"(max-width: 300px) 100vw, 300px\" \/><\/p>\n<table>\n<tbody>\n<tr>\n<td>Qu\u00fd ng\u00e0y \u00c1c qu.\u1ef7 c\u00f3 m\u1ed9t l\u1eddi m\u1eddi g\u1eedi \u0111\u1ebfn b\u1ea1n! N\u1ebfu m\u1ed9t ng\u00e0y, \u00c1c qu.\u1ef7 m\u1eddi b\u1ea1n tham d\u1ef1 ti\u1ec7c tr\u00e0 c\u00f9ng n\u00f3, b\u1ea1n s\u1ebd l\u00e0m g\u00ec? Ki\u00eau h\u00e3nh t\u1edbi \u0111\u00f3 v\u00e0 t\u1ef1 tin r\u1eb1ng ta ch\u1eb3ng ph\u1ea3i s\u1ee3 ph\u1ea7n \u00c1c n\u00e0o \u0111ang \u0111e d\u1ecd.a. Hay nh\u00fat nh\u00e1t, r\u1ee5t r\u00e8 m\u00e0 c\u00fai \u0111\u1ea7u \u0111\u1ec3 nghe nh\u1eefng ch\u1ec9 th\u1ecb m\u00e0 n\u00f3 bu\u1ed9c b\u1ea1n l\u00e0m theo?<br \/>\nChi\u1ebfn th\u1eafng con qu.\u1ef7 trong b\u1ea1n &#8211; cu\u1ed1n s\u00e1ch c\u1ee7a Napoleon Hill s\u1ebd mang \u0111\u1ebfn cho b\u1ea1n m\u1ed9t tr\u1ea3i nghi\u1ec7m kh\u00e1c bi\u1ec7t v\u1ec1 vi\u1ec7c \u0111\u1ed1i di\u1ec7n, \u0111\u1ea5u tr\u00ed \u0111\u1ea5u d\u0169ng v\u00e0 chi\u1ebfn th\u1eafng ph\u1ea7n \u201cCon\u201d lu\u00f4n h\u0103m h\u1edf th\u1ed1ng tr\u1ecb ph\u1ea7n \u201cNg\u01b0\u1eddi\u201d \u1ea5y.<br \/>\nKh\u00f4ng ai s\u1ed1ng trong m\u1ed9t Thi\u00ean \u0111\u01b0\u1eddng v\u1edbi m\u1ed9t Thi\u00ean th\u1ea7n duy nh\u1ea5t, gi\u1ed1ng nh\u01b0 v\u1ea1n v\u1eadt c\u00f3 hai th\u00e1i c\u1ef1c \u00e2m d\u01b0\u01a1ng, trong con ng\u01b0\u1eddi lu\u00f4n t\u1ed3n t\u1ea1i song song Thi\u00ean th\u1ea7n v\u00e0 \u00c1c qu.\u1ef7. Thi\u00ean th\u1ea7n l\u00e0 th\u1ee9 \u00e1nh s\u00e1ng d\u1eabn \u0111\u01b0\u1eddng b\u1ea1n \u0111\u1ebfn nh\u1eefng ph\u01b0\u1edbc l\u00e0nh, nh\u1eefng h\u00e0nh vi t\u1ed1t, nh\u1eefng \u0111\u1ea1o \u0111\u1ee9c \u0111\u00e1ng ng\u01b0\u1ee1ng m\u1ed9. Nh\u01b0ng \u00c1c qu\u1ef7 &#8211; m\u1ed9t b\u1ea3n th\u1ec3 \u0111\u1ea7y c\u00e1m d\u1ed7 kh\u00f4ng bao gi\u1edd ch\u1ecbu thua, l\u00fac n\u00e0o c\u0169ng ch\u1edd \u0111\u1ee3i m\u1ed9t l\u1ed7 h\u1ed5ng trong k\u1ebft gi\u1edbi \u00fd ch\u00ed \u0111\u1ec3 x\u00e2m chi\u1ebfm m\u1ea3nh \u0111\u1ea5t t\u00e2m th\u1ee9c v\u00e0 thao t\u00fang b\u1ea1n.<br \/>\nNapoleon Hill s\u1ebd d\u1eabn b\u1ea1n \u0111i v\u00e0o v\u00f9ng t\u1ed1i s\u00e2u th\u1eb3m c\u1ee7a t\u00e2m th\u1ee9c, n\u01a1i nh\u1eefng cu\u1ed9c th\u00fa t\u1ed9i s\u1ebd di\u1ec5n ra, n\u01a1i Qu\u00fd ng\u00e0i \u00c1c qu.\u1ef7 h\u1ea3 h\u00ea v\u00ec nh\u1eefng tr\u00f2 ti\u00eau khi\u1ec3n nh\u01b0 bu\u1ed9c m\u1ed9t con ng\u01b0\u1eddi tr\u1edf n\u00ean y\u1ebfu h\u00e8n v\u00e0 m\u00ea ho\u1eb7c, c\u00e1m d\u1ed7 b\u1eb1ng s\u1ef1 l\u01b0\u1eddi bi\u1ebfng, s\u1ef1 cu\u1ed3ng t\u00edn. Nh\u01b0ng c\u0169ng t\u1eeb trong cu\u1ed9c \u0111\u1ed1i tho\u1ea1i v\u1edbi c\u00e1i \u00e1c, Napoleon Hill ti\u1ebft l\u1ed9 cho b\u1ea1n bi\u1ebft b\u1ea1n ph\u1ea3i v\u1eadn d\u1ee5ng ngh\u1ecbch c\u1ea3nh nh\u01b0 th\u1ebf n\u00e0o, x\u00e2y d\u1ef1ng k\u1ef7 lu\u1eadt t\u1ef1 nh\u00e2n v\u00e0 c\u00e1c \u0111\u1ee9c t\u00ednh quan tr\u1ecdng \u0111\u1ec3 l\u00e0m ch\u1ee7 t\u1ed1t b\u1ea3n th\u00e2n m\u00ecnh.Nh\u1eefng con ng\u01b0\u1eddi bu\u00f4ng th\u1ea3 l\u00e0 nh\u1eefng con ng\u01b0\u1eddi cho ph\u00e9p m\u00ecnh b\u1ecb \u1ea3nh h\u01b0\u1edfng v\u00e0 \u0111i\u1ec1u khi\u1ec3n b\u1edfi nh\u1eefng ho\u00e0n c\u1ea3nh b\u00ean ngo\u00e0i t\u00e2m tr\u00ed c\u1ee7a h\u1ecd. \u0110\u00f3 l\u00e0 l\u1eddi c\u1ee7a Qu\u00fd ng\u00e0i \u00c1c qu.\u1ef7. N\u1ebfu kh\u00f4ng mu\u1ed1n b\u1ecb Qu\u00fd ng\u00e0i n\u00e0y x\u00e2m chi\u1ebfm cu\u1ed9c s\u1ed1ng c\u1ee7a b\u1ea1n su\u1ed1t kho\u1ea3ng th\u1eddi gian t\u1ed3n t\u1ea1i tr\u00ean \u0111\u1eddi, b\u1ea1n c\u1ea7n ph\u1ea3i b\u01b0\u1edbc v\u00e0o cu\u1ed9c chi\u1ebfn th\u1ef1c s\u1ef1 v\u1edbi ph\u1ea7n \u201cCon\u201d c\u1ee7a b\u1ea3n th\u00e2n, d\u1ef1a tr\u00ean nh\u1eefng h\u01b0\u1edbng d\u1eabn h\u1eefu \u00edch t\u1eeb Napoleon Hill.<\/td>\n<\/tr>\n<\/tbody>\n<\/table>\n","protected":false},"excerpt":{"rendered":"<ul>\n<li>T\u00ean t\u00e1c ph\u1ea9m: Chi\u1ebfn Th\u1eafng Con Qu\u1ef7 Trong B\u1ea1n<\/li>\n<li>Th\u1ec3 lo\u1ea1i: S\u00e1ch Ph\u00e1t Tri\u1ec3n B\u1ea3n Th\u00e2n<\/li>\n<li>Th\u01b0\u01a1ng Hi\u1ec7u: Sbooks<\/li>\n<li>Nh\u00e0 xu\u1ea5t b\u1ea3n: NXB V\u0103n H\u1ecdc<\/li>\n<li>N\u0103m xu\u1ea5t b\u1ea3n: 2023<\/li>\n<li>Lo\u1ea1i b\u00eca: B\u00eca m\u1ec1m<\/li>\n<li>Kh\u1ed5: 14.5&#215;20.5<\/li>\n<li>S\u1ed1 trang: 268<\/li>\n<\/ul>\n","protected":false},"featured_media":9230,"comment_status":"open","ping_status":"closed","template":"","meta":[],"product_cat":[69,67],"product_tag":[95,96],"class_list":{"0":"post-9222","1":"product","2":"type-product","3":"status-publish","4":"has-post-thumbnail","6":"product_cat-huong-nghiep-phat-trien-ban-than","7":"product_cat-sach-danh-cho-gioi-tre","8":"product_tag-chien-thang-con-quy-trong-ban","9":"product_tag-sach-chien-thang-con-quy-trong-ban","11":"first","12":"instock","13":"shipping-taxable","14":"purchasable","15":"product-type-simple"},"yoast_head":"<!-- This site is optimized with the Yoast SEO plugin v25.3 - https:\/\/yoast.com\/wordpress\/plugins\/seo\/ -->\n<title>CHI\u1ebeN TH\u1eaeNG CON QU\u1ef6 TRONG B\u1ea0N - sachkhaitam.store<\/title>\n<meta name=\"robots\" content=\"index, follow, max-snippet:-1, max-image-preview:large, max-video-preview:-1\" \/>\n<link rel=\"canonical\" href=\"https:\/\/sachkhaitam.store\/index.php\/product\/chien-thang-con-quy-trong-ban-sach-khai-tam\/\" \/>\n<meta property=\"og:locale\" content=\"vi_VN\" \/>\n<meta property=\"og:type\" content=\"article\" \/>\n<meta property=\"og:title\" content=\"CHI\u1ebeN TH\u1eaeNG CON QU\u1ef6 TRONG B\u1ea0N - sachkhaitam.store\" \/>\n<meta property=\"og:description\" content=\"T\u00ean t\u00e1c ph\u1ea9m: Chi\u1ebfn Th\u1eafng Con Qu\u1ef7 Trong B\u1ea1n  Th\u1ec3 lo\u1ea1i: S\u00e1ch Ph\u00e1t Tri\u1ec3n B\u1ea3n Th\u00e2n  Th\u01b0\u01a1ng Hi\u1ec7u: Sbooks  Nh\u00e0 xu\u1ea5t b\u1ea3n: NXB V\u0103n H\u1ecdc  N\u0103m xu\u1ea5t b\u1ea3n: 2023  Lo\u1ea1i b\u00eca: B\u00eca m\u1ec1m  Kh\u1ed5: 14.5x20.5  S\u1ed1 trang: 268\" \/>\n<meta property=\"og:url\" content=\"https:\/\/sachkhaitam.store\/index.php\/product\/chien-thang-con-quy-trong-ban-sach-khai-tam\/\" \/>\n<meta property=\"og:site_name\" content=\"sachkhaitam.store\" \/>\n<meta property=\"article:modified_time\" content=\"2025-07-24T08:47:23+00:00\" \/>\n<meta property=\"og:image\" content=\"https:\/\/sachkhaitam.store\/wp-content\/uploads\/2025\/07\/Chien-thang-con-quy-trong-ban.png\" \/>\n\t<meta property=\"og:image:width\" content=\"1080\" \/>\n\t<meta property=\"og:image:height\" content=\"1080\" \/>\n\t<meta property=\"og:image:type\" content=\"image\/png\" \/>\n<meta name=\"twitter:card\" content=\"summary_large_image\" \/>\n<meta name=\"twitter:label1\" content=\"\u01af\u1edbc t\u00ednh th\u1eddi gian \u0111\u1ecdc\" \/>\n\t<meta name=\"twitter:data1\" content=\"3 ph\u00fat\" \/>\n<script type=\"application\/ld+json\" class=\"yoast-schema-graph\">{\"@context\":\"https:\/\/schema.org\",\"@graph\":[{\"@type\":\"WebPage\",\"@id\":\"https:\/\/sachkhaitam.store\/index.php\/product\/chien-thang-con-quy-trong-ban-sach-khai-tam\/\",\"url\":\"https:\/\/sachkhaitam.store\/index.php\/product\/chien-thang-con-quy-trong-ban-sach-khai-tam\/\",\"name\":\"CHI\u1ebeN TH\u1eaeNG CON QU\u1ef6 TRONG B\u1ea0N - sachkhaitam.store\",\"isPartOf\":{\"@id\":\"https:\/\/sachkhaitam.store\/#website\"},\"primaryImageOfPage\":{\"@id\":\"https:\/\/sachkhaitam.store\/index.php\/product\/chien-thang-con-quy-trong-ban-sach-khai-tam\/#primaryimage\"},\"image\":{\"@id\":\"https:\/\/sachkhaitam.store\/index.php\/product\/chien-thang-con-quy-trong-ban-sach-khai-tam\/#primaryimage\"},\"thumbnailUrl\":\"https:\/\/sachkhaitam.store\/wp-content\/uploads\/2025\/07\/Chien-thang-con-quy-trong-ban.png\",\"datePublished\":\"2025-07-24T08:45:46+00:00\",\"dateModified\":\"2025-07-24T08:47:23+00:00\",\"breadcrumb\":{\"@id\":\"https:\/\/sachkhaitam.store\/index.php\/product\/chien-thang-con-quy-trong-ban-sach-khai-tam\/#breadcrumb\"},\"inLanguage\":\"vi\",\"potentialAction\":[{\"@type\":\"ReadAction\",\"target\":[\"https:\/\/sachkhaitam.store\/index.php\/product\/chien-thang-con-quy-trong-ban-sach-khai-tam\/\"]}]},{\"@type\":\"ImageObject\",\"inLanguage\":\"vi\",\"@id\":\"https:\/\/sachkhaitam.store\/index.php\/product\/chien-thang-con-quy-trong-ban-sach-khai-tam\/#primaryimage\",\"url\":\"https:\/\/sachkhaitam.store\/wp-content\/uploads\/2025\/07\/Chien-thang-con-quy-trong-ban.png\",\"contentUrl\":\"https:\/\/sachkhaitam.store\/wp-content\/uploads\/2025\/07\/Chien-thang-con-quy-trong-ban.png\",\"width\":1080,\"height\":1080},{\"@type\":\"BreadcrumbList\",\"@id\":\"https:\/\/sachkhaitam.store\/index.php\/product\/chien-thang-con-quy-trong-ban-sach-khai-tam\/#breadcrumb\",\"itemListElement\":[{\"@type\":\"ListItem\",\"position\":1,\"name\":\"Trang ch\u1ee7\",\"item\":\"https:\/\/sachkhaitam.store\/\"},{\"@type\":\"ListItem\",\"position\":2,\"name\":\"Shop\",\"item\":\"https:\/\/sachkhaitam.store\/index.php\/shop\/\"},{\"@type\":\"ListItem\",\"position\":3,\"name\":\"CHI\u1ebeN TH\u1eaeNG CON QU\u1ef6 TRONG B\u1ea0N\"}]},{\"@type\":\"WebSite\",\"@id\":\"https:\/\/sachkhaitam.store\/#website\",\"url\":\"https:\/\/sachkhaitam.store\/\",\"name\":\"sachkhaitam.store\",\"description\":\"sachkhaitam\",\"publisher\":{\"@id\":\"https:\/\/sachkhaitam.store\/#organization\"},\"potentialAction\":[{\"@type\":\"SearchAction\",\"target\":{\"@type\":\"EntryPoint\",\"urlTemplate\":\"https:\/\/sachkhaitam.store\/?s={search_term_string}\"},\"query-input\":{\"@type\":\"PropertyValueSpecification\",\"valueRequired\":true,\"valueName\":\"search_term_string\"}}],\"inLanguage\":\"vi\"},{\"@type\":\"Organization\",\"@id\":\"https:\/\/sachkhaitam.store\/#organization\",\"name\":\"sachkhaitam.store\",\"url\":\"https:\/\/sachkhaitam.store\/\",\"logo\":{\"@type\":\"ImageObject\",\"inLanguage\":\"vi\",\"@id\":\"https:\/\/sachkhaitam.store\/#\/schema\/logo\/image\/\",\"url\":\"https:\/\/sachkhaitam.store\/wp-content\/uploads\/2025\/07\/SACH-KHAI-TAM-01-1.svg\",\"contentUrl\":\"https:\/\/sachkhaitam.store\/wp-content\/uploads\/2025\/07\/SACH-KHAI-TAM-01-1.svg\",\"width\":900,\"height\":900,\"caption\":\"sachkhaitam.store\"},\"image\":{\"@id\":\"https:\/\/sachkhaitam.store\/#\/schema\/logo\/image\/\"}}]}<\/script>\n<!-- \/ Yoast SEO plugin. -->","yoast_head_json":{"title":"CHI\u1ebeN TH\u1eaeNG CON QU\u1ef6 TRONG B\u1ea0N - sachkhaitam.store","robots":{"index":"index","follow":"follow","max-snippet":"max-snippet:-1","max-image-preview":"max-image-preview:large","max-video-preview":"max-video-preview:-1"},"canonical":"https:\/\/sachkhaitam.store\/index.php\/product\/chien-thang-con-quy-trong-ban-sach-khai-tam\/","og_locale":"vi_VN","og_type":"article","og_title":"CHI\u1ebeN TH\u1eaeNG CON QU\u1ef6 TRONG B\u1ea0N - sachkhaitam.store","og_description":"T\u00ean t\u00e1c ph\u1ea9m: Chi\u1ebfn Th\u1eafng Con Qu\u1ef7 Trong B\u1ea1n  Th\u1ec3 lo\u1ea1i: S\u00e1ch Ph\u00e1t Tri\u1ec3n B\u1ea3n Th\u00e2n  Th\u01b0\u01a1ng Hi\u1ec7u: Sbooks  Nh\u00e0 xu\u1ea5t b\u1ea3n: NXB V\u0103n H\u1ecdc  N\u0103m xu\u1ea5t b\u1ea3n: 2023  Lo\u1ea1i b\u00eca: B\u00eca m\u1ec1m  Kh\u1ed5: 14.5x20.5  S\u1ed1 trang: 268","og_url":"https:\/\/sachkhaitam.store\/index.php\/product\/chien-thang-con-quy-trong-ban-sach-khai-tam\/","og_site_name":"sachkhaitam.store","article_modified_time":"2025-07-24T08:47:23+00:00","og_image":[{"width":1080,"height":1080,"url":"https:\/\/sachkhaitam.store\/wp-content\/uploads\/2025\/07\/Chien-thang-con-quy-trong-ban.png","type":"image\/png"}],"twitter_card":"summary_large_image","twitter_misc":{"\u01af\u1edbc t\u00ednh th\u1eddi gian \u0111\u1ecdc":"3 ph\u00fat"},"schema":{"@context":"https:\/\/schema.org","@graph":[{"@type":"WebPage","@id":"https:\/\/sachkhaitam.store\/index.php\/product\/chien-thang-con-quy-trong-ban-sach-khai-tam\/","url":"https:\/\/sachkhaitam.store\/index.php\/product\/chien-thang-con-quy-trong-ban-sach-khai-tam\/","name":"CHI\u1ebeN TH\u1eaeNG CON QU\u1ef6 TRONG B\u1ea0N - sachkhaitam.store","isPartOf":{"@id":"https:\/\/sachkhaitam.store\/#website"},"primaryImageOfPage":{"@id":"https:\/\/sachkhaitam.store\/index.php\/product\/chien-thang-con-quy-trong-ban-sach-khai-tam\/#primaryimage"},"image":{"@id":"https:\/\/sachkhaitam.store\/index.php\/product\/chien-thang-con-quy-trong-ban-sach-khai-tam\/#primaryimage"},"thumbnailUrl":"https:\/\/sachkhaitam.store\/wp-content\/uploads\/2025\/07\/Chien-thang-con-quy-trong-ban.png","datePublished":"2025-07-24T08:45:46+00:00","dateModified":"2025-07-24T08:47:23+00:00","breadcrumb":{"@id":"https:\/\/sachkhaitam.store\/index.php\/product\/chien-thang-con-quy-trong-ban-sach-khai-tam\/#breadcrumb"},"inLanguage":"vi","potentialAction":[{"@type":"ReadAction","target":["https:\/\/sachkhaitam.store\/index.php\/product\/chien-thang-con-quy-trong-ban-sach-khai-tam\/"]}]},{"@type":"ImageObject","inLanguage":"vi","@id":"https:\/\/sachkhaitam.store\/index.php\/product\/chien-thang-con-quy-trong-ban-sach-khai-tam\/#primaryimage","url":"https:\/\/sachkhaitam.store\/wp-content\/uploads\/2025\/07\/Chien-thang-con-quy-trong-ban.png","contentUrl":"https:\/\/sachkhaitam.store\/wp-content\/uploads\/2025\/07\/Chien-thang-con-quy-trong-ban.png","width":1080,"height":1080},{"@type":"BreadcrumbList","@id":"https:\/\/sachkhaitam.store\/index.php\/product\/chien-thang-con-quy-trong-ban-sach-khai-tam\/#breadcrumb","itemListElement":[{"@type":"ListItem","position":1,"name":"Trang ch\u1ee7","item":"https:\/\/sachkhaitam.store\/"},{"@type":"ListItem","position":2,"name":"Shop","item":"https:\/\/sachkhaitam.store\/index.php\/shop\/"},{"@type":"ListItem","position":3,"name":"CHI\u1ebeN TH\u1eaeNG CON QU\u1ef6 TRONG B\u1ea0N"}]},{"@type":"WebSite","@id":"https:\/\/sachkhaitam.store\/#website","url":"https:\/\/sachkhaitam.store\/","name":"sachkhaitam.store","description":"sachkhaitam","publisher":{"@id":"https:\/\/sachkhaitam.store\/#organization"},"potentialAction":[{"@type":"SearchAction","target":{"@type":"EntryPoint","urlTemplate":"https:\/\/sachkhaitam.store\/?s={search_term_string}"},"query-input":{"@type":"PropertyValueSpecification","valueRequired":true,"valueName":"search_term_string"}}],"inLanguage":"vi"},{"@type":"Organization","@id":"https:\/\/sachkhaitam.store\/#organization","name":"sachkhaitam.store","url":"https:\/\/sachkhaitam.store\/","logo":{"@type":"ImageObject","inLanguage":"vi","@id":"https:\/\/sachkhaitam.store\/#\/schema\/logo\/image\/","url":"https:\/\/sachkhaitam.store\/wp-content\/uploads\/2025\/07\/SACH-KHAI-TAM-01-1.svg","contentUrl":"https:\/\/sachkhaitam.store\/wp-content\/uploads\/2025\/07\/SACH-KHAI-TAM-01-1.svg","width":900,"height":900,"caption":"sachkhaitam.store"},"image":{"@id":"https:\/\/sachkhaitam.store\/#\/schema\/logo\/image\/"}}]}},"jetpack_sharing_enabled":true,"_links":{"self":[{"href":"https:\/\/sachkhaitam.store\/index.php\/wp-json\/wp\/v2\/product\/9222","targetHints":{"allow":["GET"]}}],"collection":[{"href":"https:\/\/sachkhaitam.store\/index.php\/wp-json\/wp\/v2\/product"}],"about":[{"href":"https:\/\/sachkhaitam.store\/index.php\/wp-json\/wp\/v2\/types\/product"}],"replies":[{"embeddable":true,"href":"https:\/\/sachkhaitam.store\/index.php\/wp-json\/wp\/v2\/comments?post=9222"}],"wp:featuredmedia":[{"embeddable":true,"href":"https:\/\/sachkhaitam.store\/index.php\/wp-json\/wp\/v2\/media\/9230"}],"wp:attachment":[{"href":"https:\/\/sachkhaitam.store\/index.php\/wp-json\/wp\/v2\/media?parent=9222"}],"wp:term":[{"taxonomy":"product_cat","embeddable":true,"href":"https:\/\/sachkhaitam.store\/index.php\/wp-json\/wp\/v2\/product_cat?post=9222"},{"taxonomy":"product_tag","embeddable":true,"href":"https:\/\/sachkhaitam.store\/index.php\/wp-json\/wp\/v2\/product_tag?post=9222"}],"curies":[{"name":"wp","href":"https:\/\/api.w.org\/{rel}","templated":true}]}}