{"id":9212,"date":"2025-07-22T08:42:10","date_gmt":"2025-07-22T08:42:10","guid":{"rendered":"https:\/\/sachkhaitam.store\/?post_type=product&#038;p=9212"},"modified":"2025-07-22T08:42:30","modified_gmt":"2025-07-22T08:42:30","slug":"hien-tai-thay-doi-quoc-gia-sach-khai-tam","status":"publish","type":"product","link":"https:\/\/sachkhaitam.store\/index.php\/product\/hien-tai-thay-doi-quoc-gia-sach-khai-tam\/","title":{"rendered":"HI\u1ec0N T\u00c0I THAY \u0110\u1ed4I QU\u1ed0C GIA"},"content":{"rendered":"<table width=\"231\">\n<tbody>\n<tr>\n<td width=\"231\">D\u00e2n ta ph\u1ea3i bi\u1ebft s\u1eed ta<br \/>\nCho t\u01b0\u1eddng g\u1ed1c t\u00edch n\u01b0\u1edbc nh\u00e0 Vi\u1ec7t Nam.<br \/>\n(Ch\u1ee7 t\u1ecbch H\u1ed3 Ch\u00ed Minh)<br \/>\nTrong b\u00f3ng d\u00e1ng c\u1ee7a \u0111\u1ea5t n\u01b0\u1edbc ki\u00eau h\u00f9ng l\u00e0 b\u00f3ng c\u1ee7a nh\u1eefng ng\u01b0\u1eddi \u0111\u00e3 ng\u00e3 xu\u1ed1ng \u0111\u1ec3 mai n\u00e0y m\u1ea7m t\u1ed5 qu\u1ed1c non xanh. H\u1ecd l\u00e0 nh\u1eefng &#8220;t\u01b0\u1ee3ng \u0111\u00e0i&#8221;, c\u00e2u chuy\u1ec7n v\u1ec1 h\u1ecd l\u00e0 &#8220;d\u1ea5u t\u00edch l\u1ecbch s\u1eed&#8221;, m\u1ed7i l\u1ea7n ch\u00fang ta kh\u01a1i d\u1eady d\u1ea5u t\u00edch \u1ea5y, l\u00e0 m\u1ed9t l\u1ea7n ch\u00fang ta kh\u1eafc ghi k\u1ef9 l\u01b0\u1ee1ng h\u01a1n \u00e2m h\u01b0\u1edfng th\u1eddi \u0111\u1ea1i m\u00e0 nh\u1eefng con ng\u01b0\u1eddi tr\u00ed ki\u1ec7t \u0111\u00e3 s\u1ed1ng, \u0111\u1ec3 t\u1ef1 h\u00e0o, \u0111\u1ec3 k\u00ednh ng\u01b0\u1ee1ng, v\u00e0 \u0111\u1ea7y \u0111\u1eb7n h\u01a1n l\u00f2ng t\u1ef1 t\u00f4n d\u00e2n t\u1ed9c.<br \/>\n\u201cHi\u1ec1n t\u00e0i thay \u0111\u1ed5i qu\u1ed1c gia\u201d l\u00e0 tuy\u1ec3n h\u1ee3p nh\u1eefng b\u1ee9c ch\u00e2n dung, nh\u1eefng ng\u00f4n t\u1eeb h\u1ecda c\u1ea3nh x\u01b0a sinh \u0111\u1ed9ng v\u1ec1 nh\u1eefng v\u1ecb danh nh\u00e2n t\u00e0i \u0111\u1ee9c \u1ea5y. C\u00f3 ng\u01b0\u1eddi l\u00e0 \u0111\u1ea5ng minh qu\u00e2n, l\u00e0 b\u1eadc d\u0169ng t\u01b0\u1edbng, c\u00f3 ng\u01b0\u1eddi l\u00e0 trang anh h\u00f9ng, l\u00e0 b\u1eadc k\u1ef3 t\u00e0i th\u00f4ng v\u0103n &#8211; ngh\u1ec7 v\u00f5 v\u00e0 \u0111\u00e3 l\u1eadp nhi\u1ec1u c\u00f4ng lao \u0111\u01b0\u1ee3c l\u01b0u danh s\u1eed s\u00e1ch h\u00f9ng thi\u00eang. Sau nh\u1eefng \u0111i\u1ec1u \u0111\u00f3, h\u1ecd c\u0169ng c\u00f3 nh\u1eefng \u0111o\u1ea1n tr\u01b0\u1eddng cu\u1ed9c \u0111\u1eddi, nh\u1eefng n\u1ed7i ni\u1ec1m \u01b0u t\u01b0. Ch\u1ec9 e l\u00e0 qua th\u1eddi gian mai h\u1eadu c\u00f3 th\u1ec3 s\u1ebd l\u00e3ng qu\u00ean. Th\u1ebf n\u00ean c\u1ea7n k\u00edp bi\u1ebft m\u1ea5y khi bi\u00ean so\u1ea1n cu\u1ed1n s\u00e1ch tr\u00ean tinh th\u1ea7n \u0111\u1ec3 m\u1ed7i ng\u01b0\u1eddi l\u00e0 con d\u00e2n \u0111\u1ea5t Vi\u1ec7t s\u1ed1ng d\u01b0\u1edbi bu\u1ed5i th\u00e1i b\u00ecnh gi\u1edd c\u00f3 th\u1ec3 t\u00ecm ki\u1ebfm v\u00e0 l\u1eadt gi\u1edf l\u1ea1i, th\u00eam l\u00f2ng k\u00ednh nh\u1edb, bi\u1ebft \u01a1n, \u0111\u1eb7c bi\u1ec7t l\u00e0 th\u1ea5y \u0111\u01b0\u1ee3c s\u1ef1 th\u00e2n t\u00ecnh th\u00ec l\u1ea5y l\u00e0m qu\u00fd h\u00f3a bi\u1ebft bao. \u0110\u1ec3 khi \u0111\u00e3 th\u1ea5y hi\u1ec3u v\u00e0 g\u1ea7n g\u0169i h\u01a1n, m\u1ed7i ng\u01b0\u1eddi con \u0111\u1ea5t Vi\u1ec7t l\u1ea1i ti\u1ebfp t\u1ee5c noi theo g\u01b0\u01a1ng cha \u00f4ng, y\u00eau n\u01b0\u1edbc, ngoan c\u01b0\u1eddng v\u00e0 lu\u00f4n mang tinh th\u1ea7n hi\u1ebfu tri m\u00e0 l\u00e0m cho \u0111\u1ea5t n\u01b0\u1edbc ng\u00e0y c\u00e0ng th\u00eam x\u00e1n l\u1ea1n, t\u1ef1 h\u00e0o thi\u00ean c\u1ed5 h\u00e0o kh\u00ed Vi\u1ec7t Nam.<img fetchpriority=\"high\" decoding=\"async\" class=\" wp-image-9215 aligncenter\" src=\"https:\/\/sachkhaitam.store\/wp-content\/uploads\/2025\/07\/hien-tai-03-300x225.png\" alt=\"\" width=\"487\" height=\"365\" srcset=\"https:\/\/sachkhaitam.store\/wp-content\/uploads\/2025\/07\/hien-tai-03-300x225.png 300w, https:\/\/sachkhaitam.store\/wp-content\/uploads\/2025\/07\/hien-tai-03-1024x768.png 1024w, https:\/\/sachkhaitam.store\/wp-content\/uploads\/2025\/07\/hien-tai-03-768x576.png 768w, https:\/\/sachkhaitam.store\/wp-content\/uploads\/2025\/07\/hien-tai-03-1536x1152.png 1536w, https:\/\/sachkhaitam.store\/wp-content\/uploads\/2025\/07\/hien-tai-03-2048x1536.png 2048w, https:\/\/sachkhaitam.store\/wp-content\/uploads\/2025\/07\/hien-tai-03-1320x990.png 1320w, https:\/\/sachkhaitam.store\/wp-content\/uploads\/2025\/07\/hien-tai-03-450x338.png 450w, https:\/\/sachkhaitam.store\/wp-content\/uploads\/2025\/07\/hien-tai-03-800x600.png 800w\" sizes=\"(max-width: 487px) 100vw, 487px\" \/><\/td>\n<\/tr>\n<\/tbody>\n<\/table>\n","protected":false},"excerpt":{"rendered":"<ul>\n<li>T\u00ean t\u00e1c ph\u1ea9m: Hi\u1ec1n T\u00e0i Thay \u0110\u1ed5i Qu\u1ed1c Gia<\/li>\n<li>T\u00e1c gi\u1ea3: Nhi\u1ec1u t\u00e1c gi\u1ea3<\/li>\n<li>Th\u01b0\u01a1ng Hi\u1ec7u: SBOOKS<\/li>\n<li>Nh\u00e0 xu\u1ea5t b\u1ea3n: NXB V\u0103n H\u1ecdc<\/li>\n<li>N\u0103m xu\u1ea5t b\u1ea3n: 2025<\/li>\n<li>Lo\u1ea1i b\u00eca: B\u00eca m\u1ec1m<\/li>\n<li>Kh\u1ed5: 13 x 20,5 cm<\/li>\n<li>S\u1ed1 trang: 236<\/li>\n<\/ul>\n","protected":false},"featured_media":9218,"comment_status":"open","ping_status":"closed","template":"","meta":[],"product_cat":[69,67],"product_tag":[91,92],"class_list":{"0":"post-9212","1":"product","2":"type-product","3":"status-publish","4":"has-post-thumbnail","6":"product_cat-huong-nghiep-phat-trien-ban-than","7":"product_cat-sach-danh-cho-gioi-tre","8":"product_tag-hien-tai-thay-doi-quoc-gia","9":"product_tag-sach-hien-tai-thay-doi-quoc-gia","11":"first","12":"instock","13":"shipping-taxable","14":"purchasable","15":"product-type-simple"},"yoast_head":"<!-- This site is optimized with the Yoast SEO plugin v25.3 - https:\/\/yoast.com\/wordpress\/plugins\/seo\/ -->\n<title>HI\u1ec0N T\u00c0I THAY \u0110\u1ed4I QU\u1ed0C GIA - sachkhaitam.store<\/title>\n<meta name=\"robots\" content=\"index, follow, max-snippet:-1, max-image-preview:large, max-video-preview:-1\" \/>\n<link rel=\"canonical\" href=\"https:\/\/sachkhaitam.store\/index.php\/product\/hien-tai-thay-doi-quoc-gia-sach-khai-tam\/\" \/>\n<meta property=\"og:locale\" content=\"vi_VN\" \/>\n<meta property=\"og:type\" content=\"article\" \/>\n<meta property=\"og:title\" content=\"HI\u1ec0N T\u00c0I THAY \u0110\u1ed4I QU\u1ed0C GIA - sachkhaitam.store\" \/>\n<meta property=\"og:description\" content=\"T\u00ean t\u00e1c ph\u1ea9m: Hi\u1ec1n T\u00e0i Thay \u0110\u1ed5i Qu\u1ed1c Gia  T\u00e1c gi\u1ea3: Nhi\u1ec1u t\u00e1c gi\u1ea3  Th\u01b0\u01a1ng Hi\u1ec7u: SBOOKS  Nh\u00e0 xu\u1ea5t b\u1ea3n: NXB V\u0103n H\u1ecdc  N\u0103m xu\u1ea5t b\u1ea3n: 2025  Lo\u1ea1i b\u00eca: B\u00eca m\u1ec1m  Kh\u1ed5: 13 x 20,5 cm  S\u1ed1 trang: 236\" \/>\n<meta property=\"og:url\" content=\"https:\/\/sachkhaitam.store\/index.php\/product\/hien-tai-thay-doi-quoc-gia-sach-khai-tam\/\" \/>\n<meta property=\"og:site_name\" content=\"sachkhaitam.store\" \/>\n<meta property=\"article:modified_time\" content=\"2025-07-22T08:42:30+00:00\" \/>\n<meta property=\"og:image\" content=\"https:\/\/sachkhaitam.store\/wp-content\/uploads\/2025\/07\/hien-tai-05-662x1024.png\" \/>\n\t<meta property=\"og:image:width\" content=\"662\" \/>\n\t<meta property=\"og:image:height\" content=\"1024\" \/>\n\t<meta property=\"og:image:type\" content=\"image\/png\" \/>\n<meta name=\"twitter:card\" content=\"summary_large_image\" \/>\n<meta name=\"twitter:label1\" content=\"\u01af\u1edbc t\u00ednh th\u1eddi gian \u0111\u1ecdc\" \/>\n\t<meta name=\"twitter:data1\" content=\"3 ph\u00fat\" \/>\n<script type=\"application\/ld+json\" class=\"yoast-schema-graph\">{\"@context\":\"https:\/\/schema.org\",\"@graph\":[{\"@type\":\"WebPage\",\"@id\":\"https:\/\/sachkhaitam.store\/index.php\/product\/hien-tai-thay-doi-quoc-gia-sach-khai-tam\/\",\"url\":\"https:\/\/sachkhaitam.store\/index.php\/product\/hien-tai-thay-doi-quoc-gia-sach-khai-tam\/\",\"name\":\"HI\u1ec0N T\u00c0I THAY \u0110\u1ed4I QU\u1ed0C GIA - sachkhaitam.store\",\"isPartOf\":{\"@id\":\"https:\/\/sachkhaitam.store\/#website\"},\"primaryImageOfPage\":{\"@id\":\"https:\/\/sachkhaitam.store\/index.php\/product\/hien-tai-thay-doi-quoc-gia-sach-khai-tam\/#primaryimage\"},\"image\":{\"@id\":\"https:\/\/sachkhaitam.store\/index.php\/product\/hien-tai-thay-doi-quoc-gia-sach-khai-tam\/#primaryimage\"},\"thumbnailUrl\":\"https:\/\/sachkhaitam.store\/wp-content\/uploads\/2025\/07\/hien-tai-05.png\",\"datePublished\":\"2025-07-22T08:42:10+00:00\",\"dateModified\":\"2025-07-22T08:42:30+00:00\",\"breadcrumb\":{\"@id\":\"https:\/\/sachkhaitam.store\/index.php\/product\/hien-tai-thay-doi-quoc-gia-sach-khai-tam\/#breadcrumb\"},\"inLanguage\":\"vi\",\"potentialAction\":[{\"@type\":\"ReadAction\",\"target\":[\"https:\/\/sachkhaitam.store\/index.php\/product\/hien-tai-thay-doi-quoc-gia-sach-khai-tam\/\"]}]},{\"@type\":\"ImageObject\",\"inLanguage\":\"vi\",\"@id\":\"https:\/\/sachkhaitam.store\/index.php\/product\/hien-tai-thay-doi-quoc-gia-sach-khai-tam\/#primaryimage\",\"url\":\"https:\/\/sachkhaitam.store\/wp-content\/uploads\/2025\/07\/hien-tai-05.png\",\"contentUrl\":\"https:\/\/sachkhaitam.store\/wp-content\/uploads\/2025\/07\/hien-tai-05.png\",\"width\":1566,\"height\":2423},{\"@type\":\"BreadcrumbList\",\"@id\":\"https:\/\/sachkhaitam.store\/index.php\/product\/hien-tai-thay-doi-quoc-gia-sach-khai-tam\/#breadcrumb\",\"itemListElement\":[{\"@type\":\"ListItem\",\"position\":1,\"name\":\"Trang ch\u1ee7\",\"item\":\"https:\/\/sachkhaitam.store\/\"},{\"@type\":\"ListItem\",\"position\":2,\"name\":\"Shop\",\"item\":\"https:\/\/sachkhaitam.store\/index.php\/shop\/\"},{\"@type\":\"ListItem\",\"position\":3,\"name\":\"HI\u1ec0N T\u00c0I THAY \u0110\u1ed4I QU\u1ed0C GIA\"}]},{\"@type\":\"WebSite\",\"@id\":\"https:\/\/sachkhaitam.store\/#website\",\"url\":\"https:\/\/sachkhaitam.store\/\",\"name\":\"sachkhaitam.store\",\"description\":\"sachkhaitam\",\"publisher\":{\"@id\":\"https:\/\/sachkhaitam.store\/#organization\"},\"potentialAction\":[{\"@type\":\"SearchAction\",\"target\":{\"@type\":\"EntryPoint\",\"urlTemplate\":\"https:\/\/sachkhaitam.store\/?s={search_term_string}\"},\"query-input\":{\"@type\":\"PropertyValueSpecification\",\"valueRequired\":true,\"valueName\":\"search_term_string\"}}],\"inLanguage\":\"vi\"},{\"@type\":\"Organization\",\"@id\":\"https:\/\/sachkhaitam.store\/#organization\",\"name\":\"sachkhaitam.store\",\"url\":\"https:\/\/sachkhaitam.store\/\",\"logo\":{\"@type\":\"ImageObject\",\"inLanguage\":\"vi\",\"@id\":\"https:\/\/sachkhaitam.store\/#\/schema\/logo\/image\/\",\"url\":\"https:\/\/sachkhaitam.store\/wp-content\/uploads\/2025\/07\/SACH-KHAI-TAM-01-1.svg\",\"contentUrl\":\"https:\/\/sachkhaitam.store\/wp-content\/uploads\/2025\/07\/SACH-KHAI-TAM-01-1.svg\",\"width\":900,\"height\":900,\"caption\":\"sachkhaitam.store\"},\"image\":{\"@id\":\"https:\/\/sachkhaitam.store\/#\/schema\/logo\/image\/\"}}]}<\/script>\n<!-- \/ Yoast SEO plugin. -->","yoast_head_json":{"title":"HI\u1ec0N T\u00c0I THAY \u0110\u1ed4I QU\u1ed0C GIA - sachkhaitam.store","robots":{"index":"index","follow":"follow","max-snippet":"max-snippet:-1","max-image-preview":"max-image-preview:large","max-video-preview":"max-video-preview:-1"},"canonical":"https:\/\/sachkhaitam.store\/index.php\/product\/hien-tai-thay-doi-quoc-gia-sach-khai-tam\/","og_locale":"vi_VN","og_type":"article","og_title":"HI\u1ec0N T\u00c0I THAY \u0110\u1ed4I QU\u1ed0C GIA - sachkhaitam.store","og_description":"T\u00ean t\u00e1c ph\u1ea9m: Hi\u1ec1n T\u00e0i Thay \u0110\u1ed5i Qu\u1ed1c Gia  T\u00e1c gi\u1ea3: Nhi\u1ec1u t\u00e1c gi\u1ea3  Th\u01b0\u01a1ng Hi\u1ec7u: SBOOKS  Nh\u00e0 xu\u1ea5t b\u1ea3n: NXB V\u0103n H\u1ecdc  N\u0103m xu\u1ea5t b\u1ea3n: 2025  Lo\u1ea1i b\u00eca: B\u00eca m\u1ec1m  Kh\u1ed5: 13 x 20,5 cm  S\u1ed1 trang: 236","og_url":"https:\/\/sachkhaitam.store\/index.php\/product\/hien-tai-thay-doi-quoc-gia-sach-khai-tam\/","og_site_name":"sachkhaitam.store","article_modified_time":"2025-07-22T08:42:30+00:00","og_image":[{"width":662,"height":1024,"url":"https:\/\/sachkhaitam.store\/wp-content\/uploads\/2025\/07\/hien-tai-05-662x1024.png","type":"image\/png"}],"twitter_card":"summary_large_image","twitter_misc":{"\u01af\u1edbc t\u00ednh th\u1eddi gian \u0111\u1ecdc":"3 ph\u00fat"},"schema":{"@context":"https:\/\/schema.org","@graph":[{"@type":"WebPage","@id":"https:\/\/sachkhaitam.store\/index.php\/product\/hien-tai-thay-doi-quoc-gia-sach-khai-tam\/","url":"https:\/\/sachkhaitam.store\/index.php\/product\/hien-tai-thay-doi-quoc-gia-sach-khai-tam\/","name":"HI\u1ec0N T\u00c0I THAY \u0110\u1ed4I QU\u1ed0C GIA - sachkhaitam.store","isPartOf":{"@id":"https:\/\/sachkhaitam.store\/#website"},"primaryImageOfPage":{"@id":"https:\/\/sachkhaitam.store\/index.php\/product\/hien-tai-thay-doi-quoc-gia-sach-khai-tam\/#primaryimage"},"image":{"@id":"https:\/\/sachkhaitam.store\/index.php\/product\/hien-tai-thay-doi-quoc-gia-sach-khai-tam\/#primaryimage"},"thumbnailUrl":"https:\/\/sachkhaitam.store\/wp-content\/uploads\/2025\/07\/hien-tai-05.png","datePublished":"2025-07-22T08:42:10+00:00","dateModified":"2025-07-22T08:42:30+00:00","breadcrumb":{"@id":"https:\/\/sachkhaitam.store\/index.php\/product\/hien-tai-thay-doi-quoc-gia-sach-khai-tam\/#breadcrumb"},"inLanguage":"vi","potentialAction":[{"@type":"ReadAction","target":["https:\/\/sachkhaitam.store\/index.php\/product\/hien-tai-thay-doi-quoc-gia-sach-khai-tam\/"]}]},{"@type":"ImageObject","inLanguage":"vi","@id":"https:\/\/sachkhaitam.store\/index.php\/product\/hien-tai-thay-doi-quoc-gia-sach-khai-tam\/#primaryimage","url":"https:\/\/sachkhaitam.store\/wp-content\/uploads\/2025\/07\/hien-tai-05.png","contentUrl":"https:\/\/sachkhaitam.store\/wp-content\/uploads\/2025\/07\/hien-tai-05.png","width":1566,"height":2423},{"@type":"BreadcrumbList","@id":"https:\/\/sachkhaitam.store\/index.php\/product\/hien-tai-thay-doi-quoc-gia-sach-khai-tam\/#breadcrumb","itemListElement":[{"@type":"ListItem","position":1,"name":"Trang ch\u1ee7","item":"https:\/\/sachkhaitam.store\/"},{"@type":"ListItem","position":2,"name":"Shop","item":"https:\/\/sachkhaitam.store\/index.php\/shop\/"},{"@type":"ListItem","position":3,"name":"HI\u1ec0N T\u00c0I THAY \u0110\u1ed4I QU\u1ed0C GIA"}]},{"@type":"WebSite","@id":"https:\/\/sachkhaitam.store\/#website","url":"https:\/\/sachkhaitam.store\/","name":"sachkhaitam.store","description":"sachkhaitam","publisher":{"@id":"https:\/\/sachkhaitam.store\/#organization"},"potentialAction":[{"@type":"SearchAction","target":{"@type":"EntryPoint","urlTemplate":"https:\/\/sachkhaitam.store\/?s={search_term_string}"},"query-input":{"@type":"PropertyValueSpecification","valueRequired":true,"valueName":"search_term_string"}}],"inLanguage":"vi"},{"@type":"Organization","@id":"https:\/\/sachkhaitam.store\/#organization","name":"sachkhaitam.store","url":"https:\/\/sachkhaitam.store\/","logo":{"@type":"ImageObject","inLanguage":"vi","@id":"https:\/\/sachkhaitam.store\/#\/schema\/logo\/image\/","url":"https:\/\/sachkhaitam.store\/wp-content\/uploads\/2025\/07\/SACH-KHAI-TAM-01-1.svg","contentUrl":"https:\/\/sachkhaitam.store\/wp-content\/uploads\/2025\/07\/SACH-KHAI-TAM-01-1.svg","width":900,"height":900,"caption":"sachkhaitam.store"},"image":{"@id":"https:\/\/sachkhaitam.store\/#\/schema\/logo\/image\/"}}]}},"jetpack_sharing_enabled":true,"_links":{"self":[{"href":"https:\/\/sachkhaitam.store\/index.php\/wp-json\/wp\/v2\/product\/9212","targetHints":{"allow":["GET"]}}],"collection":[{"href":"https:\/\/sachkhaitam.store\/index.php\/wp-json\/wp\/v2\/product"}],"about":[{"href":"https:\/\/sachkhaitam.store\/index.php\/wp-json\/wp\/v2\/types\/product"}],"replies":[{"embeddable":true,"href":"https:\/\/sachkhaitam.store\/index.php\/wp-json\/wp\/v2\/comments?post=9212"}],"wp:featuredmedia":[{"embeddable":true,"href":"https:\/\/sachkhaitam.store\/index.php\/wp-json\/wp\/v2\/media\/9218"}],"wp:attachment":[{"href":"https:\/\/sachkhaitam.store\/index.php\/wp-json\/wp\/v2\/media?parent=9212"}],"wp:term":[{"taxonomy":"product_cat","embeddable":true,"href":"https:\/\/sachkhaitam.store\/index.php\/wp-json\/wp\/v2\/product_cat?post=9212"},{"taxonomy":"product_tag","embeddable":true,"href":"https:\/\/sachkhaitam.store\/index.php\/wp-json\/wp\/v2\/product_tag?post=9212"}],"curies":[{"name":"wp","href":"https:\/\/api.w.org\/{rel}","templated":true}]}}