{"id":9203,"date":"2025-07-22T07:59:17","date_gmt":"2025-07-22T07:59:17","guid":{"rendered":"https:\/\/sachkhaitam.store\/?post_type=product&#038;p=9203"},"modified":"2025-07-22T07:59:43","modified_gmt":"2025-07-22T07:59:43","slug":"thep-da-toi-the-day-sach-khai-tam","status":"publish","type":"product","link":"https:\/\/sachkhaitam.store\/index.php\/product\/thep-da-toi-the-day-sach-khai-tam\/","title":{"rendered":"TH\u00c9P \u0110\u00c3 T\u00d4I TH\u1ebe \u0110\u1ea4Y"},"content":{"rendered":"<table width=\"231\">\n<tbody>\n<tr>\n<td width=\"231\">Nha\u0300 v\u0103n Nikolai Alekseyevich Ostrovsky la\u0300 m\u00f4\u0323t nha\u0300 v\u0103n qu\u00e2n \u0111\u00f4\u0323i n\u00f4\u0309i ti\u00ea\u0301ng cu\u0309a Li\u00ean X\u00f4. \u00d4ng \u0111a\u0303 co\u0301 cu\u00f4\u0323c \u0111\u01a1\u0300i \u0111\u00e2\u0300y nghi\u0323 l\u01b0\u0323c va\u0300 huy hoa\u0300ng, \u00f4ng t\u00e2m ni\u00ea\u0323m: \u201cSu\u00f4\u0301t ba n\u0103m nay t\u00f4i lu\u00f4n \u0111\u00e2\u0301u tranh gia\u0300nh gi\u00e2\u0323t l\u00e2\u0301y s\u01b0\u0323 s\u00f4\u0301ng, m\u00f4\u0303i l\u00e2\u0300n bi\u0323 qu\u00e2\u0323t nga\u0303 t\u00f4i la\u0323i ca\u0309m th\u00e2\u0301y na\u0309n chi\u0301. N\u00ea\u0301u trong con ng\u01b0\u01a1\u0300i t\u00f4i ch\u01b0a hi\u0300nh tha\u0300nh m\u00f4\u0323t quy t\u0103\u0301c b\u00e2\u0301t di b\u00e2\u0301t di\u0323ch la\u0300 pha\u0309i \u0111\u00e2\u0301u tranh \u0111\u00ea\u0301n h\u01a1i th\u01a1\u0309 cu\u00f4\u0301i cu\u0300ng thi\u0300 co\u0301 le\u0303 t\u00f4i \u0111a\u0303 cho mi\u0300nh m\u00f4\u0323t vi\u00ean \u0111a\u0323n t\u01b0\u0300 l\u00e2u.\u201d<\/p>\n<p>The\u0301p \u0111a\u0303 t\u00f4i th\u00ea\u0301 \u0111\u00e2\u0301y la\u0300 ti\u00ea\u0309u thuy\u00ea\u0301t \u0111\u00e2\u0300u ti\u00ean cu\u0309a \u00f4ng vi\u00ea\u0301t n\u0103m 1930. Ti\u00ea\u0309u thuy\u00ea\u0301t x\u01b0\u0301ng \u0111a\u0301ng la\u0300 thi\u00ean hu\u0300ng ca va\u0300 a\u0309nh h\u01b0\u01a1\u0309ng \u0111\u00ea\u0301n nhi\u00ea\u0300u th\u00ea\u0301 h\u00ea\u0323 thanh ni\u00ean ca\u0301ch ma\u0323ng. Ti\u00ea\u0309u thuy\u00ea\u0301t k\u00ea\u0309 v\u00ea\u0300 nh\u00e2n v\u00e2\u0323t\u00a0 Pavel Korchagin la\u0300 hi\u00ea\u0323n th\u00e2n cu\u0309a ta\u0301c gia\u0309 va\u0300 cu\u0303ng la\u0300 \u0111i\u00ea\u0309n hi\u0300nh cho thanh ni\u00ean X\u00f4 Vi\u00ea\u0301t th\u01a1\u0300i b\u00e2\u0301y gi\u01a1\u0300. \u0110o\u0301 la\u0300 hi\u0300nh a\u0309nh m\u00f4\u0323t thanh ni\u00ean \u0111\u01b0\u01a1\u0323c t\u00f4i luy\u00ea\u0323n theo con \u0111\u01b0\u01a1\u0300ng ca\u0301ch ma\u0323ng, Pavel \u0111a\u0303 tra\u0309i qua nhi\u00ea\u0300u kho\u0301 kh\u0103n gian kh\u00f4\u0309 nh\u01b0ng v\u00e2\u0303n v\u01b0\u0303ng ni\u00ea\u0300m tin, ph\u00e2\u0309m ch\u00e2\u0301t cao quy\u0301 va\u0300 trung tha\u0300nh v\u01a1\u0301i ly\u0301 t\u01b0\u01a1\u0309ng cu\u0309a mi\u0300nh, nh\u00e2n d\u00e2n va\u0300 t\u00f4\u0309 qu\u00f4\u0301c. The\u0301p \u0111a\u0303 t\u00f4i th\u00ea\u0301 \u0111\u00e2\u0301y co\u0301 th\u00ea\u0309 la\u0300m con ng\u01b0\u01a1\u0300i ta sa\u0301ng l\u00ean ni\u00ea\u0300m t\u01b0\u0323 ha\u0300o v\u00ea\u0300 li\u0323ch s\u01b0\u0309, ca\u0301ch ma\u0323ng va\u0300 th\u00f4\u0309i bu\u0300ng ngo\u0323n l\u01b0\u0309a cu\u0309a kha\u0301t vo\u0323ng c\u00f4\u0301ng hi\u00ea\u0301n, s\u00f4\u0301ng y\u0301 nghi\u0303a.<\/p>\n<p>Cu\u00f4\u0301i c\u00f9ng, khi c\u00f4ng vi\u00ea\u0323c s\u0103\u0301p ho\u00e0n th\u00e0nh, anh c\u00f4\u0301 tho\u00e1t ra kho\u0309i s\u01b0\u0323 k\u00ecm h\u00e3m cu\u0309a nh\u01b0\u0303ng ca\u0309m x\u00fac bi\u0323 c\u00e2\u0301m \u0111oa\u0301n. \u0110o\u0301 la\u0300 n\u00f4\u0303i bu\u00f4\u0300n, \u0111i\u0309nh cao cu\u0309a ca\u0309m xu\u0301c bi\u0300nh th\u01b0\u01a1\u0300ng cu\u0309a con ng\u01b0\u01a1\u0300i, l\u00e0 nh\u01b0\u0303ng ca\u0309m x\u00fac n\u00f4\u0300ng nhi\u00ea\u0323t, di\u0323u d\u00e0ng c\u00f3 quy\u00ea\u0300n t\u00f4\u0300n ta\u0323i trong cu\u00f4\u0323c s\u00f4\u0301ng cu\u0309a m\u00f4\u0303i ng\u01b0\u01a1\u0300i, nh\u01b0ng kh\u00f4ng pha\u0309i l\u00e0 cho anh. N\u00ea\u0301u nh\u01b0 anh bi\u0323 m\u00f4\u0323t trong s\u00f4\u0301 nh\u01b0\u0303ng ca\u0309m x\u00fac \u00e2\u0301y khu\u00e2\u0301t phu\u0323c, th\u00ec mo\u0323i chuy\u00ea\u0323n se\u0303 k\u00ea\u0301t th\u00fac m\u00f4\u0323t c\u00e1ch bi tha\u0309m.<\/p>\n<p><img fetchpriority=\"high\" decoding=\"async\" class=\" wp-image-9207 aligncenter\" src=\"https:\/\/sachkhaitam.store\/wp-content\/uploads\/2025\/07\/3-1-300x300.png\" alt=\"\" width=\"458\" height=\"458\" srcset=\"https:\/\/sachkhaitam.store\/wp-content\/uploads\/2025\/07\/3-1-300x300.png 300w, https:\/\/sachkhaitam.store\/wp-content\/uploads\/2025\/07\/3-1-1024x1024.png 1024w, https:\/\/sachkhaitam.store\/wp-content\/uploads\/2025\/07\/3-1-150x150.png 150w, https:\/\/sachkhaitam.store\/wp-content\/uploads\/2025\/07\/3-1-768x768.png 768w, https:\/\/sachkhaitam.store\/wp-content\/uploads\/2025\/07\/3-1-450x450.png 450w, https:\/\/sachkhaitam.store\/wp-content\/uploads\/2025\/07\/3-1-800x800.png 800w, https:\/\/sachkhaitam.store\/wp-content\/uploads\/2025\/07\/3-1-100x100.png 100w, https:\/\/sachkhaitam.store\/wp-content\/uploads\/2025\/07\/3-1-50x50.png 50w, https:\/\/sachkhaitam.store\/wp-content\/uploads\/2025\/07\/3-1-460x460.png 460w, https:\/\/sachkhaitam.store\/wp-content\/uploads\/2025\/07\/3-1.png 1200w\" sizes=\"(max-width: 458px) 100vw, 458px\" \/><\/td>\n<\/tr>\n<\/tbody>\n<\/table>\n","protected":false},"excerpt":{"rendered":"<ul>\n<li>T\u00ean t\u00e1c ph\u1ea9m: Th\u00e9p \u0110\u00e3 T\u00f4i Th\u1ebf \u0110\u1ea5y<\/li>\n<li>T\u00e1c gi\u1ea3: Nikolai A.Ostrovsky<\/li>\n<li>Th\u01b0\u01a1ng Hi\u1ec7u: SBOOKS<\/li>\n<li>Nh\u00e0 xu\u1ea5t b\u1ea3n: NXB V\u0103n H\u1ecdc<\/li>\n<li>N\u0103m xu\u1ea5t b\u1ea3n: 2024<\/li>\n<li>Lo\u1ea1i b\u00eca: B\u00eca m\u1ec1m<\/li>\n<li>Kh\u1ed5: 13&#215;20 cm<\/li>\n<li>S\u1ed1 trang: 592<\/li>\n<\/ul>\n","protected":false},"featured_media":9205,"comment_status":"open","ping_status":"closed","template":"","meta":[],"product_cat":[88,78],"product_tag":[90,89],"class_list":{"0":"post-9203","1":"product","2":"type-product","3":"status-publish","4":"has-post-thumbnail","6":"product_cat-van-hoc-kinh-dien","7":"product_cat-van-hoc-nghe-thuat","8":"product_tag-sach-thep-da-toi-the-day","9":"product_tag-thep-da-toi-the-day","11":"first","12":"instock","13":"shipping-taxable","14":"purchasable","15":"product-type-simple"},"yoast_head":"<!-- This site is optimized with the Yoast SEO plugin v25.3 - https:\/\/yoast.com\/wordpress\/plugins\/seo\/ -->\n<title>TH\u00c9P \u0110\u00c3 T\u00d4I TH\u1ebe \u0110\u1ea4Y - sachkhaitam.store<\/title>\n<meta name=\"robots\" content=\"index, follow, max-snippet:-1, max-image-preview:large, max-video-preview:-1\" \/>\n<link rel=\"canonical\" href=\"https:\/\/sachkhaitam.store\/index.php\/product\/thep-da-toi-the-day-sach-khai-tam\/\" \/>\n<meta property=\"og:locale\" content=\"vi_VN\" \/>\n<meta property=\"og:type\" content=\"article\" \/>\n<meta property=\"og:title\" content=\"TH\u00c9P \u0110\u00c3 T\u00d4I TH\u1ebe \u0110\u1ea4Y - sachkhaitam.store\" \/>\n<meta property=\"og:description\" content=\"T\u00ean t\u00e1c ph\u1ea9m: Th\u00e9p \u0110\u00e3 T\u00f4i Th\u1ebf \u0110\u1ea5y  T\u00e1c gi\u1ea3: Nikolai A.Ostrovsky  Th\u01b0\u01a1ng Hi\u1ec7u: SBOOKS  Nh\u00e0 xu\u1ea5t b\u1ea3n: NXB V\u0103n H\u1ecdc  N\u0103m xu\u1ea5t b\u1ea3n: 2024  Lo\u1ea1i b\u00eca: B\u00eca m\u1ec1m  Kh\u1ed5: 13x20 cm  S\u1ed1 trang: 592\" \/>\n<meta property=\"og:url\" content=\"https:\/\/sachkhaitam.store\/index.php\/product\/thep-da-toi-the-day-sach-khai-tam\/\" \/>\n<meta property=\"og:site_name\" content=\"sachkhaitam.store\" \/>\n<meta property=\"article:modified_time\" content=\"2025-07-22T07:59:43+00:00\" \/>\n<meta property=\"og:image\" content=\"https:\/\/sachkhaitam.store\/wp-content\/uploads\/2025\/07\/1-1.png\" \/>\n\t<meta property=\"og:image:width\" content=\"1200\" \/>\n\t<meta property=\"og:image:height\" content=\"1200\" \/>\n\t<meta property=\"og:image:type\" content=\"image\/png\" \/>\n<meta name=\"twitter:card\" content=\"summary_large_image\" \/>\n<meta name=\"twitter:label1\" content=\"\u01af\u1edbc t\u00ednh th\u1eddi gian \u0111\u1ecdc\" \/>\n\t<meta name=\"twitter:data1\" content=\"3 ph\u00fat\" \/>\n<script type=\"application\/ld+json\" class=\"yoast-schema-graph\">{\"@context\":\"https:\/\/schema.org\",\"@graph\":[{\"@type\":\"WebPage\",\"@id\":\"https:\/\/sachkhaitam.store\/index.php\/product\/thep-da-toi-the-day-sach-khai-tam\/\",\"url\":\"https:\/\/sachkhaitam.store\/index.php\/product\/thep-da-toi-the-day-sach-khai-tam\/\",\"name\":\"TH\u00c9P \u0110\u00c3 T\u00d4I TH\u1ebe \u0110\u1ea4Y - sachkhaitam.store\",\"isPartOf\":{\"@id\":\"https:\/\/sachkhaitam.store\/#website\"},\"primaryImageOfPage\":{\"@id\":\"https:\/\/sachkhaitam.store\/index.php\/product\/thep-da-toi-the-day-sach-khai-tam\/#primaryimage\"},\"image\":{\"@id\":\"https:\/\/sachkhaitam.store\/index.php\/product\/thep-da-toi-the-day-sach-khai-tam\/#primaryimage\"},\"thumbnailUrl\":\"https:\/\/sachkhaitam.store\/wp-content\/uploads\/2025\/07\/1-1.png\",\"datePublished\":\"2025-07-22T07:59:17+00:00\",\"dateModified\":\"2025-07-22T07:59:43+00:00\",\"breadcrumb\":{\"@id\":\"https:\/\/sachkhaitam.store\/index.php\/product\/thep-da-toi-the-day-sach-khai-tam\/#breadcrumb\"},\"inLanguage\":\"vi\",\"potentialAction\":[{\"@type\":\"ReadAction\",\"target\":[\"https:\/\/sachkhaitam.store\/index.php\/product\/thep-da-toi-the-day-sach-khai-tam\/\"]}]},{\"@type\":\"ImageObject\",\"inLanguage\":\"vi\",\"@id\":\"https:\/\/sachkhaitam.store\/index.php\/product\/thep-da-toi-the-day-sach-khai-tam\/#primaryimage\",\"url\":\"https:\/\/sachkhaitam.store\/wp-content\/uploads\/2025\/07\/1-1.png\",\"contentUrl\":\"https:\/\/sachkhaitam.store\/wp-content\/uploads\/2025\/07\/1-1.png\",\"width\":1200,\"height\":1200},{\"@type\":\"BreadcrumbList\",\"@id\":\"https:\/\/sachkhaitam.store\/index.php\/product\/thep-da-toi-the-day-sach-khai-tam\/#breadcrumb\",\"itemListElement\":[{\"@type\":\"ListItem\",\"position\":1,\"name\":\"Trang ch\u1ee7\",\"item\":\"https:\/\/sachkhaitam.store\/\"},{\"@type\":\"ListItem\",\"position\":2,\"name\":\"Shop\",\"item\":\"https:\/\/sachkhaitam.store\/index.php\/shop\/\"},{\"@type\":\"ListItem\",\"position\":3,\"name\":\"TH\u00c9P \u0110\u00c3 T\u00d4I TH\u1ebe \u0110\u1ea4Y\"}]},{\"@type\":\"WebSite\",\"@id\":\"https:\/\/sachkhaitam.store\/#website\",\"url\":\"https:\/\/sachkhaitam.store\/\",\"name\":\"sachkhaitam.store\",\"description\":\"sachkhaitam\",\"publisher\":{\"@id\":\"https:\/\/sachkhaitam.store\/#organization\"},\"potentialAction\":[{\"@type\":\"SearchAction\",\"target\":{\"@type\":\"EntryPoint\",\"urlTemplate\":\"https:\/\/sachkhaitam.store\/?s={search_term_string}\"},\"query-input\":{\"@type\":\"PropertyValueSpecification\",\"valueRequired\":true,\"valueName\":\"search_term_string\"}}],\"inLanguage\":\"vi\"},{\"@type\":\"Organization\",\"@id\":\"https:\/\/sachkhaitam.store\/#organization\",\"name\":\"sachkhaitam.store\",\"url\":\"https:\/\/sachkhaitam.store\/\",\"logo\":{\"@type\":\"ImageObject\",\"inLanguage\":\"vi\",\"@id\":\"https:\/\/sachkhaitam.store\/#\/schema\/logo\/image\/\",\"url\":\"https:\/\/sachkhaitam.store\/wp-content\/uploads\/2025\/07\/SACH-KHAI-TAM-01-1.svg\",\"contentUrl\":\"https:\/\/sachkhaitam.store\/wp-content\/uploads\/2025\/07\/SACH-KHAI-TAM-01-1.svg\",\"width\":900,\"height\":900,\"caption\":\"sachkhaitam.store\"},\"image\":{\"@id\":\"https:\/\/sachkhaitam.store\/#\/schema\/logo\/image\/\"}}]}<\/script>\n<!-- \/ Yoast SEO plugin. -->","yoast_head_json":{"title":"TH\u00c9P \u0110\u00c3 T\u00d4I TH\u1ebe \u0110\u1ea4Y - sachkhaitam.store","robots":{"index":"index","follow":"follow","max-snippet":"max-snippet:-1","max-image-preview":"max-image-preview:large","max-video-preview":"max-video-preview:-1"},"canonical":"https:\/\/sachkhaitam.store\/index.php\/product\/thep-da-toi-the-day-sach-khai-tam\/","og_locale":"vi_VN","og_type":"article","og_title":"TH\u00c9P \u0110\u00c3 T\u00d4I TH\u1ebe \u0110\u1ea4Y - sachkhaitam.store","og_description":"T\u00ean t\u00e1c ph\u1ea9m: Th\u00e9p \u0110\u00e3 T\u00f4i Th\u1ebf \u0110\u1ea5y  T\u00e1c gi\u1ea3: Nikolai A.Ostrovsky  Th\u01b0\u01a1ng Hi\u1ec7u: SBOOKS  Nh\u00e0 xu\u1ea5t b\u1ea3n: NXB V\u0103n H\u1ecdc  N\u0103m xu\u1ea5t b\u1ea3n: 2024  Lo\u1ea1i b\u00eca: B\u00eca m\u1ec1m  Kh\u1ed5: 13x20 cm  S\u1ed1 trang: 592","og_url":"https:\/\/sachkhaitam.store\/index.php\/product\/thep-da-toi-the-day-sach-khai-tam\/","og_site_name":"sachkhaitam.store","article_modified_time":"2025-07-22T07:59:43+00:00","og_image":[{"width":1200,"height":1200,"url":"https:\/\/sachkhaitam.store\/wp-content\/uploads\/2025\/07\/1-1.png","type":"image\/png"}],"twitter_card":"summary_large_image","twitter_misc":{"\u01af\u1edbc t\u00ednh th\u1eddi gian \u0111\u1ecdc":"3 ph\u00fat"},"schema":{"@context":"https:\/\/schema.org","@graph":[{"@type":"WebPage","@id":"https:\/\/sachkhaitam.store\/index.php\/product\/thep-da-toi-the-day-sach-khai-tam\/","url":"https:\/\/sachkhaitam.store\/index.php\/product\/thep-da-toi-the-day-sach-khai-tam\/","name":"TH\u00c9P \u0110\u00c3 T\u00d4I TH\u1ebe \u0110\u1ea4Y - sachkhaitam.store","isPartOf":{"@id":"https:\/\/sachkhaitam.store\/#website"},"primaryImageOfPage":{"@id":"https:\/\/sachkhaitam.store\/index.php\/product\/thep-da-toi-the-day-sach-khai-tam\/#primaryimage"},"image":{"@id":"https:\/\/sachkhaitam.store\/index.php\/product\/thep-da-toi-the-day-sach-khai-tam\/#primaryimage"},"thumbnailUrl":"https:\/\/sachkhaitam.store\/wp-content\/uploads\/2025\/07\/1-1.png","datePublished":"2025-07-22T07:59:17+00:00","dateModified":"2025-07-22T07:59:43+00:00","breadcrumb":{"@id":"https:\/\/sachkhaitam.store\/index.php\/product\/thep-da-toi-the-day-sach-khai-tam\/#breadcrumb"},"inLanguage":"vi","potentialAction":[{"@type":"ReadAction","target":["https:\/\/sachkhaitam.store\/index.php\/product\/thep-da-toi-the-day-sach-khai-tam\/"]}]},{"@type":"ImageObject","inLanguage":"vi","@id":"https:\/\/sachkhaitam.store\/index.php\/product\/thep-da-toi-the-day-sach-khai-tam\/#primaryimage","url":"https:\/\/sachkhaitam.store\/wp-content\/uploads\/2025\/07\/1-1.png","contentUrl":"https:\/\/sachkhaitam.store\/wp-content\/uploads\/2025\/07\/1-1.png","width":1200,"height":1200},{"@type":"BreadcrumbList","@id":"https:\/\/sachkhaitam.store\/index.php\/product\/thep-da-toi-the-day-sach-khai-tam\/#breadcrumb","itemListElement":[{"@type":"ListItem","position":1,"name":"Trang ch\u1ee7","item":"https:\/\/sachkhaitam.store\/"},{"@type":"ListItem","position":2,"name":"Shop","item":"https:\/\/sachkhaitam.store\/index.php\/shop\/"},{"@type":"ListItem","position":3,"name":"TH\u00c9P \u0110\u00c3 T\u00d4I TH\u1ebe \u0110\u1ea4Y"}]},{"@type":"WebSite","@id":"https:\/\/sachkhaitam.store\/#website","url":"https:\/\/sachkhaitam.store\/","name":"sachkhaitam.store","description":"sachkhaitam","publisher":{"@id":"https:\/\/sachkhaitam.store\/#organization"},"potentialAction":[{"@type":"SearchAction","target":{"@type":"EntryPoint","urlTemplate":"https:\/\/sachkhaitam.store\/?s={search_term_string}"},"query-input":{"@type":"PropertyValueSpecification","valueRequired":true,"valueName":"search_term_string"}}],"inLanguage":"vi"},{"@type":"Organization","@id":"https:\/\/sachkhaitam.store\/#organization","name":"sachkhaitam.store","url":"https:\/\/sachkhaitam.store\/","logo":{"@type":"ImageObject","inLanguage":"vi","@id":"https:\/\/sachkhaitam.store\/#\/schema\/logo\/image\/","url":"https:\/\/sachkhaitam.store\/wp-content\/uploads\/2025\/07\/SACH-KHAI-TAM-01-1.svg","contentUrl":"https:\/\/sachkhaitam.store\/wp-content\/uploads\/2025\/07\/SACH-KHAI-TAM-01-1.svg","width":900,"height":900,"caption":"sachkhaitam.store"},"image":{"@id":"https:\/\/sachkhaitam.store\/#\/schema\/logo\/image\/"}}]}},"jetpack_sharing_enabled":true,"_links":{"self":[{"href":"https:\/\/sachkhaitam.store\/index.php\/wp-json\/wp\/v2\/product\/9203","targetHints":{"allow":["GET"]}}],"collection":[{"href":"https:\/\/sachkhaitam.store\/index.php\/wp-json\/wp\/v2\/product"}],"about":[{"href":"https:\/\/sachkhaitam.store\/index.php\/wp-json\/wp\/v2\/types\/product"}],"replies":[{"embeddable":true,"href":"https:\/\/sachkhaitam.store\/index.php\/wp-json\/wp\/v2\/comments?post=9203"}],"wp:featuredmedia":[{"embeddable":true,"href":"https:\/\/sachkhaitam.store\/index.php\/wp-json\/wp\/v2\/media\/9205"}],"wp:attachment":[{"href":"https:\/\/sachkhaitam.store\/index.php\/wp-json\/wp\/v2\/media?parent=9203"}],"wp:term":[{"taxonomy":"product_cat","embeddable":true,"href":"https:\/\/sachkhaitam.store\/index.php\/wp-json\/wp\/v2\/product_cat?post=9203"},{"taxonomy":"product_tag","embeddable":true,"href":"https:\/\/sachkhaitam.store\/index.php\/wp-json\/wp\/v2\/product_tag?post=9203"}],"curies":[{"name":"wp","href":"https:\/\/api.w.org\/{rel}","templated":true}]}}