{"id":9183,"date":"2025-07-22T06:45:48","date_gmt":"2025-07-22T06:45:48","guid":{"rendered":"https:\/\/sachkhaitam.store\/?post_type=product&#038;p=9183"},"modified":"2025-07-31T19:06:52","modified_gmt":"2025-07-31T19:06:52","slug":"tam-ke-phu-nu-sach-khai","status":"publish","type":"product","link":"https:\/\/sachkhaitam.store\/index.php\/product\/tam-ke-phu-nu-sach-khai\/","title":{"rendered":"T\u00c2M K\u1ebe PH\u1ee4 N\u1eee"},"content":{"rendered":"<table width=\"231\">\n<tbody>\n<tr>\n<td width=\"231\">T\u00c2M K\u1ebe PH\u1ee4 N\u1eee &#8211; S\u1ef0 XINH \u0110\u1eb8P C\u1ee6A NG\u01af\u1edcI PH\u1ee4 N\u1eee KH\u00d4NG HO\u00c0N TO\u00c0N N\u1eb0M \u1ede NHAN S\u1eaeC, M\u00c0 \u1ede S\u1ef0 S\u1eaeC S\u1ea2O TRONG SUY NGH\u0128, S\u1ef0 TINH T\u1ebe TRONG C\u1eec CH\u1ec8 H\u00c0NH VI<\/p>\n<p>Ph\u1ee5 n\u1eef c\u00f3 t\u00e2m k\u1ebf \u0111\u1ec1u l\u00e0 nh\u1eefng ng\u01b0\u1eddi coi tr\u1ecdng b\u1ea3n th\u00e2n. H\u1ecd s\u1ebd kh\u00f4ng ng\u1eebng trau d\u1ed3i kh\u00ed ch\u1ea5t tao nh\u00e3, d\u00e1ng v\u1ebb th\u00f9y m\u1ecb, th\u00e0nh th\u1ee5c c\u00f9ng s\u1ee9c h\u1ea5p d\u1eabn c\u1ee7a tr\u00ed tu\u1ec7, r\u1ed3i th\u1ec3 hi\u1ec7n ch\u00fang m\u1ed9t c\u00e1ch ho\u00e0n m\u1ef9 \u0111\u1ec3 chinh ph\u1ee5c th\u1ebf gi\u1edbi.<\/p>\n<p>Ph\u1ee5 n\u1eef c\u00f3 t\u00e2m k\u1ebf \u0111\u1ec1u l\u00e0 nh\u1eefng ng\u01b0\u1eddi bi\u1ebft d\u1ee5ng t\u00e2m qu\u1ea3n l\u00fd t\u00ecnh y\u00eau. H\u1ecd m\u1ea1nh d\u1ea1n theo \u0111u\u1ed5i ch\u00e2n \u00e1i, khi g\u1eb7p tr\u1edf ng\u1ea1i bi\u1ebft v\u1eadn d\u1ee5ng ch\u00fat \u201cm\u01b0u k\u1ebf\u201d nho nh\u1ecf \u0111\u1ec3 v\u01b0\u1ee3t qua, bi\u1ebft l\u1ea5y s\u1ef1 l\u00e0m n\u0169ng v\u00e0 bao dung \u0111\u1ec3 t\u01b0\u1edbi t\u1eafm cho t\u00ecnh y\u00eau, cho d\u00f9 th\u1ea5t t\u00ecnh, c\u0169ng v\u1eabn m\u1ec9m c\u01b0\u1eddi b\u01b0\u1edbc ti\u1ebfp v\u1ec1 ph\u00eda tr\u01b0\u1edbc.<\/p>\n<p>Ph\u1ee5 n\u1eef c\u00f3 t\u00e2m k\u1ebf \u0111\u1ec1u l\u00e0 nh\u1eefng ng\u01b0\u1eddi gi\u1ecfi \u0103n n\u00f3i, \u0111\u1ed3ng th\u1eddi c\u0169ng lu\u00f4n bi\u1ebft \u0111\u1ec1 ph\u00f2ng v\u1edbi c\u00e1i g\u1ecdi l\u00e0 \u201ch\u1ecda t\u1eeb mi\u1ec7ng m\u00e0 ra\u201d, kh\u00f4ng bao gi\u1edd b\u00e0n chuy\u1ec7n th\u1ecb phi sau l\u01b0ng ng\u01b0\u1eddi kh\u00e1c. H\u1ecd bi\u1ebft khen ng\u1ee3i ng\u01b0\u1eddi kh\u00e1c, bi\u1ebft l\u1eafng nghe, bi\u1ebft gi\u1eef im l\u1eb7ng khi c\u1ea7n thi\u1ebft. H\u1ecd \u0111\u1ec1u l\u00e0 nh\u1eefng \u201cqu\u00fd b\u00e0 ng\u00f4n ng\u1eef\u201d ch\u00e2n ch\u00ednh.<\/p>\n<p><img fetchpriority=\"high\" decoding=\"async\" class=\" wp-image-9191 aligncenter\" src=\"https:\/\/sachkhaitam.store\/wp-content\/uploads\/2025\/07\/z5755060938133_f8d070a35f7eb7da502bda0e54dc281f-300x300.jpg\" alt=\"\" width=\"470\" height=\"470\" srcset=\"https:\/\/sachkhaitam.store\/wp-content\/uploads\/2025\/07\/z5755060938133_f8d070a35f7eb7da502bda0e54dc281f-300x300.jpg 300w, https:\/\/sachkhaitam.store\/wp-content\/uploads\/2025\/07\/z5755060938133_f8d070a35f7eb7da502bda0e54dc281f-1024x1024.jpg 1024w, https:\/\/sachkhaitam.store\/wp-content\/uploads\/2025\/07\/z5755060938133_f8d070a35f7eb7da502bda0e54dc281f-150x150.jpg 150w, https:\/\/sachkhaitam.store\/wp-content\/uploads\/2025\/07\/z5755060938133_f8d070a35f7eb7da502bda0e54dc281f-768x769.jpg 768w, https:\/\/sachkhaitam.store\/wp-content\/uploads\/2025\/07\/z5755060938133_f8d070a35f7eb7da502bda0e54dc281f-1536x1536.jpg 1536w, https:\/\/sachkhaitam.store\/wp-content\/uploads\/2025\/07\/z5755060938133_f8d070a35f7eb7da502bda0e54dc281f-2046x2048.jpg 2046w, https:\/\/sachkhaitam.store\/wp-content\/uploads\/2025\/07\/z5755060938133_f8d070a35f7eb7da502bda0e54dc281f-1320x1321.jpg 1320w, https:\/\/sachkhaitam.store\/wp-content\/uploads\/2025\/07\/z5755060938133_f8d070a35f7eb7da502bda0e54dc281f-450x450.jpg 450w, https:\/\/sachkhaitam.store\/wp-content\/uploads\/2025\/07\/z5755060938133_f8d070a35f7eb7da502bda0e54dc281f-800x801.jpg 800w, https:\/\/sachkhaitam.store\/wp-content\/uploads\/2025\/07\/z5755060938133_f8d070a35f7eb7da502bda0e54dc281f-100x100.jpg 100w, https:\/\/sachkhaitam.store\/wp-content\/uploads\/2025\/07\/z5755060938133_f8d070a35f7eb7da502bda0e54dc281f-50x50.jpg 50w, https:\/\/sachkhaitam.store\/wp-content\/uploads\/2025\/07\/z5755060938133_f8d070a35f7eb7da502bda0e54dc281f-460x460.jpg 460w\" sizes=\"(max-width: 470px) 100vw, 470px\" \/><\/p>\n<p>Ph\u1ee5 n\u1eef c\u00f3 t\u00e2m k\u1ebf \u0111\u1ec1u l\u00e0 nh\u1eefng ng\u01b0\u1eddi bi\u1ebft d\u00f9ng tr\u00ed tu\u1ec7 \u0111\u1ec3 x\u00e2y d\u1ef1ng v\u00e0 duy tr\u00ec c\u00e1c m\u1ed1i quan h\u1ec7. H\u1ecd hi\u1ec3u \u0111\u01b0\u1ee3c c\u00f4ng d\u1ee5ng tuy\u1ec7t v\u1eddi c\u1ee7a vi\u1ec7c \u201c\u0111\u1ea7u t\u01b0 t\u00ecnh c\u1ea3m\u201d. H\u1ecd kh\u00f4ng ng\u1eebng k\u1ebft giao v\u1edbi nh\u1eefng ng\u01b0\u1eddi \u01b0u t\u00fa h\u01a1n m\u00ecnh. H\u1ecd bi\u1ebft r\u1eb1ng \u0111\u01b0a tay gi\u00fap \u0111\u1ee1 ng\u01b0\u1eddi kh\u00e1c m\u1edbi c\u00f3 \u0111\u01b0\u1ee3c nhi\u1ec1u \u201cnh\u00e2n duy\u00ean\u201d h\u01a1n. Trong c\u00f4ng vi\u1ec7c, h\u1ecd thu\u1eadn l\u1ee3i \u0111\u1ee7 b\u1ec1, trong x\u00e3 giao, h\u1ecd nh\u01b0 c\u00e1 g\u1eb7p n\u01b0\u1edbc.<\/p>\n<p>Tr\u00e1i tim c\u1ee7a ng\u01b0\u1eddi ph\u1ee5 n\u1eef c\u00f3 t\u00e2m k\u1ebf, gi\u1ed1ng nh\u01b0 m\u1ed9t \u0111\u00f3a h\u1ed3ng gai, r\u1ef1c r\u1ee1, t\u01b0\u01a1i \u0111\u1eb9p, quy\u1ebfn r\u0169 m\u1ecdi \u00e1nh nh\u00ecn, nh\u01b0ng kh\u00f4ng ph\u1ea3i ai c\u0169ng \u0111\u1ee7 t\u1ef1 tin \u0111\u1ec3 chinh ph\u1ee5c \u0111\u00f3a h\u1ed3ng \u1ea5y.<\/td>\n<\/tr>\n<\/tbody>\n<\/table>\n","protected":false},"excerpt":{"rendered":"<ul>\n<li>T\u00ean t\u00e1c ph\u1ea9m: T\u00e2m K\u1ebf Ph\u1ee5 N\u1eef<\/li>\n<li>T\u00e1c gi\u1ea3: TS V\u0169 B\u00edch Ng\u1ecdc<\/li>\n<li>Th\u01b0\u01a1ng Hi\u1ec7u: SBOOKS<\/li>\n<li>Nh\u00e0 xu\u1ea5t b\u1ea3n: NXB V\u0103n H\u1ecdc<\/li>\n<li>N\u0103m xu\u1ea5t b\u1ea3n: 2024<\/li>\n<li>Lo\u1ea1i b\u00eca: B\u00eca m\u1ec1m<\/li>\n<li>Kh\u1ed5: 13&#215;20 cm<\/li>\n<li>S\u1ed1 trang: 264<\/li>\n<\/ul>\n","protected":false},"featured_media":9186,"comment_status":"open","ping_status":"closed","template":"","meta":[],"product_cat":[79,78],"product_tag":[84,83],"class_list":{"0":"post-9183","1":"product","2":"type-product","3":"status-publish","4":"has-post-thumbnail","6":"product_cat-phat-trien-tam-thuc-van-hoc-nghe-thuat","7":"product_cat-van-hoc-nghe-thuat","8":"product_tag-sach-tam-ke-phu-nu","9":"product_tag-tam-ke-phu-nu","11":"first","12":"instock","13":"shipping-taxable","14":"purchasable","15":"product-type-simple"},"yoast_head":"<!-- This site is optimized with the Yoast SEO plugin v25.3 - https:\/\/yoast.com\/wordpress\/plugins\/seo\/ -->\n<title>T\u00c2M K\u1ebe PH\u1ee4 N\u1eee - sachkhaitam.store<\/title>\n<meta name=\"robots\" content=\"index, follow, max-snippet:-1, max-image-preview:large, max-video-preview:-1\" \/>\n<link rel=\"canonical\" href=\"https:\/\/sachkhaitam.store\/index.php\/product\/tam-ke-phu-nu-sach-khai\/\" \/>\n<meta property=\"og:locale\" content=\"vi_VN\" \/>\n<meta property=\"og:type\" content=\"article\" \/>\n<meta property=\"og:title\" content=\"T\u00c2M K\u1ebe PH\u1ee4 N\u1eee - sachkhaitam.store\" \/>\n<meta property=\"og:description\" content=\"T\u00ean t\u00e1c ph\u1ea9m: T\u00e2m K\u1ebf Ph\u1ee5 N\u1eef  T\u00e1c gi\u1ea3: TS V\u0169 B\u00edch Ng\u1ecdc  Th\u01b0\u01a1ng Hi\u1ec7u: SBOOKS  Nh\u00e0 xu\u1ea5t b\u1ea3n: NXB V\u0103n H\u1ecdc  N\u0103m xu\u1ea5t b\u1ea3n: 2024  Lo\u1ea1i b\u00eca: B\u00eca m\u1ec1m  Kh\u1ed5: 13x20 cm  S\u1ed1 trang: 264\" \/>\n<meta property=\"og:url\" content=\"https:\/\/sachkhaitam.store\/index.php\/product\/tam-ke-phu-nu-sach-khai\/\" \/>\n<meta property=\"og:site_name\" content=\"sachkhaitam.store\" \/>\n<meta property=\"article:modified_time\" content=\"2025-07-31T19:06:52+00:00\" \/>\n<meta property=\"og:image\" content=\"https:\/\/sachkhaitam.store\/wp-content\/uploads\/2025\/07\/z5755055603384_48e9a31665b8c9974e4b490dc96f596e.jpg\" \/>\n\t<meta property=\"og:image:width\" content=\"2558\" \/>\n\t<meta property=\"og:image:height\" content=\"2560\" \/>\n\t<meta property=\"og:image:type\" content=\"image\/jpeg\" \/>\n<meta name=\"twitter:card\" content=\"summary_large_image\" \/>\n<meta name=\"twitter:label1\" content=\"\u01af\u1edbc t\u00ednh th\u1eddi gian \u0111\u1ecdc\" \/>\n\t<meta name=\"twitter:data1\" content=\"3 ph\u00fat\" \/>\n<script type=\"application\/ld+json\" class=\"yoast-schema-graph\">{\"@context\":\"https:\/\/schema.org\",\"@graph\":[{\"@type\":\"WebPage\",\"@id\":\"https:\/\/sachkhaitam.store\/index.php\/product\/tam-ke-phu-nu-sach-khai\/\",\"url\":\"https:\/\/sachkhaitam.store\/index.php\/product\/tam-ke-phu-nu-sach-khai\/\",\"name\":\"T\u00c2M K\u1ebe PH\u1ee4 N\u1eee - sachkhaitam.store\",\"isPartOf\":{\"@id\":\"https:\/\/sachkhaitam.store\/#website\"},\"primaryImageOfPage\":{\"@id\":\"https:\/\/sachkhaitam.store\/index.php\/product\/tam-ke-phu-nu-sach-khai\/#primaryimage\"},\"image\":{\"@id\":\"https:\/\/sachkhaitam.store\/index.php\/product\/tam-ke-phu-nu-sach-khai\/#primaryimage\"},\"thumbnailUrl\":\"https:\/\/sachkhaitam.store\/wp-content\/uploads\/2025\/07\/z5755055603384_48e9a31665b8c9974e4b490dc96f596e.jpg\",\"datePublished\":\"2025-07-22T06:45:48+00:00\",\"dateModified\":\"2025-07-31T19:06:52+00:00\",\"breadcrumb\":{\"@id\":\"https:\/\/sachkhaitam.store\/index.php\/product\/tam-ke-phu-nu-sach-khai\/#breadcrumb\"},\"inLanguage\":\"vi\",\"potentialAction\":[{\"@type\":\"ReadAction\",\"target\":[\"https:\/\/sachkhaitam.store\/index.php\/product\/tam-ke-phu-nu-sach-khai\/\"]}]},{\"@type\":\"ImageObject\",\"inLanguage\":\"vi\",\"@id\":\"https:\/\/sachkhaitam.store\/index.php\/product\/tam-ke-phu-nu-sach-khai\/#primaryimage\",\"url\":\"https:\/\/sachkhaitam.store\/wp-content\/uploads\/2025\/07\/z5755055603384_48e9a31665b8c9974e4b490dc96f596e.jpg\",\"contentUrl\":\"https:\/\/sachkhaitam.store\/wp-content\/uploads\/2025\/07\/z5755055603384_48e9a31665b8c9974e4b490dc96f596e.jpg\",\"width\":2558,\"height\":2560},{\"@type\":\"BreadcrumbList\",\"@id\":\"https:\/\/sachkhaitam.store\/index.php\/product\/tam-ke-phu-nu-sach-khai\/#breadcrumb\",\"itemListElement\":[{\"@type\":\"ListItem\",\"position\":1,\"name\":\"Trang ch\u1ee7\",\"item\":\"https:\/\/sachkhaitam.store\/\"},{\"@type\":\"ListItem\",\"position\":2,\"name\":\"Shop\",\"item\":\"https:\/\/sachkhaitam.store\/index.php\/shop\/\"},{\"@type\":\"ListItem\",\"position\":3,\"name\":\"T\u00c2M K\u1ebe PH\u1ee4 N\u1eee\"}]},{\"@type\":\"WebSite\",\"@id\":\"https:\/\/sachkhaitam.store\/#website\",\"url\":\"https:\/\/sachkhaitam.store\/\",\"name\":\"sachkhaitam.store\",\"description\":\"sachkhaitam\",\"publisher\":{\"@id\":\"https:\/\/sachkhaitam.store\/#organization\"},\"potentialAction\":[{\"@type\":\"SearchAction\",\"target\":{\"@type\":\"EntryPoint\",\"urlTemplate\":\"https:\/\/sachkhaitam.store\/?s={search_term_string}\"},\"query-input\":{\"@type\":\"PropertyValueSpecification\",\"valueRequired\":true,\"valueName\":\"search_term_string\"}}],\"inLanguage\":\"vi\"},{\"@type\":\"Organization\",\"@id\":\"https:\/\/sachkhaitam.store\/#organization\",\"name\":\"sachkhaitam.store\",\"url\":\"https:\/\/sachkhaitam.store\/\",\"logo\":{\"@type\":\"ImageObject\",\"inLanguage\":\"vi\",\"@id\":\"https:\/\/sachkhaitam.store\/#\/schema\/logo\/image\/\",\"url\":\"https:\/\/sachkhaitam.store\/wp-content\/uploads\/2025\/07\/SACH-KHAI-TAM-01-1.svg\",\"contentUrl\":\"https:\/\/sachkhaitam.store\/wp-content\/uploads\/2025\/07\/SACH-KHAI-TAM-01-1.svg\",\"width\":900,\"height\":900,\"caption\":\"sachkhaitam.store\"},\"image\":{\"@id\":\"https:\/\/sachkhaitam.store\/#\/schema\/logo\/image\/\"}}]}<\/script>\n<!-- \/ Yoast SEO plugin. -->","yoast_head_json":{"title":"T\u00c2M K\u1ebe PH\u1ee4 N\u1eee - sachkhaitam.store","robots":{"index":"index","follow":"follow","max-snippet":"max-snippet:-1","max-image-preview":"max-image-preview:large","max-video-preview":"max-video-preview:-1"},"canonical":"https:\/\/sachkhaitam.store\/index.php\/product\/tam-ke-phu-nu-sach-khai\/","og_locale":"vi_VN","og_type":"article","og_title":"T\u00c2M K\u1ebe PH\u1ee4 N\u1eee - sachkhaitam.store","og_description":"T\u00ean t\u00e1c ph\u1ea9m: T\u00e2m K\u1ebf Ph\u1ee5 N\u1eef  T\u00e1c gi\u1ea3: TS V\u0169 B\u00edch Ng\u1ecdc  Th\u01b0\u01a1ng Hi\u1ec7u: SBOOKS  Nh\u00e0 xu\u1ea5t b\u1ea3n: NXB V\u0103n H\u1ecdc  N\u0103m xu\u1ea5t b\u1ea3n: 2024  Lo\u1ea1i b\u00eca: B\u00eca m\u1ec1m  Kh\u1ed5: 13x20 cm  S\u1ed1 trang: 264","og_url":"https:\/\/sachkhaitam.store\/index.php\/product\/tam-ke-phu-nu-sach-khai\/","og_site_name":"sachkhaitam.store","article_modified_time":"2025-07-31T19:06:52+00:00","og_image":[{"width":2558,"height":2560,"url":"https:\/\/sachkhaitam.store\/wp-content\/uploads\/2025\/07\/z5755055603384_48e9a31665b8c9974e4b490dc96f596e.jpg","type":"image\/jpeg"}],"twitter_card":"summary_large_image","twitter_misc":{"\u01af\u1edbc t\u00ednh th\u1eddi gian \u0111\u1ecdc":"3 ph\u00fat"},"schema":{"@context":"https:\/\/schema.org","@graph":[{"@type":"WebPage","@id":"https:\/\/sachkhaitam.store\/index.php\/product\/tam-ke-phu-nu-sach-khai\/","url":"https:\/\/sachkhaitam.store\/index.php\/product\/tam-ke-phu-nu-sach-khai\/","name":"T\u00c2M K\u1ebe PH\u1ee4 N\u1eee - sachkhaitam.store","isPartOf":{"@id":"https:\/\/sachkhaitam.store\/#website"},"primaryImageOfPage":{"@id":"https:\/\/sachkhaitam.store\/index.php\/product\/tam-ke-phu-nu-sach-khai\/#primaryimage"},"image":{"@id":"https:\/\/sachkhaitam.store\/index.php\/product\/tam-ke-phu-nu-sach-khai\/#primaryimage"},"thumbnailUrl":"https:\/\/sachkhaitam.store\/wp-content\/uploads\/2025\/07\/z5755055603384_48e9a31665b8c9974e4b490dc96f596e.jpg","datePublished":"2025-07-22T06:45:48+00:00","dateModified":"2025-07-31T19:06:52+00:00","breadcrumb":{"@id":"https:\/\/sachkhaitam.store\/index.php\/product\/tam-ke-phu-nu-sach-khai\/#breadcrumb"},"inLanguage":"vi","potentialAction":[{"@type":"ReadAction","target":["https:\/\/sachkhaitam.store\/index.php\/product\/tam-ke-phu-nu-sach-khai\/"]}]},{"@type":"ImageObject","inLanguage":"vi","@id":"https:\/\/sachkhaitam.store\/index.php\/product\/tam-ke-phu-nu-sach-khai\/#primaryimage","url":"https:\/\/sachkhaitam.store\/wp-content\/uploads\/2025\/07\/z5755055603384_48e9a31665b8c9974e4b490dc96f596e.jpg","contentUrl":"https:\/\/sachkhaitam.store\/wp-content\/uploads\/2025\/07\/z5755055603384_48e9a31665b8c9974e4b490dc96f596e.jpg","width":2558,"height":2560},{"@type":"BreadcrumbList","@id":"https:\/\/sachkhaitam.store\/index.php\/product\/tam-ke-phu-nu-sach-khai\/#breadcrumb","itemListElement":[{"@type":"ListItem","position":1,"name":"Trang ch\u1ee7","item":"https:\/\/sachkhaitam.store\/"},{"@type":"ListItem","position":2,"name":"Shop","item":"https:\/\/sachkhaitam.store\/index.php\/shop\/"},{"@type":"ListItem","position":3,"name":"T\u00c2M K\u1ebe PH\u1ee4 N\u1eee"}]},{"@type":"WebSite","@id":"https:\/\/sachkhaitam.store\/#website","url":"https:\/\/sachkhaitam.store\/","name":"sachkhaitam.store","description":"sachkhaitam","publisher":{"@id":"https:\/\/sachkhaitam.store\/#organization"},"potentialAction":[{"@type":"SearchAction","target":{"@type":"EntryPoint","urlTemplate":"https:\/\/sachkhaitam.store\/?s={search_term_string}"},"query-input":{"@type":"PropertyValueSpecification","valueRequired":true,"valueName":"search_term_string"}}],"inLanguage":"vi"},{"@type":"Organization","@id":"https:\/\/sachkhaitam.store\/#organization","name":"sachkhaitam.store","url":"https:\/\/sachkhaitam.store\/","logo":{"@type":"ImageObject","inLanguage":"vi","@id":"https:\/\/sachkhaitam.store\/#\/schema\/logo\/image\/","url":"https:\/\/sachkhaitam.store\/wp-content\/uploads\/2025\/07\/SACH-KHAI-TAM-01-1.svg","contentUrl":"https:\/\/sachkhaitam.store\/wp-content\/uploads\/2025\/07\/SACH-KHAI-TAM-01-1.svg","width":900,"height":900,"caption":"sachkhaitam.store"},"image":{"@id":"https:\/\/sachkhaitam.store\/#\/schema\/logo\/image\/"}}]}},"jetpack_sharing_enabled":true,"_links":{"self":[{"href":"https:\/\/sachkhaitam.store\/index.php\/wp-json\/wp\/v2\/product\/9183","targetHints":{"allow":["GET"]}}],"collection":[{"href":"https:\/\/sachkhaitam.store\/index.php\/wp-json\/wp\/v2\/product"}],"about":[{"href":"https:\/\/sachkhaitam.store\/index.php\/wp-json\/wp\/v2\/types\/product"}],"replies":[{"embeddable":true,"href":"https:\/\/sachkhaitam.store\/index.php\/wp-json\/wp\/v2\/comments?post=9183"}],"wp:featuredmedia":[{"embeddable":true,"href":"https:\/\/sachkhaitam.store\/index.php\/wp-json\/wp\/v2\/media\/9186"}],"wp:attachment":[{"href":"https:\/\/sachkhaitam.store\/index.php\/wp-json\/wp\/v2\/media?parent=9183"}],"wp:term":[{"taxonomy":"product_cat","embeddable":true,"href":"https:\/\/sachkhaitam.store\/index.php\/wp-json\/wp\/v2\/product_cat?post=9183"},{"taxonomy":"product_tag","embeddable":true,"href":"https:\/\/sachkhaitam.store\/index.php\/wp-json\/wp\/v2\/product_tag?post=9183"}],"curies":[{"name":"wp","href":"https:\/\/api.w.org\/{rel}","templated":true}]}}