{"id":9175,"date":"2025-07-21T11:49:24","date_gmt":"2025-07-21T11:49:24","guid":{"rendered":"https:\/\/sachkhaitam.store\/?post_type=product&#038;p=9175"},"modified":"2025-07-31T19:04:50","modified_gmt":"2025-07-31T19:04:50","slug":"hay-yeu-bang-ly-tri-sach-khai-tam","status":"publish","type":"product","link":"https:\/\/sachkhaitam.store\/index.php\/product\/hay-yeu-bang-ly-tri-sach-khai-tam\/","title":{"rendered":"H\u00c3Y Y\u00caU B\u1eb0NG L\u00dd TR\u00cd"},"content":{"rendered":"<table width=\"231\">\n<tbody>\n<tr>\n<td width=\"231\">Ai c\u0169ng n\u00f3i ph\u1ee5 n\u1eef \u0111\u1eb9p t\u1ef1a nh\u01b0 hoa, nh\u01b0ng trong cu\u1ed9c \u0111\u1eddi n\u00e0y, c\u00f3 \u0111\u01b0\u1ee3c bao nhi\u00eau ng\u01b0\u1eddi ph\u1ee5 n\u1eef th\u1eadt s\u1ef1 \u0111\u01b0\u1ee3c s\u1ed1ng m\u1ed9t cu\u1ed9c s\u1ed1ng t\u01b0\u01a1i \u0111\u1eb9p, r\u1ef1c r\u1ee1 nh\u01b0 nh\u1eefng b\u00f4ng hoa? Ng\u01b0\u1eddi ph\u1ee5 n\u1eef h\u1ea1nh ph\u00fac th\u1ef1c s\u1ef1, l\u00e0 ng\u01b0\u1eddi ph\u1ee5 n\u1eef c\u00f3 m\u1ed9t tr\u00e1i tim n\u1ed3ng nhi\u1ec7t, nh\u01b0ng v\u1eabn gi\u1eef \u0111\u01b0\u1ee3c m\u1ed9t c\u00e1i \u0111\u1ea7u l\u1ea1nh l\u00fd tr\u00ed, \u0111\u1ec3 bi\u1ebft \u0111\u1eb7t t\u00ecnh y\u00eau v\u00e0 ni\u1ec1m tin \u0111\u00fang ch\u1ed7.<\/p>\n<p>Ng\u01b0\u1eddi x\u01b0a t\u1eebng d\u1ea1y: Hoa ng\u1eafm khi n\u1edf gi\u1eefa ch\u1eebng, r\u01b0\u1ee3u u\u1ed1ng \u0111\u1ebfn ng\u00e0 say, l\u00fac \u0111\u00f3 m\u1edbi tuy\u1ec7t nh\u1ea5t. T\u00ecnh c\u1ea3m c\u1ee7a con ng\u01b0\u1eddi c\u0169ng v\u1eady, \u0111\u1eebng y\u00eau qu\u00e1 nhi\u1ec1u, lu\u00f4n ph\u1ea3i \u0111\u1ec3 d\u00e0nh cho m\u00ecnh v\u00e0i ph\u1ea7n. N\u1ebfu ng\u01b0\u1eddi ph\u1ee5 n\u1eef kh\u00f4ng bi\u1ebft tr\u00e2n tr\u1ecdng ch\u00ednh b\u1ea3n th\u00e2n m\u00ecnh th\u00ec d\u1ef1a v\u00e0o \u0111\u00e2u m\u00e0 \u0111\u00f2i h\u1ecfi ng\u01b0\u1eddi kh\u00e1c ph\u1ea3i tr\u00e2n tr\u1ecdng h\u1ecd? Gi\u00e1 tr\u1ecb c\u1ee7a b\u1ea3n th\u00e2n l\u00e0 do ch\u00ednh m\u00ecnh \u0111\u1ecbnh \u0111o\u1ea1t, n\u1ebfu b\u1ea1n \u0111\u1eb7t b\u1ea3n th\u00e2n v\u00e0o bi\u1ec3n c\u00e1t th\u00ec c\u0169ng \u0111\u1eebng tr\u00e1ch ng\u01b0\u1eddi kh\u00e1c coi b\u1ea1n nh\u01b0 c\u1ecf r\u00e1c.<\/p>\n<p>Ph\u1ee5 n\u1eef n\u00ean s\u1ed1ng m\u1ed9t cu\u1ed9c \u0111\u1eddi r\u1ea1ng r\u1ee1 nh\u01b0 hoa th\u00ec m\u1edbi kh\u00f4ng ph\u00ed ho\u00e0i nh\u1eefng n\u0103m th\u00e1ng t\u01b0\u01a1i \u0111\u1eb9p. 20 tu\u1ed5i, ph\u1ee5 n\u1eef n\u00ean s\u1ed1ng gi\u1ed1ng nh\u01b0 hoa h\u01b0\u1edbng d\u01b0\u01a1ng, kh\u00f4ng ng\u1ea1i c\u1ed1 g\u1eafng v\u01b0\u01a1n m\u00ecnh v\u1ec1 n\u01a1i c\u00f3 \u00e1nh s\u00e1ng m\u1eb7t tr\u1eddi. 30 tu\u1ed5i, ph\u1ee5 n\u1eef c\u1ea7n s\u1ed1ng gi\u1ed1ng nh\u01b0 b\u00f4ng h\u1ed3ng thanh tao, bung n\u1edf r\u1ef1c r\u1ee1, to\u1ea3 h\u01b0\u01a1ng th\u01a1m ng\u00e1t kh\u1eafp nh\u00e2n gian, d\u1ef1ng n\u00ean khung c\u1ea3nh h\u1ea5p d\u1eabn nh\u1ea5t. 40 tu\u1ed5i, ng\u01b0\u1eddi ph\u1ee5 n\u1eef h\u00e3y s\u1ed1ng ung dung nh\u01b0 lo\u00e0i hoa m\u1eabu \u0111\u01a1n, to\u00e1t l\u00ean v\u1ebb \u0111\u1eb9p tr\u1ea7m t\u0129nh l\u1eafng \u0111\u1ecdng sau bao th\u00e1ng ng\u00e0y, \u0111\u1ec3 v\u1ebb \u0111\u1eb9p tr\u00ed tu\u1ec7 v\u00e0 ch\u00edn ch\u1eafn l\u00ean men th\u00e0nh h\u01b0\u01a1ng r\u01b0\u1ee3u th\u01a1m n\u1ed3ng\u2026<\/p>\n<p>N\u1ebfu trong cu\u1ed9c \u0111\u1eddi n\u00e0y, b\u1ea1n c\u00f3 th\u1ec3 y\u00eau th\u01b0\u01a1ng b\u1ea3n th\u00e2n, tr\u00e2n tr\u1ecdng t\u00e2m h\u1ed3n th\u00ec xu\u1ea5t ph\u00e1t t\u1eeb b\u1ebfn b\u1edd n\u00e0y, b\u1ea1n s\u1ebd tr\u1edf th\u00e0nh con thuy\u1ec1n nh\u1ecf h\u1ea1nh ph\u00fac c\u00f3 th\u1ec3 x\u00e1c v\u00e0 t\u00e2m h\u1ed3n h\u00e0i ho\u00e0, nh\u1eb9 nh\u00e0ng, b\u00ecnh th\u1ea3n ti\u1ebfn l\u00ean ph\u00eda tr\u01b0\u1edbc t\u1eebng b\u01b0\u1edbc, ti\u1ebfn ra bi\u1ec3n kh\u01a1i m\u00eanh m\u00f4ng chan ch\u1ee9a t\u00ecnh y\u00eau v\u1edbi m\u1ecdi ng\u01b0\u1eddi, v\u1edbi v\u1ea1n v\u1eadt v\u00e0 v\u1edbi c\u1ea3 th\u1ebf gi\u1edbi.<\/p>\n<p><img fetchpriority=\"high\" decoding=\"async\" class=\" wp-image-9179 aligncenter\" src=\"https:\/\/sachkhaitam.store\/wp-content\/uploads\/2025\/07\/z5755052131416_5ce0bdf36949d0df793af296cb97e0de-300x300.jpg\" alt=\"\" width=\"469\" height=\"469\" srcset=\"https:\/\/sachkhaitam.store\/wp-content\/uploads\/2025\/07\/z5755052131416_5ce0bdf36949d0df793af296cb97e0de-300x300.jpg 300w, https:\/\/sachkhaitam.store\/wp-content\/uploads\/2025\/07\/z5755052131416_5ce0bdf36949d0df793af296cb97e0de-1024x1024.jpg 1024w, https:\/\/sachkhaitam.store\/wp-content\/uploads\/2025\/07\/z5755052131416_5ce0bdf36949d0df793af296cb97e0de-150x150.jpg 150w, https:\/\/sachkhaitam.store\/wp-content\/uploads\/2025\/07\/z5755052131416_5ce0bdf36949d0df793af296cb97e0de-768x769.jpg 768w, https:\/\/sachkhaitam.store\/wp-content\/uploads\/2025\/07\/z5755052131416_5ce0bdf36949d0df793af296cb97e0de-1536x1536.jpg 1536w, https:\/\/sachkhaitam.store\/wp-content\/uploads\/2025\/07\/z5755052131416_5ce0bdf36949d0df793af296cb97e0de-2046x2048.jpg 2046w, https:\/\/sachkhaitam.store\/wp-content\/uploads\/2025\/07\/z5755052131416_5ce0bdf36949d0df793af296cb97e0de-1320x1321.jpg 1320w, https:\/\/sachkhaitam.store\/wp-content\/uploads\/2025\/07\/z5755052131416_5ce0bdf36949d0df793af296cb97e0de-450x450.jpg 450w, https:\/\/sachkhaitam.store\/wp-content\/uploads\/2025\/07\/z5755052131416_5ce0bdf36949d0df793af296cb97e0de-800x801.jpg 800w, https:\/\/sachkhaitam.store\/wp-content\/uploads\/2025\/07\/z5755052131416_5ce0bdf36949d0df793af296cb97e0de-100x100.jpg 100w, https:\/\/sachkhaitam.store\/wp-content\/uploads\/2025\/07\/z5755052131416_5ce0bdf36949d0df793af296cb97e0de-50x50.jpg 50w, https:\/\/sachkhaitam.store\/wp-content\/uploads\/2025\/07\/z5755052131416_5ce0bdf36949d0df793af296cb97e0de-460x460.jpg 460w\" sizes=\"(max-width: 469px) 100vw, 469px\" \/><\/td>\n<\/tr>\n<\/tbody>\n<\/table>\n","protected":false},"excerpt":{"rendered":"<ul>\n<li>T\u00ean t\u00e1c ph\u1ea9m: H\u00e3y Y\u00eau B\u1eb1ng L\u00fd Tr\u00ed<\/li>\n<li>T\u00e1c gi\u1ea3: TS V\u0169 B\u00edch Ng\u1ecdc<\/li>\n<li>Th\u01b0\u01a1ng Hi\u1ec7u: SBOOKS<\/li>\n<li>Nh\u00e0 xu\u1ea5t b\u1ea3n: NXB V\u0103n H\u1ecdc<\/li>\n<li>N\u0103m xu\u1ea5t b\u1ea3n: 2024<\/li>\n<li>Lo\u1ea1i b\u00eca: B\u00eca m\u1ec1m<\/li>\n<li>Kh\u1ed5: 13&#215;20 cm<\/li>\n<li>S\u1ed1 trang: 264<\/li>\n<\/ul>\n","protected":false},"featured_media":9176,"comment_status":"open","ping_status":"closed","template":"","meta":[],"product_cat":[79,78],"product_tag":[81,80],"class_list":{"0":"post-9175","1":"product","2":"type-product","3":"status-publish","4":"has-post-thumbnail","6":"product_cat-phat-trien-tam-thuc-van-hoc-nghe-thuat","7":"product_cat-van-hoc-nghe-thuat","8":"product_tag-hay-yeu-bang-ly-tri","9":"product_tag-sach-hay-yeu-bang-ly-tri","11":"first","12":"instock","13":"shipping-taxable","14":"purchasable","15":"product-type-simple"},"yoast_head":"<!-- This site is optimized with the Yoast SEO plugin v25.3 - https:\/\/yoast.com\/wordpress\/plugins\/seo\/ -->\n<title>H\u00c3Y Y\u00caU B\u1eb0NG L\u00dd TR\u00cd - sachkhaitam.store<\/title>\n<meta name=\"robots\" content=\"index, follow, max-snippet:-1, max-image-preview:large, max-video-preview:-1\" \/>\n<link rel=\"canonical\" href=\"https:\/\/sachkhaitam.store\/index.php\/product\/hay-yeu-bang-ly-tri-sach-khai-tam\/\" \/>\n<meta property=\"og:locale\" content=\"vi_VN\" \/>\n<meta property=\"og:type\" content=\"article\" \/>\n<meta property=\"og:title\" content=\"H\u00c3Y Y\u00caU B\u1eb0NG L\u00dd TR\u00cd - sachkhaitam.store\" \/>\n<meta property=\"og:description\" content=\"T\u00ean t\u00e1c ph\u1ea9m: H\u00e3y Y\u00eau B\u1eb1ng L\u00fd Tr\u00ed  T\u00e1c gi\u1ea3: TS V\u0169 B\u00edch Ng\u1ecdc  Th\u01b0\u01a1ng Hi\u1ec7u: SBOOKS  Nh\u00e0 xu\u1ea5t b\u1ea3n: NXB V\u0103n H\u1ecdc  N\u0103m xu\u1ea5t b\u1ea3n: 2024  Lo\u1ea1i b\u00eca: B\u00eca m\u1ec1m  Kh\u1ed5: 13x20 cm  S\u1ed1 trang: 264\" \/>\n<meta property=\"og:url\" content=\"https:\/\/sachkhaitam.store\/index.php\/product\/hay-yeu-bang-ly-tri-sach-khai-tam\/\" \/>\n<meta property=\"og:site_name\" content=\"sachkhaitam.store\" \/>\n<meta property=\"article:modified_time\" content=\"2025-07-31T19:04:50+00:00\" \/>\n<meta property=\"og:image\" content=\"https:\/\/sachkhaitam.store\/wp-content\/uploads\/2025\/07\/z5755046432944_2f2d19ecfb44aa2e7d40ab4f87cbf2dc.jpg\" \/>\n\t<meta property=\"og:image:width\" content=\"2558\" \/>\n\t<meta property=\"og:image:height\" content=\"2560\" \/>\n\t<meta property=\"og:image:type\" content=\"image\/jpeg\" \/>\n<meta name=\"twitter:card\" content=\"summary_large_image\" \/>\n<meta name=\"twitter:label1\" content=\"\u01af\u1edbc t\u00ednh th\u1eddi gian \u0111\u1ecdc\" \/>\n\t<meta name=\"twitter:data1\" content=\"3 ph\u00fat\" \/>\n<script type=\"application\/ld+json\" class=\"yoast-schema-graph\">{\"@context\":\"https:\/\/schema.org\",\"@graph\":[{\"@type\":\"WebPage\",\"@id\":\"https:\/\/sachkhaitam.store\/index.php\/product\/hay-yeu-bang-ly-tri-sach-khai-tam\/\",\"url\":\"https:\/\/sachkhaitam.store\/index.php\/product\/hay-yeu-bang-ly-tri-sach-khai-tam\/\",\"name\":\"H\u00c3Y Y\u00caU B\u1eb0NG L\u00dd TR\u00cd - sachkhaitam.store\",\"isPartOf\":{\"@id\":\"https:\/\/sachkhaitam.store\/#website\"},\"primaryImageOfPage\":{\"@id\":\"https:\/\/sachkhaitam.store\/index.php\/product\/hay-yeu-bang-ly-tri-sach-khai-tam\/#primaryimage\"},\"image\":{\"@id\":\"https:\/\/sachkhaitam.store\/index.php\/product\/hay-yeu-bang-ly-tri-sach-khai-tam\/#primaryimage\"},\"thumbnailUrl\":\"https:\/\/sachkhaitam.store\/wp-content\/uploads\/2025\/07\/z5755046432944_2f2d19ecfb44aa2e7d40ab4f87cbf2dc.jpg\",\"datePublished\":\"2025-07-21T11:49:24+00:00\",\"dateModified\":\"2025-07-31T19:04:50+00:00\",\"breadcrumb\":{\"@id\":\"https:\/\/sachkhaitam.store\/index.php\/product\/hay-yeu-bang-ly-tri-sach-khai-tam\/#breadcrumb\"},\"inLanguage\":\"vi\",\"potentialAction\":[{\"@type\":\"ReadAction\",\"target\":[\"https:\/\/sachkhaitam.store\/index.php\/product\/hay-yeu-bang-ly-tri-sach-khai-tam\/\"]}]},{\"@type\":\"ImageObject\",\"inLanguage\":\"vi\",\"@id\":\"https:\/\/sachkhaitam.store\/index.php\/product\/hay-yeu-bang-ly-tri-sach-khai-tam\/#primaryimage\",\"url\":\"https:\/\/sachkhaitam.store\/wp-content\/uploads\/2025\/07\/z5755046432944_2f2d19ecfb44aa2e7d40ab4f87cbf2dc.jpg\",\"contentUrl\":\"https:\/\/sachkhaitam.store\/wp-content\/uploads\/2025\/07\/z5755046432944_2f2d19ecfb44aa2e7d40ab4f87cbf2dc.jpg\",\"width\":2558,\"height\":2560},{\"@type\":\"BreadcrumbList\",\"@id\":\"https:\/\/sachkhaitam.store\/index.php\/product\/hay-yeu-bang-ly-tri-sach-khai-tam\/#breadcrumb\",\"itemListElement\":[{\"@type\":\"ListItem\",\"position\":1,\"name\":\"Trang ch\u1ee7\",\"item\":\"https:\/\/sachkhaitam.store\/\"},{\"@type\":\"ListItem\",\"position\":2,\"name\":\"Shop\",\"item\":\"https:\/\/sachkhaitam.store\/index.php\/shop\/\"},{\"@type\":\"ListItem\",\"position\":3,\"name\":\"H\u00c3Y Y\u00caU B\u1eb0NG L\u00dd TR\u00cd\"}]},{\"@type\":\"WebSite\",\"@id\":\"https:\/\/sachkhaitam.store\/#website\",\"url\":\"https:\/\/sachkhaitam.store\/\",\"name\":\"sachkhaitam.store\",\"description\":\"sachkhaitam\",\"publisher\":{\"@id\":\"https:\/\/sachkhaitam.store\/#organization\"},\"potentialAction\":[{\"@type\":\"SearchAction\",\"target\":{\"@type\":\"EntryPoint\",\"urlTemplate\":\"https:\/\/sachkhaitam.store\/?s={search_term_string}\"},\"query-input\":{\"@type\":\"PropertyValueSpecification\",\"valueRequired\":true,\"valueName\":\"search_term_string\"}}],\"inLanguage\":\"vi\"},{\"@type\":\"Organization\",\"@id\":\"https:\/\/sachkhaitam.store\/#organization\",\"name\":\"sachkhaitam.store\",\"url\":\"https:\/\/sachkhaitam.store\/\",\"logo\":{\"@type\":\"ImageObject\",\"inLanguage\":\"vi\",\"@id\":\"https:\/\/sachkhaitam.store\/#\/schema\/logo\/image\/\",\"url\":\"https:\/\/sachkhaitam.store\/wp-content\/uploads\/2025\/07\/SACH-KHAI-TAM-01-1.svg\",\"contentUrl\":\"https:\/\/sachkhaitam.store\/wp-content\/uploads\/2025\/07\/SACH-KHAI-TAM-01-1.svg\",\"width\":900,\"height\":900,\"caption\":\"sachkhaitam.store\"},\"image\":{\"@id\":\"https:\/\/sachkhaitam.store\/#\/schema\/logo\/image\/\"}}]}<\/script>\n<!-- \/ Yoast SEO plugin. -->","yoast_head_json":{"title":"H\u00c3Y Y\u00caU B\u1eb0NG L\u00dd TR\u00cd - sachkhaitam.store","robots":{"index":"index","follow":"follow","max-snippet":"max-snippet:-1","max-image-preview":"max-image-preview:large","max-video-preview":"max-video-preview:-1"},"canonical":"https:\/\/sachkhaitam.store\/index.php\/product\/hay-yeu-bang-ly-tri-sach-khai-tam\/","og_locale":"vi_VN","og_type":"article","og_title":"H\u00c3Y Y\u00caU B\u1eb0NG L\u00dd TR\u00cd - sachkhaitam.store","og_description":"T\u00ean t\u00e1c ph\u1ea9m: H\u00e3y Y\u00eau B\u1eb1ng L\u00fd Tr\u00ed  T\u00e1c gi\u1ea3: TS V\u0169 B\u00edch Ng\u1ecdc  Th\u01b0\u01a1ng Hi\u1ec7u: SBOOKS  Nh\u00e0 xu\u1ea5t b\u1ea3n: NXB V\u0103n H\u1ecdc  N\u0103m xu\u1ea5t b\u1ea3n: 2024  Lo\u1ea1i b\u00eca: B\u00eca m\u1ec1m  Kh\u1ed5: 13x20 cm  S\u1ed1 trang: 264","og_url":"https:\/\/sachkhaitam.store\/index.php\/product\/hay-yeu-bang-ly-tri-sach-khai-tam\/","og_site_name":"sachkhaitam.store","article_modified_time":"2025-07-31T19:04:50+00:00","og_image":[{"width":2558,"height":2560,"url":"https:\/\/sachkhaitam.store\/wp-content\/uploads\/2025\/07\/z5755046432944_2f2d19ecfb44aa2e7d40ab4f87cbf2dc.jpg","type":"image\/jpeg"}],"twitter_card":"summary_large_image","twitter_misc":{"\u01af\u1edbc t\u00ednh th\u1eddi gian \u0111\u1ecdc":"3 ph\u00fat"},"schema":{"@context":"https:\/\/schema.org","@graph":[{"@type":"WebPage","@id":"https:\/\/sachkhaitam.store\/index.php\/product\/hay-yeu-bang-ly-tri-sach-khai-tam\/","url":"https:\/\/sachkhaitam.store\/index.php\/product\/hay-yeu-bang-ly-tri-sach-khai-tam\/","name":"H\u00c3Y Y\u00caU B\u1eb0NG L\u00dd TR\u00cd - sachkhaitam.store","isPartOf":{"@id":"https:\/\/sachkhaitam.store\/#website"},"primaryImageOfPage":{"@id":"https:\/\/sachkhaitam.store\/index.php\/product\/hay-yeu-bang-ly-tri-sach-khai-tam\/#primaryimage"},"image":{"@id":"https:\/\/sachkhaitam.store\/index.php\/product\/hay-yeu-bang-ly-tri-sach-khai-tam\/#primaryimage"},"thumbnailUrl":"https:\/\/sachkhaitam.store\/wp-content\/uploads\/2025\/07\/z5755046432944_2f2d19ecfb44aa2e7d40ab4f87cbf2dc.jpg","datePublished":"2025-07-21T11:49:24+00:00","dateModified":"2025-07-31T19:04:50+00:00","breadcrumb":{"@id":"https:\/\/sachkhaitam.store\/index.php\/product\/hay-yeu-bang-ly-tri-sach-khai-tam\/#breadcrumb"},"inLanguage":"vi","potentialAction":[{"@type":"ReadAction","target":["https:\/\/sachkhaitam.store\/index.php\/product\/hay-yeu-bang-ly-tri-sach-khai-tam\/"]}]},{"@type":"ImageObject","inLanguage":"vi","@id":"https:\/\/sachkhaitam.store\/index.php\/product\/hay-yeu-bang-ly-tri-sach-khai-tam\/#primaryimage","url":"https:\/\/sachkhaitam.store\/wp-content\/uploads\/2025\/07\/z5755046432944_2f2d19ecfb44aa2e7d40ab4f87cbf2dc.jpg","contentUrl":"https:\/\/sachkhaitam.store\/wp-content\/uploads\/2025\/07\/z5755046432944_2f2d19ecfb44aa2e7d40ab4f87cbf2dc.jpg","width":2558,"height":2560},{"@type":"BreadcrumbList","@id":"https:\/\/sachkhaitam.store\/index.php\/product\/hay-yeu-bang-ly-tri-sach-khai-tam\/#breadcrumb","itemListElement":[{"@type":"ListItem","position":1,"name":"Trang ch\u1ee7","item":"https:\/\/sachkhaitam.store\/"},{"@type":"ListItem","position":2,"name":"Shop","item":"https:\/\/sachkhaitam.store\/index.php\/shop\/"},{"@type":"ListItem","position":3,"name":"H\u00c3Y Y\u00caU B\u1eb0NG L\u00dd TR\u00cd"}]},{"@type":"WebSite","@id":"https:\/\/sachkhaitam.store\/#website","url":"https:\/\/sachkhaitam.store\/","name":"sachkhaitam.store","description":"sachkhaitam","publisher":{"@id":"https:\/\/sachkhaitam.store\/#organization"},"potentialAction":[{"@type":"SearchAction","target":{"@type":"EntryPoint","urlTemplate":"https:\/\/sachkhaitam.store\/?s={search_term_string}"},"query-input":{"@type":"PropertyValueSpecification","valueRequired":true,"valueName":"search_term_string"}}],"inLanguage":"vi"},{"@type":"Organization","@id":"https:\/\/sachkhaitam.store\/#organization","name":"sachkhaitam.store","url":"https:\/\/sachkhaitam.store\/","logo":{"@type":"ImageObject","inLanguage":"vi","@id":"https:\/\/sachkhaitam.store\/#\/schema\/logo\/image\/","url":"https:\/\/sachkhaitam.store\/wp-content\/uploads\/2025\/07\/SACH-KHAI-TAM-01-1.svg","contentUrl":"https:\/\/sachkhaitam.store\/wp-content\/uploads\/2025\/07\/SACH-KHAI-TAM-01-1.svg","width":900,"height":900,"caption":"sachkhaitam.store"},"image":{"@id":"https:\/\/sachkhaitam.store\/#\/schema\/logo\/image\/"}}]}},"jetpack_sharing_enabled":true,"_links":{"self":[{"href":"https:\/\/sachkhaitam.store\/index.php\/wp-json\/wp\/v2\/product\/9175","targetHints":{"allow":["GET"]}}],"collection":[{"href":"https:\/\/sachkhaitam.store\/index.php\/wp-json\/wp\/v2\/product"}],"about":[{"href":"https:\/\/sachkhaitam.store\/index.php\/wp-json\/wp\/v2\/types\/product"}],"replies":[{"embeddable":true,"href":"https:\/\/sachkhaitam.store\/index.php\/wp-json\/wp\/v2\/comments?post=9175"}],"wp:featuredmedia":[{"embeddable":true,"href":"https:\/\/sachkhaitam.store\/index.php\/wp-json\/wp\/v2\/media\/9176"}],"wp:attachment":[{"href":"https:\/\/sachkhaitam.store\/index.php\/wp-json\/wp\/v2\/media?parent=9175"}],"wp:term":[{"taxonomy":"product_cat","embeddable":true,"href":"https:\/\/sachkhaitam.store\/index.php\/wp-json\/wp\/v2\/product_cat?post=9175"},{"taxonomy":"product_tag","embeddable":true,"href":"https:\/\/sachkhaitam.store\/index.php\/wp-json\/wp\/v2\/product_tag?post=9175"}],"curies":[{"name":"wp","href":"https:\/\/api.w.org\/{rel}","templated":true}]}}