{"id":9166,"date":"2025-07-21T10:39:01","date_gmt":"2025-07-21T10:39:01","guid":{"rendered":"https:\/\/sachkhaitam.store\/?post_type=product&#038;p=9166"},"modified":"2025-07-21T10:46:02","modified_gmt":"2025-07-21T10:46:02","slug":"sach-khai-tam-kheo-an-noi-duoc-thien-ha","status":"publish","type":"product","link":"https:\/\/sachkhaitam.store\/index.php\/product\/sach-khai-tam-kheo-an-noi-duoc-thien-ha\/","title":{"rendered":"KH\u00c9O \u0102N N\u00d3I \u0110\u01af\u1ee2C THI\u00caN H\u1ea0"},"content":{"rendered":"<table width=\"231\">\n<tbody>\n<tr>\n<td width=\"231\">KH\u00c9O \u0102N N\u00d3I, \u0110\u01af\u1ee2C THI\u00caN H\u1ea0: NGH\u1ec6 THU\u1eacT N\u00d3I CHUY\u1ec6N V\u00c0 CHI\u1ebeN L\u01af\u1ee2C GIAO TI\u1ebeP GI\u00daP TH\u1ebe GI\u1edaI V\u1eacN H\u00c0NH THEO \u00dd B\u1ea0N<\/p>\n<p>C\u00f3 ng\u01b0\u1eddi cho r\u1eb1ng ng\u00f4n ng\u1eef l\u00e0 c\u1ea7u n\u1ed1i giao ti\u1ebfp gi\u1eefa ng\u01b0\u1eddi v\u1edbi ng\u01b0\u1eddi, l\u00e0 m\u1ed9t ph\u01b0\u01a1ng th\u1ee9c \u0111\u1ec3 \u201cch\u00e0o h\u00e0ng\u201d b\u1ea3n th\u00e2n, nh\u1eefng cu\u1ed9c tr\u00f2 chuy\u1ec7n vui v\u1ebb d\u1ec5 t\u1ea1o ra c\u01a1 h\u1ed9i, ng\u01b0\u1eddi bi\u1ebft \u0103n n\u00f3i d\u1ec5 n\u1eafm b\u1eaft c\u01a1 h\u1ed9i h\u01a1n. C\u0169ng c\u00f3 ng\u01b0\u1eddi cho r\u1eb1ng, vi\u1ec7c im l\u1eb7ng, gi\u1eef m\u1ed3m gi\u1eef mi\u1ec7ng c\u00f3 th\u1ec3 ng\u0103n ch\u1eb7n h\u1ecda t\u1eeb mi\u1ec7ng m\u00e0 ra, v\u00e0 r\u1ea5t nhi\u1ec1u ng\u01b0\u1eddi tr\u1ea3i \u0111\u1eddi lu\u00f4n khuy\u00ean ng\u01b0\u1eddi kh\u00e1c h\u00e3y nghe nhi\u1ec1u h\u01a1n v\u00e0 n\u00f3i \u00edt l\u1ea1i. Nh\u1eefng ng\u01b0\u1eddi \u00edt n\u00f3i th\u01b0\u1eddng t\u1ea1o cho ng\u01b0\u1eddi kh\u00e1c c\u1ea3m gi\u00e1c b\u00ed hi\u1ec3m v\u00e0 kh\u00f3 hi\u1ec3u; c\u00f2n v\u1edbi ng\u01b0\u1eddi \u0103n n\u00f3i b\u1ed9c tu\u1ec7ch, ch\u1ec9 sau d\u0103m ba c\u00e2u \u0111\u00e3 b\u1ecb ng\u01b0\u1eddi kh\u00e1c nh\u00ecn th\u1ea5u t\u00e2m can.<\/p>\n<p>Kh\u00f4ng bi\u1ebft giao ti\u1ebfp s\u1ebd khi\u1ebfn b\u1ea1n b\u1ecf l\u1ee1 r\u1ea5t nhi\u1ec1u c\u01a1 h\u1ed9i trong c\u00f4ng vi\u1ec7c, \u0111\u1ed3ng th\u1eddi c\u0169ng khi\u1ebfn b\u1ea1n th\u01b0\u1eddng xuy\u00ean x\u1ea3y ra b\u1ea5t h\u00f2a v\u1edbi ng\u01b0\u1eddi y\u00eau, b\u1ea1n b\u00e8, th\u1eadm ch\u00ed d\u1eabn \u0111\u1ebfn vi\u1ec7c ch\u1ea5m d\u1ee9t m\u1ed1i quan h\u1ec7. Khi th\u1ebf gi\u1edbi ng\u00e0y c\u00e0ng r\u1ed9ng m\u1edf, con ng\u01b0\u1eddi c\u0169ng ng\u00e0y c\u00e0ng n\u0103ng \u0111\u1ed9ng h\u01a1n. N\u1ebfu m\u1ed9t ng\u01b0\u1eddi th\u1eadm ch\u00ed kh\u00f4ng c\u00f3 can \u0111\u1ea3m v\u00e0 kh\u1ea3 n\u0103ng n\u00f3i ra suy ngh\u0129 c\u1ee7a m\u00ecnh th\u00ec th\u1ea7n may m\u1eafn s\u1ebd kh\u00f4ng bao gi\u1edd m\u1ec9m c\u01b0\u1eddi v\u1edbi anh ta.<br \/>\n<img fetchpriority=\"high\" decoding=\"async\" class=\" wp-image-9171 aligncenter\" src=\"https:\/\/sachkhaitam.store\/wp-content\/uploads\/2025\/07\/Ban-sao-cua-kheo-an-noi-mck4-300x225.png\" alt=\"\" width=\"631\" height=\"473\" srcset=\"https:\/\/sachkhaitam.store\/wp-content\/uploads\/2025\/07\/Ban-sao-cua-kheo-an-noi-mck4-300x225.png 300w, https:\/\/sachkhaitam.store\/wp-content\/uploads\/2025\/07\/Ban-sao-cua-kheo-an-noi-mck4-1024x768.png 1024w, https:\/\/sachkhaitam.store\/wp-content\/uploads\/2025\/07\/Ban-sao-cua-kheo-an-noi-mck4-768x576.png 768w, https:\/\/sachkhaitam.store\/wp-content\/uploads\/2025\/07\/Ban-sao-cua-kheo-an-noi-mck4-1536x1152.png 1536w, https:\/\/sachkhaitam.store\/wp-content\/uploads\/2025\/07\/Ban-sao-cua-kheo-an-noi-mck4-2048x1536.png 2048w, https:\/\/sachkhaitam.store\/wp-content\/uploads\/2025\/07\/Ban-sao-cua-kheo-an-noi-mck4-1320x990.png 1320w, https:\/\/sachkhaitam.store\/wp-content\/uploads\/2025\/07\/Ban-sao-cua-kheo-an-noi-mck4-450x338.png 450w, https:\/\/sachkhaitam.store\/wp-content\/uploads\/2025\/07\/Ban-sao-cua-kheo-an-noi-mck4-800x600.png 800w\" sizes=\"(max-width: 631px) 100vw, 631px\" \/><br \/>\nCu\u1ed1n s\u00e1ch KH\u00c9O \u0102N N\u00d3I, \u0110\u01af\u1ee2C THI\u00caN H\u1ea0 g\u1ed3m nhi\u1ec1u t\u00ecnh hu\u1ed1ng th\u1ef1c t\u1ebf trong cu\u1ed9c s\u1ed1ng nh\u01b0 s\u1ef1 nghi\u1ec7p, gia \u0111\u00ecnh v\u00e0 t\u00ecnh y\u00eau, s\u1eed d\u1ee5ng m\u1ed9t l\u01b0\u1ee3ng l\u1edbn c\u00e1c t\u00ecnh hu\u1ed1ng, c\u00e2u chuy\u1ec7n th\u00fa v\u1ecb \u0111\u1ec3 tr\u00ecnh b\u00e0y cho ng\u01b0\u1eddi \u0111\u1ecdc t\u1eebng k\u1ef9 n\u0103ng di\u1ec5n \u0111\u1ea1t. C\u00e1c c\u00e2u chuy\u1ec7n kh\u00f4ng ch\u1ec9 s\u1ed1ng \u0111\u1ed9ng v\u00e0 th\u00fa v\u1ecb, h\u1ea5p d\u1eabn m\u00e0 \u0111\u1ed3ng th\u1eddi c\u00f2n k\u00edch th\u00edch t\u01b0 duy c\u1ee7a ng\u01b0\u1eddi \u0111\u1ecdc. Cu\u1ed1n s\u00e1ch c\u0169ng cung c\u1ea5p cho ng\u01b0\u1eddi \u0111\u1ecdc m\u1ed9t s\u1ed1 l\u01b0\u1ee3ng l\u1edbn k\u1ef9 n\u0103ng di\u1ec5n \u0111\u1ea1t th\u1ef1c t\u1ebf, gi\u00fap ng\u01b0\u1eddi \u0111\u1ecdc bi\u1ebfn vi\u1ec7c di\u1ec5n \u0111\u1ea1t th\u00e0nh m\u1ed9t b\u1ed9 m\u00f4n ngh\u1ec7 thu\u1eadt v\u00e0 m\u1ed9t d\u1ea1ng n\u0103ng l\u1ef1c. M\u1ee5c \u0111\u00edch c\u1ee7a ch\u00fang t\u00f4i l\u00e0 \u0111\u1ec3 nh\u1eefng ng\u01b0\u1eddi kh\u00f4ng d\u00e1m n\u00f3i kh\u00f4ng c\u00f2n im l\u1eb7ng v\u00e0 \u0111\u1ec3 nh\u1eefng ng\u01b0\u1eddi d\u00e1m n\u00f3i trau d\u1ed3i m\u1ed9t \u201cc\u00e1i l\u01b0\u1ee1i ho\u00e0n h\u1ea3o\u201d \u0111\u1ec3 m\u1ed1i quan h\u1ec7 c\u00e1 nh\u00e2n c\u1ee7a b\u1ea1n kh\u00f4ng b\u1ecb x\u00e1o tr\u1ed9n hay r\u1ed1i tung l\u00ean ch\u1ec9 v\u00ec kh\u00f4ng bi\u1ebft b\u00e0y t\u1ecf hay di\u1ec5n \u0111\u1ea1t nh\u01b0 th\u1ebf n\u00e0o.<\/td>\n<\/tr>\n<\/tbody>\n<\/table>\n","protected":false},"excerpt":{"rendered":"<ul>\n<li>T\u00ean t\u00e1c ph\u1ea9m: Kh\u00e9o \u0102n N\u00f3i \u0110\u01b0\u1ee3c Thi\u00ean H\u1ea1<\/li>\n<li>T\u00e1c gi\u1ea3\/D\u1ecbch gi\u1ea3: M\u1ef9 Thu\u1eadn<\/li>\n<li>Th\u01b0\u01a1ng Hi\u1ec7u: SBOOKS<\/li>\n<li>Nh\u00e0 xu\u1ea5t b\u1ea3n: NXB V\u0103n H\u1ecdc<\/li>\n<li>N\u0103m xu\u1ea5t b\u1ea3n: 2023<\/li>\n<li>Lo\u1ea1i b\u00eca: B\u00eca m\u1ec1m<\/li>\n<li>Kh\u1ed5: 13&#215;20 cm<\/li>\n<li>S\u1ed1 trang: 238<\/li>\n<\/ul>\n","protected":false},"featured_media":9174,"comment_status":"open","ping_status":"closed","template":"","meta":[],"product_cat":[75,67],"product_tag":[76,77],"class_list":{"0":"post-9166","1":"product","2":"type-product","3":"status-publish","4":"has-post-thumbnail","6":"product_cat-phat-trien-tam-thuc-sach-danh-cho-gioi-tre","7":"product_cat-sach-danh-cho-gioi-tre","8":"product_tag-kheo-an-noi-duoc-thien-ha","9":"product_tag-sach-kheo-an-noi-duoc-thien-ha","11":"first","12":"instock","13":"shipping-taxable","14":"purchasable","15":"product-type-simple"},"yoast_head":"<!-- This site is optimized with the Yoast SEO plugin v25.3 - https:\/\/yoast.com\/wordpress\/plugins\/seo\/ -->\n<title>KH\u00c9O \u0102N N\u00d3I \u0110\u01af\u1ee2C THI\u00caN H\u1ea0 - sachkhaitam.store<\/title>\n<meta name=\"robots\" content=\"index, follow, max-snippet:-1, max-image-preview:large, max-video-preview:-1\" \/>\n<link rel=\"canonical\" href=\"https:\/\/sachkhaitam.store\/index.php\/product\/sach-khai-tam-kheo-an-noi-duoc-thien-ha\/\" \/>\n<meta property=\"og:locale\" content=\"vi_VN\" \/>\n<meta property=\"og:type\" content=\"article\" \/>\n<meta property=\"og:title\" content=\"KH\u00c9O \u0102N N\u00d3I \u0110\u01af\u1ee2C THI\u00caN H\u1ea0 - sachkhaitam.store\" \/>\n<meta property=\"og:description\" content=\"T\u00ean t\u00e1c ph\u1ea9m: Kh\u00e9o \u0102n N\u00f3i \u0110\u01b0\u1ee3c Thi\u00ean H\u1ea1  T\u00e1c gi\u1ea3\/D\u1ecbch gi\u1ea3: M\u1ef9 Thu\u1eadn  Th\u01b0\u01a1ng Hi\u1ec7u: SBOOKS  Nh\u00e0 xu\u1ea5t b\u1ea3n: NXB V\u0103n H\u1ecdc  N\u0103m xu\u1ea5t b\u1ea3n: 2023  Lo\u1ea1i b\u00eca: B\u00eca m\u1ec1m  Kh\u1ed5: 13x20 cm  S\u1ed1 trang: 238\" \/>\n<meta property=\"og:url\" content=\"https:\/\/sachkhaitam.store\/index.php\/product\/sach-khai-tam-kheo-an-noi-duoc-thien-ha\/\" \/>\n<meta property=\"og:site_name\" content=\"sachkhaitam.store\" \/>\n<meta property=\"article:modified_time\" content=\"2025-07-21T10:46:02+00:00\" \/>\n<meta property=\"og:image\" content=\"https:\/\/sachkhaitam.store\/wp-content\/uploads\/2025\/07\/Ban-sao-cua-kheo-an-noi-mck7.png\" \/>\n\t<meta property=\"og:image:width\" content=\"1200\" \/>\n\t<meta property=\"og:image:height\" content=\"1200\" \/>\n\t<meta property=\"og:image:type\" content=\"image\/png\" \/>\n<meta name=\"twitter:card\" content=\"summary_large_image\" \/>\n<meta name=\"twitter:label1\" content=\"\u01af\u1edbc t\u00ednh th\u1eddi gian \u0111\u1ecdc\" \/>\n\t<meta name=\"twitter:data1\" content=\"3 ph\u00fat\" \/>\n<script type=\"application\/ld+json\" class=\"yoast-schema-graph\">{\"@context\":\"https:\/\/schema.org\",\"@graph\":[{\"@type\":\"WebPage\",\"@id\":\"https:\/\/sachkhaitam.store\/index.php\/product\/sach-khai-tam-kheo-an-noi-duoc-thien-ha\/\",\"url\":\"https:\/\/sachkhaitam.store\/index.php\/product\/sach-khai-tam-kheo-an-noi-duoc-thien-ha\/\",\"name\":\"KH\u00c9O \u0102N N\u00d3I \u0110\u01af\u1ee2C THI\u00caN H\u1ea0 - sachkhaitam.store\",\"isPartOf\":{\"@id\":\"https:\/\/sachkhaitam.store\/#website\"},\"primaryImageOfPage\":{\"@id\":\"https:\/\/sachkhaitam.store\/index.php\/product\/sach-khai-tam-kheo-an-noi-duoc-thien-ha\/#primaryimage\"},\"image\":{\"@id\":\"https:\/\/sachkhaitam.store\/index.php\/product\/sach-khai-tam-kheo-an-noi-duoc-thien-ha\/#primaryimage\"},\"thumbnailUrl\":\"https:\/\/sachkhaitam.store\/wp-content\/uploads\/2025\/07\/Ban-sao-cua-kheo-an-noi-mck7.png\",\"datePublished\":\"2025-07-21T10:39:01+00:00\",\"dateModified\":\"2025-07-21T10:46:02+00:00\",\"breadcrumb\":{\"@id\":\"https:\/\/sachkhaitam.store\/index.php\/product\/sach-khai-tam-kheo-an-noi-duoc-thien-ha\/#breadcrumb\"},\"inLanguage\":\"vi\",\"potentialAction\":[{\"@type\":\"ReadAction\",\"target\":[\"https:\/\/sachkhaitam.store\/index.php\/product\/sach-khai-tam-kheo-an-noi-duoc-thien-ha\/\"]}]},{\"@type\":\"ImageObject\",\"inLanguage\":\"vi\",\"@id\":\"https:\/\/sachkhaitam.store\/index.php\/product\/sach-khai-tam-kheo-an-noi-duoc-thien-ha\/#primaryimage\",\"url\":\"https:\/\/sachkhaitam.store\/wp-content\/uploads\/2025\/07\/Ban-sao-cua-kheo-an-noi-mck7.png\",\"contentUrl\":\"https:\/\/sachkhaitam.store\/wp-content\/uploads\/2025\/07\/Ban-sao-cua-kheo-an-noi-mck7.png\",\"width\":1200,\"height\":1200},{\"@type\":\"BreadcrumbList\",\"@id\":\"https:\/\/sachkhaitam.store\/index.php\/product\/sach-khai-tam-kheo-an-noi-duoc-thien-ha\/#breadcrumb\",\"itemListElement\":[{\"@type\":\"ListItem\",\"position\":1,\"name\":\"Trang ch\u1ee7\",\"item\":\"https:\/\/sachkhaitam.store\/\"},{\"@type\":\"ListItem\",\"position\":2,\"name\":\"Shop\",\"item\":\"https:\/\/sachkhaitam.store\/index.php\/shop\/\"},{\"@type\":\"ListItem\",\"position\":3,\"name\":\"KH\u00c9O \u0102N N\u00d3I \u0110\u01af\u1ee2C THI\u00caN H\u1ea0\"}]},{\"@type\":\"WebSite\",\"@id\":\"https:\/\/sachkhaitam.store\/#website\",\"url\":\"https:\/\/sachkhaitam.store\/\",\"name\":\"sachkhaitam.store\",\"description\":\"sachkhaitam\",\"publisher\":{\"@id\":\"https:\/\/sachkhaitam.store\/#organization\"},\"potentialAction\":[{\"@type\":\"SearchAction\",\"target\":{\"@type\":\"EntryPoint\",\"urlTemplate\":\"https:\/\/sachkhaitam.store\/?s={search_term_string}\"},\"query-input\":{\"@type\":\"PropertyValueSpecification\",\"valueRequired\":true,\"valueName\":\"search_term_string\"}}],\"inLanguage\":\"vi\"},{\"@type\":\"Organization\",\"@id\":\"https:\/\/sachkhaitam.store\/#organization\",\"name\":\"sachkhaitam.store\",\"url\":\"https:\/\/sachkhaitam.store\/\",\"logo\":{\"@type\":\"ImageObject\",\"inLanguage\":\"vi\",\"@id\":\"https:\/\/sachkhaitam.store\/#\/schema\/logo\/image\/\",\"url\":\"https:\/\/sachkhaitam.store\/wp-content\/uploads\/2025\/07\/SACH-KHAI-TAM-01-1.svg\",\"contentUrl\":\"https:\/\/sachkhaitam.store\/wp-content\/uploads\/2025\/07\/SACH-KHAI-TAM-01-1.svg\",\"width\":900,\"height\":900,\"caption\":\"sachkhaitam.store\"},\"image\":{\"@id\":\"https:\/\/sachkhaitam.store\/#\/schema\/logo\/image\/\"}}]}<\/script>\n<!-- \/ Yoast SEO plugin. -->","yoast_head_json":{"title":"KH\u00c9O \u0102N N\u00d3I \u0110\u01af\u1ee2C THI\u00caN H\u1ea0 - sachkhaitam.store","robots":{"index":"index","follow":"follow","max-snippet":"max-snippet:-1","max-image-preview":"max-image-preview:large","max-video-preview":"max-video-preview:-1"},"canonical":"https:\/\/sachkhaitam.store\/index.php\/product\/sach-khai-tam-kheo-an-noi-duoc-thien-ha\/","og_locale":"vi_VN","og_type":"article","og_title":"KH\u00c9O \u0102N N\u00d3I \u0110\u01af\u1ee2C THI\u00caN H\u1ea0 - sachkhaitam.store","og_description":"T\u00ean t\u00e1c ph\u1ea9m: Kh\u00e9o \u0102n N\u00f3i \u0110\u01b0\u1ee3c Thi\u00ean H\u1ea1  T\u00e1c gi\u1ea3\/D\u1ecbch gi\u1ea3: M\u1ef9 Thu\u1eadn  Th\u01b0\u01a1ng Hi\u1ec7u: SBOOKS  Nh\u00e0 xu\u1ea5t b\u1ea3n: NXB V\u0103n H\u1ecdc  N\u0103m xu\u1ea5t b\u1ea3n: 2023  Lo\u1ea1i b\u00eca: B\u00eca m\u1ec1m  Kh\u1ed5: 13x20 cm  S\u1ed1 trang: 238","og_url":"https:\/\/sachkhaitam.store\/index.php\/product\/sach-khai-tam-kheo-an-noi-duoc-thien-ha\/","og_site_name":"sachkhaitam.store","article_modified_time":"2025-07-21T10:46:02+00:00","og_image":[{"width":1200,"height":1200,"url":"https:\/\/sachkhaitam.store\/wp-content\/uploads\/2025\/07\/Ban-sao-cua-kheo-an-noi-mck7.png","type":"image\/png"}],"twitter_card":"summary_large_image","twitter_misc":{"\u01af\u1edbc t\u00ednh th\u1eddi gian \u0111\u1ecdc":"3 ph\u00fat"},"schema":{"@context":"https:\/\/schema.org","@graph":[{"@type":"WebPage","@id":"https:\/\/sachkhaitam.store\/index.php\/product\/sach-khai-tam-kheo-an-noi-duoc-thien-ha\/","url":"https:\/\/sachkhaitam.store\/index.php\/product\/sach-khai-tam-kheo-an-noi-duoc-thien-ha\/","name":"KH\u00c9O \u0102N N\u00d3I \u0110\u01af\u1ee2C THI\u00caN H\u1ea0 - sachkhaitam.store","isPartOf":{"@id":"https:\/\/sachkhaitam.store\/#website"},"primaryImageOfPage":{"@id":"https:\/\/sachkhaitam.store\/index.php\/product\/sach-khai-tam-kheo-an-noi-duoc-thien-ha\/#primaryimage"},"image":{"@id":"https:\/\/sachkhaitam.store\/index.php\/product\/sach-khai-tam-kheo-an-noi-duoc-thien-ha\/#primaryimage"},"thumbnailUrl":"https:\/\/sachkhaitam.store\/wp-content\/uploads\/2025\/07\/Ban-sao-cua-kheo-an-noi-mck7.png","datePublished":"2025-07-21T10:39:01+00:00","dateModified":"2025-07-21T10:46:02+00:00","breadcrumb":{"@id":"https:\/\/sachkhaitam.store\/index.php\/product\/sach-khai-tam-kheo-an-noi-duoc-thien-ha\/#breadcrumb"},"inLanguage":"vi","potentialAction":[{"@type":"ReadAction","target":["https:\/\/sachkhaitam.store\/index.php\/product\/sach-khai-tam-kheo-an-noi-duoc-thien-ha\/"]}]},{"@type":"ImageObject","inLanguage":"vi","@id":"https:\/\/sachkhaitam.store\/index.php\/product\/sach-khai-tam-kheo-an-noi-duoc-thien-ha\/#primaryimage","url":"https:\/\/sachkhaitam.store\/wp-content\/uploads\/2025\/07\/Ban-sao-cua-kheo-an-noi-mck7.png","contentUrl":"https:\/\/sachkhaitam.store\/wp-content\/uploads\/2025\/07\/Ban-sao-cua-kheo-an-noi-mck7.png","width":1200,"height":1200},{"@type":"BreadcrumbList","@id":"https:\/\/sachkhaitam.store\/index.php\/product\/sach-khai-tam-kheo-an-noi-duoc-thien-ha\/#breadcrumb","itemListElement":[{"@type":"ListItem","position":1,"name":"Trang ch\u1ee7","item":"https:\/\/sachkhaitam.store\/"},{"@type":"ListItem","position":2,"name":"Shop","item":"https:\/\/sachkhaitam.store\/index.php\/shop\/"},{"@type":"ListItem","position":3,"name":"KH\u00c9O \u0102N N\u00d3I \u0110\u01af\u1ee2C THI\u00caN H\u1ea0"}]},{"@type":"WebSite","@id":"https:\/\/sachkhaitam.store\/#website","url":"https:\/\/sachkhaitam.store\/","name":"sachkhaitam.store","description":"sachkhaitam","publisher":{"@id":"https:\/\/sachkhaitam.store\/#organization"},"potentialAction":[{"@type":"SearchAction","target":{"@type":"EntryPoint","urlTemplate":"https:\/\/sachkhaitam.store\/?s={search_term_string}"},"query-input":{"@type":"PropertyValueSpecification","valueRequired":true,"valueName":"search_term_string"}}],"inLanguage":"vi"},{"@type":"Organization","@id":"https:\/\/sachkhaitam.store\/#organization","name":"sachkhaitam.store","url":"https:\/\/sachkhaitam.store\/","logo":{"@type":"ImageObject","inLanguage":"vi","@id":"https:\/\/sachkhaitam.store\/#\/schema\/logo\/image\/","url":"https:\/\/sachkhaitam.store\/wp-content\/uploads\/2025\/07\/SACH-KHAI-TAM-01-1.svg","contentUrl":"https:\/\/sachkhaitam.store\/wp-content\/uploads\/2025\/07\/SACH-KHAI-TAM-01-1.svg","width":900,"height":900,"caption":"sachkhaitam.store"},"image":{"@id":"https:\/\/sachkhaitam.store\/#\/schema\/logo\/image\/"}}]}},"jetpack_sharing_enabled":true,"_links":{"self":[{"href":"https:\/\/sachkhaitam.store\/index.php\/wp-json\/wp\/v2\/product\/9166","targetHints":{"allow":["GET"]}}],"collection":[{"href":"https:\/\/sachkhaitam.store\/index.php\/wp-json\/wp\/v2\/product"}],"about":[{"href":"https:\/\/sachkhaitam.store\/index.php\/wp-json\/wp\/v2\/types\/product"}],"replies":[{"embeddable":true,"href":"https:\/\/sachkhaitam.store\/index.php\/wp-json\/wp\/v2\/comments?post=9166"}],"wp:featuredmedia":[{"embeddable":true,"href":"https:\/\/sachkhaitam.store\/index.php\/wp-json\/wp\/v2\/media\/9174"}],"wp:attachment":[{"href":"https:\/\/sachkhaitam.store\/index.php\/wp-json\/wp\/v2\/media?parent=9166"}],"wp:term":[{"taxonomy":"product_cat","embeddable":true,"href":"https:\/\/sachkhaitam.store\/index.php\/wp-json\/wp\/v2\/product_cat?post=9166"},{"taxonomy":"product_tag","embeddable":true,"href":"https:\/\/sachkhaitam.store\/index.php\/wp-json\/wp\/v2\/product_tag?post=9166"}],"curies":[{"name":"wp","href":"https:\/\/api.w.org\/{rel}","templated":true}]}}