{"id":9155,"date":"2025-07-21T05:49:40","date_gmt":"2025-07-21T05:49:40","guid":{"rendered":"https:\/\/sachkhaitam.store\/?post_type=product&#038;p=9155"},"modified":"2025-07-21T05:52:51","modified_gmt":"2025-07-21T05:52:51","slug":"dac-nhan-tam-sach-khai-tam","status":"publish","type":"product","link":"https:\/\/sachkhaitam.store\/index.php\/product\/dac-nhan-tam-sach-khai-tam\/","title":{"rendered":"\u0110\u1eaeC NH\u00c2N T\u00c2M"},"content":{"rendered":"<table width=\"231\">\n<tbody>\n<tr>\n<td width=\"231\">\u0110\u1eafc nh\u00e2n t\u00e2m c\u1ee7a Dale Carnegie l\u00e0 quy\u1ec3n s\u00e1ch c\u1ee7a m\u1ecdi th\u1eddi \u0111\u1ea1i v\u00e0 m\u1ed9t hi\u1ec7n t\u01b0\u1ee3ng \u0111\u00e1ng kinh ng\u1ea1c trong ng\u00e0nh xu\u1ea5t b\u1ea3n Hoa K\u1ef3. Trong su\u1ed1t nhi\u1ec1u th\u1eadp k\u1ef7 ti\u1ebfp theo v\u00e0 cho \u0111\u1ebfn t\u1eadn b\u00e2y gi\u1edd, t\u00e1c ph\u1ea9m n\u00e0y v\u1eabn chi\u1ebfm v\u1ecb tr\u00ed s\u1ed1 m\u1ed9t trong danh m\u1ee5c s\u00e1ch b\u00e1n ch\u1ea1y nh\u1ea5t v\u00e0 tr\u1edf th\u00e0nh m\u1ed9t s\u1ef1 ki\u1ec7n c\u00f3 m\u1ed9t kh\u00f4ng hai trong l\u1ecbch s\u1eed ng\u00e0nh xu\u1ea5t b\u1ea3n th\u1ebf gi\u1edbi v\u00e0 \u0111\u01b0\u1ee3c \u0111\u00e1nh gi\u00e1 l\u00e0 m\u1ed9t quy\u1ec3n s\u00e1ch c\u00f3 t\u1ea7m \u1ea3nh h\u01b0\u1edfng nh\u1ea5t m\u1ecdi th\u1eddi \u0111\u1ea1i.<\/p>\n<p>\u0110\u00e2y l\u00e0 cu\u1ed1n s\u00e1ch \u0111\u1ed9c nh\u1ea5t v\u1ec1 th\u1ec3 lo\u1ea1i self-help s\u1edf h\u1eefu m\u1ed9t l\u01b0\u1ee3ng l\u1edbn ng\u01b0\u1eddi h\u00e2m m\u1ed9. Ngo\u00e0i ra cu\u1ed1n s\u00e1ch c\u00f3 doanh s\u1ed1 b\u00e1n ra cao nh\u1ea5t \u0111\u01b0\u1ee3c t\u1edd b\u00e1o The New York Times b\u00ecnh ch\u1ecdn trong nhi\u1ec1u n\u0103m. Cu\u1ed1n s\u00e1ch n\u00e0y kh\u00f4ng c\u00f2n l\u00e0 m\u1ed9t t\u00e1c ph\u1ea9m v\u1ec1 ngh\u1ec7 thu\u1eadt \u0111\u01a1n thu\u1ea7n n\u1eefa m\u00e0 l\u00e0 m\u1ed9t b\u01b0\u1edbc thay \u0111\u1ed5i l\u1edbn trong cu\u1ed9c s\u1ed1ng c\u1ee7a m\u1ed7i ng\u01b0\u1eddi.<\/p>\n<p>Nh\u1edd c\u00f3 t\u1ea7m hi\u1ec3u bi\u1ebft r\u1ed9ng r\u00e3i v\u00e0 kh\u1ea3 n\u0103ng \u2018\u1ee9ng x\u1eed m\u1ed9t c\u00e1ch ngh\u1ec7 thu\u1eadt trong giao ti\u1ebfp\u2019 \u2013 Dale Carnegie \u0111\u00e3 vi\u1ebft ra m\u1ed9t quy\u1ec3n s\u00e1ch v\u1edbi g\u00f3c nh\u00ecn \u0111\u1ed9c \u0111\u00e1o v\u00e0 m\u1edbi m\u1ebb trong giao ti\u1ebfp h\u00e0ng ng\u00e0y m\u1ed9t c\u00e1ch v\u00f4 c\u00f9ng th\u00fa v\u1ecb \u2013 Th\u00f4ng qua nh\u1eefng m\u1eabu truy\u1ec7n r\u1eddi r\u1ea1c nh\u01b0ng l\u1ea1i \u0111\u1ea7y l\u00fd l\u1ebd thuy\u1ebft ph\u1ee5c. T\u1eeb \u0111\u00f3 t\u00ecm ra nh\u1eefng kinh nghi\u1ec7m \u0111\u1ec3 \u0111\u00fac k\u1ebft ra nh\u1eefng nguy\u00ean t\u1eafc v\u00f4 c\u00f9ng \u2018ng\u01b0\u1ee3c ng\u1ea1o\u2019, nh\u01b0ng c\u0169ng r\u1ea5t logic d\u01b0\u1edbi c\u00e1i nh\u00ecn v\u1eeba s\u00e2u s\u1eafc, v\u1eeba th\u1ef1c t\u1ebf.<\/p>\n<p>H\u01a1n th\u1ebf n\u1eefa, \u0110\u1eafc Nh\u00e2n T\u00e2m c\u00f2n \u0111\u01b0a ra nh\u1eefng ngh\u1ecbch l\u00fd m\u00e0 t\u1eeb l\u00e2u con ng\u01b0\u1eddi ta \u0111\u00e3 hi\u1ec3u l\u1ea7m v\u1ec1 ph\u01b0\u01a1ng h\u01b0\u1edbng giao ti\u1ebfp trong m\u1ea1ng l\u01b0\u1edbi x\u00e3 h\u1ed9i, th\u00ec ra, ng\u01b0\u1eddi giao ti\u1ebfp th\u00f4ng minh kh\u00f4ng ph\u1ea3i l\u00e0 ng\u01b0\u1eddi c\u00f3 th\u1ec3 ph\u00e1t bi\u1ec3u ra nh\u1eefng l\u1eddi hay nh\u1ea5t, m\u00e0 l\u00e0 nh\u1eefng ng\u01b0\u1eddi h\u1ecdc \u0111\u01b0\u1ee3c c\u00e1ch m\u1ec9m c\u01b0\u1eddi, lu\u00f4n bi\u1ebft c\u00e1ch l\u1eafng nghe, v\u00e0 kh\u00edch l\u1ec7 c\u00e2u chuy\u1ec7n c\u1ee7a ng\u01b0\u1eddi kh\u00e1c.<\/p>\n<p><img fetchpriority=\"high\" decoding=\"async\" class=\" wp-image-9159 aligncenter\" src=\"https:\/\/sachkhaitam.store\/wp-content\/uploads\/2025\/07\/z4160348929026_018b6b60dd4c2ebc17af3112d1634462-300x262.jpg\" alt=\"\" width=\"692\" height=\"604\" srcset=\"https:\/\/sachkhaitam.store\/wp-content\/uploads\/2025\/07\/z4160348929026_018b6b60dd4c2ebc17af3112d1634462-300x262.jpg 300w, https:\/\/sachkhaitam.store\/wp-content\/uploads\/2025\/07\/z4160348929026_018b6b60dd4c2ebc17af3112d1634462-1024x893.jpg 1024w, https:\/\/sachkhaitam.store\/wp-content\/uploads\/2025\/07\/z4160348929026_018b6b60dd4c2ebc17af3112d1634462-768x670.jpg 768w, https:\/\/sachkhaitam.store\/wp-content\/uploads\/2025\/07\/z4160348929026_018b6b60dd4c2ebc17af3112d1634462-1536x1340.jpg 1536w, https:\/\/sachkhaitam.store\/wp-content\/uploads\/2025\/07\/z4160348929026_018b6b60dd4c2ebc17af3112d1634462-1320x1151.jpg 1320w, https:\/\/sachkhaitam.store\/wp-content\/uploads\/2025\/07\/z4160348929026_018b6b60dd4c2ebc17af3112d1634462-450x393.jpg 450w, https:\/\/sachkhaitam.store\/wp-content\/uploads\/2025\/07\/z4160348929026_018b6b60dd4c2ebc17af3112d1634462-800x698.jpg 800w, https:\/\/sachkhaitam.store\/wp-content\/uploads\/2025\/07\/z4160348929026_018b6b60dd4c2ebc17af3112d1634462.jpg 1832w\" sizes=\"(max-width: 692px) 100vw, 692px\" \/><\/p>\n<p>M\u1ed9t s\u1ed1 nguy\u00ean t\u1eafc \u2013 Ngh\u1ec7 thu\u1eadt \u1ee9ng x\u1eed c\u0103n b\u1ea3n:<\/p>\n<p>Nguy\u00ean t\u1eafc 1: Kh\u00f4ng ch\u1ec9 tr\u00edch, o\u00e1n tr\u00e1ch hay than phi\u1ec1n.<\/p>\n<p>Nguy\u00ean t\u1eafc 2: Th\u00e0nh th\u1eadt khen ng\u1ee3i v\u00e0 bi\u1ebft \u01a1n ng\u01b0\u1eddi kh\u00e1c.<\/p>\n<p>Nguy\u00ean t\u1eafc 3: G\u1ee3i cho ng\u01b0\u1eddi kh\u00e1c \u00fd mu\u1ed1n th\u1ef1c hi\u1ec7n \u0111i\u1ec1u b\u1ea1n mu\u1ed1n h\u1ecd l\u00e0m.<\/p>\n<p>6 c\u00e1ch t\u1ea1o thi\u1ec7n c\u1ea3m:<\/p>\n<p>Nguy\u00ean t\u1eafc 4: Th\u1eadt l\u00f2ng quan t\u00e2m \u0111\u1ebfn ng\u01b0\u1eddi kh\u00e1c.<\/p>\n<p>Nguy\u00ean t\u1eafc 5: H\u00e3y m\u1ec9m c\u01b0\u1eddi!<\/p>\n<p>Nguy\u00ean t\u1eafc 6: Lu\u00f4n nh\u1edb r\u1eb1ng t\u00ean c\u1ee7a ng\u01b0\u1eddi kh\u00e1c l\u00e0 m\u1ed9t \u00e2m th\u00e2m \u00eam \u0111\u1ec1m, th\u00e2n th\u01b0\u01a1ng v\u00e0 quan tr\u1ecdng nh\u1ea5t \u0111\u1ed1i v\u1edbi h\u1ecd.<\/p>\n<p>Nguy\u00ean t\u1eafc 7: Bi\u1ebft l\u1eafng nghe v\u00e0 khuy\u1ebfn kh\u00edch ng\u01b0\u1eddi kh\u00e1c n\u00f3i v\u1ec1 v\u1ea5n \u0111\u1ec1 c\u1ee7a h\u1ecd.<\/p>\n<p>Nguy\u00ean t\u1eafc 8: N\u00f3i v\u1ec1 \u0111i\u1ec1u ng\u01b0\u1eddi kh\u00e1c quan t\u00e2m.<\/p>\n<p>Nguy\u00ean t\u1eafc 9: Th\u1eadt l\u00f2ng l\u00e0m cho ng\u01b0\u1eddi kh\u00e1c c\u1ea3m th\u1ea5y h\u1ecd quan tr\u1ecdng.<\/p>\n<p>Tr\u1ea7n C\u1ea9m d\u1ecbch theo \u1ea5n b\u1ea3n l\u1ea7n th\u1ee9 11 c\u1ee7a t\u00e1c ph\u1ea9m<\/p>\n<p>How to Win Friends and Influence People<\/td>\n<\/tr>\n<\/tbody>\n<\/table>\n","protected":false},"excerpt":{"rendered":"<ul>\n<li>T\u00ean t\u00e1c ph\u1ea9m: \u0110\u1eafc Nh\u00e2n T\u00e2M<\/li>\n<li>T\u00e1c gi\u1ea3\/D\u1ecbch gi\u1ea3: Dale Carnegie<\/li>\n<li>Th\u01b0\u01a1ng Hi\u1ec7u: SBOOKS<\/li>\n<li>Nh\u00e0 xu\u1ea5t b\u1ea3n: NXB V\u0103n H\u1ecdc<\/li>\n<li>N\u0103m xu\u1ea5t b\u1ea3n: 2023<\/li>\n<li>Lo\u1ea1i b\u00eca: B\u00eca m\u1ec1m<\/li>\n<li>Kh\u1ed5: 13&#215;20 cm<\/li>\n<li>S\u1ed1 trang: 368<\/li>\n<\/ul>\n","protected":false},"featured_media":9162,"comment_status":"open","ping_status":"closed","template":"","meta":[],"product_cat":[69,67],"product_tag":[72,73],"class_list":{"0":"post-9155","1":"product","2":"type-product","3":"status-publish","4":"has-post-thumbnail","6":"product_cat-huong-nghiep-phat-trien-ban-than","7":"product_cat-sach-danh-cho-gioi-tre","8":"product_tag-dac-nhan-tam","9":"product_tag-sach-dac-nhan-tam","11":"first","12":"instock","13":"shipping-taxable","14":"purchasable","15":"product-type-simple"},"yoast_head":"<!-- This site is optimized with the Yoast SEO plugin v25.3 - https:\/\/yoast.com\/wordpress\/plugins\/seo\/ -->\n<title>\u0110\u1eaeC NH\u00c2N T\u00c2M - sachkhaitam.store<\/title>\n<meta name=\"robots\" content=\"index, follow, max-snippet:-1, max-image-preview:large, max-video-preview:-1\" \/>\n<link rel=\"canonical\" href=\"https:\/\/sachkhaitam.store\/index.php\/product\/dac-nhan-tam-sach-khai-tam\/\" \/>\n<meta property=\"og:locale\" content=\"vi_VN\" \/>\n<meta property=\"og:type\" content=\"article\" \/>\n<meta property=\"og:title\" content=\"\u0110\u1eaeC NH\u00c2N T\u00c2M - sachkhaitam.store\" \/>\n<meta property=\"og:description\" content=\"T\u00ean t\u00e1c ph\u1ea9m: \u0110\u1eafc Nh\u00e2n T\u00e2M  T\u00e1c gi\u1ea3\/D\u1ecbch gi\u1ea3: Dale Carnegie  Th\u01b0\u01a1ng Hi\u1ec7u: SBOOKS  Nh\u00e0 xu\u1ea5t b\u1ea3n: NXB V\u0103n H\u1ecdc  N\u0103m xu\u1ea5t b\u1ea3n: 2023  Lo\u1ea1i b\u00eca: B\u00eca m\u1ec1m  Kh\u1ed5: 13x20 cm  S\u1ed1 trang: 368\" \/>\n<meta property=\"og:url\" content=\"https:\/\/sachkhaitam.store\/index.php\/product\/dac-nhan-tam-sach-khai-tam\/\" \/>\n<meta property=\"og:site_name\" content=\"sachkhaitam.store\" \/>\n<meta property=\"article:modified_time\" content=\"2025-07-21T05:52:51+00:00\" \/>\n<meta property=\"og:image\" content=\"https:\/\/sachkhaitam.store\/wp-content\/uploads\/2025\/07\/z4160348941245_432eb5cb16066e57ed702d8d304ee7ea.jpg\" \/>\n\t<meta property=\"og:image:width\" content=\"1500\" \/>\n\t<meta property=\"og:image:height\" content=\"1500\" \/>\n\t<meta property=\"og:image:type\" content=\"image\/jpeg\" \/>\n<meta name=\"twitter:card\" content=\"summary_large_image\" \/>\n<meta name=\"twitter:label1\" content=\"\u01af\u1edbc t\u00ednh th\u1eddi gian \u0111\u1ecdc\" \/>\n\t<meta name=\"twitter:data1\" content=\"4 ph\u00fat\" \/>\n<script type=\"application\/ld+json\" class=\"yoast-schema-graph\">{\"@context\":\"https:\/\/schema.org\",\"@graph\":[{\"@type\":\"WebPage\",\"@id\":\"https:\/\/sachkhaitam.store\/index.php\/product\/dac-nhan-tam-sach-khai-tam\/\",\"url\":\"https:\/\/sachkhaitam.store\/index.php\/product\/dac-nhan-tam-sach-khai-tam\/\",\"name\":\"\u0110\u1eaeC NH\u00c2N T\u00c2M - sachkhaitam.store\",\"isPartOf\":{\"@id\":\"https:\/\/sachkhaitam.store\/#website\"},\"primaryImageOfPage\":{\"@id\":\"https:\/\/sachkhaitam.store\/index.php\/product\/dac-nhan-tam-sach-khai-tam\/#primaryimage\"},\"image\":{\"@id\":\"https:\/\/sachkhaitam.store\/index.php\/product\/dac-nhan-tam-sach-khai-tam\/#primaryimage\"},\"thumbnailUrl\":\"https:\/\/sachkhaitam.store\/wp-content\/uploads\/2025\/07\/z4160348941245_432eb5cb16066e57ed702d8d304ee7ea.jpg\",\"datePublished\":\"2025-07-21T05:49:40+00:00\",\"dateModified\":\"2025-07-21T05:52:51+00:00\",\"breadcrumb\":{\"@id\":\"https:\/\/sachkhaitam.store\/index.php\/product\/dac-nhan-tam-sach-khai-tam\/#breadcrumb\"},\"inLanguage\":\"vi\",\"potentialAction\":[{\"@type\":\"ReadAction\",\"target\":[\"https:\/\/sachkhaitam.store\/index.php\/product\/dac-nhan-tam-sach-khai-tam\/\"]}]},{\"@type\":\"ImageObject\",\"inLanguage\":\"vi\",\"@id\":\"https:\/\/sachkhaitam.store\/index.php\/product\/dac-nhan-tam-sach-khai-tam\/#primaryimage\",\"url\":\"https:\/\/sachkhaitam.store\/wp-content\/uploads\/2025\/07\/z4160348941245_432eb5cb16066e57ed702d8d304ee7ea.jpg\",\"contentUrl\":\"https:\/\/sachkhaitam.store\/wp-content\/uploads\/2025\/07\/z4160348941245_432eb5cb16066e57ed702d8d304ee7ea.jpg\",\"width\":1500,\"height\":1500},{\"@type\":\"BreadcrumbList\",\"@id\":\"https:\/\/sachkhaitam.store\/index.php\/product\/dac-nhan-tam-sach-khai-tam\/#breadcrumb\",\"itemListElement\":[{\"@type\":\"ListItem\",\"position\":1,\"name\":\"Trang ch\u1ee7\",\"item\":\"https:\/\/sachkhaitam.store\/\"},{\"@type\":\"ListItem\",\"position\":2,\"name\":\"Shop\",\"item\":\"https:\/\/sachkhaitam.store\/index.php\/shop\/\"},{\"@type\":\"ListItem\",\"position\":3,\"name\":\"\u0110\u1eaeC NH\u00c2N T\u00c2M\"}]},{\"@type\":\"WebSite\",\"@id\":\"https:\/\/sachkhaitam.store\/#website\",\"url\":\"https:\/\/sachkhaitam.store\/\",\"name\":\"sachkhaitam.store\",\"description\":\"sachkhaitam\",\"publisher\":{\"@id\":\"https:\/\/sachkhaitam.store\/#organization\"},\"potentialAction\":[{\"@type\":\"SearchAction\",\"target\":{\"@type\":\"EntryPoint\",\"urlTemplate\":\"https:\/\/sachkhaitam.store\/?s={search_term_string}\"},\"query-input\":{\"@type\":\"PropertyValueSpecification\",\"valueRequired\":true,\"valueName\":\"search_term_string\"}}],\"inLanguage\":\"vi\"},{\"@type\":\"Organization\",\"@id\":\"https:\/\/sachkhaitam.store\/#organization\",\"name\":\"sachkhaitam.store\",\"url\":\"https:\/\/sachkhaitam.store\/\",\"logo\":{\"@type\":\"ImageObject\",\"inLanguage\":\"vi\",\"@id\":\"https:\/\/sachkhaitam.store\/#\/schema\/logo\/image\/\",\"url\":\"https:\/\/sachkhaitam.store\/wp-content\/uploads\/2025\/07\/SACH-KHAI-TAM-01-1.svg\",\"contentUrl\":\"https:\/\/sachkhaitam.store\/wp-content\/uploads\/2025\/07\/SACH-KHAI-TAM-01-1.svg\",\"width\":900,\"height\":900,\"caption\":\"sachkhaitam.store\"},\"image\":{\"@id\":\"https:\/\/sachkhaitam.store\/#\/schema\/logo\/image\/\"}}]}<\/script>\n<!-- \/ Yoast SEO plugin. -->","yoast_head_json":{"title":"\u0110\u1eaeC NH\u00c2N T\u00c2M - sachkhaitam.store","robots":{"index":"index","follow":"follow","max-snippet":"max-snippet:-1","max-image-preview":"max-image-preview:large","max-video-preview":"max-video-preview:-1"},"canonical":"https:\/\/sachkhaitam.store\/index.php\/product\/dac-nhan-tam-sach-khai-tam\/","og_locale":"vi_VN","og_type":"article","og_title":"\u0110\u1eaeC NH\u00c2N T\u00c2M - sachkhaitam.store","og_description":"T\u00ean t\u00e1c ph\u1ea9m: \u0110\u1eafc Nh\u00e2n T\u00e2M  T\u00e1c gi\u1ea3\/D\u1ecbch gi\u1ea3: Dale Carnegie  Th\u01b0\u01a1ng Hi\u1ec7u: SBOOKS  Nh\u00e0 xu\u1ea5t b\u1ea3n: NXB V\u0103n H\u1ecdc  N\u0103m xu\u1ea5t b\u1ea3n: 2023  Lo\u1ea1i b\u00eca: B\u00eca m\u1ec1m  Kh\u1ed5: 13x20 cm  S\u1ed1 trang: 368","og_url":"https:\/\/sachkhaitam.store\/index.php\/product\/dac-nhan-tam-sach-khai-tam\/","og_site_name":"sachkhaitam.store","article_modified_time":"2025-07-21T05:52:51+00:00","og_image":[{"width":1500,"height":1500,"url":"https:\/\/sachkhaitam.store\/wp-content\/uploads\/2025\/07\/z4160348941245_432eb5cb16066e57ed702d8d304ee7ea.jpg","type":"image\/jpeg"}],"twitter_card":"summary_large_image","twitter_misc":{"\u01af\u1edbc t\u00ednh th\u1eddi gian \u0111\u1ecdc":"4 ph\u00fat"},"schema":{"@context":"https:\/\/schema.org","@graph":[{"@type":"WebPage","@id":"https:\/\/sachkhaitam.store\/index.php\/product\/dac-nhan-tam-sach-khai-tam\/","url":"https:\/\/sachkhaitam.store\/index.php\/product\/dac-nhan-tam-sach-khai-tam\/","name":"\u0110\u1eaeC NH\u00c2N T\u00c2M - sachkhaitam.store","isPartOf":{"@id":"https:\/\/sachkhaitam.store\/#website"},"primaryImageOfPage":{"@id":"https:\/\/sachkhaitam.store\/index.php\/product\/dac-nhan-tam-sach-khai-tam\/#primaryimage"},"image":{"@id":"https:\/\/sachkhaitam.store\/index.php\/product\/dac-nhan-tam-sach-khai-tam\/#primaryimage"},"thumbnailUrl":"https:\/\/sachkhaitam.store\/wp-content\/uploads\/2025\/07\/z4160348941245_432eb5cb16066e57ed702d8d304ee7ea.jpg","datePublished":"2025-07-21T05:49:40+00:00","dateModified":"2025-07-21T05:52:51+00:00","breadcrumb":{"@id":"https:\/\/sachkhaitam.store\/index.php\/product\/dac-nhan-tam-sach-khai-tam\/#breadcrumb"},"inLanguage":"vi","potentialAction":[{"@type":"ReadAction","target":["https:\/\/sachkhaitam.store\/index.php\/product\/dac-nhan-tam-sach-khai-tam\/"]}]},{"@type":"ImageObject","inLanguage":"vi","@id":"https:\/\/sachkhaitam.store\/index.php\/product\/dac-nhan-tam-sach-khai-tam\/#primaryimage","url":"https:\/\/sachkhaitam.store\/wp-content\/uploads\/2025\/07\/z4160348941245_432eb5cb16066e57ed702d8d304ee7ea.jpg","contentUrl":"https:\/\/sachkhaitam.store\/wp-content\/uploads\/2025\/07\/z4160348941245_432eb5cb16066e57ed702d8d304ee7ea.jpg","width":1500,"height":1500},{"@type":"BreadcrumbList","@id":"https:\/\/sachkhaitam.store\/index.php\/product\/dac-nhan-tam-sach-khai-tam\/#breadcrumb","itemListElement":[{"@type":"ListItem","position":1,"name":"Trang ch\u1ee7","item":"https:\/\/sachkhaitam.store\/"},{"@type":"ListItem","position":2,"name":"Shop","item":"https:\/\/sachkhaitam.store\/index.php\/shop\/"},{"@type":"ListItem","position":3,"name":"\u0110\u1eaeC NH\u00c2N T\u00c2M"}]},{"@type":"WebSite","@id":"https:\/\/sachkhaitam.store\/#website","url":"https:\/\/sachkhaitam.store\/","name":"sachkhaitam.store","description":"sachkhaitam","publisher":{"@id":"https:\/\/sachkhaitam.store\/#organization"},"potentialAction":[{"@type":"SearchAction","target":{"@type":"EntryPoint","urlTemplate":"https:\/\/sachkhaitam.store\/?s={search_term_string}"},"query-input":{"@type":"PropertyValueSpecification","valueRequired":true,"valueName":"search_term_string"}}],"inLanguage":"vi"},{"@type":"Organization","@id":"https:\/\/sachkhaitam.store\/#organization","name":"sachkhaitam.store","url":"https:\/\/sachkhaitam.store\/","logo":{"@type":"ImageObject","inLanguage":"vi","@id":"https:\/\/sachkhaitam.store\/#\/schema\/logo\/image\/","url":"https:\/\/sachkhaitam.store\/wp-content\/uploads\/2025\/07\/SACH-KHAI-TAM-01-1.svg","contentUrl":"https:\/\/sachkhaitam.store\/wp-content\/uploads\/2025\/07\/SACH-KHAI-TAM-01-1.svg","width":900,"height":900,"caption":"sachkhaitam.store"},"image":{"@id":"https:\/\/sachkhaitam.store\/#\/schema\/logo\/image\/"}}]}},"jetpack_sharing_enabled":true,"_links":{"self":[{"href":"https:\/\/sachkhaitam.store\/index.php\/wp-json\/wp\/v2\/product\/9155","targetHints":{"allow":["GET"]}}],"collection":[{"href":"https:\/\/sachkhaitam.store\/index.php\/wp-json\/wp\/v2\/product"}],"about":[{"href":"https:\/\/sachkhaitam.store\/index.php\/wp-json\/wp\/v2\/types\/product"}],"replies":[{"embeddable":true,"href":"https:\/\/sachkhaitam.store\/index.php\/wp-json\/wp\/v2\/comments?post=9155"}],"wp:featuredmedia":[{"embeddable":true,"href":"https:\/\/sachkhaitam.store\/index.php\/wp-json\/wp\/v2\/media\/9162"}],"wp:attachment":[{"href":"https:\/\/sachkhaitam.store\/index.php\/wp-json\/wp\/v2\/media?parent=9155"}],"wp:term":[{"taxonomy":"product_cat","embeddable":true,"href":"https:\/\/sachkhaitam.store\/index.php\/wp-json\/wp\/v2\/product_cat?post=9155"},{"taxonomy":"product_tag","embeddable":true,"href":"https:\/\/sachkhaitam.store\/index.php\/wp-json\/wp\/v2\/product_tag?post=9155"}],"curies":[{"name":"wp","href":"https:\/\/api.w.org\/{rel}","templated":true}]}}